{"id":81,"date":"2024-11-21T03:26:51","date_gmt":"2024-11-21T03:26:51","guid":{"rendered":"https:\/\/volovape.com\/?post_type=product&#038;p=81"},"modified":"2025-10-28T03:23:45","modified_gmt":"2025-10-28T03:23:45","slug":"fihp-12000-pufu","status":"publish","type":"product","link":"https:\/\/volovape.com\/lt\/product\/fihp-12000-puffs\/","title":{"rendered":"\"FIHP 12000 Puffs Disposable Vape\" - \u012fkraunamas, tinklelio formos rit\u0117, LED ekranas"},"content":{"rendered":"<p><iframe title=\"VideoPress vaizdo \u012fra\u0161\u0173 grotuvas\" aria-label='VideoPress vaizdo \u012fra\u0161\u0173 grotuvas' width='421' height='750' src='https:\/\/videopress.com\/embed\/mhBUnzpJ?hd=0&amp;cover=1' frameborder='0' allowfullscreen allow='clipboard-write'><\/iframe><script src='https:\/\/v0.wordpress.com\/js\/next\/videopress-iframe.js?m=1739540970'><\/script><\/p>\n<p><strong>FIHP 12000 Puffs \u012fkraunamas vienkartinis Vape su LED ekranu<\/strong> - I\u0161pl\u0117stinis garinimas su pa\u017eangia tinklelio spirale.<\/p>\n<p>Svetain\u0117 <strong>FIHP 12000 pufik\u0173<\/strong> Vienkartinis vape si\u016blo ilgai trunkant\u012f ir patog\u0173 garinim\u0105 su iki <strong>12 000 \u012fpur\u0161kim\u0173<\/strong>, a <strong>20 ml e-skys\u010dio talpa<\/strong>ir <strong>650 mAh \u012fkraunama baterija<\/strong> su <strong>C tipo \u012fkrovimas<\/strong>. . <strong>pa\u017eangi tinklin\u0117s rit\u0117s technologija<\/strong> u\u017etikrina nuolatin\u012f skland\u0173 ir aromating\u0105 garavim\u0105. . <strong>LED ekranas<\/strong> realiuoju laiku stebi akumuliatoriaus veikimo trukm\u0119 ir naudojim\u0105. Galite rinktis i\u0161 <strong>2% arba 5% nikotino kiekis<\/strong> ir m\u0117gaukit\u0117s <strong>10 skani\u0173 skoni\u0173<\/strong>, \u012fskaitant arb\u016bzus \"Bubblegum\" ir kivius \"Passion Fruit Guava\". Idealiai tinka asmeniniam naudojimui arba <strong>vienkartiniai vape didmenin\u0117 prekyba<\/strong>, \u0161is prietaisas suderina na\u0161um\u0105 ir patogum\u0105. Skirta <strong>masinis u\u017esakymas<\/strong> kainos, susisiekite su mumis.<\/p>\n<h3><strong>FIHP 12000 Funkcijos:<\/strong><\/h3>\n<ul>\n<li>Pufai: Iki 12 000<\/li>\n<li>E-skys\u010dio talpa: 20ml<\/li>\n<li>Baterija: 650 mAh (\u012fkraunama)<\/li>\n<li>\u012ekrovimas: C tipo<\/li>\n<li>rit\u0117: Tinklin\u0117 rit\u0117<\/li>\n<li>Ekranas: LED ekranas<\/li>\n<li>Nikotino stiprumas: 2%, 5%<\/li>\n<li>10 skonio parink\u010di\u0173<\/li>\n<\/ul>\n<h4>DUK<\/h4>\n<h5>Kaip pa\u017eangi tinklin\u0117s rit\u0117s technologija pagerina garinimo patirt\u012f?<\/h5>\n<p>Pa\u017eangi tinklin\u0117s rit\u0117s technologija padidina kaitinimo pavir\u0161iaus plot\u0105, tod\u0117l kaitinimas vyksta tolygiai ir tolygiai. Tai u\u017etikrina skland\u0173, sodr\u0173 ir aromating\u0105 garavim\u0105, tod\u0117l su kiekvienu \u012fp\u016btimu pager\u0117ja bendra garavimo patirtis.<\/p>\n<h5>Kokie pristatymo b\u016bdai naudojami?<\/h5>\n<p>Bendradarbiaujame su patikimais ve\u017e\u0117jais, tokiais kaip UPS, DHL, \"FedEx\" ir DPD, kad j\u016bs\u0173 u\u017esakymai b\u016bt\u0173 pristatyti efektyviai. Pristatymo b\u016bdas parenkamas atsi\u017evelgiant \u012f j\u016bs\u0173 buvimo viet\u0105, kad b\u016bt\u0173 u\u017etikrintas optimalus pristatymo greitis ir patikimumas.<\/p>\n<h5>Kiek laiko paprastai u\u017etrunka pristatymas?<\/h5>\n<p>Pristatymas paprastai trunka nuo 7 iki 15 darbo dien\u0173. Sezon\u0173 piko metu arba esant nepalankioms oro s\u0105lygoms gali prireikti iki 20 darbo dien\u0173.<\/p>\n<h5>Ar susidursiu su kokiomis nors muitin\u0117s problemomis ar papildomais mokes\u010diais?<\/h5>\n<p>Atliekame visas muitin\u0117s proced\u016bras ir u\u017etikriname, kad j\u016bs\u0173 siunta b\u016bt\u0173 \u012fforminta be joki\u0173 problem\u0173. Jums nereik\u0117s mok\u0117ti joki\u0173 papildom\u0173 mokes\u010di\u0173 ar rinkliav\u0173. Garantuojame, kad 100% bus i\u0161muitintas.<\/p>\n<h5>Kaip galiu b\u016bti tikras d\u0117l gaminio kokyb\u0117s ir patikimumo?<\/h5>\n<p>Priimame saugius \"PayPal\" mok\u0117jimus su pirk\u0117jo apsauga. Taip pat galite perskaityti klient\u0173 atsiliepimus <a href=\"https:\/\/www.trustpilot.com\/review\/volovape.com?utm_medium=trustbox&amp;utm_source=TrustBoxReviewCollector\">\"TrustPilot\"<\/a>, kur daugelis klient\u0173 dalijasi teigiama patirtimi apie m\u016bs\u0173 gaminius ir paslaugas.<\/p>","protected":false},"excerpt":{"rendered":"<p>Patirkite ilgalaik\u012f skon\u012f su FIHP 12000 pufeli\u0173. LED ekranas, tinklin\u0117 spiral\u0117, 20 ml, \u012fkraunama. Idealiai tinka asmeniniam naudojimui arba didmeninei prekybai, si\u016blo skland\u017eius garus ir \u012fvairi\u0105 nikotino koncentracij\u0105.<\/p>","protected":false},"featured_media":248,"comment_status":"open","ping_status":"closed","template":"","meta":[],"product_brand":[],"product_cat":[38,21,18,39,20,23,24,22,25,26,27,28,29,30,31,32,33,34,35,46,36,40],"product_tag":[],"class_list":{"0":"post-81","1":"product","2":"type-product","3":"status-publish","4":"has-post-thumbnail","6":"product_cat-12000-puffs-disposable-vape","7":"product_cat-big-puffs-vapes","8":"product_cat-different-puffs-of-disposable-vapes","9":"product_cat-digital-box-vapes","10":"product_cat-disposable-vape-types","11":"product_cat-disposable-vapes-in-austria","12":"product_cat-disposable-vapes-in-belgium","13":"product_cat-disposable-vapes-in-europe","14":"product_cat-disposable-vapes-in-france","15":"product_cat-disposable-vapes-in-germany","16":"product_cat-disposable-vapes-in-hungary","17":"product_cat-disposable-vapes-in-ltaly","18":"product_cat-disposable-vapes-in-netherlands","19":"product_cat-disposable-vapes-in-norway","20":"product_cat-disposable-vapes-in-poland","21":"product_cat-disposable-vapes-in-portugal","22":"product_cat-disposable-vapes-in-spain","23":"product_cat-disposable-vapes-in-sweden","24":"product_cat-disposable-vapes-in-switzerland","25":"product_cat-fihp","26":"product_cat-rechargeable-vapes","27":"product_cat-smart-screen-vapes","29":"first","30":"instock","31":"shipping-taxable","32":"purchasable","33":"product-type-variable","34":"has-default-attributes"},"jetpack_sharing_enabled":true,"tiered_pricing_type":"fixed","tiered_pricing_fixed_rules":{"30":6.70000000000000017763568394002504646778106689453125,"50":5.92999999999999971578290569595992565155029296875,"100":5.45999999999999996447286321199499070644378662109375,"200":5.160000000000000142108547152020037174224853515625,"400":4.13999999999999968025576890795491635799407958984375},"tiered_pricing_product_settings":{"layout":"default","base_unit_name":{"singular":null,"plural":null},"default_variation":null},"tiered_pricing_minimum_quantity":10,"tiered_pricing_roles_data":[],"tiered_pricing_percentage_rules":[],"tiered_pricing_maximum_quantity":null,"tiered_pricing_quantity_step":"10","_links":{"self":[{"href":"https:\/\/volovape.com\/lt\/wp-json\/wp\/v2\/product\/81","targetHints":{"allow":["GET"]}}],"collection":[{"href":"https:\/\/volovape.com\/lt\/wp-json\/wp\/v2\/product"}],"about":[{"href":"https:\/\/volovape.com\/lt\/wp-json\/wp\/v2\/types\/product"}],"replies":[{"embeddable":true,"href":"https:\/\/volovape.com\/lt\/wp-json\/wp\/v2\/comments?post=81"}],"wp:featuredmedia":[{"embeddable":true,"href":"https:\/\/volovape.com\/lt\/wp-json\/wp\/v2\/media\/248"}],"wp:attachment":[{"href":"https:\/\/volovape.com\/lt\/wp-json\/wp\/v2\/media?parent=81"}],"wp:term":[{"taxonomy":"product_brand","embeddable":true,"href":"https:\/\/volovape.com\/lt\/wp-json\/wp\/v2\/product_brand?post=81"},{"taxonomy":"product_cat","embeddable":true,"href":"https:\/\/volovape.com\/lt\/wp-json\/wp\/v2\/product_cat?post=81"},{"taxonomy":"product_tag","embeddable":true,"href":"https:\/\/volovape.com\/lt\/wp-json\/wp\/v2\/product_tag?post=81"}],"curies":[{"name":"wp","href":"https:\/\/api.w.org\/{rel}","templated":true}]}}