{"id":785,"date":"2024-11-21T03:33:06","date_gmt":"2024-11-21T03:33:06","guid":{"rendered":"https:\/\/volovape.com\/?post_type=product&#038;p=785"},"modified":"2025-06-19T03:45:15","modified_gmt":"2025-06-19T03:45:15","slug":"aivono-aim-plus-800-puffs","status":"publish","type":"product","link":"https:\/\/volovape.com\/lt\/product\/aivono-aim-plus-800-puffs\/","title":{"rendered":"\"Aivono Aim Plus 800 Puffs\" vienkartinis vape aparatas - tinklelio formos rit\u0117, sertifikuotas TPD"},"content":{"rendered":"<p><strong>\"Aivono Aim Plus 800 Puffs\" vienkartinis vape<\/strong> - Patikimas, aromatingas ir TPD sertifikuotas kokyb\u0117s u\u017etikrinimas.<\/p>\n<p>Svetain\u0117 <strong>\"Aivono Aim Plus 800 Puffs<\/strong> vienkartinis vape si\u016blo paprast\u0105 ir maloni\u0105 vapinimo patirt\u012f su iki <strong>800 \u012fkv\u0117pim\u0173<\/strong>, a <strong>3,2 ml e-skys\u010dio talpa<\/strong>ir <strong>550 mAh akumuliatorius<\/strong>. . <strong>1,8\u03a9 tinklelio rit\u0117<\/strong> u\u017etikrina nuosekl\u0173 ir aromating\u0105 gar\u0173 gamyb\u0105. \u0160is prietaisas turi TPD sertifikat\u0105, u\u017etikrinant\u012f auk\u0161t\u0173 kokyb\u0117s ir saugos standart\u0173 laikym\u0105si. Galite rinktis i\u0161 <strong>0%, 2% arba 5% nikotino kiekis<\/strong>. Idealiai tinka asmeniniam naudojimui ir <strong>vienkartiniai vape didmenin\u0117 prekyba<\/strong>, \"Aivono Aim Plus\" u\u017etikrina patikimum\u0105 ir skon\u012f patogioje pakuot\u0117je. <strong>Masinis u\u017esakymas<\/strong> ma\u017emenininkai gali rinktis.<\/p>\n<h3><strong>\"Aivono Aim Plus 800 Puffs\" funkcijos:<\/strong><\/h3>\n<ul>\n<li>Pufai: Iki 800<\/li>\n<li>E-skys\u010dio talpa: 3.2ml<\/li>\n<li>Baterija: 550 mAh<\/li>\n<li>Spiral\u0117: 1,8\u03a9 tinklelio formos spiral\u0117<\/li>\n<li>Nikotino stiprumas: 0%, 2%, 5%<\/li>\n<li>Sertifikavimas: TPD sertifikatas<\/li>\n<li>Galimi skoniai: V\u0117sios m\u0117tos, \"Lush Ice\", \"Cotton Candy\", \"Tangerine Ice\", \"Strawberry Watermelon\", \"Blueberry Raspberry Lemon\", \"Mixed Berry\", \"Peach Ice\", \"Banana Ice\", \"Blueberry on Ice\", \"Grape Ice\", \"Mango Ice\", \"Strawberry Ice\", \"Apple Ice\", \"Lychee Ice\", \"Pink Lemonade\", Ananas\u0173 Colada, Kolos ledas, Raudonasis bulis, Bra\u0161ki\u0173 banan\u0173, Gvajav\u0173 ledas, Bra\u0161ki\u0173 pasiflor\u0173 ledas, Bra\u0161ki\u0173 kivi\u0173 ledas, Mang\u0173 li\u010di\u0173, Balt\u0173j\u0173 persik\u0173 greipfrut\u0173, Mang\u0173 ananas\u0173 persik\u0173, Apelsin\u0173 pasiflor\u0173, Gvajav\u0173 ledas, Arb\u016bz\u0173 kramtomoji guma, M\u0117lyni\u0173 s\u016brio pyragas.<\/li>\n<\/ul>\n<h4>DUK<\/h4>\n<h5>K\u0105 TPD sertifikavimas rei\u0161kia \u0161iam aparatui?<\/h5>\n<p>TPD (Tabako gamini\u0173 direktyvos) sertifikatas rei\u0161kia, kad \"Aivono Aim Plus 800\" atitinka grie\u017etus Europos S\u0105jungos nustatytus kokyb\u0117s ir saugos standartus. Taip u\u017etikrinama, kad gaminys buvo grie\u017etai i\u0161bandytas ir atitinka taisykles d\u0117l sudedam\u0173j\u0173 dali\u0173, i\u0161metam\u0173j\u0173 ter\u0161al\u0173 ir pakuo\u010di\u0173, tod\u0117l naudotojams suteikiama saugi ir patikima garinimo patirtis.<\/p>\n<h5>Kaip 1,8 \u03a9 tinklelio rit\u0117 prisideda prie garinimo patirties?<\/h5>\n<p>1,8 \u03a9 tinklelio rit\u0117 sukurta taip, kad garinimas b\u016bt\u0173 sklandus ir nuoseklus. Ji optimizuoja skonio perdavim\u0105 ir gar\u0173 gamyb\u0105, u\u017etikrindama, kad kiekvienas \u012fkv\u0117pimas b\u016bt\u0173 malonus ir aromatingas. \u0160i rit\u0117 idealiai tinka naudotojams, m\u0117gstantiems labiau kontroliuojam\u0105 ir malonesn\u012f garinimo seans\u0105.<\/p>\n<h5>Kiek laiko veikia baterija ir kokia yra e. skys\u010dio talpa?<\/h5>\n<p>550 mAh akumuliatorius palaiko iki 800 \u012fkv\u0117pim\u0173 ir u\u017etikrina patikim\u0105 energij\u0105 ilgesniam naudojimui. \u012erenginyje yra 3,2 ml e. skys\u010dio talpa, tod\u0117l tur\u0117site pakankamai e. skys\u010dio visam \u012frenginio naudojimo laikui.<\/p>\n<h5>Kokie pristatymo b\u016bdai naudojami?<\/h5>\n<p>Bendradarbiaujame su patikimais ve\u017e\u0117jais, tokiais kaip UPS, DHL, \"FedEx\" ir DPD, kad u\u017etikrintume patikim\u0105 ir veiksming\u0105 pristatym\u0105. Pagal j\u016bs\u0173 buvimo viet\u0105 parenkame tinkamiausi\u0105 pristatymo b\u016bd\u0105, kad u\u017esakym\u0105 gautum\u0117te kuo grei\u010diau.<\/p>\n<h5>Ar galiu pasitik\u0117ti savo pirkiniu?<\/h5>\n<p>Pirmenyb\u0119 teikiame klient\u0173 pasitenkinimui ir si\u016blome saugias mok\u0117jimo galimybes, \u012fskaitant \"PayPal\" su pirk\u0117jo apsauga. Klient\u0173 atsiliepimus taip pat galite per\u017ei\u016br\u0117ti \"TrustPilot\" svetain\u0117je: <a href=\"https:\/\/www.trustpilot.com\/review\/volovape.com?utm_medium=trustbox&amp;utm_source=TrustBoxReviewCollector\">\"TrustPilot\"<\/a>.<\/p>","protected":false},"excerpt":{"rendered":"<p>\u012esigykite \"Aivono Aim Plus 800 Puffs Disposable Vape\" urmu. 3,2 ml e. skys\u010dio, tinklin\u0117 rit\u0117, TPD sertifikatas ir kelios nikotino parinktys - tai puikus pasirinkimas didmeniniams vape tiek\u0117jams ir perpardav\u0117jams.<\/p>","protected":false},"featured_media":1213,"comment_status":"open","ping_status":"closed","template":"","meta":[],"product_brand":[],"product_cat":[67,59,18,20,23,24,22,25,26,27,28,29,30,31,32,33,34,35,60],"product_tag":[],"class_list":{"0":"post-785","1":"product","2":"type-product","3":"status-publish","4":"has-post-thumbnail","6":"product_cat-aivono","7":"product_cat-800-puffs-disposable-vape","8":"product_cat-different-puffs-of-disposable-vapes","9":"product_cat-disposable-vape-types","10":"product_cat-disposable-vapes-in-austria","11":"product_cat-disposable-vapes-in-belgium","12":"product_cat-disposable-vapes-in-europe","13":"product_cat-disposable-vapes-in-france","14":"product_cat-disposable-vapes-in-germany","15":"product_cat-disposable-vapes-in-hungary","16":"product_cat-disposable-vapes-in-ltaly","17":"product_cat-disposable-vapes-in-netherlands","18":"product_cat-disposable-vapes-in-norway","19":"product_cat-disposable-vapes-in-poland","20":"product_cat-disposable-vapes-in-portugal","21":"product_cat-disposable-vapes-in-spain","22":"product_cat-disposable-vapes-in-sweden","23":"product_cat-disposable-vapes-in-switzerland","24":"product_cat-mini-puffs-vapes","26":"first","27":"instock","28":"shipping-taxable","29":"purchasable","30":"product-type-variable","31":"has-default-attributes"},"jetpack_sharing_enabled":true,"tiered_pricing_type":"fixed","tiered_pricing_fixed_rules":{"2000":3.04000000000000003552713678800500929355621337890625},"tiered_pricing_product_settings":{"layout":"default","base_unit_name":{"singular":null,"plural":null},"default_variation":null},"tiered_pricing_minimum_quantity":1000,"tiered_pricing_roles_data":[],"tiered_pricing_percentage_rules":[],"tiered_pricing_maximum_quantity":null,"tiered_pricing_quantity_step":"10","_links":{"self":[{"href":"https:\/\/volovape.com\/lt\/wp-json\/wp\/v2\/product\/785","targetHints":{"allow":["GET"]}}],"collection":[{"href":"https:\/\/volovape.com\/lt\/wp-json\/wp\/v2\/product"}],"about":[{"href":"https:\/\/volovape.com\/lt\/wp-json\/wp\/v2\/types\/product"}],"replies":[{"embeddable":true,"href":"https:\/\/volovape.com\/lt\/wp-json\/wp\/v2\/comments?post=785"}],"wp:featuredmedia":[{"embeddable":true,"href":"https:\/\/volovape.com\/lt\/wp-json\/wp\/v2\/media\/1213"}],"wp:attachment":[{"href":"https:\/\/volovape.com\/lt\/wp-json\/wp\/v2\/media?parent=785"}],"wp:term":[{"taxonomy":"product_brand","embeddable":true,"href":"https:\/\/volovape.com\/lt\/wp-json\/wp\/v2\/product_brand?post=785"},{"taxonomy":"product_cat","embeddable":true,"href":"https:\/\/volovape.com\/lt\/wp-json\/wp\/v2\/product_cat?post=785"},{"taxonomy":"product_tag","embeddable":true,"href":"https:\/\/volovape.com\/lt\/wp-json\/wp\/v2\/product_tag?post=785"}],"curies":[{"name":"wp","href":"https:\/\/api.w.org\/{rel}","templated":true}]}}