{"id":784,"date":"2024-11-21T03:33:06","date_gmt":"2024-11-21T03:33:06","guid":{"rendered":"https:\/\/volovape.com\/?post_type=product&#038;p=784"},"modified":"2025-06-19T03:45:13","modified_gmt":"2025-06-19T03:45:13","slug":"aivono-mini-boxx-600-puffs","status":"publish","type":"product","link":"https:\/\/volovape.com\/lt\/product\/aivono-mini-boxx-600-puffs\/","title":{"rendered":"\"Aivono Mini Boxx 600 Puffs\" vienkartinis vape - \u012fkraunamas, tinklelio formos rit\u0117"},"content":{"rendered":"<p><strong>\"Aivono Mini Boxx\" 600 puf\u0173 vienkartini\u0173 svaigal\u0173<\/strong> - Kompakti\u0161kas, \u012fkraunamas ir aromatingas garinimas keliaujant.<\/p>\n<p>Svetain\u0117 <strong>\"Aivono Mini Boxx 600 Puffs<\/strong> vienkartinis vape skirtas tiems, kurie pirmenyb\u0119 teikia ne\u0161iojamumui ir patogumui, nesuma\u017eindami skonio. Su iki <strong>600 \u012fkv\u0117pim\u0173<\/strong>, a <strong>2ml e-skys\u010dio talpa<\/strong>ir <strong>400 mAh \u012fkraunama baterija<\/strong>, \u0161is prietaisas suteikia maloni\u0105 garinimo patirt\u012f ir pasi\u017eymi eleganti\u0161ku, kompakti\u0161ku dizainu. . <strong>1,2\u03a9 tinklelio rit\u0117<\/strong> u\u017etikrina skland\u0173 ir aromating\u0105 garavim\u0105, puikiai tinkant\u012f kasdieniam naudojimui. Rinkit\u0117s i\u0161 <strong>0%, 2% arba 5% nikotino kiekis<\/strong>. Idealiai tinka asmeniniam naudojimui ir <strong>vienkartiniai vape didmenin\u0117 prekyba<\/strong>, \"Aivono Mini Boxx\" yra puikus patogumo ir na\u0161umo derinys. <strong>Masinis u\u017esakymas<\/strong> ma\u017emenininkai gali rinktis.<\/p>\n<h3><strong>\"Aivono Mini Boxx 600 Puffs\" funkcijos:<\/strong><\/h3>\n<ul>\n<li>Pufai: Iki 600<\/li>\n<li>E-skys\u010dio talpa: 2ml<\/li>\n<li>Akumuliatorius: 400 mAh (\u012fkraunamas)<\/li>\n<li>\u012ekrovimas: C tipo<\/li>\n<li>Rit\u0117: 1,2\u03a9 tinklelio formos rit\u0117<\/li>\n<li>Nikotino stiprumas: 0%, 2%, 5%<\/li>\n<li>Galimi skoniai: Bra\u0161ki\u0173 ledai, citrin\u0173 m\u0117tos, bra\u0161ki\u0173 kivi\u0173 ledai, alavij\u0173 gervuogi\u0173 ledai, arb\u016bz\u0173 kramtomosios gumos ledai, bra\u0161ki\u0173 ledai, energetinis g\u0117rimas, balt\u0173j\u0173 persik\u0173 greipfrut\u0173, vy\u0161ni\u0173 kantalup\u0173, ananas\u0173 kokos\u0173 ledai.<\/li>\n<\/ul>\n<h4>DUK<\/h4>\n<h5>Kod\u0117l \"Aivono Mini Boxx\" idealiai tinka garinti keliaujant?<\/h5>\n<p>\"Aivono Mini Boxx\" sukurtas kompakti\u0161kas ir lengvas, tod\u0117l yra itin ne\u0161iojamas ir puikiai tinka naudotojams, kuriems reikia diskreti\u0161ko ir patogaus garinimo sprendimo. Ma\u017eas dydis lengvai telpa \u012f ki\u0161enes ar rankines, tod\u0117l m\u0117gstamais skoniais gal\u0117site m\u0117gautis bet kada ir bet kur.<\/p>\n<h5>Kaip 1,2 \u03a9 tinklelio rit\u0117 pagerina skonio poj\u016bt\u012f?<\/h5>\n<p>1,2 \u03a9 tinklelio spiral\u0117 yra optimizuota skonio perdavimui, u\u017etikrinant skland\u0173 ir nuosekl\u0173 garinim\u0105. \u0160i rit\u0117 efektyviai kaitina elektronin\u012f skyst\u012f, u\u017etikrindama, kad kiekvienas d\u016bmelis b\u016bt\u0173 sodrus ir aromatingas, taip padidindama bendr\u0105 pasitenkinim\u0105 kiekvienu garinimo seansu.<\/p>\n<h5>Kiek laiko veikia akumuliatorius ir kaip greitai jis \u012fkraunamas?<\/h5>\n<p>400 mAh \u012fkraunamas akumuliatorius skirtas iki 600 \u012fkv\u0117pim\u0173. Naudojant C tipo \u012fkrovimo funkcij\u0105 prietaisas \u012fkraunamas greitai, tod\u0117l sutrump\u0117ja prastovos laikas ir grei\u010diau gr\u012f\u017etama prie garinimo.<\/p>\n<h5>Kokie pristatymo b\u016bdai naudojami?<\/h5>\n<p>Bendradarbiaujame su patikimais ve\u017e\u0117jais, tokiais kaip UPS, DHL, \"FedEx\" ir DPD, kad u\u017etikrintume veiksming\u0105 ir saug\u0173 pristatym\u0105. Pagal j\u016bs\u0173 buvimo viet\u0105 parenkame geriausi\u0105 pristatymo variant\u0105, kad u\u017esakymas b\u016bt\u0173 pristatytas greitai.<\/p>\n<h5>Ar galiu pasitik\u0117ti savo pirkiniu?<\/h5>\n<p>Pirmenyb\u0119 teikiame klient\u0173 pasitenkinimui ir si\u016blome saugias mok\u0117jimo galimybes, \u012fskaitant \"PayPal\" su pirk\u0117jo apsauga. Klient\u0173 atsiliepimus taip pat galite per\u017ei\u016br\u0117ti \"TrustPilot\" svetain\u0117je: <a href=\"https:\/\/www.trustpilot.com\/review\/volovape.com?utm_medium=trustbox&amp;utm_source=TrustBoxReviewCollector\">\"TrustPilot\"<\/a>.<\/p>","protected":false},"excerpt":{"rendered":"<p>Pirkti Aivono Mini Boxx 600 Puffs vienkartini\u0173 Vape urmu. 2 ml e. skys\u010dio, tinklin\u0117 rit\u0117 ir kompakti\u0161kas dizainas - tai idealus didmenin\u0117s prekybos variantas vape platintojams ir ma\u017emenininkams.<\/p>","protected":false},"featured_media":1203,"comment_status":"open","ping_status":"closed","template":"","meta":[],"product_brand":[],"product_cat":[67,59,18,20,23,24,22,25,26,27,28,29,30,31,32,33,34,35,60],"product_tag":[],"class_list":{"0":"post-784","1":"product","2":"type-product","3":"status-publish","4":"has-post-thumbnail","6":"product_cat-aivono","7":"product_cat-800-puffs-disposable-vape","8":"product_cat-different-puffs-of-disposable-vapes","9":"product_cat-disposable-vape-types","10":"product_cat-disposable-vapes-in-austria","11":"product_cat-disposable-vapes-in-belgium","12":"product_cat-disposable-vapes-in-europe","13":"product_cat-disposable-vapes-in-france","14":"product_cat-disposable-vapes-in-germany","15":"product_cat-disposable-vapes-in-hungary","16":"product_cat-disposable-vapes-in-ltaly","17":"product_cat-disposable-vapes-in-netherlands","18":"product_cat-disposable-vapes-in-norway","19":"product_cat-disposable-vapes-in-poland","20":"product_cat-disposable-vapes-in-portugal","21":"product_cat-disposable-vapes-in-spain","22":"product_cat-disposable-vapes-in-sweden","23":"product_cat-disposable-vapes-in-switzerland","24":"product_cat-mini-puffs-vapes","26":"first","27":"instock","28":"shipping-taxable","29":"purchasable","30":"product-type-variable","31":"has-default-attributes"},"jetpack_sharing_enabled":true,"tiered_pricing_type":"fixed","tiered_pricing_fixed_rules":{"2000":3.45999999999999996447286321199499070644378662109375},"tiered_pricing_product_settings":{"layout":"default","base_unit_name":{"singular":null,"plural":null},"default_variation":null},"tiered_pricing_minimum_quantity":1000,"tiered_pricing_roles_data":[],"tiered_pricing_percentage_rules":[],"tiered_pricing_maximum_quantity":null,"tiered_pricing_quantity_step":"10","_links":{"self":[{"href":"https:\/\/volovape.com\/lt\/wp-json\/wp\/v2\/product\/784","targetHints":{"allow":["GET"]}}],"collection":[{"href":"https:\/\/volovape.com\/lt\/wp-json\/wp\/v2\/product"}],"about":[{"href":"https:\/\/volovape.com\/lt\/wp-json\/wp\/v2\/types\/product"}],"replies":[{"embeddable":true,"href":"https:\/\/volovape.com\/lt\/wp-json\/wp\/v2\/comments?post=784"}],"wp:featuredmedia":[{"embeddable":true,"href":"https:\/\/volovape.com\/lt\/wp-json\/wp\/v2\/media\/1203"}],"wp:attachment":[{"href":"https:\/\/volovape.com\/lt\/wp-json\/wp\/v2\/media?parent=784"}],"wp:term":[{"taxonomy":"product_brand","embeddable":true,"href":"https:\/\/volovape.com\/lt\/wp-json\/wp\/v2\/product_brand?post=784"},{"taxonomy":"product_cat","embeddable":true,"href":"https:\/\/volovape.com\/lt\/wp-json\/wp\/v2\/product_cat?post=784"},{"taxonomy":"product_tag","embeddable":true,"href":"https:\/\/volovape.com\/lt\/wp-json\/wp\/v2\/product_tag?post=784"}],"curies":[{"name":"wp","href":"https:\/\/api.w.org\/{rel}","templated":true}]}}