{"id":783,"date":"2024-11-21T03:33:06","date_gmt":"2024-11-21T03:33:06","guid":{"rendered":"https:\/\/volovape.com\/?post_type=product&#038;p=783"},"modified":"2025-08-06T08:14:48","modified_gmt":"2025-08-06T08:14:48","slug":"aivono-fatman-shisha-15000-pukeliu","status":"publish","type":"product","link":"https:\/\/volovape.com\/lt\/product\/aivono-fatman-shisha-15000-puffs\/","title":{"rendered":"\"Aivono Fatman Shisha\" 15000 p\u016btim\u0173 vienkartinis vape - turtingi \u0161i\u0161os skoniai, \u012fkraunamas, didel\u0117 nuolaida"},"content":{"rendered":"<p><strong>\"Aivono Fatman Shisha\" 15000 puf\u0173 vienkartini\u0173 svaigal\u0173<\/strong> - Patirkite turtingus \u0161i\u0161os skonius ir itin efektyv\u0173 garinim\u0105.<\/p>\n<p>Svetain\u0117 <strong>\"Aivono Fatman Shisha\" 15000 d\u016bm\u0173<\/strong> vienkartinis vape u\u017etikrina autenti\u0161k\u0105 \u0161i\u0161os patirt\u012f, nes \u012fsp\u016bdingai <strong>15 000 puff<\/strong> talpa, didel\u0117 <strong>24 ml elektroninio skys\u010dio rezervuaras<\/strong>ir patikimas <strong>600 mAh \u012fkraunamas akumuliatorius<\/strong>. Optimizuotas <strong>0,6\u03a9 aki\u0173 rit\u0117<\/strong> U\u017etikrina tir\u0161tus garus ir sodr\u0173, malon\u0173 skon\u012f, atkartojant\u012f tradicin\u0117s \u0161i\u0161os esm\u0119. Rinkit\u0117s i\u0161 <strong>0%, 2%, 3% arba 5% nikotino koncentracija<\/strong> kad atitikt\u0173 j\u016bs\u0173 pageidavimus. \u0160is prietaisas puikiai tinka asmeniniam naudojimui ir <strong>vienkartiniai vape didmenin\u0117 prekyba<\/strong>, u\u017etikrinantis ir patogum\u0105, ir na\u0161um\u0105. <strong>Masinis u\u017esakymas<\/strong> ma\u017emenininkai, ie\u0161kantys auk\u0161tos kokyb\u0117s vienkartini\u0173 garintuv\u0173, gali rinktis.<\/p>\n<h3><strong>\"Aivono Fatman Shisha\" 15000 p\u016bkeli\u0173 Savyb\u0117s:<\/strong><\/h3>\n<ul>\n<li>Pufai: Iki 15 000<\/li>\n<li>E-skys\u010dio talpa: 24ml<\/li>\n<li>Baterija: 600 mAh (\u012fkraunama)<\/li>\n<li>\u012ekrovimas: C tipo<\/li>\n<li>Rit\u0117: 0,6\u03a9 tinklelio rit\u0117<\/li>\n<li>Nikotino stiprumas: 0%, 2%, 3%, 5%<\/li>\n<li>Galimi skoniai: Bra\u0161ki\u0173 ledai, arb\u016bz\u0173 ledai, bra\u0161ki\u0173 aviet\u0117s, sultingi persikai, m\u0117lyni\u0173 ledai, mang\u0173 aistros vaisiai, vy\u0161ni\u0173 arb\u016bzo \u017eel\u0117.<\/li>\n<\/ul>\n<h4>DUK<\/h4>\n<h5>Kaip 0,6 \u03a9 tinklelio rit\u0117 pagerina \u0161i\u0161os garinimo patirt\u012f?<\/h5>\n<p>0,6 \u03a9 tinklelio spiral\u0117 specialiai sukurta taip, kad maksimaliai padidint\u0173 gar\u0173 gamyb\u0105 ir aromato intensyvum\u0105, tod\u0117l sukuriamas tankus, aromatingas debesis, kuris labai primena tradicin\u0117s \u0161i\u0161os patirt\u012f. \u0160i rit\u0117 u\u017etikrina tolyg\u0173 kaitinim\u0105 ir optimal\u0173 aromato perteikim\u0105.<\/p>\n<h5>Koks yra akumuliatoriaus veikimo laikas ir \u012fkrovimo trukm\u0117?<\/h5>\n<p>600 mAh \u012fkraunamas akumuliatorius u\u017etikrina ilgalaik\u012f maitinim\u0105 iki 15 000 \u012fkv\u0117pim\u0173. Naudodami C tipo \u012fkrovimo funkcij\u0105 galite greitai ir efektyviai \u012fkrauti prietais\u0105, taip suma\u017eindami prastovas ir maksimaliai padidindami garinimo malonum\u0105.<\/p>\n<h5>Koki\u0173 skoni\u0173 galima pasirinkti?<\/h5>\n<p>\"Aivono Fatman Shisha 15000\" si\u016blo \u012fvairi\u0173 \u0161i\u0161os \u012fkv\u0117pt\u0173 skoni\u0173, \u012fskaitant bra\u0161ki\u0173 ledo, arb\u016bz\u0173 ledo, bra\u0161ki\u0173 avie\u010di\u0173, sulting\u0173 persik\u0173, m\u0117lyni\u0173 ledo, mang\u0173 aistros vaisi\u0173 ir vy\u0161ni\u0173 arb\u016bzo \u017eel\u0117. Kiekvienas skonis sukurtas taip, kad suteikt\u0173 unikali\u0105 ir maloni\u0105 garinimo patirt\u012f.<\/p>\n<h5>Kokie pristatymo b\u016bdai naudojami?<\/h5>\n<p>Bendradarbiaujame su patikimais ve\u017e\u0117jais, tokiais kaip UPS, DHL, \"FedEx\" ir DPD, kad u\u017etikrintume greit\u0105 ir saug\u0173 pristatym\u0105. Pagal j\u016bs\u0173 buvimo viet\u0105 parenkame tinkamiausi\u0105 pristatymo b\u016bd\u0105, kad u\u017esakym\u0105 gautum\u0117te kuo grei\u010diau.<\/p>\n<h5>Ar galiu pasitik\u0117ti savo pirkiniu?<\/h5>\n<p>Pirmenyb\u0119 teikiame klient\u0173 pasitenkinimui ir si\u016blome saugias mok\u0117jimo galimybes, \u012fskaitant \"PayPal\" su pirk\u0117jo apsauga. Klient\u0173 atsiliepimus taip pat galite per\u017ei\u016br\u0117ti \"TrustPilot\" svetain\u0117je: <a href=\"https:\/\/www.trustpilot.com\/review\/volovape.com?utm_medium=trustbox&amp;utm_source=TrustBoxReviewCollector\">\"TrustPilot\"<\/a>.<\/p>","protected":false},"excerpt":{"rendered":"<p>Didmenin\u0117 didmenin\u0117 prekyba Aivono Fatman Shisha 15000 Puffs Vienkartiniai Vape. 15 000 \u012fpur\u0161kim\u0173, 24 ml el. skys\u010dio, \u012fkraunamas. Tinklin\u0117 rit\u0117, \u012fvairus nikotinas. I\u0161tirkite \u0161i\u0161os skonius dabar.<\/p>","protected":false},"featured_media":1191,"comment_status":"open","ping_status":"closed","template":"","meta":[],"product_brand":[],"product_cat":[67,41,21,18,20,23,24,22,25,26,27,28,29,30,31,32,33,34,35,36,47],"product_tag":[],"class_list":{"0":"post-783","1":"product","2":"type-product","3":"status-publish","4":"has-post-thumbnail","6":"product_cat-aivono","7":"product_cat-15000-puffs-disposable-vape","8":"product_cat-big-puffs-vapes","9":"product_cat-different-puffs-of-disposable-vapes","10":"product_cat-disposable-vape-types","11":"product_cat-disposable-vapes-in-austria","12":"product_cat-disposable-vapes-in-belgium","13":"product_cat-disposable-vapes-in-europe","14":"product_cat-disposable-vapes-in-france","15":"product_cat-disposable-vapes-in-germany","16":"product_cat-disposable-vapes-in-hungary","17":"product_cat-disposable-vapes-in-ltaly","18":"product_cat-disposable-vapes-in-netherlands","19":"product_cat-disposable-vapes-in-norway","20":"product_cat-disposable-vapes-in-poland","21":"product_cat-disposable-vapes-in-portugal","22":"product_cat-disposable-vapes-in-spain","23":"product_cat-disposable-vapes-in-sweden","24":"product_cat-disposable-vapes-in-switzerland","25":"product_cat-rechargeable-vapes","26":"product_cat-shisha-hookah-vapes","28":"first","29":"instock","30":"shipping-taxable","31":"purchasable","32":"product-type-variable","33":"has-default-attributes"},"jetpack_sharing_enabled":true,"tiered_pricing_type":"fixed","tiered_pricing_fixed_rules":{"2000":5.4900000000000002131628207280300557613372802734375},"tiered_pricing_product_settings":{"layout":"default","base_unit_name":{"singular":null,"plural":null},"default_variation":null},"tiered_pricing_minimum_quantity":1000,"tiered_pricing_roles_data":[],"tiered_pricing_percentage_rules":[],"tiered_pricing_maximum_quantity":null,"tiered_pricing_quantity_step":"10","_links":{"self":[{"href":"https:\/\/volovape.com\/lt\/wp-json\/wp\/v2\/product\/783","targetHints":{"allow":["GET"]}}],"collection":[{"href":"https:\/\/volovape.com\/lt\/wp-json\/wp\/v2\/product"}],"about":[{"href":"https:\/\/volovape.com\/lt\/wp-json\/wp\/v2\/types\/product"}],"replies":[{"embeddable":true,"href":"https:\/\/volovape.com\/lt\/wp-json\/wp\/v2\/comments?post=783"}],"wp:featuredmedia":[{"embeddable":true,"href":"https:\/\/volovape.com\/lt\/wp-json\/wp\/v2\/media\/1191"}],"wp:attachment":[{"href":"https:\/\/volovape.com\/lt\/wp-json\/wp\/v2\/media?parent=783"}],"wp:term":[{"taxonomy":"product_brand","embeddable":true,"href":"https:\/\/volovape.com\/lt\/wp-json\/wp\/v2\/product_brand?post=783"},{"taxonomy":"product_cat","embeddable":true,"href":"https:\/\/volovape.com\/lt\/wp-json\/wp\/v2\/product_cat?post=783"},{"taxonomy":"product_tag","embeddable":true,"href":"https:\/\/volovape.com\/lt\/wp-json\/wp\/v2\/product_tag?post=783"}],"curies":[{"name":"wp","href":"https:\/\/api.w.org\/{rel}","templated":true}]}}