{"id":78,"date":"2024-11-21T03:26:51","date_gmt":"2024-11-21T03:26:51","guid":{"rendered":"https:\/\/volovape.com\/?post_type=product&#038;p=78"},"modified":"2025-07-04T02:51:41","modified_gmt":"2025-07-04T02:51:41","slug":"fihp-sisos-kaljanas-15000-puffs","status":"publish","type":"product","link":"https:\/\/volovape.com\/lt\/product\/fihp-shisha-hookah-15000-puffs\/","title":{"rendered":"\"FIHP Shisha Hookah\" 15000 puf\u0173 vienkartinis vape - tinklin\u0117 rit\u0117, LED ekranas"},"content":{"rendered":"<p><strong>FIHP Shisha Hookah 15000 Puffs Premium vienkartinis Vape su LED<\/strong> - Didel\u0117s talpos \u0161i\u0161os \u012fkv\u0117ptas garinimas.<\/p>\n<p>Svetain\u0117 <strong>FIHP \u0160i\u0161os kaljanas 15000 p\u016bkeli\u0173<\/strong> vienkartinis vape si\u016blo ilgesn\u0119 garinimo patirt\u012f - iki <strong>15 000 \u012fkv\u0117pim\u0173<\/strong>, a <strong>25 ml e-skys\u010dio talpa<\/strong>ir <strong>650 mAh \u012fkraunama baterija<\/strong> su <strong>C tipo \u012fkrovimas<\/strong>. . <strong>0,6\u03a9 aki\u0173 rit\u0117<\/strong> pasi\u017eymi sodriu, \u012f \u0161i\u0161\u0105 pana\u0161iu skoniu ir tankiais garais. . <strong>LED ekranas<\/strong> galima lengvai steb\u0117ti \u012frenginio b\u016bsen\u0105. Su <strong>0,6% (6 mg) nikotino stiprumas<\/strong>, ji suteikia subalansuot\u0105 patirt\u012f. Rinkit\u0117s i\u0161 <strong>10 \u0161i\u0161os \u012fkv\u0117pt\u0173 skoni\u0173<\/strong>, \u012fskaitant persik\u0173 mango ananas\u0173 ir bra\u0161ki\u0173 arb\u016bz\u0173. Idealiai tinka asmeniniam naudojimui arba <strong>vienkartiniai vape didmenin\u0117 prekyba<\/strong>, \u0161is prietaisas suderina na\u0161um\u0105 ir patogum\u0105. Skirta <strong>masinis u\u017esakymas<\/strong> kainos, susisiekite su mumis.<\/p>\n<h3><strong>FIHP Shisha Hookah 15000 Savyb\u0117s:<\/strong><\/h3>\n<ul>\n<li>Pufai: Iki 15 000<\/li>\n<li>E-skys\u010dio talpa: 25ml<\/li>\n<li>Baterija: 650 mAh (\u012fkraunama)<\/li>\n<li>\u012ekrovimas: C tipo<\/li>\n<li>Rit\u0117: 0,6\u03a9 tinklelio rit\u0117<\/li>\n<li>Ekranas: LED ekranas<\/li>\n<li>Nikotino stiprumas: 0,6% (6mg)<\/li>\n<li>10 skonio parink\u010di\u0173<\/li>\n<\/ul>\n<h4>DUK<\/h4>\n<h5>Kaip 0,6 \u03a9 tinklelio rit\u0117 pagerina \u0161i\u0161\u0105 primenan\u010di\u0105 garinimo patirt\u012f?<\/h5>\n<p>0,6 \u03a9 tinklelio spiral\u0117 sukurta taip, kad sukurt\u0173 didesnius, tankesnius debes\u0117lius ir sodresn\u012f skon\u012f, primenant\u012f \u0161veln\u0173 ir aromating\u0105 tradicin\u0117s \u0161i\u0161os traukim\u0105. Taip u\u017etikrinamas nuolatinis pasitenkinim\u0105 teikiantis garavimas su kiekvienu u\u017eg\u0117rimu.<\/p>\n<h5>Kokie pristatymo b\u016bdai naudojami?<\/h5>\n<p>Bendradarbiaujame su patikimais ve\u017e\u0117jais, tokiais kaip UPS, DHL, \"FedEx\" ir DPD, kad u\u017etikrintume veiksming\u0105 j\u016bs\u0173 u\u017esakym\u0173 pristatym\u0105. Pristatymo b\u016bdas parenkamas atsi\u017evelgiant \u012f j\u016bs\u0173 buvimo viet\u0105, kad b\u016bt\u0173 u\u017etikrintas optimalus pristatymo greitis ir patikimumas.<\/p>\n<h5>Kiek laiko paprastai u\u017etrunka pristatymas?<\/h5>\n<p>Pristatymas paprastai trunka nuo 7 iki 15 darbo dien\u0173. Sezon\u0173 piko metu arba esant nepalankioms oro s\u0105lygoms gali prireikti iki 20 darbo dien\u0173.<\/p>\n<h5>Ar susidursiu su kokiomis nors muitin\u0117s problemomis ar papildomais mokes\u010diais?<\/h5>\n<p>Atliekame visas muitin\u0117s proced\u016bras ir u\u017etikriname, kad j\u016bs\u0173 siunta b\u016bt\u0173 \u012fforminta be joki\u0173 problem\u0173. Jums nereik\u0117s mok\u0117ti joki\u0173 papildom\u0173 mokes\u010di\u0173 ar rinkliav\u0173. Garantuojame, kad 100% bus i\u0161muitintas.<\/p>\n<h5>Kaip galiu b\u016bti tikras d\u0117l gaminio kokyb\u0117s ir patikimumo?<\/h5>\n<p>Priimame saugius \"PayPal\" mok\u0117jimus su pirk\u0117jo apsauga. Taip pat galite perskaityti klient\u0173 atsiliepimus <a href=\"https:\/\/www.trustpilot.com\/review\/volovape.com?utm_medium=trustbox&amp;utm_source=TrustBoxReviewCollector\">\"TrustPilot\"<\/a>, kur daugelis klient\u0173 dalijasi teigiama patirtimi apie m\u016bs\u0173 gaminius ir paslaugas.<\/p>","protected":false},"excerpt":{"rendered":"<p>M\u0117gaukit\u0117s moderniu \u0161i\u0161os garinimu su FIHP kaljanu, turin\u010diu 15000 d\u016bm\u0173. LED ekranas, 0,6 \u03a9 tinklelis, 25 ml, \u012fkraunamas. Idealiai tinka asmeniniam naudojimui arba didmeninei prekybai, suteikia sodr\u0173 skon\u012f ir \u012fsp\u016bdingus debesis.<\/p>","protected":false},"featured_media":211,"comment_status":"open","ping_status":"closed","template":"","meta":[],"product_brand":[],"product_cat":[46,41,21,18,20,23,24,22,25,26,27,28,29,30,31,32,33,34,35,36,47,40],"product_tag":[],"class_list":{"0":"post-78","1":"product","2":"type-product","3":"status-publish","4":"has-post-thumbnail","6":"product_cat-fihp","7":"product_cat-15000-puffs-disposable-vape","8":"product_cat-big-puffs-vapes","9":"product_cat-different-puffs-of-disposable-vapes","10":"product_cat-disposable-vape-types","11":"product_cat-disposable-vapes-in-austria","12":"product_cat-disposable-vapes-in-belgium","13":"product_cat-disposable-vapes-in-europe","14":"product_cat-disposable-vapes-in-france","15":"product_cat-disposable-vapes-in-germany","16":"product_cat-disposable-vapes-in-hungary","17":"product_cat-disposable-vapes-in-ltaly","18":"product_cat-disposable-vapes-in-netherlands","19":"product_cat-disposable-vapes-in-norway","20":"product_cat-disposable-vapes-in-poland","21":"product_cat-disposable-vapes-in-portugal","22":"product_cat-disposable-vapes-in-spain","23":"product_cat-disposable-vapes-in-sweden","24":"product_cat-disposable-vapes-in-switzerland","25":"product_cat-rechargeable-vapes","26":"product_cat-shisha-hookah-vapes","27":"product_cat-smart-screen-vapes","29":"first","30":"instock","31":"shipping-taxable","32":"purchasable","33":"product-type-variable","34":"has-default-attributes"},"jetpack_sharing_enabled":true,"tiered_pricing_type":"fixed","tiered_pricing_fixed_rules":{"2000":4.9900000000000002131628207280300557613372802734375},"tiered_pricing_product_settings":{"layout":"default","base_unit_name":{"singular":null,"plural":null},"default_variation":null},"tiered_pricing_minimum_quantity":1000,"tiered_pricing_roles_data":[],"tiered_pricing_percentage_rules":[],"tiered_pricing_maximum_quantity":null,"tiered_pricing_quantity_step":"10","_links":{"self":[{"href":"https:\/\/volovape.com\/lt\/wp-json\/wp\/v2\/product\/78","targetHints":{"allow":["GET"]}}],"collection":[{"href":"https:\/\/volovape.com\/lt\/wp-json\/wp\/v2\/product"}],"about":[{"href":"https:\/\/volovape.com\/lt\/wp-json\/wp\/v2\/types\/product"}],"replies":[{"embeddable":true,"href":"https:\/\/volovape.com\/lt\/wp-json\/wp\/v2\/comments?post=78"}],"wp:featuredmedia":[{"embeddable":true,"href":"https:\/\/volovape.com\/lt\/wp-json\/wp\/v2\/media\/211"}],"wp:attachment":[{"href":"https:\/\/volovape.com\/lt\/wp-json\/wp\/v2\/media?parent=78"}],"wp:term":[{"taxonomy":"product_brand","embeddable":true,"href":"https:\/\/volovape.com\/lt\/wp-json\/wp\/v2\/product_brand?post=78"},{"taxonomy":"product_cat","embeddable":true,"href":"https:\/\/volovape.com\/lt\/wp-json\/wp\/v2\/product_cat?post=78"},{"taxonomy":"product_tag","embeddable":true,"href":"https:\/\/volovape.com\/lt\/wp-json\/wp\/v2\/product_tag?post=78"}],"curies":[{"name":"wp","href":"https:\/\/api.w.org\/{rel}","templated":true}]}}