{"id":750,"date":"2024-11-21T03:32:38","date_gmt":"2024-11-21T03:32:38","guid":{"rendered":"https:\/\/volovape.com\/?post_type=product&#038;p=750"},"modified":"2025-07-06T04:26:20","modified_gmt":"2025-07-06T04:26:20","slug":"evappe-shisha-deluxe-bar-18000-pukeliu","status":"publish","type":"product","link":"https:\/\/volovape.com\/lt\/product\/evappe-shisha-deluxe-bar-18000-puffs\/","title":{"rendered":"\"EVAPPE Shisha Deluxe Bar\" 18000 \u012fkv\u0117pim\u0173 - 0,6\u03a9 tinklelio rit\u0117, \u012fkraunama (0-5% nikotino)"},"content":{"rendered":"<p><strong>EVAPPE Shisha Deluxe Bar 18000 Puffs Vienkartiniai Vape<\/strong> - Patirkite \u0161i\u0161os \u012fkv\u0117pt\u0105 garinim\u0105 su neprilygstamu ilgaam\u017ei\u0161kumu.<\/p>\n<p>Svetain\u0117 <strong>EVAPPE Shisha Deluxe Bar 18000 p\u016bkeli\u0173<\/strong> Vienkartinis vape suteikia turting\u0105, aromating\u0105 \u0161i\u0161os patirt\u012f patogiu, ne\u0161iojamu formatu. \u012esp\u016bdingas <strong>18 000 \u012fkv\u0117pim\u0173<\/strong>, dosnus <strong>25 ml e-skys\u010dio talpa<\/strong>ir patikimas <strong>600 mAh \u012fkraunamas akumuliatorius<\/strong>, \u0161is prietaisas u\u017etikrina ilgesnes garinimo sesijas. Pa\u017eangus <strong>0,6\u03a9 aki\u0173 rit\u0117<\/strong> u\u017etikrina nuolatin\u012f skland\u0173, tank\u0173 garavim\u0105, perteikdamas klasikini\u0173 \u0161i\u0161os skoni\u0173 esm\u0119. Rinkit\u0117s i\u0161 <strong>0%, 2%, 3% arba 5% nikotino koncentracija<\/strong> pritaikyti savo patirt\u012f. Idealiai tinka asmeniniam malonumui ir <strong>vienkartiniai vape didmenin\u0117 prekyba<\/strong>, \u0161is eleganti\u0161kas prietaisas puikiai tinka tiems, kurie ie\u0161ko auk\u0161\u010diausios kokyb\u0117s garinimo. <strong>Masinis u\u017esakymas<\/strong> ma\u017emenininkai gali rinktis.<\/p>\n<h3><strong>EVAPPE Shisha Deluxe Bar 18000 Puffs Savyb\u0117s:<\/strong><\/h3>\n<ul>\n<li>Pufai: Iki 18 000<\/li>\n<li>E-skys\u010dio talpa: 25ml<\/li>\n<li>Baterija: 600 mAh (\u012fkraunama)<\/li>\n<li>\u012ekrovimas: C tipo<\/li>\n<li>Rit\u0117: 0,6\u03a9 tinklelio rit\u0117<\/li>\n<li>Nikotino stiprumas: 0%, 2%, 3%, 5%<\/li>\n<li>Galimi skoniai: Du obuoliai, uog\u0173 ledai, m\u0117lyni\u0173 guma, vynuogi\u0173 m\u0117tos, sodrus ledas, vy\u0161ni\u0173 aviet\u0117s, persik\u0173 ledai, bra\u0161ki\u0173 pun\u0161as.<\/li>\n<\/ul>\n<h4>DUK<\/h4>\n<h5>Kaip 0,6 \u03a9 tinklelio rit\u0117 sustiprina \u0161i\u0161os \u012fkv\u0117pt\u0105 skon\u012f?<\/h5>\n<p>0,6 \u03a9 tinklelio spiral\u0117 sukurta taip, kad optimaliai paskirstyt\u0173 \u0161ilum\u0105 ir sustiprint\u0173 sodr\u0173 ir sud\u0117ting\u0105 \u0161i\u0161os mi\u0161ini\u0173 skon\u012f. D\u0117l to garai tampa tankesni ir aromatingesni, o tai suteikia tikrai svaiginan\u010di\u0105 garinimo patirt\u012f, primenan\u010di\u0105 tradicin\u012f \u0161i\u0161\u0105.<\/p>\n<h5>Kokie yra nikotino stiprumo variantai?<\/h5>\n<p>EVAPPE \"Shisha Deluxe Bar 18000 Puffs\" si\u016blo 0%, 2%, 3% ir 5% nikotino stiprum\u0105, tod\u0117l galite rinktis geriausiai atitinkant\u012f savo pageidavimus ir poreikius.<\/p>\n<h5>Kiek laiko veikia akumuliatorius ir kaip greitai jis \u012fkraunamas?<\/h5>\n<p>600 mAh \u012fkraunamas akumuliatorius skirtas ilgalaikiam veikimui, juo galima \u012fkrauti iki 18 000 \u012fp\u016btim\u0173. Naudodami C tipo \u012fkrovimo funkcij\u0105 galite greitai ir efektyviai \u012fkrauti prietais\u0105, suma\u017eindami prastov\u0173 laik\u0105.<\/p>\n<h5>Kokie pristatymo b\u016bdai naudojami?<\/h5>\n<p>Bendradarbiaujame su patikimais ve\u017e\u0117jais, tokiais kaip UPS, DHL, \"FedEx\" ir DPD, kad u\u017etikrintume patikim\u0105 ir veiksming\u0105 pristatym\u0105. Pagal j\u016bs\u0173 buvimo viet\u0105 parenkame geriausi\u0105 pristatymo variant\u0105, kad u\u017esakym\u0105 gautum\u0117te kuo grei\u010diau.<\/p>\n<h5>Ar galiu pasitik\u0117ti savo pirkiniu?<\/h5>\n<p>Pirmenyb\u0119 teikiame klient\u0173 pasitenkinimui ir si\u016blome saugias mok\u0117jimo galimybes, \u012fskaitant \"PayPal\", su pirk\u0117jo apsauga. Taip pat galite perskaityti m\u016bs\u0173 patenkint\u0173 klient\u0173 atsiliepimus \"TrustPilot\" svetain\u0117je: <a href=\"https:\/\/www.trustpilot.com\/review\/volovape.com?utm_medium=trustbox&amp;utm_source=TrustBoxReviewCollector\">\"TrustPilot\"<\/a>.<\/p>","protected":false},"excerpt":{"rendered":"<p>Parduotuv\u0117 EVAPPE Shisha Deluxe Bar 18000 Puffs Vienkartiniai Vape urmu. 25 ml e. skys\u010dio, lygi tinklelio rit\u0117 ir \u0161i\u0161os \u012fkv\u0117pti skoniai - tai puikus pasirinkimas didmeniniams vape pardav\u0117jams ir tiek\u0117jams.<\/p>","protected":false},"featured_media":1169,"comment_status":"open","ping_status":"closed","template":"","meta":[],"product_brand":[],"product_cat":[68,50,21,18,20,23,24,22,25,26,27,28,29,30,31,32,33,34,35,36,47],"product_tag":[],"class_list":{"0":"post-750","1":"product","2":"type-product","3":"status-publish","4":"has-post-thumbnail","6":"product_cat-evappe","7":"product_cat-18000-puffs-disposable-vape","8":"product_cat-big-puffs-vapes","9":"product_cat-different-puffs-of-disposable-vapes","10":"product_cat-disposable-vape-types","11":"product_cat-disposable-vapes-in-austria","12":"product_cat-disposable-vapes-in-belgium","13":"product_cat-disposable-vapes-in-europe","14":"product_cat-disposable-vapes-in-france","15":"product_cat-disposable-vapes-in-germany","16":"product_cat-disposable-vapes-in-hungary","17":"product_cat-disposable-vapes-in-ltaly","18":"product_cat-disposable-vapes-in-netherlands","19":"product_cat-disposable-vapes-in-norway","20":"product_cat-disposable-vapes-in-poland","21":"product_cat-disposable-vapes-in-portugal","22":"product_cat-disposable-vapes-in-spain","23":"product_cat-disposable-vapes-in-sweden","24":"product_cat-disposable-vapes-in-switzerland","25":"product_cat-rechargeable-vapes","26":"product_cat-shisha-hookah-vapes","28":"first","29":"instock","30":"shipping-taxable","31":"purchasable","32":"product-type-variable","33":"has-default-attributes"},"jetpack_sharing_enabled":true,"tiered_pricing_type":"fixed","tiered_pricing_fixed_rules":{"2000":5.70000000000000017763568394002504646778106689453125},"tiered_pricing_product_settings":{"layout":"default","base_unit_name":{"singular":null,"plural":null},"default_variation":null},"tiered_pricing_minimum_quantity":1000,"tiered_pricing_roles_data":[],"tiered_pricing_percentage_rules":[],"tiered_pricing_maximum_quantity":null,"tiered_pricing_quantity_step":"10","_links":{"self":[{"href":"https:\/\/volovape.com\/lt\/wp-json\/wp\/v2\/product\/750","targetHints":{"allow":["GET"]}}],"collection":[{"href":"https:\/\/volovape.com\/lt\/wp-json\/wp\/v2\/product"}],"about":[{"href":"https:\/\/volovape.com\/lt\/wp-json\/wp\/v2\/types\/product"}],"replies":[{"embeddable":true,"href":"https:\/\/volovape.com\/lt\/wp-json\/wp\/v2\/comments?post=750"}],"wp:featuredmedia":[{"embeddable":true,"href":"https:\/\/volovape.com\/lt\/wp-json\/wp\/v2\/media\/1169"}],"wp:attachment":[{"href":"https:\/\/volovape.com\/lt\/wp-json\/wp\/v2\/media?parent=750"}],"wp:term":[{"taxonomy":"product_brand","embeddable":true,"href":"https:\/\/volovape.com\/lt\/wp-json\/wp\/v2\/product_brand?post=750"},{"taxonomy":"product_cat","embeddable":true,"href":"https:\/\/volovape.com\/lt\/wp-json\/wp\/v2\/product_cat?post=750"},{"taxonomy":"product_tag","embeddable":true,"href":"https:\/\/volovape.com\/lt\/wp-json\/wp\/v2\/product_tag?post=750"}],"curies":[{"name":"wp","href":"https:\/\/api.w.org\/{rel}","templated":true}]}}