{"id":747,"date":"2024-11-21T03:32:38","date_gmt":"2024-11-21T03:32:38","guid":{"rendered":"https:\/\/volovape.com\/?post_type=product&#038;p=747"},"modified":"2025-09-08T03:35:35","modified_gmt":"2025-09-08T03:35:35","slug":"randm-tornado-9000-puffs","status":"publish","type":"product","link":"https:\/\/volovape.com\/lt\/product\/randm-tornado-9000-puffs\/","title":{"rendered":"\"RandM Tornado 9000 Puffs\" vienkartinis vape su RGB \u0161viesa - \u012fkraunamas (0-5% nikotino)"},"content":{"rendered":"<p><strong>RandM Tornado 9000 Puffs RGB ap\u0161vietimas \u012ekraunamas vienkartinis Vape<\/strong> - Pagerinkite savo garinimo patirt\u012f su \"RandM Tornado 9000\", pasi\u017eymin\u010diu ry\u0161kiu RGB ap\u0161vietimu ir didele talpa. \u0160is \u012fkraunamas vienkartinis garintuvas u\u017etikrina iki 9000 \u012fp\u016btim\u0173, turi 18 ml e. skys\u010dio talpykl\u0105 ir 850 mAh baterij\u0105. Tinklelio rit\u0117s technologija u\u017etikrina nuolat skland\u0173 ir aromating\u0105 garavim\u0105, idealiai tinkant\u012f asmeniniam naudojimui ir didmeniniams vienkartini\u0173 garintuv\u0173 didmeniniams u\u017esakymams. Rinkit\u0117s i\u0161 0%, 2%, 3% arba 5% nikotino stiprumo ir did\u017eiulio daugiau nei 40 skani\u0173 skoni\u0173 pasirinkimo.<\/p>\n<h3><strong>\"RandM Tornado 9000 Puffs\" funkcijos:<\/strong><\/h3>\n<ul>\n<li>Puffs: 9000 puffs<\/li>\n<li>E-skys\u010dio talpa: 18 ml<\/li>\n<li>Baterija: 850 mAh (\u012fkraunama)<\/li>\n<li>\u012ekrovimas: C tipo<\/li>\n<li>rit\u0117: Tinklin\u0117 rit\u0117<\/li>\n<li>Nikotino stiprumas: 0%, 2%, 3%, 5%<\/li>\n<li>Ap\u0161vietimas: RGB<\/li>\n<li>Skonio parinktys: \"Lush Ice\", \"Blue Razz Ice\", \"Strawberry Watermelon\", \"Pina Colada\", \"Sour Apple\", \"Cotton Pear\", \"Skittles Candy\", \"Cool Mint\" ir daug kit\u0173.<\/li>\n<\/ul>\n<h4>DUK<\/h4>\n<h5>Kaip RGB ap\u0161vietimas pagerina garinimo patirt\u012f?<\/h5>\n<p>Pritaikomas RGB ap\u0161vietimas suteikia stiling\u0105 ir dinami\u0161k\u0105 vizualin\u012f element\u0105 j\u016bs\u0173 garinimo patir\u010diai. Tai leid\u017eia jums suasmeninti savo prietais\u0105 ir m\u0117gautis unikalia estetika, kol vapuojate.<\/p>\n<h5>Kokie siuntimo b\u016bdai galimi?<\/h5>\n<p>Bendradarbiaujame su patikimais ve\u017e\u0117jais, \u012fskaitant UPS, DHL, \"FedEx\" ir DPD, kad gal\u0117tume pasi\u016blyti veiksming\u0105 ir patikim\u0105 pristatym\u0105. Tinkamiausias pristatymo b\u016bdas parenkamas atsi\u017evelgiant \u012f pristatymo viet\u0105.<\/p>\n<h5>Kiek laiko paprastai u\u017etrunka pristatymas?<\/h5>\n<p>Pristatymas paprastai trunka 7-15 darbo dien\u0173, ta\u010diau \u0161ven\u010di\u0173 dienomis ar esant nepalankioms oro s\u0105lygoms pristatymo laikas gali pailg\u0117ti iki 20 darbo dien\u0173.<\/p>\n<h5>Ar reik\u0117s mok\u0117ti kokius nors muitin\u0117s mokes\u010dius ar rinkliavas?<\/h5>\n<p>Mes atliekame visus muitin\u0117s formalumus, tod\u0117l garantuojame, kad jums nereik\u0117s mok\u0117ti joki\u0173 papildom\u0173 mokes\u010di\u0173 ar rinkliav\u0173. 100% m\u016bs\u0173 gamini\u0173 muitin\u0117 i\u0161muitinama be problem\u0173.<\/p>\n<h5>Ar mano pirkinys yra saugus ir patikimas?<\/h5>\n<p>Si\u016blome saugius sandorius per \"PayPal\" pirk\u0117j\u0173 apsaug\u0105. Taip pat galite patikrinti m\u016bs\u0173 patikimum\u0105 patikrin\u0119 klient\u0173 atsiliepimus <a href=\"https:\/\/www.trustpilot.com\/review\/volovape.com?utm_medium=trustbox&amp;utm_source=TrustBoxReviewCollector\">\"TrustPilot\"<\/a>.<\/p>","protected":false},"excerpt":{"rendered":"<p>U\u017esisakykite \"RandM Tornado 9000 Puffs\" \u012fkraunam\u0105 vienkartin\u012f Vape urmu. \u0160is aparatas su RGB ap\u0161vietimu, tinkline spirale ir 18 ml el. skys\u010dio yra puikus didmenin\u0117s prekybos variantas vape platintojams ir ma\u017emenininkams.<\/p>","protected":false},"featured_media":1122,"comment_status":"open","ping_status":"closed","template":"","meta":[],"product_brand":[],"product_cat":[52,48,21,18,20,23,24,22,25,26,27,28,29,30,31,32,33,34,35],"product_tag":[],"class_list":{"0":"post-747","1":"product","2":"type-product","3":"status-publish","4":"has-post-thumbnail","6":"product_cat-randm","7":"product_cat-9000-puffs-disposable-vape","8":"product_cat-big-puffs-vapes","9":"product_cat-different-puffs-of-disposable-vapes","10":"product_cat-disposable-vape-types","11":"product_cat-disposable-vapes-in-austria","12":"product_cat-disposable-vapes-in-belgium","13":"product_cat-disposable-vapes-in-europe","14":"product_cat-disposable-vapes-in-france","15":"product_cat-disposable-vapes-in-germany","16":"product_cat-disposable-vapes-in-hungary","17":"product_cat-disposable-vapes-in-ltaly","18":"product_cat-disposable-vapes-in-netherlands","19":"product_cat-disposable-vapes-in-norway","20":"product_cat-disposable-vapes-in-poland","21":"product_cat-disposable-vapes-in-portugal","22":"product_cat-disposable-vapes-in-spain","23":"product_cat-disposable-vapes-in-sweden","24":"product_cat-disposable-vapes-in-switzerland","26":"first","27":"instock","28":"shipping-taxable","29":"purchasable","30":"product-type-variable","31":"has-default-attributes"},"jetpack_sharing_enabled":true,"tiered_pricing_type":"fixed","tiered_pricing_fixed_rules":{"2000":7.0999999999999996447286321199499070644378662109375},"tiered_pricing_product_settings":{"layout":"default","base_unit_name":{"singular":null,"plural":null},"default_variation":null},"tiered_pricing_minimum_quantity":1000,"tiered_pricing_roles_data":[],"tiered_pricing_percentage_rules":[],"tiered_pricing_maximum_quantity":null,"tiered_pricing_quantity_step":"10","_links":{"self":[{"href":"https:\/\/volovape.com\/lt\/wp-json\/wp\/v2\/product\/747","targetHints":{"allow":["GET"]}}],"collection":[{"href":"https:\/\/volovape.com\/lt\/wp-json\/wp\/v2\/product"}],"about":[{"href":"https:\/\/volovape.com\/lt\/wp-json\/wp\/v2\/types\/product"}],"replies":[{"embeddable":true,"href":"https:\/\/volovape.com\/lt\/wp-json\/wp\/v2\/comments?post=747"}],"wp:featuredmedia":[{"embeddable":true,"href":"https:\/\/volovape.com\/lt\/wp-json\/wp\/v2\/media\/1122"}],"wp:attachment":[{"href":"https:\/\/volovape.com\/lt\/wp-json\/wp\/v2\/media?parent=747"}],"wp:term":[{"taxonomy":"product_brand","embeddable":true,"href":"https:\/\/volovape.com\/lt\/wp-json\/wp\/v2\/product_brand?post=747"},{"taxonomy":"product_cat","embeddable":true,"href":"https:\/\/volovape.com\/lt\/wp-json\/wp\/v2\/product_cat?post=747"},{"taxonomy":"product_tag","embeddable":true,"href":"https:\/\/volovape.com\/lt\/wp-json\/wp\/v2\/product_tag?post=747"}],"curies":[{"name":"wp","href":"https:\/\/api.w.org\/{rel}","templated":true}]}}