{"id":74,"date":"2024-11-21T03:26:51","date_gmt":"2024-11-21T03:26:51","guid":{"rendered":"https:\/\/volovape.com\/?post_type=product&#038;p=74"},"modified":"2025-09-08T03:35:12","modified_gmt":"2025-09-08T03:35:12","slug":"waspe-15000-puffu","status":"publish","type":"product","link":"https:\/\/volovape.com\/lt\/product\/waspe-15000-puffs\/","title":{"rendered":"\"Waspe\" 15000 puf\u0173 \u012fkraunamas vienkartinis Vape su LCD ekranu (0-5% nikotino)"},"content":{"rendered":"<p><iframe title=\"VideoPress vaizdo \u012fra\u0161\u0173 grotuvas\" aria-label='VideoPress vaizdo \u012fra\u0161\u0173 grotuvas' width='500' height='281' src='https:\/\/videopress.com\/embed\/8ucqlbSL?hd=0&amp;cover=1' frameborder='0' allowfullscreen allow='clipboard-write'><\/iframe><script src='https:\/\/v0.wordpress.com\/js\/next\/videopress-iframe.js?m=1739540970'><\/script><\/p>\n<p><strong>\"Waspe\" 15000 puf\u0173 \u012fkraunamas vienkartinis Vape su LCD ekranu<\/strong> - Didel\u0117s talpos garinimas su i\u0161mani\u0105ja steb\u0117sena.<\/p>\n<p>Svetain\u0117 <strong>\"Waspe 15000 Puffs<\/strong> vienkartinis vape suteikia \u012fsp\u016bding\u0105 <strong>15 000 \u012fkv\u0117pim\u0173<\/strong>, kuriame yra didelis <strong>22 ml elektroninio skys\u010dio talpa<\/strong> ir <strong>850 mAh \u012fkraunama baterija<\/strong> su <strong>C tipo \u012fkrovimas<\/strong> ilgesniam naudojimui. Integruotas <strong>LCD ekranas<\/strong> galite lengvai steb\u0117ti akumuliatoriaus veikimo trukm\u0119 ir d\u016bm\u0173 skai\u010di\u0173. . <strong>0,8\u03a9 aki\u0173 rit\u0117<\/strong> u\u017etikrina tolyg\u0173 ir nuosekl\u0173 gar\u0173 susidarym\u0105, galima \u012fsigyti <strong>0%, 2%, 3% arba 5% nikotino koncentracija<\/strong>. Rinkit\u0117s i\u0161 <strong>12 \u012fvairi\u0173 skoni\u0173<\/strong>\u012fskaitant \"Orange Soda\" ir \"Blue Razz Lemon\". Idealiai tinka asmeniniam naudojimui arba <strong>vienkartiniai vape didmenin\u0117 prekyba<\/strong>\u0161is prietaisas pasi\u017eymi ir na\u0161umu, ir patogumu. Skirta <strong>masinis u\u017esakymas<\/strong> kainos, susisiekite su mumis.<\/p>\n<h3><strong>Waspe 15000 Savyb\u0117s:<\/strong><\/h3>\n<ul>\n<li>Pufai: Iki 15 000<\/li>\n<li>E-skys\u010dio talpa: 22ml<\/li>\n<li>Baterija: 850 mAh (\u012fkraunama)<\/li>\n<li>\u012ekrovimas: C tipo<\/li>\n<li>Spiral\u0117: 0.8\u03a9 Mesh Coil<\/li>\n<li>Nikotino stiprumas: 0%, 2%, 3%, 5%<\/li>\n<li>Ekranas: LCD ekranas (akumuliatorius ir d\u016bm\u0173 skai\u010dius)<\/li>\n<li>12 skonio parink\u010di\u0173<\/li>\n<\/ul>\n<h4>DUK<\/h4>\n<h5>Kaip skyst\u0173j\u0173 kristal\u0173 ekranas pagerina naudojimo patogum\u0105?<\/h5>\n<p>LCD ekrane realiuoju laiku pateikiama naujausia informacija apie akumuliatoriaus \u012fkrovos lyg\u012f ir \u012fkv\u0117pim\u0173 skai\u010di\u0173, tod\u0117l galite steb\u0117ti savo naudojim\u0105 ir efektyviai planuoti garinimo seansus. \u0160i funkcija suteikia daugiau patogumo ir u\u017etikrina, kad visada \u017einotum\u0117te savo prietaiso b\u016bkl\u0119.<\/p>\n<h5>Kokie siuntimo b\u016bdai galimi?<\/h5>\n<p>Dirbame su patikimais ve\u017e\u0117jais, tokiais kaip UPS, DHL, \"FedEx\" ir DPD, kad pristatytume j\u016bs\u0173 u\u017esakymus. Tinkamiausias pristatymo b\u016bdas parenkamas atsi\u017evelgiant \u012f j\u016bs\u0173 buvimo viet\u0105, kad b\u016bt\u0173 u\u017etikrintas veiksmingas ir patikimas pristatymas.<\/p>\n<h5>Kokia yra tipin\u0117 pristatymo trukm\u0117?<\/h5>\n<p>Pristatymas paprastai trunka nuo 7 iki 15 darbo dien\u0173. \u0160ven\u010di\u0173 dienomis ar esant nepalankioms oro s\u0105lygoms gali u\u017etrukti iki 20 darbo dien\u0173.<\/p>\n<h5>Ar yra koki\u0173 nors muitin\u0117s ar papildom\u0173 mokes\u010di\u0173 problem\u0173?<\/h5>\n<p>Tvarkysime visas muitin\u0117s proced\u016bras ir u\u017etikrinsime, kad j\u016bs\u0173 siunta b\u016bt\u0173 i\u0161muitinta be joki\u0173 problem\u0173. N\u0117ra joki\u0173 papildom\u0173 mokes\u010di\u0173 ar rinkliav\u0173. Garantuojame, kad 100% bus i\u0161muitintas.<\/p>\n<h5>Kaip galiu patikrinti gaminio kokyb\u0119 ir patikimum\u0105?<\/h5>\n<p>Palaikome saugius \"PayPal\" mok\u0117jimus su pirk\u0117jo apsauga. Taip pat galite perskaityti klient\u0173 atsiliepimus <a href=\"https:\/\/www.trustpilot.com\/review\/volovape.com?utm_medium=trustbox&amp;utm_source=TrustBoxReviewCollector\">\"TrustPilot\"<\/a>, kur daugelis klient\u0173 dalijasi teigiama patirtimi apie m\u016bs\u0173 gaminius ir paslaugas.<\/p>","protected":false},"excerpt":{"rendered":"<p>Patirkite ilgesn\u012f garinim\u0105 su \"Waspe 15000 Puffs\". LCD ekranas, 0,8\u03a9 tinklelis, 22 ml, 850 mAh \u012fkraunama baterija. Idealiai tinka asmeniniam naudojimui arba didmeninei prekybai, si\u016blo skland\u017eius garus ir \u012fvairias nikotino parinktis.<\/p>","protected":false},"featured_media":154,"comment_status":"open","ping_status":"closed","template":"","meta":[],"product_brand":[],"product_cat":[17,41,21,18,20,23,24,22,25,26,27,28,29,30,31,32,33,34,35,36,40],"product_tag":[],"class_list":{"0":"post-74","1":"product","2":"type-product","3":"status-publish","4":"has-post-thumbnail","6":"product_cat-waspe","7":"product_cat-15000-puffs-disposable-vape","8":"product_cat-big-puffs-vapes","9":"product_cat-different-puffs-of-disposable-vapes","10":"product_cat-disposable-vape-types","11":"product_cat-disposable-vapes-in-austria","12":"product_cat-disposable-vapes-in-belgium","13":"product_cat-disposable-vapes-in-europe","14":"product_cat-disposable-vapes-in-france","15":"product_cat-disposable-vapes-in-germany","16":"product_cat-disposable-vapes-in-hungary","17":"product_cat-disposable-vapes-in-ltaly","18":"product_cat-disposable-vapes-in-netherlands","19":"product_cat-disposable-vapes-in-norway","20":"product_cat-disposable-vapes-in-poland","21":"product_cat-disposable-vapes-in-portugal","22":"product_cat-disposable-vapes-in-spain","23":"product_cat-disposable-vapes-in-sweden","24":"product_cat-disposable-vapes-in-switzerland","25":"product_cat-rechargeable-vapes","26":"product_cat-smart-screen-vapes","28":"first","29":"instock","30":"shipping-taxable","31":"purchasable","32":"product-type-variable","33":"has-default-attributes"},"jetpack_sharing_enabled":true,"tiered_pricing_type":"fixed","tiered_pricing_fixed_rules":{"2000":4.75},"tiered_pricing_product_settings":{"layout":"default","base_unit_name":{"singular":null,"plural":null},"default_variation":null},"tiered_pricing_minimum_quantity":1000,"tiered_pricing_roles_data":[],"tiered_pricing_percentage_rules":[],"tiered_pricing_maximum_quantity":null,"tiered_pricing_quantity_step":"10","_links":{"self":[{"href":"https:\/\/volovape.com\/lt\/wp-json\/wp\/v2\/product\/74","targetHints":{"allow":["GET"]}}],"collection":[{"href":"https:\/\/volovape.com\/lt\/wp-json\/wp\/v2\/product"}],"about":[{"href":"https:\/\/volovape.com\/lt\/wp-json\/wp\/v2\/types\/product"}],"replies":[{"embeddable":true,"href":"https:\/\/volovape.com\/lt\/wp-json\/wp\/v2\/comments?post=74"}],"wp:featuredmedia":[{"embeddable":true,"href":"https:\/\/volovape.com\/lt\/wp-json\/wp\/v2\/media\/154"}],"wp:attachment":[{"href":"https:\/\/volovape.com\/lt\/wp-json\/wp\/v2\/media?parent=74"}],"wp:term":[{"taxonomy":"product_brand","embeddable":true,"href":"https:\/\/volovape.com\/lt\/wp-json\/wp\/v2\/product_brand?post=74"},{"taxonomy":"product_cat","embeddable":true,"href":"https:\/\/volovape.com\/lt\/wp-json\/wp\/v2\/product_cat?post=74"},{"taxonomy":"product_tag","embeddable":true,"href":"https:\/\/volovape.com\/lt\/wp-json\/wp\/v2\/product_tag?post=74"}],"curies":[{"name":"wp","href":"https:\/\/api.w.org\/{rel}","templated":true}]}}