{"id":71,"date":"2024-11-21T03:26:50","date_gmt":"2024-11-21T03:26:50","guid":{"rendered":"https:\/\/volovape.com\/?post_type=product&#038;p=71"},"modified":"2025-09-08T03:35:08","modified_gmt":"2025-09-08T03:35:08","slug":"waspe-12000-puffs-skaitmenine-dezute","status":"publish","type":"product","link":"https:\/\/volovape.com\/lt\/product\/waspe-12000-puffs-digital-box\/","title":{"rendered":"WASPE 12000 Puffs Digital Box vienkartinis vape - \u012fkraunamas ilgalaikis su i\u0161maniuoju ekranu"},"content":{"rendered":"<p><iframe title=\"VideoPress vaizdo \u012fra\u0161\u0173 grotuvas\" aria-label='VideoPress vaizdo \u012fra\u0161\u0173 grotuvas' width='500' height='281' src='https:\/\/videopress.com\/embed\/XcRvhlS5?hd=0&amp;cover=1' frameborder='0' allowfullscreen allow='clipboard-write'><\/iframe><script src='https:\/\/v0.wordpress.com\/js\/next\/videopress-iframe.js?m=1739540970'><\/script><\/p>\n<p><strong>WASPE 12000 Puffs Skaitmenin\u0117 d\u0117\u017eut\u0117 \u012fkraunama vienkartin\u0117 Vape<\/strong> - Didel\u0117s talpos garinimas su i\u0161maniuoju ekranu.<\/p>\n<p>Svetain\u0117 <strong>WASPE Skaitmenin\u0117 d\u0117\u017eut\u0117 su 12000 puod\u0173<\/strong> si\u016blo \u012fsp\u016bding\u0105 <strong>12 000 \u012fpur\u0161kim\u0173<\/strong> ir dosniai <strong>20 ml elektroninio skys\u010dio talpa<\/strong>, puikiai tinka ilgesniems garinimo seansams. \u012erengtas <strong>650 mAh \u012fkraunama baterija<\/strong> su <strong>C tipo \u012fkrovimas<\/strong>, \u0161is prietaisas u\u017etikrina pastovi\u0105 gali\u0105 ir greit\u0105 \u012fkrovim\u0105. Integruotas <strong>LCD ekranas<\/strong> galite lengvai steb\u0117ti akumuliatoriaus veikimo trukm\u0119 ir d\u016bm\u0173 skai\u010di\u0173. . <strong>0,8\u03a9 aki\u0173 rit\u0117<\/strong> u\u017etikrina skland\u0173, aromating\u0105 garavim\u0105, kur\u012f galima \u012fsigyti <strong>0%, 2%, 3% arba 5% nikotino koncentracija<\/strong>. Rinkit\u0117s i\u0161 <strong>10 unikali\u0173 skoni\u0173<\/strong>nuo gaivi\u0173 arb\u016bzo led\u0173 iki rafinuot\u0173 raudonojo vyno kriau\u0161i\u0173 sul\u010di\u0173. Idealiai tinka asmeniniam naudojimui arba <strong>vienkartiniai vape didmenin\u0117 prekyba<\/strong>, \u0161iame \u012frenginyje suderintas didelis na\u0161umas ir patogios naudoti funkcijos. Skirta <strong>masinis u\u017esakymas<\/strong> kainos, susisiekite su mumis.<\/p>\n<h3><strong>WASPE 12000 Funkcijos:<\/strong><\/h3>\n<ul>\n<li>Pufai: Iki 12 000<\/li>\n<li>E-skys\u010dio talpa: 20ml<\/li>\n<li>Baterija: 650 mAh (\u012fkraunama)<\/li>\n<li>\u012ekrovimas: C tipo<\/li>\n<li>Spiral\u0117: 0.8\u03a9 Mesh Coil<\/li>\n<li>Nikotino stiprumas: 0%, 2%, 3%, 5%<\/li>\n<li>Ekranas: LCD ekranas (akumuliatorius ir d\u016bm\u0173 skai\u010dius)<\/li>\n<li>10 skonio parink\u010di\u0173<\/li>\n<\/ul>\n<h4>DUK<\/h4>\n<h5>Kaip LCD ekranas pagerina naudotojo patirt\u012f?<\/h5>\n<p>LCD ekrane realiuoju laiku pateikiama informacija apie akumuliatoriaus \u012fkrovos lyg\u012f ir \u012fkv\u0117pim\u0173 skai\u010di\u0173, tod\u0117l galite efektyviau valdyti savo garinimo patirt\u012f. Tiksliai \u017einosite, kada \u012fkrauti baterij\u0105 ir kiek \u012fp\u016btim\u0173 padar\u0117te, taip padidindami patogum\u0105 ir kontrol\u0119.<\/p>\n<h5>Kokie pristatymo b\u016bdai naudojami?<\/h5>\n<p>Bendradarbiaujame su pirmaujan\u010diais ve\u017e\u0117jais, tokiais kaip UPS, DHL, \"FedEx\" ir DPD, kad u\u017etikrintume veiksming\u0105 j\u016bs\u0173 u\u017esakym\u0173 pristatym\u0105. Pristatymo b\u016bdas parenkamas atsi\u017evelgiant \u012f j\u016bs\u0173 buvimo viet\u0105, kad b\u016bt\u0173 u\u017etikrintas optimalus pristatymo greitis ir patikimumas.<\/p>\n<h5>Kiek laiko paprastai u\u017etrunka pristatymas?<\/h5>\n<p>Pristatymas paprastai trunka nuo 7 iki 15 darbo dien\u0173. \u0160ven\u010di\u0173 dienomis ar esant nepalankioms oro s\u0105lygoms gali u\u017etrukti iki 20 darbo dien\u0173.<\/p>\n<h5>Ar kyla koki\u0173 nors r\u016bpes\u010di\u0173 d\u0117l muit\u0173 ar papildom\u0173 mokes\u010di\u0173?<\/h5>\n<p>Mes atliekame visas muitin\u0117s proced\u016bras, tod\u0117l garantuojame, kad j\u016bs\u0173 siunta praeis be joki\u0173 problem\u0173. N\u0117ra joki\u0173 papildom\u0173 mokes\u010di\u0173 ar rinkliav\u0173. U\u017etikriname 100% muitin\u0117s formalum\u0173 \u012fforminim\u0105.<\/p>\n<h5>Kaip galiu b\u016bti tikras d\u0117l gaminio kokyb\u0117s ir patikimumo?<\/h5>\n<p>Palaikome saugius \"PayPal\" mok\u0117jimus su pirk\u0117jo apsauga. Taip pat galite per\u017ei\u016br\u0117ti m\u016bs\u0173 klient\u0173 atsiliepimus <a href=\"https:\/\/www.trustpilot.com\/review\/volovape.com?utm_medium=trustbox&amp;utm_source=TrustBoxReviewCollector\">\"TrustPilot\"<\/a>, kur daugelis klient\u0173 dalijasi teigiama patirtimi apie m\u016bs\u0173 gaminius ir paslaugas.<\/p>","protected":false},"excerpt":{"rendered":"<p>Su WASPE 12000 puffs skaitmenine d\u0117\u017eute patirkite s\u0105moning\u0105 ir ilgalaik\u012f garinim\u0105. LCD ekranas, 0,8 \u03a9 tinklelis, 20 ml, \u012fkraunamas. Idealiai tinka asmeniniam malonumui arba didmeninei prekybai, su \u012fvairiomis nikotino parinktimis.<\/p>","protected":false},"featured_media":111,"comment_status":"open","ping_status":"closed","template":"","meta":[],"product_brand":[],"product_cat":[17,38,21,18,39,20,23,24,22,25,26,27,28,29,30,31,32,33,34,35,36,40],"product_tag":[],"class_list":{"0":"post-71","1":"product","2":"type-product","3":"status-publish","4":"has-post-thumbnail","6":"product_cat-waspe","7":"product_cat-12000-puffs-disposable-vape","8":"product_cat-big-puffs-vapes","9":"product_cat-different-puffs-of-disposable-vapes","10":"product_cat-digital-box-vapes","11":"product_cat-disposable-vape-types","12":"product_cat-disposable-vapes-in-austria","13":"product_cat-disposable-vapes-in-belgium","14":"product_cat-disposable-vapes-in-europe","15":"product_cat-disposable-vapes-in-france","16":"product_cat-disposable-vapes-in-germany","17":"product_cat-disposable-vapes-in-hungary","18":"product_cat-disposable-vapes-in-ltaly","19":"product_cat-disposable-vapes-in-netherlands","20":"product_cat-disposable-vapes-in-norway","21":"product_cat-disposable-vapes-in-poland","22":"product_cat-disposable-vapes-in-portugal","23":"product_cat-disposable-vapes-in-spain","24":"product_cat-disposable-vapes-in-sweden","25":"product_cat-disposable-vapes-in-switzerland","26":"product_cat-rechargeable-vapes","27":"product_cat-smart-screen-vapes","29":"first","30":"instock","31":"shipping-taxable","32":"purchasable","33":"product-type-variable","34":"has-default-attributes"},"jetpack_sharing_enabled":true,"tiered_pricing_type":"fixed","tiered_pricing_fixed_rules":{"2000":4.13999999999999968025576890795491635799407958984375},"tiered_pricing_product_settings":{"layout":"default","base_unit_name":{"singular":null,"plural":null},"default_variation":null},"tiered_pricing_minimum_quantity":1000,"tiered_pricing_roles_data":[],"tiered_pricing_percentage_rules":[],"tiered_pricing_maximum_quantity":null,"tiered_pricing_quantity_step":"10","_links":{"self":[{"href":"https:\/\/volovape.com\/lt\/wp-json\/wp\/v2\/product\/71","targetHints":{"allow":["GET"]}}],"collection":[{"href":"https:\/\/volovape.com\/lt\/wp-json\/wp\/v2\/product"}],"about":[{"href":"https:\/\/volovape.com\/lt\/wp-json\/wp\/v2\/types\/product"}],"replies":[{"embeddable":true,"href":"https:\/\/volovape.com\/lt\/wp-json\/wp\/v2\/comments?post=71"}],"wp:featuredmedia":[{"embeddable":true,"href":"https:\/\/volovape.com\/lt\/wp-json\/wp\/v2\/media\/111"}],"wp:attachment":[{"href":"https:\/\/volovape.com\/lt\/wp-json\/wp\/v2\/media?parent=71"}],"wp:term":[{"taxonomy":"product_brand","embeddable":true,"href":"https:\/\/volovape.com\/lt\/wp-json\/wp\/v2\/product_brand?post=71"},{"taxonomy":"product_cat","embeddable":true,"href":"https:\/\/volovape.com\/lt\/wp-json\/wp\/v2\/product_cat?post=71"},{"taxonomy":"product_tag","embeddable":true,"href":"https:\/\/volovape.com\/lt\/wp-json\/wp\/v2\/product_tag?post=71"}],"curies":[{"name":"wp","href":"https:\/\/api.w.org\/{rel}","templated":true}]}}