{"id":702,"date":"2024-11-21T03:32:17","date_gmt":"2024-11-21T03:32:17","guid":{"rendered":"https:\/\/volovape.com\/?post_type=product&#038;p=702"},"modified":"2026-04-29T02:09:30","modified_gmt":"2026-04-29T02:09:30","slug":"randm-tornado-15000-puffs","status":"publish","type":"product","link":"https:\/\/volovape.com\/lt\/product\/randm-tornado-15000-puffs\/","title":{"rendered":"\"RandM Tornado\" 15000 puffs vienkartinis vape - didelis paj\u0117gumas, geras skonis, didmenin\u0117 nuolaida"},"content":{"rendered":"<p><iframe title=\"VideoPress vaizdo \u012fra\u0161\u0173 grotuvas\" aria-label='VideoPress vaizdo \u012fra\u0161\u0173 grotuvas' width='500' height='281' src='https:\/\/videopress.com\/embed\/7J21Jg3n?hd=0&amp;cover=1' frameborder='0' allowfullscreen allow='clipboard-write'><\/iframe><script src='https:\/\/v0.wordpress.com\/js\/next\/videopress-iframe.js?m=1739540970'><\/script><\/p>\n<p><strong>RandM Tornado 15000 Puffs Mesh Coil vienkartinis Vape<\/strong> - Patirkite ilgesn\u012f ir aromatingesn\u012f garinim\u0105 su \"RandM Tornado 15000\". \u0160is didel\u0117s talpos vienkartinis garintuvas, turintis 25 ml e. skys\u010dio talpykl\u0105 ir 850 mAh \u012fkraunam\u0105j\u0105 baterij\u0105, u\u017etikrina iki 15 000 \u012fp\u016btim\u0173. 0,9 \u03a9 tinklelio rit\u0117 u\u017etikrina nuosekli\u0105, tolygi\u0105 ir sodri\u0105 gar\u0173 gamyb\u0105, idealiai tinka asmeniniam naudojimui ir didmeniniams vienkartini\u0173 garintuv\u0173 u\u017esakymams. Rinkit\u0117s i\u0161 0%, 2%, 3% arba 5% nikotino stiprumo ir 10 viliojan\u010di\u0173 skoni\u0173.<\/p>\n<h3><strong>\"RandM Tornado 15000 Puffs\" funkcijos:<\/strong><\/h3>\n<ul>\n<li>Puffs: 15000 puffs<\/li>\n<li>E-skys\u010dio talpa: 25 ml<\/li>\n<li>Baterija: 850 mAh (\u012fkraunama)<\/li>\n<li>\u012ekrovimas: C tipo<\/li>\n<li>Spiral\u0117: 0,9\u03a9 tinklelio formos spiral\u0117<\/li>\n<li>Nikotino stiprumas: 0%, 2%, 3%, 5%<\/li>\n<li>Skonio parinktys: M\u0117lynojo limonado \"Blue Razz\", persik\u0173 ledo, r\u016bg\u0161taus obuolio, arb\u016bzo ledo, m\u0117lyni\u0173 ant ledo, mi\u0161ri\u0173 uog\u0173, drakono vaisi\u0173, vy\u0161ni\u0173 kolos, kramtomojo me\u0161kiuko, bra\u0161ki\u0173 kivi\u0173.<\/li>\n<\/ul>\n<h4>DUK<\/h4>\n<h5>Kaip 0,9\u03a9 tinklelio rit\u0117 pagerina garinimo patirt\u012f?<\/h5>\n<p>0,9\u03a9 tinklelio spiral\u0117 sukurta taip, kad u\u017etikrint\u0173 optimal\u0173 skon\u012f ir gar\u0173 gamyb\u0105, o u\u017etraukimas b\u016bt\u0173 sklandus ir malonus. \u0160i rit\u0117 u\u017etikrina pastov\u0173 veikim\u0105 per vis\u0105 prietaiso naudojimo laik\u0105.<\/p>\n<h5>Kokie siuntimo b\u016bdai galimi?<\/h5>\n<p>Bendradarbiaujame su patikimais ve\u017e\u0117jais, \u012fskaitant UPS, DHL, \"FedEx\" ir DPD, kad gal\u0117tume pasi\u016blyti veiksming\u0105 ir patikim\u0105 pristatym\u0105. Tinkamiausias pristatymo b\u016bdas parenkamas atsi\u017evelgiant \u012f pristatymo viet\u0105.<\/p>\n<h5>Kiek laiko paprastai u\u017etrunka pristatymas?<\/h5>\n<p>Pristatymas paprastai trunka 7-15 darbo dien\u0173, ta\u010diau \u0161ven\u010di\u0173 dienomis ar esant nepalankioms oro s\u0105lygoms pristatymo laikas gali pailg\u0117ti iki 20 darbo dien\u0173.<\/p>\n<h5>Ar reik\u0117s mok\u0117ti kokius nors muitin\u0117s mokes\u010dius ar rinkliavas?<\/h5>\n<p>Mes atliekame visus muitin\u0117s formalumus, tod\u0117l garantuojame, kad jums nereik\u0117s mok\u0117ti joki\u0173 papildom\u0173 mokes\u010di\u0173 ar rinkliav\u0173. 100% m\u016bs\u0173 gamini\u0173 muitin\u0117 i\u0161muitinama be problem\u0173.<\/p>\n<h5>Ar mano pirkinys yra saugus ir patikimas?<\/h5>\n<p>Si\u016blome saugius sandorius per \"PayPal\" pirk\u0117j\u0173 apsaug\u0105. Taip pat galite patikrinti m\u016bs\u0173 patikimum\u0105 patikrin\u0119 klient\u0173 atsiliepimus <a href=\"https:\/\/www.trustpilot.com\/review\/volovape.com?utm_medium=trustbox&amp;utm_source=TrustBoxReviewCollector\">\"TrustPilot\"<\/a>.<\/p>","protected":false},"excerpt":{"rendered":"<p>Pirkite RandM Tornado 15000 Puffs vienkartini\u0173 Vape urmu. 25 ml e. skys\u010dio, daug nikotino stiprumo ir skland\u016bs tinklelio rit\u0117s garai - tai geriausias didmenin\u0117s prekybos pasirinkimas vape platintojams.<\/p>","protected":false},"featured_media":1072,"comment_status":"open","ping_status":"closed","template":"","meta":[],"product_brand":[],"product_cat":[52,41,21,18,20,23,24,22,25,26,27,28,29,30,31,32,33,34,35,36,40],"product_tag":[],"class_list":{"0":"post-702","1":"product","2":"type-product","3":"status-publish","4":"has-post-thumbnail","6":"product_cat-randm","7":"product_cat-15000-puffs-disposable-vape","8":"product_cat-big-puffs-vapes","9":"product_cat-different-puffs-of-disposable-vapes","10":"product_cat-disposable-vape-types","11":"product_cat-disposable-vapes-in-austria","12":"product_cat-disposable-vapes-in-belgium","13":"product_cat-disposable-vapes-in-europe","14":"product_cat-disposable-vapes-in-france","15":"product_cat-disposable-vapes-in-germany","16":"product_cat-disposable-vapes-in-hungary","17":"product_cat-disposable-vapes-in-ltaly","18":"product_cat-disposable-vapes-in-netherlands","19":"product_cat-disposable-vapes-in-norway","20":"product_cat-disposable-vapes-in-poland","21":"product_cat-disposable-vapes-in-portugal","22":"product_cat-disposable-vapes-in-spain","23":"product_cat-disposable-vapes-in-sweden","24":"product_cat-disposable-vapes-in-switzerland","25":"product_cat-rechargeable-vapes","26":"product_cat-smart-screen-vapes","28":"first","29":"instock","30":"shipping-taxable","31":"purchasable","32":"product-type-variable","33":"has-default-attributes"},"jetpack_sharing_enabled":true,"tiered_pricing_type":"fixed","tiered_pricing_fixed_rules":{"30":7.61000000000000031974423109204508364200592041015625,"50":7.160000000000000142108547152020037174224853515625,"100":6.4199999999999999289457264239899814128875732421875,"200":5.92999999999999971578290569595992565155029296875,"400":5.4900000000000002131628207280300557613372802734375},"tiered_pricing_product_settings":{"layout":"default","base_unit_name":{"singular":null,"plural":null},"default_variation":null},"tiered_pricing_minimum_quantity":10,"tiered_pricing_roles_data":[],"tiered_pricing_percentage_rules":[],"tiered_pricing_maximum_quantity":null,"tiered_pricing_quantity_step":"10","_links":{"self":[{"href":"https:\/\/volovape.com\/lt\/wp-json\/wp\/v2\/product\/702","targetHints":{"allow":["GET"]}}],"collection":[{"href":"https:\/\/volovape.com\/lt\/wp-json\/wp\/v2\/product"}],"about":[{"href":"https:\/\/volovape.com\/lt\/wp-json\/wp\/v2\/types\/product"}],"replies":[{"embeddable":true,"href":"https:\/\/volovape.com\/lt\/wp-json\/wp\/v2\/comments?post=702"}],"wp:featuredmedia":[{"embeddable":true,"href":"https:\/\/volovape.com\/lt\/wp-json\/wp\/v2\/media\/1072"}],"wp:attachment":[{"href":"https:\/\/volovape.com\/lt\/wp-json\/wp\/v2\/media?parent=702"}],"wp:term":[{"taxonomy":"product_brand","embeddable":true,"href":"https:\/\/volovape.com\/lt\/wp-json\/wp\/v2\/product_brand?post=702"},{"taxonomy":"product_cat","embeddable":true,"href":"https:\/\/volovape.com\/lt\/wp-json\/wp\/v2\/product_cat?post=702"},{"taxonomy":"product_tag","embeddable":true,"href":"https:\/\/volovape.com\/lt\/wp-json\/wp\/v2\/product_tag?post=702"}],"curies":[{"name":"wp","href":"https:\/\/api.w.org\/{rel}","templated":true}]}}