{"id":700,"date":"2024-11-21T03:32:17","date_gmt":"2024-11-21T03:32:17","guid":{"rendered":"https:\/\/volovape.com\/?post_type=product&#038;p=700"},"modified":"2025-07-11T04:40:42","modified_gmt":"2025-07-11T04:40:42","slug":"aivono-nugaletojas-6000-puffs","status":"publish","type":"product","link":"https:\/\/volovape.com\/lt\/product\/aivono-winner-6000-puffs\/","title":{"rendered":"AIVONO WINNER 6000 Puffs 0% 2% 5% Nikotino \u012fkraunamas didmenin\u0117s prekybos vienkartinis Vape"},"content":{"rendered":"<p><strong>AIVONO WINNER 6000 Puffs Mesh Coil vienkartin\u0117 vap\u0117<\/strong> - M\u0117gaukit\u0117s subalansuota ir aromatinga garinimo patirtimi su AIVONO WINNER 6000. \u0160is vienkartinis garintuvas si\u016blo iki 6000 \u012fp\u016btim\u0173, turi 15 ml e. skys\u010dio talpykl\u0105 ir 600 mAh \u012fkraunam\u0105 baterij\u0105. 1,2 \u03a9 tinklelio rit\u0117 u\u017etikrina nuolat skland\u0173 ir aromating\u0105 garavim\u0105, idealiai tinkant\u012f asmeniniam naudojimui ir didmeniniams vienkartini\u0173 garintuv\u0173 didmeniniams u\u017esakymams. Rinkit\u0117s i\u0161 0%, 2% arba 5% nikotino stiprumo ir 10 skani\u0173 skoni\u0173.<\/p>\n<h3><strong>AIVONO WINNER 6000 Puffs Savyb\u0117s:<\/strong><\/h3>\n<ul>\n<li>Puffs: 6000 puffs<\/li>\n<li>E-skys\u010dio talpa: 15 ml<\/li>\n<li>Baterija: 600 mAh (\u012fkraunama)<\/li>\n<li>\u012ekrovimas: C tipo<\/li>\n<li>Rit\u0117: 1,2\u03a9 tinklelio formos rit\u0117<\/li>\n<li>Nikotino stiprumas: 0%, 2%, 5%<\/li>\n<li>Skonio parinktys: Arb\u016bz\u0173 ledas, V\u0117sios m\u0117tos, Banan\u0173 ledas, M\u0117lyni\u0173 ledas, Persik\u0173 ledas, Vynuogi\u0173 ledas, Greipfrut\u0173 ledas, Greipfrut\u0173 apelsinas, Mango gvajava, Bra\u0161ki\u0173 pasifloros vaisiai, Apelsin\u0173 soda.<\/li>\n<\/ul>\n<h4>DUK<\/h4>\n<h5>Kaip 1,2 \u03a9 tinklelio rit\u0117 pagerina garinimo patirt\u012f?<\/h5>\n<p>1,2 \u03a9 tinklelio rit\u0117 sukurta taip, kad u\u017etikrint\u0173 subalansuot\u0105 garinimo patirt\u012f, o garai b\u016bt\u0173 \u0161veln\u016bs ir aromatingi bei nuolatiniai. \u0160i rit\u0117 u\u017etikrina optimal\u0173 aromato perteikim\u0105 ir malon\u0173 traukim\u0105.<\/p>\n<h5>Kokie siuntimo b\u016bdai galimi?<\/h5>\n<p>Bendradarbiaujame su patikimais ve\u017e\u0117jais, \u012fskaitant UPS, DHL, \"FedEx\" ir DPD, kad gal\u0117tume pasi\u016blyti veiksming\u0105 ir patikim\u0105 pristatym\u0105. Tinkamiausias pristatymo b\u016bdas parenkamas atsi\u017evelgiant \u012f pristatymo viet\u0105.<\/p>\n<h5>Kiek laiko paprastai u\u017etrunka pristatymas?<\/h5>\n<p>Pristatymas paprastai trunka 7-15 darbo dien\u0173, ta\u010diau \u0161ven\u010di\u0173 dienomis ar esant nepalankioms oro s\u0105lygoms pristatymo laikas gali pailg\u0117ti iki 20 darbo dien\u0173.<\/p>\n<h5>Ar reik\u0117s mok\u0117ti kokius nors muitin\u0117s mokes\u010dius ar rinkliavas?<\/h5>\n<p>Mes atliekame visus muitin\u0117s formalumus, tod\u0117l garantuojame, kad jums nereik\u0117s mok\u0117ti joki\u0173 papildom\u0173 mokes\u010di\u0173 ar rinkliav\u0173. 100% m\u016bs\u0173 gamini\u0173 muitin\u0117 i\u0161muitinama be problem\u0173.<\/p>\n<h5>Ar mano pirkinys yra saugus ir patikimas?<\/h5>\n<p>Si\u016blome saugius sandorius per \"PayPal\" pirk\u0117j\u0173 apsaug\u0105. Taip pat galite patikrinti m\u016bs\u0173 patikimum\u0105 patikrin\u0119 klient\u0173 atsiliepimus <a href=\"https:\/\/www.trustpilot.com\/review\/volovape.com?utm_medium=trustbox&amp;utm_source=TrustBoxReviewCollector\">\"TrustPilot\"<\/a>.<\/p>","protected":false},"excerpt":{"rendered":"<p>Pirkite AIVONO WINNER 6000 Puffs vienkartini\u0173 Vape urmu. 15 ml e. skys\u010dio, tinklin\u0117 rit\u0117 ir kelios nikotino parinktys - puikus didmenin\u0117s prekybos pasirinkimas vape parduotuv\u0117ms ir platintojams.<\/p>","protected":false},"featured_media":1050,"comment_status":"open","ping_status":"closed","template":"","meta":[],"product_brand":[],"product_cat":[67,19,18,20,23,24,22,25,26,27,28,29,30,31,32,33,34,35,60,36],"product_tag":[],"class_list":{"0":"post-700","1":"product","2":"type-product","3":"status-publish","4":"has-post-thumbnail","6":"product_cat-aivono","7":"product_cat-5000-puffs-disposable-vape","8":"product_cat-different-puffs-of-disposable-vapes","9":"product_cat-disposable-vape-types","10":"product_cat-disposable-vapes-in-austria","11":"product_cat-disposable-vapes-in-belgium","12":"product_cat-disposable-vapes-in-europe","13":"product_cat-disposable-vapes-in-france","14":"product_cat-disposable-vapes-in-germany","15":"product_cat-disposable-vapes-in-hungary","16":"product_cat-disposable-vapes-in-ltaly","17":"product_cat-disposable-vapes-in-netherlands","18":"product_cat-disposable-vapes-in-norway","19":"product_cat-disposable-vapes-in-poland","20":"product_cat-disposable-vapes-in-portugal","21":"product_cat-disposable-vapes-in-spain","22":"product_cat-disposable-vapes-in-sweden","23":"product_cat-disposable-vapes-in-switzerland","24":"product_cat-mini-puffs-vapes","25":"product_cat-rechargeable-vapes","27":"first","28":"instock","29":"shipping-taxable","30":"purchasable","31":"product-type-variable","32":"has-default-attributes"},"jetpack_sharing_enabled":true,"tiered_pricing_type":"fixed","tiered_pricing_fixed_rules":{"2000":5.12999999999999989341858963598497211933135986328125},"tiered_pricing_product_settings":{"layout":"default","base_unit_name":{"singular":null,"plural":null},"default_variation":null},"tiered_pricing_minimum_quantity":1000,"tiered_pricing_roles_data":[],"tiered_pricing_percentage_rules":[],"tiered_pricing_maximum_quantity":null,"tiered_pricing_quantity_step":"10","_links":{"self":[{"href":"https:\/\/volovape.com\/lt\/wp-json\/wp\/v2\/product\/700","targetHints":{"allow":["GET"]}}],"collection":[{"href":"https:\/\/volovape.com\/lt\/wp-json\/wp\/v2\/product"}],"about":[{"href":"https:\/\/volovape.com\/lt\/wp-json\/wp\/v2\/types\/product"}],"replies":[{"embeddable":true,"href":"https:\/\/volovape.com\/lt\/wp-json\/wp\/v2\/comments?post=700"}],"wp:featuredmedia":[{"embeddable":true,"href":"https:\/\/volovape.com\/lt\/wp-json\/wp\/v2\/media\/1050"}],"wp:attachment":[{"href":"https:\/\/volovape.com\/lt\/wp-json\/wp\/v2\/media?parent=700"}],"wp:term":[{"taxonomy":"product_brand","embeddable":true,"href":"https:\/\/volovape.com\/lt\/wp-json\/wp\/v2\/product_brand?post=700"},{"taxonomy":"product_cat","embeddable":true,"href":"https:\/\/volovape.com\/lt\/wp-json\/wp\/v2\/product_cat?post=700"},{"taxonomy":"product_tag","embeddable":true,"href":"https:\/\/volovape.com\/lt\/wp-json\/wp\/v2\/product_tag?post=700"}],"curies":[{"name":"wp","href":"https:\/\/api.w.org\/{rel}","templated":true}]}}