{"id":70,"date":"2024-11-21T03:26:50","date_gmt":"2024-11-21T03:26:50","guid":{"rendered":"https:\/\/volovape.com\/?post_type=product&#038;p=70"},"modified":"2025-06-30T01:32:46","modified_gmt":"2025-06-30T01:32:46","slug":"waspe-8000-puffs","status":"publish","type":"product","link":"https:\/\/volovape.com\/lt\/product\/waspe-8000-puffs\/","title":{"rendered":"\"WASPE 8000 Puffs\" vienkartinis vape aparatas - \u012fkraunamas, 0,8\u03a9 tinklelio rit\u0117"},"content":{"rendered":"<p><strong>WASPE 8000 Puffs \u012fkraunamas vienkartinis Vape<\/strong> - Patirkite ilgesn\u012f, aromating\u0105 garinim\u0105.<\/p>\n<p>Svetain\u0117 <strong>WASPE 8000<\/strong> u\u017etikrina iki <strong>8 000 \u012fpur\u0161kim\u0173<\/strong> su dideliu <strong>16 ml elektroninio skys\u010dio talpa<\/strong>, u\u017etikrinantis ilgalaik\u012f malonum\u0105. Jo <strong>650 mAh \u012fkraunama baterija<\/strong> ir <strong>C tipo \u012fkrovimas<\/strong> u\u017etikrina patikim\u0105 maitinim\u0105, o <strong>0,8\u03a9 aki\u0173 rit\u0117<\/strong> pagerina skon\u012f ir gar\u0173 gamyb\u0105. Galite rinktis i\u0161 <strong>0%, 2%, 3% arba 5% nikotino koncentracija<\/strong>ir m\u0117gautis \u012fvairiomis <strong>10 unikali\u0173 skoni\u0173<\/strong>nuo gaivi\u0173 arb\u016bzo led\u0173 iki egzoti\u0161k\u0173 li\u010di\u0173 led\u0173. Idealiai tinka tiek asmeniniam naudojimui, tiek <strong>vienkartiniai vape didmenin\u0117 prekyba<\/strong>, kiekvienas \u012frenginys pasi\u017eymi patogumu ir kokybe. Tinklalapyje <strong>masinis u\u017esakymas<\/strong> u\u017eklausas, susisiekite su mumis d\u0117l konkurencing\u0173 kain\u0173.<\/p>\n<h3><strong>WASPE 8000 Funkcijos:<\/strong><\/h3>\n<ul>\n<li>Pufai: Iki 8 000<\/li>\n<li>E-skys\u010dio talpa: 16ml<\/li>\n<li>Baterija: 650 mAh (\u012fkraunama)<\/li>\n<li>\u012ekrovimas: C tipo<\/li>\n<li>Spiral\u0117: 0.8\u03a9 Mesh Coil<\/li>\n<li>Nikotino stiprumas: 0%, 2%, 3%, 5%<\/li>\n<li>10 skonio parink\u010di\u0173<\/li>\n<\/ul>\n<h4>DUK<\/h4>\n<h5>Kaip \u012fkraunamas akumuliatorius pagerina garinimo patirt\u012f?<\/h5>\n<p>650 mAh \u012fkraunama baterija kartu su C tipo \u012fkrovimu u\u017etikrina, kad gal\u0117site i\u0161naudoti visus 8 000 \u012fkv\u0117pim\u0173, nesijaudindami, kad prietaisas mirs per anksti. D\u0117l \u0161ios savyb\u0117s WASPE 8000 yra patikimas ir ilgaam\u017eis pasirinkimas, palyginti su standartiniais vienkartiniais aparatais, tod\u0117l gal\u0117site maksimaliai m\u0117gautis 16 ml e. skys\u010dio.<\/p>\n<h5>Kokie pristatymo b\u016bdai naudojami?<\/h5>\n<p>Bendradarbiaujame su patikimais ve\u017e\u0117jais, tokiais kaip UPS, DHL, \"FedEx\" ir DPD, kad pristatytume j\u016bs\u0173 u\u017esakymus. Tinkamiausias pristatymo b\u016bdas parenkamas atsi\u017evelgiant \u012f pristatymo viet\u0105, kad b\u016bt\u0173 u\u017etikrintas greitas ir patikimas pristatymas.<\/p>\n<h5>Kiek laiko u\u017etrunka pristatymas?<\/h5>\n<p>Paprastai siuntimas trunka 7-15 darbo dien\u0173. Ta\u010diau \u0161ven\u010di\u0173 dienomis arba d\u0117l nepalanki\u0173 oro s\u0105lyg\u0173 siuntimas gali u\u017etrukti iki 20 darbo dien\u0173.<\/p>\n<h5>Ar susidursiu su kokiomis nors muitin\u0117s ar mokes\u010di\u0173 problemomis?<\/h5>\n<p>Mes atliekame visas muitin\u0117s proced\u016bras, tod\u0117l garantuojame, kad j\u016bs\u0173 siunta bus i\u0161muitinta be joki\u0173 problem\u0173. Jums nereik\u0117s mok\u0117ti joki\u0173 papildom\u0173 mokes\u010di\u0173 ar rinkliav\u0173. U\u017etikriname 100% muitin\u012f \u012fforminim\u0105.<\/p>\n<h5>Ar galiu pasitik\u0117ti WASPE 8000 kokybe ir patikimumu?<\/h5>\n<p>Palaikome saugius \"PayPal\" mok\u0117jimus su pirk\u0117jo apsauga. Taip pat galite per\u017ei\u016br\u0117ti m\u016bs\u0173 klient\u0173 atsiliepimus <a href=\"https:\/\/www.trustpilot.com\/review\/volovape.com?utm_medium=trustbox&amp;utm_source=TrustBoxReviewCollector\">\"TrustPilot\"<\/a> pamatyti teigiam\u0105 m\u016bs\u0173 klient\u0173 patirt\u012f.<\/p>","protected":false},"excerpt":{"rendered":"<p>M\u0117gaukit\u0117s i\u0161pl\u0117stiniu skoniu su WASPE 8000 pufeli\u0173. 0,8 \u03a9 tinklelis, 16 ml, \u012fkraunamas. Puikiai tinka asmeniniam naudojimui arba didmeninei prekybai, si\u016blo skland\u017eius garus ir \u012fvairias nikotino parinktis.<\/p>","protected":false},"featured_media":103,"comment_status":"open","ping_status":"closed","template":"","meta":[],"product_brand":[],"product_cat":[17,37,21,18,20,23,24,22,25,26,27,28,29,30,31,32,33,34,35,36],"product_tag":[],"class_list":{"0":"post-70","1":"product","2":"type-product","3":"status-publish","4":"has-post-thumbnail","6":"product_cat-waspe","7":"product_cat-8000-puffs-disposable-vape","8":"product_cat-big-puffs-vapes","9":"product_cat-different-puffs-of-disposable-vapes","10":"product_cat-disposable-vape-types","11":"product_cat-disposable-vapes-in-austria","12":"product_cat-disposable-vapes-in-belgium","13":"product_cat-disposable-vapes-in-europe","14":"product_cat-disposable-vapes-in-france","15":"product_cat-disposable-vapes-in-germany","16":"product_cat-disposable-vapes-in-hungary","17":"product_cat-disposable-vapes-in-ltaly","18":"product_cat-disposable-vapes-in-netherlands","19":"product_cat-disposable-vapes-in-norway","20":"product_cat-disposable-vapes-in-poland","21":"product_cat-disposable-vapes-in-portugal","22":"product_cat-disposable-vapes-in-spain","23":"product_cat-disposable-vapes-in-sweden","24":"product_cat-disposable-vapes-in-switzerland","25":"product_cat-rechargeable-vapes","27":"first","28":"instock","29":"shipping-taxable","30":"purchasable","31":"product-type-variable","32":"has-default-attributes"},"jetpack_sharing_enabled":true,"tiered_pricing_type":"fixed","tiered_pricing_fixed_rules":{"2000":4.5999999999999996447286321199499070644378662109375},"tiered_pricing_product_settings":{"layout":"default","base_unit_name":{"singular":null,"plural":null},"default_variation":null},"tiered_pricing_minimum_quantity":1000,"tiered_pricing_roles_data":[],"tiered_pricing_percentage_rules":[],"tiered_pricing_maximum_quantity":null,"tiered_pricing_quantity_step":"100","_links":{"self":[{"href":"https:\/\/volovape.com\/lt\/wp-json\/wp\/v2\/product\/70","targetHints":{"allow":["GET"]}}],"collection":[{"href":"https:\/\/volovape.com\/lt\/wp-json\/wp\/v2\/product"}],"about":[{"href":"https:\/\/volovape.com\/lt\/wp-json\/wp\/v2\/types\/product"}],"replies":[{"embeddable":true,"href":"https:\/\/volovape.com\/lt\/wp-json\/wp\/v2\/comments?post=70"}],"wp:featuredmedia":[{"embeddable":true,"href":"https:\/\/volovape.com\/lt\/wp-json\/wp\/v2\/media\/103"}],"wp:attachment":[{"href":"https:\/\/volovape.com\/lt\/wp-json\/wp\/v2\/media?parent=70"}],"wp:term":[{"taxonomy":"product_brand","embeddable":true,"href":"https:\/\/volovape.com\/lt\/wp-json\/wp\/v2\/product_brand?post=70"},{"taxonomy":"product_cat","embeddable":true,"href":"https:\/\/volovape.com\/lt\/wp-json\/wp\/v2\/product_cat?post=70"},{"taxonomy":"product_tag","embeddable":true,"href":"https:\/\/volovape.com\/lt\/wp-json\/wp\/v2\/product_tag?post=70"}],"curies":[{"name":"wp","href":"https:\/\/api.w.org\/{rel}","templated":true}]}}