{"id":69,"date":"2024-11-21T03:26:50","date_gmt":"2024-11-21T03:26:50","guid":{"rendered":"https:\/\/volovape.com\/?post_type=product&#038;p=69"},"modified":"2025-07-01T01:20:11","modified_gmt":"2025-07-01T01:20:11","slug":"waspe-5000-puffs","status":"publish","type":"product","link":"https:\/\/volovape.com\/lt\/product\/waspe-5000-puffs\/","title":{"rendered":"\"WASPE 5000 Puffs\" vienkartinis vape - \u012fkraunamas, tinklelio formos rit\u0117"},"content":{"rendered":"<p><strong>WASPE 5000 Puffs \u012fkraunamas vienkartinis Vape<\/strong> - Patirkite i\u0161pl\u0117stin\u012f skon\u012f ir patogum\u0105.<\/p>\n<p>Svetain\u0117 <strong>WASPE 5000<\/strong> i\u0161 naujo apibr\u0117\u017eia vienkartin\u012f garinim\u0105 d\u0117l savo \u012fsp\u016bdingo <strong>5000 p\u016bkeli\u0173<\/strong> talpa ir didel\u0117 <strong>13 ml elektroninio skys\u010dio<\/strong> rezervuaras. M\u0117gaukit\u0117s pastoviais, aromatingais garais d\u0117l <strong>pa\u017eangi tinklin\u0117 rit\u0117<\/strong>ir pasirinkite norim\u0105 nikotino stiprum\u0105 i\u0161 <strong>0%, 2% arba 5%<\/strong>. . <strong>650 mAh \u012fkraunama baterija<\/strong> su <strong>C tipo \u012fkrovimas<\/strong> u\u017etikrina, kad gal\u0117site m\u0117gautis kiekvienu d\u016b\u017eiu. Puikiai tinka asmeniniam naudojimui arba <strong>vienkartiniai vape didmenin\u0117 prekyba<\/strong>\u0161is prietaisas pasi\u017eymi na\u0161umu ir ne\u0161iojamumu. Nar\u0161ykite <strong>10 unikali\u0173 skoni\u0173<\/strong> ir atraskite nauj\u0105 m\u0117gstamiausi\u0105.<\/p>\n<h3><strong>WASPE 5000 Puffs Savyb\u0117s:<\/strong><\/h3>\n<ul>\n<li>Pufai: Iki 5000<\/li>\n<li>E-skys\u010dio talpa: 13 ml<\/li>\n<li>Baterija: 650 mAh (\u012fkraunama)<\/li>\n<li>\u012ekrovimas: C tipo<\/li>\n<li>rit\u0117: Tinklin\u0117 rit\u0117<\/li>\n<li>Nikotino stiprumas: 0%, 2%, 5%<\/li>\n<li>Skoniai: - Kvapai: M\u0117tos, m\u0117lyni\u0173 ledai, kolos ledai, bra\u0161ki\u0173 mangai, bra\u0161ki\u0173 arb\u016bzai, mi\u0161rios uogos, li\u010di\u0173 ledai, arb\u016bz\u0173 ledai, vynuogi\u0173 ledai<\/li>\n<\/ul>\n<h4>DUK<\/h4>\n<h5>Kaip \u012fkraunama funkcija pagerina WASPE 5000?<\/h5>\n<p>\u012ekraunama 650 mAh baterija kartu su C tipo \u012fkrovimu leid\u017eia visi\u0161kai i\u0161naudoti 13 ml e. skys\u010dio ir u\u017etikrina maksimal\u0173 5000 \u012fp\u016btim\u0173 kiek\u012f. Taip pa\u0161alinama da\u017ena problema, kai vienkartini\u0173 garintuv\u0173 baterija i\u0161sikrauna dar nei\u0161sikrovus e. skys\u010dio, ir u\u017etikrinama tvaresn\u0117 ir malonesn\u0117 garinimo patirtis.<\/p>\n<h5>Kokie pristatymo b\u016bdai naudojami?<\/h5>\n<p>Bendradarbiaujame su UPS\/DHL\/FEDEX\/DPD ir kt. Atsi\u017evelgdami \u012f pristatymo \u0161al\u012f, parinksime tinkam\u0105 pristatymo b\u016bd\u0105, kad gaminius gautum\u0117te kuo grei\u010diau.<\/p>\n<h5>Per kiek laiko jis bus pristatytas?<\/h5>\n<p>Paprastai tai trunka 7-15 darbo dien\u0173, o \u0161ven\u010di\u0173 dienomis arba esant blogoms oro s\u0105lygoms gali u\u017etrukti iki 20 darbo dien\u0173.<\/p>\n<h5>Ar jis gali b\u016bti \u012fve\u017etas per muitin\u0119 ir ar d\u0117l to kils koki\u0173 nors problem\u0173?<\/h5>\n<p>Garantuojame, kad netur\u0117site joki\u0173 r\u016bpes\u010di\u0173, nes mes pasir\u016bpinsime muitiniu \u012fforminimu ir nereik\u0117s mok\u0117ti joki\u0173 mokes\u010di\u0173 ar rinkliav\u0173. Garantuojame, kad 100% m\u016bs\u0173 gamini\u0173 bus i\u0161muitinti.<\/p>\n<h5>Ar galiu juo pasitik\u0117ti?<\/h5>\n<p>Mes palaikome \"PayPal\" mok\u0117jimo ir pirk\u0117jo apsaugos paslaug\u0105. Taip pat galite patikrinti m\u016bs\u0173 atsiliepimus <a href=\"https:\/\/www.trustpilot.com\/review\/volovape.com?utm_medium=trustbox&amp;utm_source=TrustBoxReviewCollector\">\"TrustPilot\"<\/a>.<\/p>","protected":false},"excerpt":{"rendered":"<p>Su WASPE 5000 Puffs patogiai ir skoningai garinkite su WASPE 5000 Puffs. Tinklelio rit\u0117, 13 ml, \u012fkraunama. Idealiai tinka asmeniniam naudojimui arba didmeninei prekybai, si\u016blo skland\u017eius garus ir \u012fvair\u0173 nikotino stiprum\u0105.<\/p>","protected":false},"featured_media":99,"comment_status":"open","ping_status":"closed","template":"","meta":[],"product_brand":[],"product_cat":[19,21,18,20,23,24,22,25,26,27,28,29,30,31,32,33,34,35,36,17],"product_tag":[],"class_list":{"0":"post-69","1":"product","2":"type-product","3":"status-publish","4":"has-post-thumbnail","6":"product_cat-5000-puffs-disposable-vape","7":"product_cat-big-puffs-vapes","8":"product_cat-different-puffs-of-disposable-vapes","9":"product_cat-disposable-vape-types","10":"product_cat-disposable-vapes-in-austria","11":"product_cat-disposable-vapes-in-belgium","12":"product_cat-disposable-vapes-in-europe","13":"product_cat-disposable-vapes-in-france","14":"product_cat-disposable-vapes-in-germany","15":"product_cat-disposable-vapes-in-hungary","16":"product_cat-disposable-vapes-in-ltaly","17":"product_cat-disposable-vapes-in-netherlands","18":"product_cat-disposable-vapes-in-norway","19":"product_cat-disposable-vapes-in-poland","20":"product_cat-disposable-vapes-in-portugal","21":"product_cat-disposable-vapes-in-spain","22":"product_cat-disposable-vapes-in-sweden","23":"product_cat-disposable-vapes-in-switzerland","24":"product_cat-rechargeable-vapes","25":"product_cat-waspe","27":"first","28":"instock","29":"shipping-taxable","30":"purchasable","31":"product-type-variable","32":"has-default-attributes"},"jetpack_sharing_enabled":true,"tiered_pricing_type":"fixed","tiered_pricing_fixed_rules":{"2000":3.79999999999999982236431605997495353221893310546875},"tiered_pricing_product_settings":{"layout":"default","base_unit_name":{"singular":null,"plural":null},"default_variation":null},"tiered_pricing_minimum_quantity":1000,"tiered_pricing_roles_data":[],"tiered_pricing_percentage_rules":[],"tiered_pricing_maximum_quantity":null,"tiered_pricing_quantity_step":"10","_links":{"self":[{"href":"https:\/\/volovape.com\/lt\/wp-json\/wp\/v2\/product\/69","targetHints":{"allow":["GET"]}}],"collection":[{"href":"https:\/\/volovape.com\/lt\/wp-json\/wp\/v2\/product"}],"about":[{"href":"https:\/\/volovape.com\/lt\/wp-json\/wp\/v2\/types\/product"}],"replies":[{"embeddable":true,"href":"https:\/\/volovape.com\/lt\/wp-json\/wp\/v2\/comments?post=69"}],"wp:featuredmedia":[{"embeddable":true,"href":"https:\/\/volovape.com\/lt\/wp-json\/wp\/v2\/media\/99"}],"wp:attachment":[{"href":"https:\/\/volovape.com\/lt\/wp-json\/wp\/v2\/media?parent=69"}],"wp:term":[{"taxonomy":"product_brand","embeddable":true,"href":"https:\/\/volovape.com\/lt\/wp-json\/wp\/v2\/product_brand?post=69"},{"taxonomy":"product_cat","embeddable":true,"href":"https:\/\/volovape.com\/lt\/wp-json\/wp\/v2\/product_cat?post=69"},{"taxonomy":"product_tag","embeddable":true,"href":"https:\/\/volovape.com\/lt\/wp-json\/wp\/v2\/product_tag?post=69"}],"curies":[{"name":"wp","href":"https:\/\/api.w.org\/{rel}","templated":true}]}}