{"id":661,"date":"2024-11-21T03:31:47","date_gmt":"2024-11-21T03:31:47","guid":{"rendered":"https:\/\/volovape.com\/?post_type=product&#038;p=661"},"modified":"2025-07-11T04:40:31","modified_gmt":"2025-07-11T04:40:31","slug":"aivono-aim-puff-star-6500-puff","status":"publish","type":"product","link":"https:\/\/volovape.com\/lt\/product\/aivono-aim-puff-star-6500-puffs\/","title":{"rendered":"AIVONO AIM PUFF STAR 6500 Puffs vienkartinis Vape - tinklelio rit\u0117, \u012fkraunama"},"content":{"rendered":"<p><strong>AIVONO AIM PUFF STAR 6500 Puffs Mesh Coil vienkartin\u0117 vap\u0117<\/strong> - M\u0117gaukit\u0117s patogiu ir aromatingu garinimu su AIVONO AIM PUFF STAR 6500. \u0160is vienkartinis garintuvas si\u016blo iki 6500 \u012fp\u016btim\u0173, turi 13 ml e. skys\u010dio talpykl\u0105 ir 400 mAh \u012fkraunam\u0105 baterij\u0105. 1,2 \u03a9 tinklelio rit\u0117 u\u017etikrina nuolat skland\u0173 ir aromating\u0105 garavim\u0105, idealiai tinka asmeniniam naudojimui ir didmeniniams vienkartini\u0173 garintuv\u0173 didmeniniams u\u017esakymams. Rinkit\u0117s i\u0161 0%, 2% arba 5% nikotino stiprumo ir 10 skani\u0173 skoni\u0173.<\/p>\n<h3><strong>AIVONO AIM PUFF STAR 6500 Puffs Savyb\u0117s:<\/strong><\/h3>\n<ul>\n<li>Puffs: 6500 puffs<\/li>\n<li>E-skys\u010dio talpa: 13 ml<\/li>\n<li>Akumuliatorius: 400 mAh (\u012fkraunamas)<\/li>\n<li>\u012ekrovimas: C tipo<\/li>\n<li>Rit\u0117: 1,2\u03a9 tinklelio formos rit\u0117<\/li>\n<li>Nikotino stiprumas: 0%, 2%, 5%<\/li>\n<li>Skonio parinktys: Mi\u0161rios uogos, mentolio saldainiai, bra\u0161ki\u0173 kiviai, mi\u0161rus mangas, arb\u016bzas, bra\u0161ki\u0173 ledas, energetinis g\u0117rimas, m\u0117lynosios Razz uogos, kokoso melionas, persik\u0173 sultys.<\/li>\n<\/ul>\n<h4>DUK<\/h4>\n<h5>Kaip 1,2 \u03a9 tinklelio rit\u0117 pagerina garinimo patirt\u012f?<\/h5>\n<p>1,2 \u03a9 tinklelio rit\u0117 sukurta taip, kad u\u017etikrint\u0173 subalansuot\u0105 garinimo patirt\u012f, o garai b\u016bt\u0173 \u0161veln\u016bs ir aromatingi bei nuolatiniai. \u0160i rit\u0117 u\u017etikrina optimal\u0173 aromato perteikim\u0105 ir malon\u0173 traukim\u0105.<\/p>\n<h5>Kokie siuntimo b\u016bdai galimi?<\/h5>\n<p>Bendradarbiaujame su patikimais ve\u017e\u0117jais, \u012fskaitant UPS, DHL, \"FedEx\" ir DPD, kad gal\u0117tume pasi\u016blyti veiksming\u0105 ir patikim\u0105 pristatym\u0105. Tinkamiausias pristatymo b\u016bdas parenkamas atsi\u017evelgiant \u012f pristatymo viet\u0105.<\/p>\n<h5>Kiek laiko paprastai u\u017etrunka pristatymas?<\/h5>\n<p>Pristatymas paprastai trunka 7-15 darbo dien\u0173, ta\u010diau \u0161ven\u010di\u0173 dienomis ar esant nepalankioms oro s\u0105lygoms pristatymo laikas gali pailg\u0117ti iki 20 darbo dien\u0173.<\/p>\n<h5>Ar reik\u0117s mok\u0117ti kokius nors muitin\u0117s mokes\u010dius ar rinkliavas?<\/h5>\n<p>Mes atliekame visus muitin\u0117s formalumus, tod\u0117l garantuojame, kad jums nereik\u0117s mok\u0117ti joki\u0173 papildom\u0173 mokes\u010di\u0173 ar rinkliav\u0173. 100% m\u016bs\u0173 gamini\u0173 muitin\u0117 i\u0161muitinama be problem\u0173.<\/p>\n<h5>Ar mano pirkinys yra saugus ir patikimas?<\/h5>\n<p>Si\u016blome saugius sandorius per \"PayPal\" pirk\u0117j\u0173 apsaug\u0105. Taip pat galite patikrinti m\u016bs\u0173 patikimum\u0105 patikrin\u0119 klient\u0173 atsiliepimus <a href=\"https:\/\/www.trustpilot.com\/review\/volovape.com?utm_medium=trustbox&amp;utm_source=TrustBoxReviewCollector\">\"TrustPilot\"<\/a>.<\/p>","protected":false},"excerpt":{"rendered":"<p>Gaukite patog\u0173 skon\u012f su AIVONO AIM PUFF STAR 6500 Puffs. 1,2 \u03a9 tinklelio rit\u0117, 13 ml, \u012fkraunama. Idealiai tinka asmeniniam malonumui arba didmeniniam platinimui dideliais kiekiais.<\/p>","protected":false},"featured_media":1038,"comment_status":"open","ping_status":"closed","template":"","meta":[],"product_brand":[],"product_cat":[19,37,67,21,18,20,23,24,22,25,26,27,28,29,30,31,32,33,34,35,36],"product_tag":[],"class_list":{"0":"post-661","1":"product","2":"type-product","3":"status-publish","4":"has-post-thumbnail","6":"product_cat-5000-puffs-disposable-vape","7":"product_cat-8000-puffs-disposable-vape","8":"product_cat-aivono","9":"product_cat-big-puffs-vapes","10":"product_cat-different-puffs-of-disposable-vapes","11":"product_cat-disposable-vape-types","12":"product_cat-disposable-vapes-in-austria","13":"product_cat-disposable-vapes-in-belgium","14":"product_cat-disposable-vapes-in-europe","15":"product_cat-disposable-vapes-in-france","16":"product_cat-disposable-vapes-in-germany","17":"product_cat-disposable-vapes-in-hungary","18":"product_cat-disposable-vapes-in-ltaly","19":"product_cat-disposable-vapes-in-netherlands","20":"product_cat-disposable-vapes-in-norway","21":"product_cat-disposable-vapes-in-poland","22":"product_cat-disposable-vapes-in-portugal","23":"product_cat-disposable-vapes-in-spain","24":"product_cat-disposable-vapes-in-sweden","25":"product_cat-disposable-vapes-in-switzerland","26":"product_cat-rechargeable-vapes","28":"first","29":"instock","30":"shipping-taxable","31":"purchasable","32":"product-type-variable","33":"has-default-attributes"},"jetpack_sharing_enabled":true,"tiered_pricing_type":"fixed","tiered_pricing_fixed_rules":{"2000":5.589999999999999857891452847979962825775146484375},"tiered_pricing_product_settings":{"layout":"default","base_unit_name":{"singular":null,"plural":null},"default_variation":null},"tiered_pricing_minimum_quantity":1000,"tiered_pricing_roles_data":[],"tiered_pricing_percentage_rules":[],"tiered_pricing_maximum_quantity":null,"tiered_pricing_quantity_step":"10","_links":{"self":[{"href":"https:\/\/volovape.com\/lt\/wp-json\/wp\/v2\/product\/661","targetHints":{"allow":["GET"]}}],"collection":[{"href":"https:\/\/volovape.com\/lt\/wp-json\/wp\/v2\/product"}],"about":[{"href":"https:\/\/volovape.com\/lt\/wp-json\/wp\/v2\/types\/product"}],"replies":[{"embeddable":true,"href":"https:\/\/volovape.com\/lt\/wp-json\/wp\/v2\/comments?post=661"}],"wp:featuredmedia":[{"embeddable":true,"href":"https:\/\/volovape.com\/lt\/wp-json\/wp\/v2\/media\/1038"}],"wp:attachment":[{"href":"https:\/\/volovape.com\/lt\/wp-json\/wp\/v2\/media?parent=661"}],"wp:term":[{"taxonomy":"product_brand","embeddable":true,"href":"https:\/\/volovape.com\/lt\/wp-json\/wp\/v2\/product_brand?post=661"},{"taxonomy":"product_cat","embeddable":true,"href":"https:\/\/volovape.com\/lt\/wp-json\/wp\/v2\/product_cat?post=661"},{"taxonomy":"product_tag","embeddable":true,"href":"https:\/\/volovape.com\/lt\/wp-json\/wp\/v2\/product_tag?post=661"}],"curies":[{"name":"wp","href":"https:\/\/api.w.org\/{rel}","templated":true}]}}