{"id":639,"date":"2024-11-21T03:31:25","date_gmt":"2024-11-21T03:31:25","guid":{"rendered":"https:\/\/volovape.com\/?post_type=product&#038;p=639"},"modified":"2025-07-06T04:19:59","modified_gmt":"2025-07-06T04:19:59","slug":"aivono-aim-tank-9500-puffs","status":"publish","type":"product","link":"https:\/\/volovape.com\/lt\/product\/aivono-aim-tank-9500-puffs\/","title":{"rendered":"AIVONO AIM TANK 9500 puffs vienkartinis vape - tinklin\u0117 rit\u0117 su LCD ekranu ir u\u017eraktu nuo vaik\u0173"},"content":{"rendered":"<p><strong>AIVONO AIM TANK 9500 Puffs Mesh Coil LCD Child Lock Vienkartinis Vape<\/strong> - Patirkite saug\u0173 ir malon\u0173 garinim\u0105 su AIVONO AIM TANK 9500. \u0160is vienkartinis garintuvas si\u016blo iki 9500 \u012fp\u016btim\u0173, turi 18 ml e. skys\u010dio talpykl\u0105 ir 650 mAh \u012fkraunam\u0105 akumuliatori\u0173. 1,2 \u03a9 tinklelio spiral\u0117 u\u017etikrina skland\u0173 ir aromating\u0105 garavim\u0105, o skyst\u0173j\u0173 kristal\u0173 ekranas ir u\u017erakto nuo vaik\u0173 funkcija u\u017etikrina papildom\u0105 saugum\u0105 ir patogum\u0105. \u0160is prietaisas idealiai tinka asmeniniam naudojimui ir didmeniniams vienkartini\u0173 vap\u0173 didmeniniams u\u017esakymams, jame si\u016blomas 0%, 2%, 3% arba 5% nikotino stiprumas ir platus 15 skani\u0173 skoni\u0173 pasirinkimas.<\/p>\n<h3><strong>AIVONO AIM TANK 9500 Puffs Savyb\u0117s:<\/strong><\/h3>\n<ul>\n<li>Puffs: 9500 puffs<\/li>\n<li>E-skys\u010dio talpa: 18 ml<\/li>\n<li>Baterija: 650 mAh (\u012fkraunama)<\/li>\n<li>\u012ekrovimas: C tipo<\/li>\n<li>Rit\u0117: 1,2\u03a9 tinklelio formos rit\u0117<\/li>\n<li>Ekranas: LCD ekranas (akumuliatorius ir d\u016bm\u0173 skai\u010dius)<\/li>\n<li>Saugos funkcija: Vaiko u\u017eraktas<\/li>\n<li>Nikotino stiprumas: 0%, 2%, 3%, 5%<\/li>\n<li>Skonio parinktys: Bra\u0161ki\u0173 arb\u016bz\u0173, mang\u0173 ananas\u0173, citrin\u0173 m\u0117t\u0173, sakur\u0173 vynuogi\u0173, bra\u0161ki\u0173 kivi\u0173, avie\u010di\u0173 m\u0117lyni\u0173, arb\u016bz\u0173 ledo, vy\u0161ni\u0173 kantalup\u0173, arb\u016bz\u0173 kramtomosios gumos, obuoli\u0173 uog\u0173, m\u0117lyn\u0173j\u0173 zefyr\u0173, persik\u0173 kriau\u0161i\u0173, ananas\u0173 kokos\u0173 ledo, bra\u0161ki\u0173 ledo, tropini\u0173 mang\u0173.<\/li>\n<\/ul>\n<h4>DUK<\/h4>\n<h5>Kaip vaik\u0173 u\u017erakto funkcija padidina saugum\u0105?<\/h5>\n<p>Vaiko u\u017erakto funkcija apsaugo nuo atsitiktinio \u012fjungimo, tod\u0117l u\u017etikrina papildom\u0105 saugum\u0105 ir ramyb\u0119, ypa\u010d nam\u0173 \u016bkiuose, kuriuose yra vaik\u0173 ar namini\u0173 gyv\u016bn\u0117li\u0173. \u0160i funkcija u\u017etikrina, kad nenaudojamas prietaisas b\u016bt\u0173 saugus.<\/p>\n<h5>Kokie siuntimo b\u016bdai galimi?<\/h5>\n<p>Bendradarbiaujame su patikimais ve\u017e\u0117jais, \u012fskaitant UPS, DHL, \"FedEx\" ir DPD, kad gal\u0117tume pasi\u016blyti veiksming\u0105 ir patikim\u0105 pristatym\u0105. Tinkamiausias pristatymo b\u016bdas parenkamas atsi\u017evelgiant \u012f pristatymo viet\u0105.<\/p>\n<h5>Kiek laiko paprastai u\u017etrunka pristatymas?<\/h5>\n<p>Pristatymas paprastai trunka 7-15 darbo dien\u0173, ta\u010diau \u0161ven\u010di\u0173 dienomis ar esant nepalankioms oro s\u0105lygoms pristatymo laikas gali pailg\u0117ti iki 20 darbo dien\u0173.<\/p>\n<h5>Ar reik\u0117s mok\u0117ti kokius nors muitin\u0117s mokes\u010dius ar rinkliavas?<\/h5>\n<p>Mes atliekame visus muitin\u0117s formalumus, tod\u0117l garantuojame, kad jums nereik\u0117s mok\u0117ti joki\u0173 papildom\u0173 mokes\u010di\u0173 ar rinkliav\u0173. 100% m\u016bs\u0173 gamini\u0173 muitin\u0117 i\u0161muitinama be problem\u0173.<\/p>\n<h5>Ar mano pirkinys yra saugus ir patikimas?<\/h5>\n<p>Si\u016blome saugius sandorius per \"PayPal\" pirk\u0117j\u0173 apsaug\u0105. Taip pat galite patikrinti m\u016bs\u0173 patikimum\u0105 patikrin\u0119 klient\u0173 atsiliepimus <a href=\"https:\/\/www.trustpilot.com\/review\/volovape.com?utm_medium=trustbox&amp;utm_source=TrustBoxReviewCollector\">\"TrustPilot\"<\/a>.<\/p>","protected":false},"excerpt":{"rendered":"<p>M\u0117gaukit\u0117s saugiu, aromatingu garinimu su AIVONO AIM TANK 9500 Puffs. LCD ekranas, u\u017eraktas nuo vaik\u0173, 1,2 \u03a9 tinklelio rit\u0117, 18 ml, \u012fkraunama. Idealiai tinka asmeniniam naudojimui arba didmeninei prekybai dideliais kiekiais.<\/p>","protected":false},"featured_media":1009,"comment_status":"open","ping_status":"closed","template":"","meta":[],"product_brand":[],"product_cat":[67,57,48,21,18,39,20,23,24,22,25,26,27,28,29,30,31,32,33,34,35,36,40],"product_tag":[],"class_list":{"0":"post-639","1":"product","2":"type-product","3":"status-publish","4":"has-post-thumbnail","6":"product_cat-aivono","7":"product_cat-10000-puffs-disposable-vape","8":"product_cat-9000-puffs-disposable-vape","9":"product_cat-big-puffs-vapes","10":"product_cat-different-puffs-of-disposable-vapes","11":"product_cat-digital-box-vapes","12":"product_cat-disposable-vape-types","13":"product_cat-disposable-vapes-in-austria","14":"product_cat-disposable-vapes-in-belgium","15":"product_cat-disposable-vapes-in-europe","16":"product_cat-disposable-vapes-in-france","17":"product_cat-disposable-vapes-in-germany","18":"product_cat-disposable-vapes-in-hungary","19":"product_cat-disposable-vapes-in-ltaly","20":"product_cat-disposable-vapes-in-netherlands","21":"product_cat-disposable-vapes-in-norway","22":"product_cat-disposable-vapes-in-poland","23":"product_cat-disposable-vapes-in-portugal","24":"product_cat-disposable-vapes-in-spain","25":"product_cat-disposable-vapes-in-sweden","26":"product_cat-disposable-vapes-in-switzerland","27":"product_cat-rechargeable-vapes","28":"product_cat-smart-screen-vapes","30":"first","31":"instock","32":"shipping-taxable","33":"purchasable","34":"product-type-variable","35":"has-default-attributes"},"jetpack_sharing_enabled":true,"tiered_pricing_type":"fixed","tiered_pricing_fixed_rules":{"2000":5.37999999999999989341858963598497211933135986328125},"tiered_pricing_product_settings":{"layout":"default","base_unit_name":{"singular":null,"plural":null},"default_variation":null},"tiered_pricing_minimum_quantity":1000,"tiered_pricing_roles_data":[],"tiered_pricing_percentage_rules":[],"tiered_pricing_maximum_quantity":null,"tiered_pricing_quantity_step":"10","_links":{"self":[{"href":"https:\/\/volovape.com\/lt\/wp-json\/wp\/v2\/product\/639","targetHints":{"allow":["GET"]}}],"collection":[{"href":"https:\/\/volovape.com\/lt\/wp-json\/wp\/v2\/product"}],"about":[{"href":"https:\/\/volovape.com\/lt\/wp-json\/wp\/v2\/types\/product"}],"replies":[{"embeddable":true,"href":"https:\/\/volovape.com\/lt\/wp-json\/wp\/v2\/comments?post=639"}],"wp:featuredmedia":[{"embeddable":true,"href":"https:\/\/volovape.com\/lt\/wp-json\/wp\/v2\/media\/1009"}],"wp:attachment":[{"href":"https:\/\/volovape.com\/lt\/wp-json\/wp\/v2\/media?parent=639"}],"wp:term":[{"taxonomy":"product_brand","embeddable":true,"href":"https:\/\/volovape.com\/lt\/wp-json\/wp\/v2\/product_brand?post=639"},{"taxonomy":"product_cat","embeddable":true,"href":"https:\/\/volovape.com\/lt\/wp-json\/wp\/v2\/product_cat?post=639"},{"taxonomy":"product_tag","embeddable":true,"href":"https:\/\/volovape.com\/lt\/wp-json\/wp\/v2\/product_tag?post=639"}],"curies":[{"name":"wp","href":"https:\/\/api.w.org\/{rel}","templated":true}]}}