{"id":638,"date":"2024-11-21T03:31:25","date_gmt":"2024-11-21T03:31:25","guid":{"rendered":"https:\/\/volovape.com\/?post_type=product&#038;p=638"},"modified":"2025-08-06T08:06:53","modified_gmt":"2025-08-06T08:06:53","slug":"aivono-aim-freak-13000-puff","status":"publish","type":"product","link":"https:\/\/volovape.com\/lt\/product\/aivono-aim-freak-13000-puff\/","title":{"rendered":"AIVONO AIM FREAK 13000 Puffs vienkartinis Vape - tinklin\u0117 rit\u0117, LCD ekranas"},"content":{"rendered":"<p><strong>AIVONO AIM FREAK 13000 Puffs Mesh Coil LCD vienkartinis Vape<\/strong> - M\u0117gaukit\u0117s didelio na\u0161umo ir ilgesne garinimo patirtimi su AIVONO AIM FREAK 13000. \u0160is vienkartinis garintuvas u\u017etikrina iki 13 000 \u012fp\u016btim\u0173, turi 20 ml e. skys\u010dio talpykl\u0105 ir 500 mAh \u012fkraunam\u0105 baterij\u0105. Tinklelio rit\u0117s technologija u\u017etikrina nuolatin\u012f skland\u0173 ir aromating\u0105 garavim\u0105, o LCD ekrane realiuoju laiku pateikiama informacija apie baterijos \u012fkrov\u0105 ir i\u0161kv\u0117pt\u0173 d\u016bm\u0173 skai\u010di\u0173. \u0160is prietaisas idealiai tinka asmeniniam naudojimui ir didmeniniams vienkartini\u0173 vap\u0173 didmeniniams u\u017esakymams, jame si\u016blomas 0%, 2%, 3% arba 5% nikotino stiprumas ir 10 skani\u0173 skoni\u0173 \u012fvairov\u0117.<\/p>\n<h3><strong>AIVONO AIM FREAK 13000 Puffs Savyb\u0117s:<\/strong><\/h3>\n<ul>\n<li>Puffs: 13000 puffs<\/li>\n<li>E-skys\u010dio talpa: 20 ml<\/li>\n<li>Baterija: 500 mAh (\u012fkraunama)<\/li>\n<li>\u012ekrovimas: C tipo<\/li>\n<li>rit\u0117: Tinklin\u0117 rit\u0117<\/li>\n<li>Ekranas: LCD ekranas (akumuliatorius ir d\u016bm\u0173 skai\u010dius)<\/li>\n<li>Nikotino stiprumas: 0%, 2%, 3%, 5%<\/li>\n<li>Skonio parinktys: Blue Razz Ice, Strawberry Ice, Watermelon Ice, Peach Fruit Juice, Strawberry Kiwi, Lush Bubble Gum, Pineapple Coconut Ice, Pink Lemonade, Pineapple Mango Peach, Grape Currant.<\/li>\n<\/ul>\n<h4>DUK<\/h4>\n<h5>Kaip tinklin\u0117 rit\u0117 pagerina garinimo patirt\u012f?<\/h5>\n<p>Tinklin\u0117s rit\u0117s konstrukcija u\u017etikrina didesn\u012f kaitinimo pavir\u0161i\u0173, tod\u0117l kaitinimas yra tolygesnis, o skonis ir gar\u0173 gamyba geresn\u0117. \u0160i technologija u\u017etikrina nuolatin\u012f skland\u0173 ir malon\u0173 garinim\u0105.<\/p>\n<h5>Kokie siuntimo b\u016bdai galimi?<\/h5>\n<p>Bendradarbiaujame su patikimais ve\u017e\u0117jais, \u012fskaitant UPS, DHL, \"FedEx\" ir DPD, kad gal\u0117tume pasi\u016blyti veiksming\u0105 ir patikim\u0105 pristatym\u0105. Tinkamiausias pristatymo b\u016bdas parenkamas atsi\u017evelgiant \u012f pristatymo viet\u0105.<\/p>\n<h5>Kiek laiko paprastai u\u017etrunka pristatymas?<\/h5>\n<p>Pristatymas paprastai trunka 7-15 darbo dien\u0173, ta\u010diau \u0161ven\u010di\u0173 dienomis ar esant nepalankioms oro s\u0105lygoms pristatymo laikas gali pailg\u0117ti iki 20 darbo dien\u0173.<\/p>\n<h5>Ar reik\u0117s mok\u0117ti kokius nors muitin\u0117s mokes\u010dius ar rinkliavas?<\/h5>\n<p>Mes atliekame visus muitin\u0117s formalumus, tod\u0117l garantuojame, kad jums nereik\u0117s mok\u0117ti joki\u0173 papildom\u0173 mokes\u010di\u0173 ar rinkliav\u0173. 100% m\u016bs\u0173 gamini\u0173 muitin\u0117 i\u0161muitinama be problem\u0173.<\/p>\n<h5>Ar mano pirkinys yra saugus ir patikimas?<\/h5>\n<p>Si\u016blome saugius sandorius per \"PayPal\" pirk\u0117j\u0173 apsaug\u0105. Taip pat galite patikrinti m\u016bs\u0173 patikimum\u0105 patikrin\u0119 klient\u0173 atsiliepimus <a href=\"https:\/\/www.trustpilot.com\/review\/volovape.com?utm_medium=trustbox&amp;utm_source=TrustBoxReviewCollector\">\"TrustPilot\"<\/a>.<\/p>","protected":false},"excerpt":{"rendered":"<p>I\u0161laisvinkite ilgalaik\u012f skon\u012f su AIVONO AIM FREAK 13000 Puffs. LCD ekranas, tinklin\u0117 rit\u0117, 20 ml, \u012fkraunama. Puikiai tinka asmeniniam malonumui arba didmeniniam platinimui dideliais kiekiais.<\/p>","protected":false},"featured_media":998,"comment_status":"open","ping_status":"closed","template":"","meta":[],"product_brand":[],"product_cat":[67,38,56,21,18,39,20,23,24,22,25,26,27,28,29,30,31,32,33,34,35,36,40],"product_tag":[],"class_list":{"0":"post-638","1":"product","2":"type-product","3":"status-publish","4":"has-post-thumbnail","6":"product_cat-aivono","7":"product_cat-12000-puffs-disposable-vape","8":"product_cat-14000-puffs-disposable-vape","9":"product_cat-big-puffs-vapes","10":"product_cat-different-puffs-of-disposable-vapes","11":"product_cat-digital-box-vapes","12":"product_cat-disposable-vape-types","13":"product_cat-disposable-vapes-in-austria","14":"product_cat-disposable-vapes-in-belgium","15":"product_cat-disposable-vapes-in-europe","16":"product_cat-disposable-vapes-in-france","17":"product_cat-disposable-vapes-in-germany","18":"product_cat-disposable-vapes-in-hungary","19":"product_cat-disposable-vapes-in-ltaly","20":"product_cat-disposable-vapes-in-netherlands","21":"product_cat-disposable-vapes-in-norway","22":"product_cat-disposable-vapes-in-poland","23":"product_cat-disposable-vapes-in-portugal","24":"product_cat-disposable-vapes-in-spain","25":"product_cat-disposable-vapes-in-sweden","26":"product_cat-disposable-vapes-in-switzerland","27":"product_cat-rechargeable-vapes","28":"product_cat-smart-screen-vapes","30":"first","31":"instock","32":"shipping-taxable","33":"purchasable","34":"product-type-variable","35":"has-default-attributes"},"jetpack_sharing_enabled":true,"tiered_pricing_type":"fixed","tiered_pricing_fixed_rules":{"2000":5.88999999999999968025576890795491635799407958984375},"tiered_pricing_product_settings":{"layout":"default","base_unit_name":{"singular":null,"plural":null},"default_variation":null},"tiered_pricing_minimum_quantity":1000,"tiered_pricing_roles_data":[],"tiered_pricing_percentage_rules":[],"tiered_pricing_maximum_quantity":null,"tiered_pricing_quantity_step":"10","_links":{"self":[{"href":"https:\/\/volovape.com\/lt\/wp-json\/wp\/v2\/product\/638","targetHints":{"allow":["GET"]}}],"collection":[{"href":"https:\/\/volovape.com\/lt\/wp-json\/wp\/v2\/product"}],"about":[{"href":"https:\/\/volovape.com\/lt\/wp-json\/wp\/v2\/types\/product"}],"replies":[{"embeddable":true,"href":"https:\/\/volovape.com\/lt\/wp-json\/wp\/v2\/comments?post=638"}],"wp:featuredmedia":[{"embeddable":true,"href":"https:\/\/volovape.com\/lt\/wp-json\/wp\/v2\/media\/998"}],"wp:attachment":[{"href":"https:\/\/volovape.com\/lt\/wp-json\/wp\/v2\/media?parent=638"}],"wp:term":[{"taxonomy":"product_brand","embeddable":true,"href":"https:\/\/volovape.com\/lt\/wp-json\/wp\/v2\/product_brand?post=638"},{"taxonomy":"product_cat","embeddable":true,"href":"https:\/\/volovape.com\/lt\/wp-json\/wp\/v2\/product_cat?post=638"},{"taxonomy":"product_tag","embeddable":true,"href":"https:\/\/volovape.com\/lt\/wp-json\/wp\/v2\/product_tag?post=638"}],"curies":[{"name":"wp","href":"https:\/\/api.w.org\/{rel}","templated":true}]}}