{"id":6250,"date":"2024-11-29T04:36:13","date_gmt":"2024-11-29T04:36:13","guid":{"rendered":"https:\/\/volovape.com\/?post_type=product&#038;p=6250"},"modified":"2025-08-07T08:19:53","modified_gmt":"2025-08-07T08:19:53","slug":"jnr-shisha-max-22000-22-tukst-pukeliu","status":"publish","type":"product","link":"https:\/\/volovape.com\/lt\/product\/jnr-shisha-max-22000-22k-puffs\/","title":{"rendered":"\"JNR Shisha Max\" 22000 puffs\u0173 \"Hookah Edition\" vienkartinis vape - trigubas tinklelis, reguliuojamas oro srautas"},"content":{"rendered":"<p><iframe title=\"VideoPress vaizdo \u012fra\u0161\u0173 grotuvas\" aria-label='VideoPress vaizdo \u012fra\u0161\u0173 grotuvas' width='421' height='750' src='https:\/\/videopress.com\/embed\/WoXrFsri?hd=0&amp;cover=1' frameborder='0' allowfullscreen allow='clipboard-write'><\/iframe><script src='https:\/\/v0.wordpress.com\/js\/next\/videopress-iframe.js?m=1739540970'><\/script><\/p>\n<p><strong>JNR Shisha Max 22000 puffs\u0173 vienkartinis Vape<\/strong> - Patirkite kaljano \u012fkv\u0117pt\u0105 garinim\u0105 su triguba tinklelio rit\u0117s technologija.<\/p>\n<p>Svetain\u0117 <strong>JNR Shisha Max 22000 p\u016bkeli\u0173<\/strong> suteikia tradicinio kaljano skonio ir aromato poj\u016bt\u012f \u0161iuolaiki\u0161kame, patogiame vienkartiniame garintuve. \u012esp\u016bdingas <strong>22 000 \u012fkv\u0117pim\u0173<\/strong> ir dosniai <strong>29 ml e-skys\u010dio talpa<\/strong>, \u0161is prietaisas u\u017etikrina ilgalaik\u0119 ir d\u017eiuginan\u010di\u0105 patirt\u012f. \u012erengtas tvirtas <strong>1100 mAh \u012fkraunamas akumuliatorius<\/strong> su <strong>C tipo \u012fkrovimas<\/strong>, jis u\u017etikrina ilgesn\u012f naudojim\u0105 ir greit\u0105 \u012fkrovim\u0105. Naujovi\u0161kas <strong>triguba tinklelio rit\u0117<\/strong> Sistema suteikia intensyv\u0173 skon\u012f ir tir\u0161tus garus, atkartojan\u010dius gil\u0173 kaljano seanso malonum\u0105. Su <strong>reguliuojamas oro srautas<\/strong> ir ai\u0161kus <strong>akumuliatorius ir skys\u010dio ekranas<\/strong>, galite pritaikyti ir steb\u0117ti savo garinimo patirt\u012f. Galima \u012fsigyti <strong>15 unikali\u0173 skoni\u0173<\/strong>... <strong>JNR Shisha Max 22000 p\u016bkeli\u0173<\/strong> puikiai tinka tiems, kurie ie\u0161ko auk\u0161\u010diausios kokyb\u0117s kaljano \u012fkv\u0117ptos vap\u0117s, idealiai tinkan\u010dios tiek asmeniniam malonumui, tiek <strong>vienkartiniai vape didmenin\u0117 prekyba<\/strong>.<\/p>\n<h3><strong>JNR Shisha Max 22000 Puffs Savyb\u0117s:<\/strong><\/h3>\n<ul>\n<li>Pufai: Iki 22 000<\/li>\n<li>E-skys\u010dio talpa: 29ml<\/li>\n<li>Baterija: 1100 mAh (\u012fkraunama)<\/li>\n<li>\u012ekrovimas: C tipo<\/li>\n<li>rit\u0117: Triguba tinklin\u0117 rit\u0117<\/li>\n<li>Oro srautas: Reguliuojamas<\/li>\n<li>Ekranas: Baterija ir skystasis ekranas<\/li>\n<li>Nikotino stiprumas: 2%<\/li>\n<\/ul>\n<h4>DUK<\/h4>\n<h5>Kaip triguba tinklin\u0117 rit\u0117 pagerina garinimo patirt\u012f?<\/h5>\n<p>\"JNR Shisha Max 22000 Puffs\" trij\u0173 tinkleli\u0173 spiral\u0117s sistema sukurta taip, kad maksimaliai padidint\u0173 skon\u012f ir gar\u0173 gamyb\u0105. Ji u\u017etikrina tolyg\u0173 kaitinim\u0105 ir didesn\u012f pavir\u0161iaus plot\u0105 elektroniniam skys\u010diui garinti, tod\u0117l sukuriamas sodrus, intensyvus skonis ir tank\u016bs, \u0161veln\u016bs garai, primenantys tradicin\u0119 kaljano sesij\u0105.<\/p>\n<h5>Ar tikrai galiu gauti 22 000 \u012fkv\u0117pim\u0173 i\u0161 vieno prietaiso?<\/h5>\n<p>Taip! JNR \"Shisha Max 22000 Puffs\" yra pritaikyta ilgesniam naudojimui, nes galima padaryti iki 22 000 \u012fp\u016btim\u0173. Toks didelis paj\u0117gumas kartu su 29 ml e. skys\u010dio rezervuaru ir galinga 1100 mAh \u012fkraunam\u0105ja baterija daro j\u0105 ilgaam\u017e\u0119 ir patikim\u0105, puikiai tinkan\u010di\u0105 <strong>masinis u\u017esakymas<\/strong> poreikius.<\/p>\n<h5>Kuo naudingas akumuliatorius ir skystasis ekranas?<\/h5>\n<p>Integruotas akumuliatoriaus ir skys\u010dio ekranas realiuoju laiku pateikia informacij\u0105 apie akumuliatoriaus \u012fkrovos lyg\u012f ir e. skys\u010dio suvartojim\u0105. \u0160i funkcija leid\u017eia steb\u0117ti savo prietais\u0105 ir u\u017etikrina, kad niekada neb\u016bsite u\u017eklupti netik\u0117tai, taip padidindama bendr\u0105 patogum\u0105 ir naudotojo patirt\u012f.<\/p>\n<h5>Kaip galiu b\u016bti tikras d\u0117l gaminio kokyb\u0117s ir klient\u0173 aptarnavimo?<\/h5>\n<p>Mes palaikome \"PayPal\" mok\u0117jimo ir pirk\u0117jo apsaugos paslaug\u0105. Taip pat galite patikrinti m\u016bs\u0173 atsiliepimus <a href=\"https:\/\/www.trustpilot.com\/review\/volovape.com?utm_medium=trustbox&amp;utm_source=TrustBoxReviewCollector\">\"TrustPilot\"<\/a>.<\/p>","protected":false},"excerpt":{"rendered":"<p>M\u0117gaukit\u0117s JNR Shisha Max 22000 puffs vienkartiniu aparatu, kaljano \u012fkv\u0117ptu \u012frenginiu su 29 ml el. skys\u010dio, 1100 mAh akumuliatoriumi, trimis tinklin\u0117mis spiral\u0117mis, 2% nikotino. Didmenin\u0117 didmenin\u0117 prekyba, 15 skoni\u0173, C tipo \u012fkrovimas.<\/p>","protected":false},"featured_media":6342,"comment_status":"open","ping_status":"closed","template":"","meta":[],"product_brand":[],"product_cat":[79,63,21,18,20,23,24,22,25,26,27,28,29,30,31,32,33,34,35,36,47,40],"product_tag":[],"class_list":{"0":"post-6250","1":"product","2":"type-product","3":"status-publish","4":"has-post-thumbnail","6":"product_cat-jnr","7":"product_cat-30000-puffs-disposable-vape","8":"product_cat-big-puffs-vapes","9":"product_cat-different-puffs-of-disposable-vapes","10":"product_cat-disposable-vape-types","11":"product_cat-disposable-vapes-in-austria","12":"product_cat-disposable-vapes-in-belgium","13":"product_cat-disposable-vapes-in-europe","14":"product_cat-disposable-vapes-in-france","15":"product_cat-disposable-vapes-in-germany","16":"product_cat-disposable-vapes-in-hungary","17":"product_cat-disposable-vapes-in-ltaly","18":"product_cat-disposable-vapes-in-netherlands","19":"product_cat-disposable-vapes-in-norway","20":"product_cat-disposable-vapes-in-poland","21":"product_cat-disposable-vapes-in-portugal","22":"product_cat-disposable-vapes-in-spain","23":"product_cat-disposable-vapes-in-sweden","24":"product_cat-disposable-vapes-in-switzerland","25":"product_cat-rechargeable-vapes","26":"product_cat-shisha-hookah-vapes","27":"product_cat-smart-screen-vapes","29":"first","30":"instock","31":"shipping-taxable","32":"purchasable","33":"product-type-variable","34":"has-default-attributes"},"jetpack_sharing_enabled":true,"tiered_pricing_type":"fixed","tiered_pricing_fixed_rules":{"2000":6.8499999999999996447286321199499070644378662109375},"tiered_pricing_product_settings":{"layout":"default","base_unit_name":{"singular":null,"plural":null},"default_variation":null},"tiered_pricing_minimum_quantity":1000,"tiered_pricing_roles_data":[],"tiered_pricing_percentage_rules":[],"tiered_pricing_maximum_quantity":null,"tiered_pricing_quantity_step":"10","_links":{"self":[{"href":"https:\/\/volovape.com\/lt\/wp-json\/wp\/v2\/product\/6250","targetHints":{"allow":["GET"]}}],"collection":[{"href":"https:\/\/volovape.com\/lt\/wp-json\/wp\/v2\/product"}],"about":[{"href":"https:\/\/volovape.com\/lt\/wp-json\/wp\/v2\/types\/product"}],"replies":[{"embeddable":true,"href":"https:\/\/volovape.com\/lt\/wp-json\/wp\/v2\/comments?post=6250"}],"wp:featuredmedia":[{"embeddable":true,"href":"https:\/\/volovape.com\/lt\/wp-json\/wp\/v2\/media\/6342"}],"wp:attachment":[{"href":"https:\/\/volovape.com\/lt\/wp-json\/wp\/v2\/media?parent=6250"}],"wp:term":[{"taxonomy":"product_brand","embeddable":true,"href":"https:\/\/volovape.com\/lt\/wp-json\/wp\/v2\/product_brand?post=6250"},{"taxonomy":"product_cat","embeddable":true,"href":"https:\/\/volovape.com\/lt\/wp-json\/wp\/v2\/product_cat?post=6250"},{"taxonomy":"product_tag","embeddable":true,"href":"https:\/\/volovape.com\/lt\/wp-json\/wp\/v2\/product_tag?post=6250"}],"curies":[{"name":"wp","href":"https:\/\/api.w.org\/{rel}","templated":true}]}}