{"id":6249,"date":"2024-11-29T04:36:13","date_gmt":"2024-11-29T04:36:13","guid":{"rendered":"https:\/\/volovape.com\/?post_type=product&#038;p=6249"},"modified":"2025-08-07T08:19:52","modified_gmt":"2025-08-07T08:19:52","slug":"jnr-vape-laikrodis-30000-30k-puffs","status":"publish","type":"product","link":"https:\/\/volovape.com\/lt\/product\/jnr-vape-watch-30000-30k-puffs\/","title":{"rendered":"\"JNR Vape Watch 30000 Puffs\" - i\u0161manusis laikrodis ir vienkartinis vape (dvigubas re\u017eimas)"},"content":{"rendered":"<p><iframe title=\"VideoPress vaizdo \u012fra\u0161\u0173 grotuvas\" aria-label='VideoPress vaizdo \u012fra\u0161\u0173 grotuvas' width='500' height='281' src='https:\/\/videopress.com\/embed\/3s6S9iWa?hd=0&amp;cover=1' frameborder='0' allowfullscreen allow='clipboard-write'><\/iframe><script src='https:\/\/v0.wordpress.com\/js\/next\/videopress-iframe.js?m=1739540970'><\/script><\/p>\n<p><strong>JNR Vape Watch 30000 puff\u0173<\/strong> - Revoliucinis i\u0161manusis laikrodis ir vienkartinis \"Vape\" hibridas.<\/p>\n<p>I\u0161bandykite garinimo ateit\u012f su <strong>JNR Vape Watch 30000 puff\u0173<\/strong>, novatori\u0161kas prietaisas, kuriame skland\u017eiai integruotas didelio na\u0161umo vienkartinis vape ir i\u0161maniojo laikrod\u017eio funkcionalumas. \u0160is naujovi\u0161kas dizainas suteikia neprilygstam\u0105 patogum\u0105 ir leid\u017eia m\u0117gautis iki 30 000 \u012fkv\u0117pim\u0173 \u012fprastu re\u017eimu arba 18 000 \u012fkv\u0117pim\u0173 impulsiniu re\u017eimu. Prietaisas turi didel\u0119 19 ml elektroninio skys\u010dio talp\u0105, ilgai veikian\u010di\u0105 1000 mAh \u012fkraunam\u0105 baterij\u0105 su C tipo \u012fkrovimu ir dvi tinklelio spirales, u\u017etikrinan\u010dias geresn\u012f skon\u012f ir gar\u0173 gamyb\u0105. D\u0117l unikalios nuimamo laikrod\u017eio konstrukcijos galite nuimti garintuv\u0105 ir naudoti j\u012f \u012fprastai arba ne\u0161ioti kaip i\u0161man\u0173j\u012f laikrod\u012f su skambu\u010di\u0173, tekstini\u0173 \u017einu\u010di\u0173, nuotolinio kameros valdymo, telefono suradimo ir privataus u\u017erakto funkcijomis. \"JNR Vape Watch 30000 Puffs\" yra 10 gard\u017ei\u0173 skoni\u0173, tod\u0117l i\u0161 naujo apibr\u0117\u017eia garinimo patirt\u012f, puikiai tinka asmeniniam malonumui ir <strong>vienkartiniai vape didmenin\u0117 prekyba<\/strong>.<\/p>\n<h3><strong>JNR Vape Watch 30000 Puffs funkcijos:<\/strong><\/h3>\n<ul>\n<li>Du garinimo re\u017eimai: \u012eprastas re\u017eimas (iki 30 000 \u012fp\u016btim\u0173) \/ impulsinis re\u017eimas (iki 18 000 \u012fp\u016btim\u0173)<\/li>\n<li>E-skys\u010dio talpa: 19ml<\/li>\n<li>Akumuliatorius: 1000 mAh (\u012fkraunamas)<\/li>\n<li>\u012ekrovimas: C tipo<\/li>\n<li>rit\u0117: Dvigubos tinklin\u0117s rit\u0117s<\/li>\n<li>Nikotino stiprumas: 2% (20 mg)<\/li>\n<li>I\u0161mani\u0173j\u0173 laikrod\u017ei\u0173 funkcijos: Skambinti, ra\u0161yti tekst\u0105, nuotolin\u0117 kamera, rasti telefon\u0105, privatus u\u017eraktas, jautri program\u0117l\u0117<\/li>\n<li>Dizainas: Nuimamas laikrodis<\/li>\n<\/ul>\n<h4>DUK<\/h4>\n<h5>Kaip nuimamas laikrod\u017eio dizainas pagerina naudojimo patogum\u0105?<\/h5>\n<p>\"JNR Vape Watch 30000 Puffs\" turi unikali\u0105 nuimam\u0105 laikrod\u017eio konstrukcij\u0105, tod\u0117l galite nuimti vape dal\u012f ir naudoti j\u0105 \u012fprastai arba ne\u0161ioti kaip i\u0161man\u0173j\u012f laikrod\u012f. \u0160i konstrukcija u\u017etikrina maksimal\u0173 lankstum\u0105 ir patogum\u0105, kad gal\u0117tum\u0117te garinti keliaudami ir naudotis i\u0161maniosiomis funkcijomis.<\/p>\n<h5>Kokie yra dviej\u0173 garinimo re\u017eim\u0173 privalumai?<\/h5>\n<p>\"JNR Vape Watch 30000 Puffs\" turi du garinimo re\u017eimus: \u012eprastas re\u017eimas (iki 30 000 \u012fp\u016btim\u0173) ir impulsinis re\u017eimas (iki 18 000 \u012fp\u016btim\u0173). Tai leid\u017eia jums pritaikyti garinimo patirt\u012f pagal savo pageidavimus, nesvarbu, ar pageidaujate ilgiau trunkan\u010dio garinimo, ar intensyvesnio skonio ir gar\u0173 gamybos.<\/p>\n<h5>Ar tikrai galiu skambinti ir si\u0173sti \u017einutes i\u0161 \u0161io prietaiso?<\/h5>\n<p>Taip! \"JNR Vape Watch 30000 Puffs\" integruotos i\u0161maniojo laikrod\u017eio funkcijos, leid\u017eian\u010dios skambinti ir priimti skambu\u010dius, si\u0173sti ir gauti tekstinius prane\u0161imus, nuotoliniu b\u016bdu valdyti telefono kamer\u0105, rasti telefon\u0105 ir net apsaugoti \u012frengin\u012f priva\u010diu u\u017eraktu. Visos \u0161ios funkcijos pasiekiamos per jautri\u0105 program\u0117l\u0119, tod\u0117l tai i\u0161ties revoliucinis prietaisas.<\/p>\n<h5>Kaip galiu b\u016bti tikras d\u0117l gaminio kokyb\u0117s ir klient\u0173 aptarnavimo?<\/h5>\n<p>Mes palaikome \"PayPal\" mok\u0117jimo ir pirk\u0117jo apsaugos paslaug\u0105. Taip pat galite patikrinti m\u016bs\u0173 atsiliepimus <a href=\"https:\/\/www.trustpilot.com\/review\/volovape.com?utm_medium=trustbox&amp;utm_source=TrustBoxReviewCollector\">\"TrustPilot\"<\/a>.<\/p>","protected":false},"excerpt":{"rendered":"<p>I\u0161bandykite \"JNR Vape Watch 30000 Puffs\" - i\u0161maniojo laikrod\u017eio ir garintuvo hibrid\u0105. 19 ml el. skys\u010dio, 1000 mAh baterija, dvigubos tinklin\u0117s rit\u0117s, i\u0161maniosios funkcijos, 2% nikotino. Galima didmenin\u0117 prekyba dideliais kiekiais, 10 skoni\u0173, C tipo \u012fkrovimas.<\/p>","protected":false},"featured_media":6330,"comment_status":"open","ping_status":"closed","template":"","meta":[],"product_brand":[],"product_cat":[79,63,21,18,39,20,23,24,22,25,26,27,28,29,30,31,32,33,34,35,36,40],"product_tag":[],"class_list":{"0":"post-6249","1":"product","2":"type-product","3":"status-publish","4":"has-post-thumbnail","6":"product_cat-jnr","7":"product_cat-30000-puffs-disposable-vape","8":"product_cat-big-puffs-vapes","9":"product_cat-different-puffs-of-disposable-vapes","10":"product_cat-digital-box-vapes","11":"product_cat-disposable-vape-types","12":"product_cat-disposable-vapes-in-austria","13":"product_cat-disposable-vapes-in-belgium","14":"product_cat-disposable-vapes-in-europe","15":"product_cat-disposable-vapes-in-france","16":"product_cat-disposable-vapes-in-germany","17":"product_cat-disposable-vapes-in-hungary","18":"product_cat-disposable-vapes-in-ltaly","19":"product_cat-disposable-vapes-in-netherlands","20":"product_cat-disposable-vapes-in-norway","21":"product_cat-disposable-vapes-in-poland","22":"product_cat-disposable-vapes-in-portugal","23":"product_cat-disposable-vapes-in-spain","24":"product_cat-disposable-vapes-in-sweden","25":"product_cat-disposable-vapes-in-switzerland","26":"product_cat-rechargeable-vapes","27":"product_cat-smart-screen-vapes","29":"first","30":"instock","31":"shipping-taxable","32":"purchasable","33":"product-type-variable","34":"has-default-attributes"},"jetpack_sharing_enabled":true,"tiered_pricing_type":"fixed","tiered_pricing_fixed_rules":{"2000":9.75},"tiered_pricing_product_settings":{"layout":"default","base_unit_name":{"singular":null,"plural":null},"default_variation":null},"tiered_pricing_minimum_quantity":1000,"tiered_pricing_roles_data":[],"tiered_pricing_percentage_rules":[],"tiered_pricing_maximum_quantity":null,"tiered_pricing_quantity_step":"10","_links":{"self":[{"href":"https:\/\/volovape.com\/lt\/wp-json\/wp\/v2\/product\/6249","targetHints":{"allow":["GET"]}}],"collection":[{"href":"https:\/\/volovape.com\/lt\/wp-json\/wp\/v2\/product"}],"about":[{"href":"https:\/\/volovape.com\/lt\/wp-json\/wp\/v2\/types\/product"}],"replies":[{"embeddable":true,"href":"https:\/\/volovape.com\/lt\/wp-json\/wp\/v2\/comments?post=6249"}],"wp:featuredmedia":[{"embeddable":true,"href":"https:\/\/volovape.com\/lt\/wp-json\/wp\/v2\/media\/6330"}],"wp:attachment":[{"href":"https:\/\/volovape.com\/lt\/wp-json\/wp\/v2\/media?parent=6249"}],"wp:term":[{"taxonomy":"product_brand","embeddable":true,"href":"https:\/\/volovape.com\/lt\/wp-json\/wp\/v2\/product_brand?post=6249"},{"taxonomy":"product_cat","embeddable":true,"href":"https:\/\/volovape.com\/lt\/wp-json\/wp\/v2\/product_cat?post=6249"},{"taxonomy":"product_tag","embeddable":true,"href":"https:\/\/volovape.com\/lt\/wp-json\/wp\/v2\/product_tag?post=6249"}],"curies":[{"name":"wp","href":"https:\/\/api.w.org\/{rel}","templated":true}]}}