{"id":6248,"date":"2024-11-29T04:36:13","date_gmt":"2024-11-29T04:36:13","guid":{"rendered":"https:\/\/volovape.com\/?post_type=product&#038;p=6248"},"modified":"2025-08-07T08:19:51","modified_gmt":"2025-08-07T08:19:51","slug":"jnr-telefonas-vape-30000-30k-puffs","status":"publish","type":"product","link":"https:\/\/volovape.com\/lt\/product\/jnr-phone-vape-30000-30k-puffs\/","title":{"rendered":"JNR Phone Vape 30000 Puffs - i\u0161manusis vienkartinis Vape su jutikliniu ekranu (skambu\u010diai, \u017einut\u0117s, fotoaparatas)"},"content":{"rendered":"<p><iframe title=\"VideoPress vaizdo \u012fra\u0161\u0173 grotuvas\" aria-label='VideoPress vaizdo \u012fra\u0161\u0173 grotuvas' width='500' height='281' src='https:\/\/videopress.com\/embed\/tgY6TILp?hd=0&amp;cover=1' frameborder='0' allowfullscreen allow='clipboard-write'><\/iframe><script src='https:\/\/v0.wordpress.com\/js\/next\/videopress-iframe.js?m=1739540970'><\/script><\/p>\n<p><strong>JNR Telefonas Vape 30000 puf\u0173<\/strong> - Pirmasis pasaulyje i\u0161manusis vienkartinis \"Vape\" su jutikliniu ekranu.<\/p>\n<p>I\u0161bandykite garinimo ateit\u012f su <strong>JNR Telefonas Vape 30000 puf\u0173<\/strong>revoliucinis prietaisas, kuriame pa\u017eangiausia garinimo technologija skland\u017eiai derinama su i\u0161maniojo telefono patogumu. Tai ne tik vienkartinis garintuvas - tai i\u0161manusis kompanionas, si\u016blantis i\u0161skirtin\u012f garinim\u0105 ir ry\u0161\u012f. Pasirinkite \u012fprast\u0105 re\u017eim\u0105 (iki 30 000 \u012fp\u016btim\u0173) ir pulsin\u012f re\u017eim\u0105 (iki 18 000 \u012fp\u016btim\u0173), kad gal\u0117tum\u0117te m\u0117gautis individualia patirtimi. \u0160is prietaisas turi patog\u0173 jutiklin\u012f ekran\u0105, skambu\u010di\u0173 ir tekstini\u0173 prane\u0161im\u0173 funkcij\u0105, nuotolin\u012f kameros valdym\u0105 ir telefono suradimo funkcij\u0105, tod\u0117l jis u\u017etikrina ry\u0161\u012f ir kartu u\u017etikrina puik\u0173 veikim\u0105. Su 19 ml elektroninio skys\u010dio talpa, \u012fkraunama 850 mAh baterija ir reguliuojamu oro srautu, JNR Phone Vape yra skirtas patogumui ir pasitenkinimui. \u0160\u012f prietais\u0105 galima rinktis i\u0161 10 skani\u0173 skoni\u0173, tod\u0117l jis puikiai tinka asmeniniam malonumui ir <strong>vienkartiniai vape didmenin\u0117 prekyba<\/strong>.<\/p>\n<h3><strong>JNR Phone Vape 30000 Puffs Savyb\u0117s:<\/strong><\/h3>\n<ul>\n<li>Du garinimo re\u017eimai: \u012eprastas re\u017eimas (iki 30 000 \u012fp\u016btim\u0173) \/ impulsinis re\u017eimas (iki 18 000 \u012fp\u016btim\u0173)<\/li>\n<li>E-skys\u010dio talpa: 19ml<\/li>\n<li>Baterija: 850 mAh (\u012fkraunama)<\/li>\n<li>\u012ekrovimas: C tipo<\/li>\n<li>Nikotino stiprumas: 2% (20 mg)<\/li>\n<li>Veikimas: Traukimo funkcija<\/li>\n<li>Ekranas: Jutiklinis ekranas<\/li>\n<li>Oro srautas: Reguliuojamas<\/li>\n<li>I\u0161maniosios funkcijos: Skambinti, ra\u0161yti SMS, nuotolin\u0117 kamera, rasti telefon\u0105, privatus u\u017eraktas, sklandi program\u0117l\u0117<\/li>\n<\/ul>\n<h4>DUK<\/h4>\n<h5>Kaip jutiklinis ekranas pagerina garinimo patirt\u012f?<\/h5>\n<p>\"JNR Phone Vape 30000 Puffs\" turi patog\u0173 jutiklin\u012f ekran\u0105, kuriuo galima intuityviai valdyti i\u0161mani\u0105sias prietaiso funkcijas ir garinimo nustatymus. D\u0117l to navigacija per skambu\u010di\u0173, tekstini\u0173 prane\u0161im\u0173, nuotolin\u0117s kameros ir kitas funkcijas yra sklandi ir paprasta, o tai j\u012f i\u0161skiria i\u0161 kit\u0173 vienkartini\u0173 garintuv\u0173.<\/p>\n<h5>Kokie yra dviej\u0173 garinimo re\u017eim\u0173 privalumai?<\/h5>\n<p>\"JNR Phone Vape 30000 Puffs\" si\u016blo du garinimo re\u017eimus: \u012eprastas re\u017eimas (iki 30000 \u012fp\u016btim\u0173) ir pulsinis re\u017eimas (iki 18000 \u012fp\u016btim\u0173). Tai leid\u017eia pritaikyti garinimo patirt\u012f pagal savo pageidavimus, nesvarbu, ar pirmenyb\u0119 teikiate ilgaam\u017ei\u0161kumui, ar geresniam skoniui ir gar\u0173 gamybai. \u0160is universalumas idealiai tinka <strong>masinis u\u017esakymas<\/strong> poreikius.<\/p>\n<h5>Ar tikrai galiu skambinti ir si\u0173sti tekstinius prane\u0161imus naudodamasis \u0161iuo aparatu?<\/h5>\n<p>Taip! JNR Phone Vape 30000 Puffs integruotos i\u0161maniojo telefono funkcijos, tod\u0117l galite skambinti ir priimti skambu\u010dius, si\u0173sti ir gauti tekstinius prane\u0161imus, nuotoliniu b\u016bdu valdyti telefono kamer\u0105 ir net rasti pamest\u0105 i\u0161man\u0173j\u012f telefon\u0105. \u0160ios funkcijos kartu su skland\u017eia program\u0117li\u0173 s\u0105saja paver\u010dia \u0161\u012f prietais\u0105 i\u0161ties novatori\u0161ku.<\/p>\n<h5>Kaip galiu b\u016bti tikras d\u0117l gaminio kokyb\u0117s ir klient\u0173 aptarnavimo?<\/h5>\n<p>Mes palaikome \"PayPal\" mok\u0117jimo ir pirk\u0117jo apsaugos paslaug\u0105. Taip pat galite patikrinti m\u016bs\u0173 atsiliepimus <a href=\"https:\/\/www.trustpilot.com\/review\/volovape.com?utm_medium=trustbox&amp;utm_source=TrustBoxReviewCollector\">\"TrustPilot\"<\/a>.<\/p>","protected":false},"excerpt":{"rendered":"<p>Atraskite \"JNR Phone Vape 30000 Puffs\" - pirm\u0105j\u012f i\u0161maniojo telefono ir garintuvo derin\u012f. Turi 19 ml el. skys\u010dio, 850 mAh baterij\u0105, jutiklin\u012f ekran\u0105, i\u0161mani\u0105sias funkcijas, 2% nikotino. Didmenin\u0117 prekyba urmu, 10 skoni\u0173, C tipo \u012fkrovimas.<\/p>","protected":false},"featured_media":6318,"comment_status":"open","ping_status":"closed","template":"","meta":[],"product_brand":[],"product_cat":[79,63,21,18,39,20,23,24,22,25,26,27,28,29,30,31,32,33,34,35,36,40],"product_tag":[],"class_list":{"0":"post-6248","1":"product","2":"type-product","3":"status-publish","4":"has-post-thumbnail","6":"product_cat-jnr","7":"product_cat-30000-puffs-disposable-vape","8":"product_cat-big-puffs-vapes","9":"product_cat-different-puffs-of-disposable-vapes","10":"product_cat-digital-box-vapes","11":"product_cat-disposable-vape-types","12":"product_cat-disposable-vapes-in-austria","13":"product_cat-disposable-vapes-in-belgium","14":"product_cat-disposable-vapes-in-europe","15":"product_cat-disposable-vapes-in-france","16":"product_cat-disposable-vapes-in-germany","17":"product_cat-disposable-vapes-in-hungary","18":"product_cat-disposable-vapes-in-ltaly","19":"product_cat-disposable-vapes-in-netherlands","20":"product_cat-disposable-vapes-in-norway","21":"product_cat-disposable-vapes-in-poland","22":"product_cat-disposable-vapes-in-portugal","23":"product_cat-disposable-vapes-in-spain","24":"product_cat-disposable-vapes-in-sweden","25":"product_cat-disposable-vapes-in-switzerland","26":"product_cat-rechargeable-vapes","27":"product_cat-smart-screen-vapes","29":"first","30":"instock","31":"shipping-taxable","32":"purchasable","33":"product-type-variable","34":"has-default-attributes"},"jetpack_sharing_enabled":true,"tiered_pricing_type":"fixed","tiered_pricing_fixed_rules":{"2000":12.589999999999999857891452847979962825775146484375},"tiered_pricing_product_settings":{"layout":"default","base_unit_name":{"singular":null,"plural":null},"default_variation":null},"tiered_pricing_minimum_quantity":1000,"tiered_pricing_roles_data":[],"tiered_pricing_percentage_rules":[],"tiered_pricing_maximum_quantity":null,"tiered_pricing_quantity_step":"10","_links":{"self":[{"href":"https:\/\/volovape.com\/lt\/wp-json\/wp\/v2\/product\/6248","targetHints":{"allow":["GET"]}}],"collection":[{"href":"https:\/\/volovape.com\/lt\/wp-json\/wp\/v2\/product"}],"about":[{"href":"https:\/\/volovape.com\/lt\/wp-json\/wp\/v2\/types\/product"}],"replies":[{"embeddable":true,"href":"https:\/\/volovape.com\/lt\/wp-json\/wp\/v2\/comments?post=6248"}],"wp:featuredmedia":[{"embeddable":true,"href":"https:\/\/volovape.com\/lt\/wp-json\/wp\/v2\/media\/6318"}],"wp:attachment":[{"href":"https:\/\/volovape.com\/lt\/wp-json\/wp\/v2\/media?parent=6248"}],"wp:term":[{"taxonomy":"product_brand","embeddable":true,"href":"https:\/\/volovape.com\/lt\/wp-json\/wp\/v2\/product_brand?post=6248"},{"taxonomy":"product_cat","embeddable":true,"href":"https:\/\/volovape.com\/lt\/wp-json\/wp\/v2\/product_cat?post=6248"},{"taxonomy":"product_tag","embeddable":true,"href":"https:\/\/volovape.com\/lt\/wp-json\/wp\/v2\/product_tag?post=6248"}],"curies":[{"name":"wp","href":"https:\/\/api.w.org\/{rel}","templated":true}]}}