{"id":6247,"date":"2024-11-29T04:36:13","date_gmt":"2024-11-29T04:36:13","guid":{"rendered":"https:\/\/volovape.com\/?post_type=product&#038;p=6247"},"modified":"2025-08-07T08:19:50","modified_gmt":"2025-08-07T08:19:50","slug":"jnr-ziniasklaida-max-40000-40k-puffs","status":"publish","type":"product","link":"https:\/\/volovape.com\/lt\/product\/jnr-media-max-40000-40k-puffs\/","title":{"rendered":"\"JNR Media Max\" 40000 puffs\u0173 i\u0161manusis vienkartinis vape - skambu\u010diai, tekstiniai prane\u0161imai, fotoaparato valdymas"},"content":{"rendered":"<p><strong>JNR Medija Max 40000 puanson\u0173<\/strong> - I\u0161manusis vienkartinis \"Vape\" su neprilygstamomis funkcijomis.<\/p>\n<p>Svetain\u0117 <strong>JNR Medija Max 40000 puanson\u0173<\/strong> i\u0161 naujo apibr\u0117\u017eia vienkartin\u012f garinim\u0105, integruodamas \u012f i\u0161man\u0173j\u012f telefon\u0105 pana\u0161ias funkcijas \u012f didel\u0117s talpos prietais\u0105. Si\u016blomas stulbinantis <strong>40 000 \u012fkv\u0117pim\u0173<\/strong> ir didel\u0119 <strong>21ml e-skys\u010dio talpa<\/strong>, \u0161is aparatas sukurtas ilgesniam naudojimui. Maitinamas tvirto <strong>1000 mAh \u012fkraunama baterija<\/strong> su <strong>C tipo \u012fkrovimas<\/strong>, jis u\u017etikrina patikim\u0105 veikim\u0105. Pa\u017eangus <strong>dvigubos tinklin\u0117s rit\u0117s technologija<\/strong> u\u017etikrina i\u0161skirtin\u012f skon\u012f ir gar\u0173 gamyb\u0105. Unikalios i\u0161maniosios funkcijos, pvz., skambu\u010di\u0173 ir tekstini\u0173 prane\u0161im\u0173 galimyb\u0117, nuotolinis kameros valdymas ir telefono \/ garintuvo suradimo funkcija, pasiekiamos per didel\u012f <strong>2,4\" HD ekranas<\/strong>, i\u0161skiria \u0161\u012f prietais\u0105. Galima \u012fsigyti <strong>10 skani\u0173 skoni\u0173<\/strong>... <strong>JNR Medija Max 40000 puanson\u0173<\/strong> puikiai tinka naudotojams, ie\u0161kantiems daugiafunkcin\u0117s, auk\u0161tos kokyb\u0117s garinimo patirties, idealiai tinkan\u010dios tiek asmeniniam naudojimui, tiek <strong>vienkartiniai vape didmenin\u0117 prekyba<\/strong>.<\/p>\n<h3><strong>JNR Media Max 40000 Puffs Savyb\u0117s:<\/strong><\/h3>\n<ul>\n<li>I\u0161maniosios funkcijos: Skambinti, ra\u0161yti tekstinius prane\u0161imus, nuotolin\u0117 kamera, rasti telefon\u0105\/garintuv\u0105<\/li>\n<li>Pufai: Iki 40 000 \u012fpur\u0161kim\u0173<\/li>\n<li>E-skys\u010dio talpa: 21ml<\/li>\n<li>Akumuliatorius: 1000 mAh (\u012fkraunamas)<\/li>\n<li>\u012ekrovimas: C tipo<\/li>\n<li>rit\u0117: Dviguba tinklelio rit\u0117<\/li>\n<li>Oro srautas: Reguliuojamas<\/li>\n<li>Ekranas: 2,4\u2033 HD ekranas<\/li>\n<li>Nikotino stiprumas: 5%<\/li>\n<\/ul>\n<h4>DUK<\/h4>\n<h5>Kaip i\u0161maniosios funkcijos pagerina garinimo patirt\u012f?<\/h5>\n<p>\"JNR Media Max 40000 Puffs\" neapsiriboja \u012fprastu garinimu, nes si\u016blo integruotas i\u0161mani\u0105sias funkcijas, pavyzd\u017eiui, skambinti, si\u0173sti \u017einutes ir nuotoliniu b\u016bdu valdyti telefono kamer\u0105. Tai paver\u010dia j\u016bs\u0173 garintuv\u0105 daugiafunkciniu \u012ftaisu, suteikian\u010diu patogumo j\u016bs\u0173 kasdieniam gyvenimui. Funkcija \"rasti telefon\u0105 \/ garintuv\u0105\" yra ypa\u010d patogi, kad b\u016bt\u0173 i\u0161vengta pamest\u0173 daikt\u0173.<\/p>\n<h5>Ar tikrai galiu gauti 40 000 \u012fkv\u0117pim\u0173 i\u0161 vieno prietaiso?<\/h5>\n<p>Taip! JNR \"Media Max 40000 Puffs\" yra skirtas ilgaam\u017ei\u0161kumui, nes u\u017etikrina iki 40 000 \u012fpur\u0161kim\u0173. \u0160i didel\u0117 talpa kartu su 21 ml elektroninio skys\u010dio rezervuaru ir galinga 1000 mAh \u012fkraunama baterija u\u017etikrina ilgalaik\u012f naudojim\u0105, tod\u0117l tai puikus pasirinkimas <strong>masinis u\u017esakymas<\/strong> poreikius.<\/p>\n<h5>Kuo i\u0161skirtinis 2,4 coli\u0173 HD ekranas?<\/h5>\n<p>Dideliame 2,4 colio HD ekrane galima lengvai nar\u0161yti po i\u0161mani\u0105sias funkcijas ir gauti ai\u0161ki\u0105 informacij\u0105 apie garinimo nustatymus, puanson\u0173 skai\u010di\u0173 ir akumuliatoriaus veikimo trukm\u0119. D\u0117l \u0161ios patogios vartotojo s\u0105sajos \"JNR Media Max 40000 Puffs\" i\u0161siskiria vienkartini\u0173 garintuv\u0173 rinkoje.<\/p>\n<h5>Kaip galiu b\u016bti tikras d\u0117l gaminio kokyb\u0117s ir klient\u0173 aptarnavimo?<\/h5>\n<p>Mes palaikome \"PayPal\" mok\u0117jimo ir pirk\u0117jo apsaugos paslaug\u0105. Taip pat galite patikrinti m\u016bs\u0173 atsiliepimus <a href=\"https:\/\/www.trustpilot.com\/review\/volovape.com?utm_medium=trustbox&amp;utm_source=TrustBoxReviewCollector\">\"TrustPilot\"<\/a>.<\/p>","protected":false},"excerpt":{"rendered":"<p>Pakeiskite garinim\u0105 naudodami JNR Media Max 40000 Puffs Smart Vape. M\u0117gaukit\u0117s 21 ml el. skys\u010dio, 1000 mAh baterija, 2,4\u2033 HD ekranu, i\u0161maniosiomis funkcijomis, 5% nikotinu ir 10 skoni\u0173. C tipo \u012fkrovimas.<\/p>","protected":false},"featured_media":6306,"comment_status":"open","ping_status":"closed","template":"","meta":[],"product_brand":[],"product_cat":[79,74,21,18,39,20,23,24,22,25,26,27,28,29,30,31,32,33,34,35,36,40],"product_tag":[],"class_list":{"0":"post-6247","1":"product","2":"type-product","3":"status-publish","4":"has-post-thumbnail","6":"product_cat-jnr","7":"product_cat-40000-puffs-disposable-vape","8":"product_cat-big-puffs-vapes","9":"product_cat-different-puffs-of-disposable-vapes","10":"product_cat-digital-box-vapes","11":"product_cat-disposable-vape-types","12":"product_cat-disposable-vapes-in-austria","13":"product_cat-disposable-vapes-in-belgium","14":"product_cat-disposable-vapes-in-europe","15":"product_cat-disposable-vapes-in-france","16":"product_cat-disposable-vapes-in-germany","17":"product_cat-disposable-vapes-in-hungary","18":"product_cat-disposable-vapes-in-ltaly","19":"product_cat-disposable-vapes-in-netherlands","20":"product_cat-disposable-vapes-in-norway","21":"product_cat-disposable-vapes-in-poland","22":"product_cat-disposable-vapes-in-portugal","23":"product_cat-disposable-vapes-in-spain","24":"product_cat-disposable-vapes-in-sweden","25":"product_cat-disposable-vapes-in-switzerland","26":"product_cat-rechargeable-vapes","27":"product_cat-smart-screen-vapes","29":"first","30":"instock","31":"shipping-taxable","32":"purchasable","33":"product-type-variable","34":"has-default-attributes"},"jetpack_sharing_enabled":true,"tiered_pricing_type":"fixed","tiered_pricing_fixed_rules":{"2000":10.25},"tiered_pricing_product_settings":{"layout":"default","base_unit_name":{"singular":null,"plural":null},"default_variation":null},"tiered_pricing_minimum_quantity":1000,"tiered_pricing_roles_data":[],"tiered_pricing_percentage_rules":[],"tiered_pricing_maximum_quantity":null,"tiered_pricing_quantity_step":"10","_links":{"self":[{"href":"https:\/\/volovape.com\/lt\/wp-json\/wp\/v2\/product\/6247","targetHints":{"allow":["GET"]}}],"collection":[{"href":"https:\/\/volovape.com\/lt\/wp-json\/wp\/v2\/product"}],"about":[{"href":"https:\/\/volovape.com\/lt\/wp-json\/wp\/v2\/types\/product"}],"replies":[{"embeddable":true,"href":"https:\/\/volovape.com\/lt\/wp-json\/wp\/v2\/comments?post=6247"}],"wp:featuredmedia":[{"embeddable":true,"href":"https:\/\/volovape.com\/lt\/wp-json\/wp\/v2\/media\/6306"}],"wp:attachment":[{"href":"https:\/\/volovape.com\/lt\/wp-json\/wp\/v2\/media?parent=6247"}],"wp:term":[{"taxonomy":"product_brand","embeddable":true,"href":"https:\/\/volovape.com\/lt\/wp-json\/wp\/v2\/product_brand?post=6247"},{"taxonomy":"product_cat","embeddable":true,"href":"https:\/\/volovape.com\/lt\/wp-json\/wp\/v2\/product_cat?post=6247"},{"taxonomy":"product_tag","embeddable":true,"href":"https:\/\/volovape.com\/lt\/wp-json\/wp\/v2\/product_tag?post=6247"}],"curies":[{"name":"wp","href":"https:\/\/api.w.org\/{rel}","templated":true}]}}