{"id":6246,"date":"2024-11-29T04:36:13","date_gmt":"2024-11-29T04:36:13","guid":{"rendered":"https:\/\/volovape.com\/?post_type=product&#038;p=6246"},"modified":"2025-11-11T04:40:40","modified_gmt":"2025-11-11T04:40:40","slug":"jnr-falcon-x-18000-18k-puffs","status":"publish","type":"product","link":"https:\/\/volovape.com\/lt\/product\/jnr-falcon-x-18000-18k-puffs\/","title":{"rendered":"\"JNR FALCON X\" 18000 puanson\u0173 - vienkartinis vape - dvigubas tinklelis, reguliuojamas oro srautas, skaitmeninis ekranas"},"content":{"rendered":"<p><iframe title=\"VideoPress vaizdo \u012fra\u0161\u0173 grotuvas\" aria-label='VideoPress vaizdo \u012fra\u0161\u0173 grotuvas' width='421' height='750' src='https:\/\/videopress.com\/embed\/l1yxRMAO?hd=0&amp;cover=1' frameborder='0' allowfullscreen allow='clipboard-write'><\/iframe><script src='https:\/\/v0.wordpress.com\/js\/next\/videopress-iframe.js?m=1739540970'><\/script><\/p>\n<p><strong>JNR FALCON X 18000 Puffs vienkartinis Vape<\/strong> - Naujo lygio garinimas su dviej\u0173 branduoli\u0173 inovacijomis.<\/p>\n<p>Patirkite pa\u017eangiausi\u0105 <strong>JNR FALCON X 18000<\/strong>, kuriame \u012fdiegta pa\u017eangi dviej\u0173 branduoli\u0173 technologija, u\u017etikrinanti neprilygstam\u0105 na\u0161um\u0105. Su did\u017eiuliu <strong>18 000 puff<\/strong> paj\u0117gumai ir <strong>24 ml elektroninio skys\u010dio rezervuaras<\/strong>, \u0161is prietaisas u\u017etikrina ilgesn\u012f malonum\u0105. . <strong>950 mAh \u012fkraunamas akumuliatorius<\/strong> ir <strong>C tipo \u012fkrovimas<\/strong> u\u017etikrina patikim\u0105 maitinim\u0105 ir greit\u0105 \u012fkrovim\u0105. Svetain\u0117 <strong>0,6\u03a9 dvigubo tinklelio rit\u0117s<\/strong>kartu su dviej\u0173 branduoli\u0173 technologija sukuria sodr\u0173 skon\u012f ir tir\u0161tus garus. Pritaikykite savo patirt\u012f naudodami <strong>reguliuojamas oro srautas<\/strong> ir steb\u0117kite savo naudojim\u0105 naudodami <strong>skaitmeninis LED ekranas<\/strong> rodoma, kiek i\u0161p\u016bsta, baterija ir elektroninio skys\u010dio kiekis. Galima \u012fsigyti <strong>29 unikal\u016bs skoniai<\/strong>, FALCON X puikiai tinka ir asmeniniam naudojimui, ir <strong>vienkartiniai vape didmenin\u0117 prekyba<\/strong>, u\u017etikrinantis auk\u0161\u010diausios kokyb\u0117s garinimo patirt\u012f bet kuriam <strong>masinis u\u017esakymas<\/strong>.<\/p>\n<h3><strong>JNR FALCON X 18000 Savyb\u0117s:<\/strong><\/h3>\n<ul>\n<li>Pufai: Iki 18 000<\/li>\n<li>E-skys\u010dio talpa: 24 ml<\/li>\n<li>Baterija: 950 mAh (\u012fkraunama)<\/li>\n<li>\u012ekrovimas: C tipo<\/li>\n<li>Rit\u0117: 0.6\u03a9 Dual Mesh Coil &amp; Dual Core<\/li>\n<li>Oro srautas: Reguliuojamas<\/li>\n<li>Ekranas: Skaitmeninis \u0161viesos diodas (puff skai\u010dius, baterija, elektroninio skys\u010dio lygis)<\/li>\n<li>Nikotino stiprumas: 2%<\/li>\n<\/ul>\n<h4>DUK<\/h4>\n<h5>Kaip dviej\u0173 branduoli\u0173 technologija pagerina garinimo patirt\u012f?<\/h5>\n<p>JNR FALCON X 18000 dviej\u0173 branduoli\u0173 sistema u\u017etikrina tolyg\u0173 kaitinim\u0105 ir geresn\u012f aromato k\u016brim\u0105, tod\u0117l kiekvienas \u012fkv\u0117pimas yra sodresnis ir nuoseklesnis. Ji maksimaliai padidina gar\u0173 tank\u012f ir skonio intensyvum\u0105, tuo i\u0161siskirdama i\u0161 standartini\u0173 vienkartini\u0173 garintuv\u0173.<\/p>\n<h5>Ar tikrai galiu steb\u0117ti savo elektroninio skys\u010dio kiek\u012f skaitmeniniame ekrane?<\/h5>\n<p>Taip! JNR FALCON X 18000 turi skaitmenin\u012f LED ekran\u0105, kuriame realiuoju laiku pateikiama naujausia informacija apie elektroninio skys\u010dio kiek\u012f, \u012fp\u016btim\u0173 skai\u010di\u0173 ir baterijos veikimo laik\u0105. Tai leid\u017eia efektyviai valdyti savo garinimo patirt\u012f ir u\u017etikrina, kad niekada neb\u016bsite u\u017eklupti netik\u0117tai.<\/p>\n<h5>Kuo 29 skoni\u0173 pasirinkimai tokie unikal\u016bs?<\/h5>\n<p>Kiekvienas i\u0161 29 JNR FALCON X 18000 skoni\u0173 yra kruop\u0161\u010diai sukurtas, kad suteikt\u0173 savit\u0105 ir malon\u0173 skon\u012f. Nuo klasikini\u0173 vaisi\u0173 mi\u0161ini\u0173 iki naujovi\u0161k\u0173 mi\u0161ini\u0173, toki\u0173 kaip \"Cherry Cola\" ir \"Watermelon Lychee\", - kiekvienam skoniui rasite tinkam\u0105 skon\u012f. Idealiai tinka <strong>masinis u\u017esakymas<\/strong> poreikius, kiekvienas skonis sukurtas taip, kad juo b\u016bt\u0173 galima m\u0117gautis nuolat.<\/p>\n<h5>Kaip galiu b\u016bti tikras d\u0117l gaminio kokyb\u0117s ir patikimumo?<\/h5>\n<p>Mes palaikome \"PayPal\" mok\u0117jimo ir pirk\u0117jo apsaugos paslaug\u0105. Taip pat galite patikrinti m\u016bs\u0173 atsiliepimus <a href=\"https:\/\/www.trustpilot.com\/review\/volovape.com?utm_medium=trustbox&amp;utm_source=TrustBoxReviewCollector\">\"TrustPilot\"<\/a>.<\/p>","protected":false},"excerpt":{"rendered":"<p>I\u0161laisvinkite garinimo meistri\u0161kum\u0105 su \"JNR Falcon X 18000 Puffs Vape\". 24 ml el. skys\u010dio, 950 mAh baterija, dvigubos tinklin\u0117s rit\u0117s, LED ekranas, 2% nikotino ir 29 skoniai. C tipo \u012fkrovimas.<\/p>","protected":false},"featured_media":6280,"comment_status":"open","ping_status":"closed","template":"","meta":[],"product_brand":[],"product_cat":[79,50,21,43,18,39,20,23,24,22,25,26,27,28,29,30,31,32,33,34,35,44,36,40],"product_tag":[],"class_list":{"0":"post-6246","1":"product","2":"type-product","3":"status-publish","4":"has-post-thumbnail","6":"product_cat-jnr","7":"product_cat-18000-puffs-disposable-vape","8":"product_cat-big-puffs-vapes","9":"product_cat-crystal-vapes","10":"product_cat-different-puffs-of-disposable-vapes","11":"product_cat-digital-box-vapes","12":"product_cat-disposable-vape-types","13":"product_cat-disposable-vapes-in-austria","14":"product_cat-disposable-vapes-in-belgium","15":"product_cat-disposable-vapes-in-europe","16":"product_cat-disposable-vapes-in-france","17":"product_cat-disposable-vapes-in-germany","18":"product_cat-disposable-vapes-in-hungary","19":"product_cat-disposable-vapes-in-ltaly","20":"product_cat-disposable-vapes-in-netherlands","21":"product_cat-disposable-vapes-in-norway","22":"product_cat-disposable-vapes-in-poland","23":"product_cat-disposable-vapes-in-portugal","24":"product_cat-disposable-vapes-in-spain","25":"product_cat-disposable-vapes-in-sweden","26":"product_cat-disposable-vapes-in-switzerland","27":"product_cat-dual-mesh-vapes","28":"product_cat-rechargeable-vapes","29":"product_cat-smart-screen-vapes","31":"first","32":"instock","33":"shipping-taxable","34":"purchasable","35":"product-type-variable","36":"has-default-attributes"},"jetpack_sharing_enabled":true,"tiered_pricing_type":"fixed","tiered_pricing_fixed_rules":{"30":8.17999999999999971578290569595992565155029296875,"50":7.78000000000000024868995751603506505489349365234375,"100":7.04000000000000003552713678800500929355621337890625,"200":6.6699999999999999289457264239899814128875732421875,"400":6.11000000000000031974423109204508364200592041015625},"tiered_pricing_product_settings":{"layout":"default","base_unit_name":{"singular":null,"plural":null},"default_variation":null},"tiered_pricing_minimum_quantity":null,"tiered_pricing_roles_data":[],"tiered_pricing_percentage_rules":[],"tiered_pricing_maximum_quantity":"10","tiered_pricing_quantity_step":"10","_links":{"self":[{"href":"https:\/\/volovape.com\/lt\/wp-json\/wp\/v2\/product\/6246","targetHints":{"allow":["GET"]}}],"collection":[{"href":"https:\/\/volovape.com\/lt\/wp-json\/wp\/v2\/product"}],"about":[{"href":"https:\/\/volovape.com\/lt\/wp-json\/wp\/v2\/types\/product"}],"replies":[{"embeddable":true,"href":"https:\/\/volovape.com\/lt\/wp-json\/wp\/v2\/comments?post=6246"}],"wp:featuredmedia":[{"embeddable":true,"href":"https:\/\/volovape.com\/lt\/wp-json\/wp\/v2\/media\/6280"}],"wp:attachment":[{"href":"https:\/\/volovape.com\/lt\/wp-json\/wp\/v2\/media?parent=6246"}],"wp:term":[{"taxonomy":"product_brand","embeddable":true,"href":"https:\/\/volovape.com\/lt\/wp-json\/wp\/v2\/product_brand?post=6246"},{"taxonomy":"product_cat","embeddable":true,"href":"https:\/\/volovape.com\/lt\/wp-json\/wp\/v2\/product_cat?post=6246"},{"taxonomy":"product_tag","embeddable":true,"href":"https:\/\/volovape.com\/lt\/wp-json\/wp\/v2\/product_tag?post=6246"}],"curies":[{"name":"wp","href":"https:\/\/api.w.org\/{rel}","templated":true}]}}