{"id":6245,"date":"2024-11-29T04:36:13","date_gmt":"2024-11-29T04:36:13","guid":{"rendered":"https:\/\/volovape.com\/?post_type=product&#038;p=6245"},"modified":"2025-11-04T06:54:05","modified_gmt":"2025-11-04T06:54:05","slug":"jnr-falon-16000-16k-puffu","status":"publish","type":"product","link":"https:\/\/volovape.com\/lt\/product\/jnr-falon-16000-16k-puffs\/","title":{"rendered":"\"JNR Falcon\" 16000 \"Puffs\" vienkartinis vape - dvigubas tinklelis, reguliuojamas oro srautas, kristal\u0173 dizainas"},"content":{"rendered":"<p><iframe title=\"VideoPress vaizdo \u012fra\u0161\u0173 grotuvas\" aria-label='VideoPress vaizdo \u012fra\u0161\u0173 grotuvas' width='500' height='281' src='https:\/\/videopress.com\/embed\/IW3jjut3?hd=0&amp;cover=1' frameborder='0' allowfullscreen allow='clipboard-write'><\/iframe><script src='https:\/\/v0.wordpress.com\/js\/next\/videopress-iframe.js?m=1739540970'><\/script><\/p>\n<p><strong>JNR \"Falcon 16000 Puffs Original Edition\" vienkartinis Vape<\/strong> - Patirkite neprilygstam\u0105 stili\u0173 ir na\u0161um\u0105.<\/p>\n<p>Svetain\u0117 <strong>JNR \"Falcon\" 16000 puanson\u0173<\/strong> nustato nauj\u0105 vienkartini\u0173 garintuv\u0173 standart\u0105, sujungdamas sud\u0117ting\u0105 kri\u0161tolin\u012f dizain\u0105 ir i\u0161skirtin\u012f na\u0161um\u0105. M\u0117gaukit\u0117s iki <strong>16 000 \u012fkv\u0117pim\u0173<\/strong> i\u0161 dosnaus <strong>22 ml elektroninio skys\u010dio talpa<\/strong>, u\u017etikrinant ilgalaik\u0119 ir d\u017eiuginan\u010di\u0105 patirt\u012f. Pa\u017eangus <strong>1\u03a9 dviguba tinklelio rit\u0117<\/strong> u\u017etikrina sodr\u0173 ir pastov\u0173 skon\u012f, o <strong>reguliuojamas oro srautas<\/strong> galima naudoti individual\u0173 pie\u0161in\u012f. Su <strong>28 skonio parinktys<\/strong> ir <strong>2% nikotino stiprumas<\/strong>, \u0161is prietaisas atitinka \u012fvairius pageidavimus. Veikiamas <strong>850 mAh \u012fkraunama baterija<\/strong> su <strong>C tipo greitasis \u012fkrovimas<\/strong>, \"Falcon 16000\" pasi\u017eymi patikimumu ir patogumu. Idealiai tinka asmeniniam malonumui arba <strong>vienkartiniai vape didmenin\u0117 prekyba<\/strong>, i\u0161tirti m\u016bs\u0173 <strong>masinis u\u017esakymas<\/strong> galimyb\u0117s sutaupyti.<\/p>\n<h3><strong>JNR \"Falcon 16000 Puffs\" funkcijos:<\/strong><\/h3>\n<ul>\n<li>Nikotinas: 2%<\/li>\n<li>Pufai: 16000<\/li>\n<li>E-skys\u010dio talpa: 22 ml<\/li>\n<li>Baterija: 850 mAh (\u012fkraunama)<\/li>\n<li>Spiral\u0117: 1\u03a9 Dual Mesh Coil<\/li>\n<li>Dizainas: \"Crystal Craft\" eksterjeras<\/li>\n<li>Oro srautas: Reguliuojamas<\/li>\n<li>Skoniai: 28 parinktys<\/li>\n<li>\u012ekrovimas: C tipo<\/li>\n<\/ul>\n<h4>DUK<\/h4>\n<h5>Kaip reguliuojamas oro srautas pagerina garinimo patirt\u012f?<\/h5>\n<p>Reguliuojamo oro srauto funkcija leid\u017eia pritaikyti u\u017etraukimo pasiprie\u0161inim\u0105, tod\u0117l galite rinktis grie\u017et\u0105, koncentruot\u0105 skon\u012f arba laisvesn\u012f, oru sklindant\u012f gar\u0173 sraut\u0105 ir pritaikyti garavim\u0105 pagal savo pageidavimus.<\/p>\n<h5>Kokie pristatymo b\u016bdai naudojami?<\/h5>\n<p>Bendradarbiaujame su patikimais ve\u017e\u0117jais, tokiais kaip UPS, DHL, \"FedEx\" ir DPD, kad gal\u0117tume pasi\u016blyti efektyviausi\u0105 siuntimo variant\u0105 pagal j\u016bs\u0173 buvimo viet\u0105 ir u\u017etikrinti greit\u0105 bei patikim\u0105 pristatym\u0105.<\/p>\n<h5>Per kiek laiko bus pristatytas mano u\u017esakymas?<\/h5>\n<p>Pristatymas paprastai trunka 7-15 darbo dien\u0173. Ta\u010diau \u0161ven\u010di\u0173 dienomis arba esant nepalankioms oro s\u0105lygoms pra\u0161ome numatyti iki 20 darbo dien\u0173.<\/p>\n<h5>Ar kils koki\u0173 nors problem\u0173 d\u0117l muit\u0173 ar mokes\u010di\u0173?<\/h5>\n<p>Mes atliekame visas muitin\u0117s proced\u016bras, tod\u0117l garantuojame, kad nereik\u0117s mok\u0117ti joki\u0173 papildom\u0173 mokes\u010di\u0173 ar rinkliav\u0173. U\u017etikriname 100% vis\u0173 savo produkt\u0173 muitin\u012f \u012fforminim\u0105.<\/p>\n<h5>Ar mano pirkinys apsaugotas?<\/h5>\n<p>Taip, si\u016blome saugias mok\u0117jimo galimybes, \u012fskaitant \"PayPal\" su pirk\u0117jo apsauga. Taip pat galite patikrinti m\u016bs\u0173 patikimum\u0105 patikrin\u0119 m\u016bs\u0173 klient\u0173 atsiliepimus <a href=\"https:\/\/www.trustpilot.com\/review\/volovape.com?utm_medium=trustbox&amp;utm_source=TrustBoxReviewCollector\">\"TrustPilot\"<\/a>.<\/p>","protected":false},"excerpt":{"rendered":"<p>Atraskite JNR \"Falcon 16000 Puffs\" vienkartin\u012f garintuv\u0105 su 22 ml el. skys\u010dio, 850 mAh baterija, dvigubomis tinklin\u0117mis spiral\u0117mis, reguliuojama oro srove ir 2% nikotinu. Eleganti\u0161kas kri\u0161tolo dizainas, 28 skoniai, C tipo \u012fkrovimas.<\/p>","protected":false},"featured_media":6263,"comment_status":"open","ping_status":"closed","template":"","meta":[],"product_brand":[],"product_cat":[79,51,21,43,18,39,20,23,24,22,25,26,27,28,29,30,31,32,33,34,35,44,36,40],"product_tag":[],"class_list":{"0":"post-6245","1":"product","2":"type-product","3":"status-publish","4":"has-post-thumbnail","6":"product_cat-jnr","7":"product_cat-16000-puffs-disposable-vape","8":"product_cat-big-puffs-vapes","9":"product_cat-crystal-vapes","10":"product_cat-different-puffs-of-disposable-vapes","11":"product_cat-digital-box-vapes","12":"product_cat-disposable-vape-types","13":"product_cat-disposable-vapes-in-austria","14":"product_cat-disposable-vapes-in-belgium","15":"product_cat-disposable-vapes-in-europe","16":"product_cat-disposable-vapes-in-france","17":"product_cat-disposable-vapes-in-germany","18":"product_cat-disposable-vapes-in-hungary","19":"product_cat-disposable-vapes-in-ltaly","20":"product_cat-disposable-vapes-in-netherlands","21":"product_cat-disposable-vapes-in-norway","22":"product_cat-disposable-vapes-in-poland","23":"product_cat-disposable-vapes-in-portugal","24":"product_cat-disposable-vapes-in-spain","25":"product_cat-disposable-vapes-in-sweden","26":"product_cat-disposable-vapes-in-switzerland","27":"product_cat-dual-mesh-vapes","28":"product_cat-rechargeable-vapes","29":"product_cat-smart-screen-vapes","31":"first","32":"instock","33":"shipping-taxable","34":"purchasable","35":"product-type-variable","36":"has-default-attributes"},"jetpack_sharing_enabled":true,"tiered_pricing_type":"fixed","tiered_pricing_fixed_rules":{"30":8,"50":7.589999999999999857891452847979962825775146484375,"100":6.8499999999999996447286321199499070644378662109375,"200":6.480000000000000426325641456060111522674560546875,"400":5.92999999999999971578290569595992565155029296875},"tiered_pricing_product_settings":{"layout":"default","base_unit_name":{"singular":null,"plural":null},"default_variation":null},"tiered_pricing_minimum_quantity":10,"tiered_pricing_roles_data":[],"tiered_pricing_percentage_rules":[],"tiered_pricing_maximum_quantity":null,"tiered_pricing_quantity_step":"10","_links":{"self":[{"href":"https:\/\/volovape.com\/lt\/wp-json\/wp\/v2\/product\/6245","targetHints":{"allow":["GET"]}}],"collection":[{"href":"https:\/\/volovape.com\/lt\/wp-json\/wp\/v2\/product"}],"about":[{"href":"https:\/\/volovape.com\/lt\/wp-json\/wp\/v2\/types\/product"}],"replies":[{"embeddable":true,"href":"https:\/\/volovape.com\/lt\/wp-json\/wp\/v2\/comments?post=6245"}],"wp:featuredmedia":[{"embeddable":true,"href":"https:\/\/volovape.com\/lt\/wp-json\/wp\/v2\/media\/6263"}],"wp:attachment":[{"href":"https:\/\/volovape.com\/lt\/wp-json\/wp\/v2\/media?parent=6245"}],"wp:term":[{"taxonomy":"product_brand","embeddable":true,"href":"https:\/\/volovape.com\/lt\/wp-json\/wp\/v2\/product_brand?post=6245"},{"taxonomy":"product_cat","embeddable":true,"href":"https:\/\/volovape.com\/lt\/wp-json\/wp\/v2\/product_cat?post=6245"},{"taxonomy":"product_tag","embeddable":true,"href":"https:\/\/volovape.com\/lt\/wp-json\/wp\/v2\/product_tag?post=6245"}],"curies":[{"name":"wp","href":"https:\/\/api.w.org\/{rel}","templated":true}]}}