{"id":598,"date":"2024-11-21T03:31:02","date_gmt":"2024-11-21T03:31:02","guid":{"rendered":"https:\/\/volovape.com\/?post_type=product&#038;p=598"},"modified":"2026-03-16T08:57:33","modified_gmt":"2026-03-16T08:57:33","slug":"sprogimo-dezute-20000-puffu","status":"publish","type":"product","link":"https:\/\/volovape.com\/lt\/product\/bang-box-20000-puffs\/","title":{"rendered":"\"Bang Box\" 20000 puffs ilgalaikis vienkartinis vape - urmu parinktys su didele nuolaida"},"content":{"rendered":"<p><strong>\"Bang Box\" 20000 Puffs Ultimate \u012fkraunamas vienkartinis Vape<\/strong> - Patirkite neprilygstam\u0105 ilgaam\u017ei\u0161kum\u0105 ir skon\u012f su \"Bang Box 20000\". \u0160is didel\u0117s talpos vienkartinis garintuvas, turintis 35 ml e. skys\u010dio talpykl\u0105 ir 850 mAh \u012fkraunam\u0105 akumuliatori\u0173, u\u017etikrina stulbinam\u0105 20 000 \u012fkv\u0117pim\u0173 kiek\u012f. Pa\u017eangi tinklin\u0117s rit\u0117s technologija u\u017etikrina nuolatin\u012f skland\u0173 ir aromating\u0105 garavim\u0105, puikiai tinkant\u012f tiek asmeniniam naudojimui, tiek didmeniniams didmeniniams vienkartini\u0173 garintuv\u0173 u\u017esakymams. Rinkit\u0117s i\u0161 0%, 2%, 3% arba 5% nikotino stiprumo ir plataus 12 ry\u0161ki\u0173 skoni\u0173 pasirinkimo.<\/p>\n<h3><strong>\"Bang Box 20000 Puffs\" funkcijos:<\/strong><\/h3>\n<ul>\n<li>Puffs: 20000 puffs<\/li>\n<li>E-skys\u010dio talpa: 35 ml<\/li>\n<li>Baterija: 850 mAh (\u012fkraunama)<\/li>\n<li>\u012ekrovimas: C tipo<\/li>\n<li>rit\u0117: Tinklin\u0117 rit\u0117<\/li>\n<li>Nikotino stiprumas: 0%, 2%, 3%, 5%<\/li>\n<li>Skonio parinktys: Bra\u0161ki\u0173 kivi\u0173, kivi\u0173 pasiflor\u0173 gvajav\u0173, bra\u0161ki\u0173 arb\u016bz\u0173, avie\u010di\u0173 arb\u016bz\u0173, m\u0117lyni\u0173 ir avie\u010di\u0173 led\u0173, arb\u016bz\u0173 led\u0173, banan\u0173 led\u0173, mang\u0173 persik\u0173, Blue Razz led\u0173, Mr.<\/li>\n<\/ul>\n<h4>DUK<\/h4>\n<h5>Kaip 850 mAh baterija pagerina garinimo patirt\u012f?<\/h5>\n<p>850 mAh akumuliatorius u\u017etikrina ilgesn\u012f maitinim\u0105, tod\u0117l gal\u0117site m\u0117gautis visais 20 000 \u012fkv\u0117pim\u0173 be da\u017eno \u012fkrovimo. Didesn\u0117 baterijos talpa leid\u017eia ilgiau garinti ir u\u017etikrinti pastov\u0173 veikim\u0105.<\/p>\n<h5>Kokie yra galimi pristatymo b\u016bdai?<\/h5>\n<p>Bendradarbiaujame su patikimais ve\u017e\u0117jais, \u012fskaitant UPS, DHL, \"FedEx\" ir DPD, kad gal\u0117tume pasi\u016blyti patikim\u0105 ir veiksming\u0105 siuntim\u0105. Tinkamiausias pristatymo b\u016bdas parenkamas atsi\u017evelgiant \u012f pristatymo viet\u0105.<\/p>\n<h5>Kiek laiko paprastai u\u017etrunka pristatymas?<\/h5>\n<p>Pristatymas paprastai trunka 7-15 darbo dien\u0173, ta\u010diau \u0161ven\u010di\u0173 dienomis ar esant nepalankioms oro s\u0105lygoms pristatymo laikas gali pailg\u0117ti iki 20 darbo dien\u0173.<\/p>\n<h5>Ar taikomi kokie nors muitin\u0117s mokes\u010diai ar rinkliavos?<\/h5>\n<p>Mes atliekame visus muitin\u0117s formalumus, tod\u0117l garantuojame, kad jums nereik\u0117s mok\u0117ti joki\u0173 papildom\u0173 mokes\u010di\u0173 ar rinkliav\u0173. 100% m\u016bs\u0173 gamini\u0173 muitin\u0117 i\u0161muitinama be problem\u0173.<\/p>\n<h5>Ar mano pirkinys yra saugus ir patikimas?<\/h5>\n<p>Si\u016blome saugius sandorius per \"PayPal\" pirk\u0117j\u0173 apsaug\u0105. Taip pat galite patikrinti m\u016bs\u0173 patikimum\u0105 patikrin\u0119 klient\u0173 atsiliepimus <a href=\"https:\/\/www.trustpilot.com\/review\/volovape.com?utm_medium=trustbox&amp;utm_source=TrustBoxReviewCollector\">\"TrustPilot\"<\/a>.<\/p>","protected":false},"excerpt":{"rendered":"<p>Dominuokite rinkoje su didmenine \"Bang Box 20000 Puffs\" prekyba! 35 ml talpa, 850 mAh baterija, pa\u017eangi tinklin\u0117 rit\u0117. Atsargos maksimalus ilgaam\u017ei\u0161kumas, \u012fkraunamos vienkartin\u0117s priemon\u0117s.<\/p>","protected":false},"featured_media":941,"comment_status":"open","ping_status":"closed","template":"","meta":[],"product_brand":[],"product_cat":[61,42,21,18,20,23,24,22,25,26,27,28,29,30,31,32,33,34,35,36,40],"product_tag":[],"class_list":{"0":"post-598","1":"product","2":"type-product","3":"status-publish","4":"has-post-thumbnail","6":"product_cat-bang","7":"product_cat-20000-puffs-disposable-vape","8":"product_cat-big-puffs-vapes","9":"product_cat-different-puffs-of-disposable-vapes","10":"product_cat-disposable-vape-types","11":"product_cat-disposable-vapes-in-austria","12":"product_cat-disposable-vapes-in-belgium","13":"product_cat-disposable-vapes-in-europe","14":"product_cat-disposable-vapes-in-france","15":"product_cat-disposable-vapes-in-germany","16":"product_cat-disposable-vapes-in-hungary","17":"product_cat-disposable-vapes-in-ltaly","18":"product_cat-disposable-vapes-in-netherlands","19":"product_cat-disposable-vapes-in-norway","20":"product_cat-disposable-vapes-in-poland","21":"product_cat-disposable-vapes-in-portugal","22":"product_cat-disposable-vapes-in-spain","23":"product_cat-disposable-vapes-in-sweden","24":"product_cat-disposable-vapes-in-switzerland","25":"product_cat-rechargeable-vapes","26":"product_cat-smart-screen-vapes","28":"first","29":"instock","30":"shipping-taxable","31":"purchasable","32":"product-type-variable","33":"has-default-attributes"},"jetpack_sharing_enabled":true,"tiered_pricing_type":"fixed","tiered_pricing_fixed_rules":{"30":6.480000000000000426325641456060111522674560546875,"50":6.04999999999999982236431605997495353221893310546875,"100":5.30999999999999960920149533194489777088165283203125,"200":4.94000000000000039079850466805510222911834716796875,"400":4.37999999999999989341858963598497211933135986328125},"tiered_pricing_product_settings":{"layout":"default","base_unit_name":{"singular":null,"plural":null},"default_variation":null},"tiered_pricing_minimum_quantity":10,"tiered_pricing_roles_data":[],"tiered_pricing_percentage_rules":[],"tiered_pricing_maximum_quantity":null,"tiered_pricing_quantity_step":"10","_links":{"self":[{"href":"https:\/\/volovape.com\/lt\/wp-json\/wp\/v2\/product\/598","targetHints":{"allow":["GET"]}}],"collection":[{"href":"https:\/\/volovape.com\/lt\/wp-json\/wp\/v2\/product"}],"about":[{"href":"https:\/\/volovape.com\/lt\/wp-json\/wp\/v2\/types\/product"}],"replies":[{"embeddable":true,"href":"https:\/\/volovape.com\/lt\/wp-json\/wp\/v2\/comments?post=598"}],"wp:featuredmedia":[{"embeddable":true,"href":"https:\/\/volovape.com\/lt\/wp-json\/wp\/v2\/media\/941"}],"wp:attachment":[{"href":"https:\/\/volovape.com\/lt\/wp-json\/wp\/v2\/media?parent=598"}],"wp:term":[{"taxonomy":"product_brand","embeddable":true,"href":"https:\/\/volovape.com\/lt\/wp-json\/wp\/v2\/product_brand?post=598"},{"taxonomy":"product_cat","embeddable":true,"href":"https:\/\/volovape.com\/lt\/wp-json\/wp\/v2\/product_cat?post=598"},{"taxonomy":"product_tag","embeddable":true,"href":"https:\/\/volovape.com\/lt\/wp-json\/wp\/v2\/product_tag?post=598"}],"curies":[{"name":"wp","href":"https:\/\/api.w.org\/{rel}","templated":true}]}}