{"id":596,"date":"2024-11-21T03:31:02","date_gmt":"2024-11-21T03:31:02","guid":{"rendered":"https:\/\/volovape.com\/?post_type=product&#038;p=596"},"modified":"2025-08-06T08:00:34","modified_gmt":"2025-08-06T08:00:34","slug":"bang-bc-dezute-15000-puffu","status":"publish","type":"product","link":"https:\/\/volovape.com\/lt\/product\/bang-bc-box-15000-puffs\/","title":{"rendered":"\"Bang BC Box\" 15000 puf\u0173 vienkartini\u0173 vape - \u012fkraunamas, tinklelio formos rit\u0117"},"content":{"rendered":"<p><strong>Bang BC Box 15000 Puffs \u012fkraunamas vienkartinis Vape<\/strong> - Patirkite ilgesn\u012f garinimo malonum\u0105 su Bang BC Box 15000. \u0160is didel\u0117s talpos vienkartinis garintuvas, turintis 25 ml e. skys\u010dio talpykl\u0105 ir 650 mAh \u012fkraunam\u0105 baterij\u0105, leid\u017eia atlikti iki 15 000 \u012fp\u016btim\u0173. Pa\u017eangi tinklin\u0117s rit\u0117s technologija u\u017etikrina nuolat skland\u0173 ir aromating\u0105 garavim\u0105. \u0160is prietaisas idealiai tinka asmeniniam naudojimui ir didmeniniams didmeniniams vienkartini\u0173 garintuv\u0173 u\u017esakymams, jame si\u016blomas 0%, 2%, 3% arba 5% nikotino stiprumas ir \u012fvairus 11 skani\u0173 skoni\u0173 pasirinkimas.<\/p>\n<h3><strong>Bang BC d\u0117\u017eut\u0117 15000 pufik\u0173 Savyb\u0117s:<\/strong><\/h3>\n<ul>\n<li>Puffs: 15000 puffs<\/li>\n<li>E-skys\u010dio talpa: 25 ml<\/li>\n<li>Baterija: 650 mAh (\u012fkraunama)<\/li>\n<li>\u012ekrovimas: C tipo<\/li>\n<li>rit\u0117: Tinklin\u0117 rit\u0117<\/li>\n<li>Nikotino stiprumas: 0%, 2%, 3%, 5%<\/li>\n<li>Skonio parinktys: M\u0117lyni\u0173 avie\u010di\u0173, bra\u0161ki\u0173 banan\u0173, avie\u010di\u0173 r\u016bg\u0161\u010di\u0173 obuoli\u0173, m\u0117lyni\u0173 bra\u0161ki\u0173, bra\u0161ki\u0173 kivi\u0173, mang\u0173 su ledu, vy\u0161ni\u0173 kolos, bra\u0161ki\u0173 arb\u016bz\u0173, arb\u016bz\u0173 su ledu, bra\u0161ki\u0173 vynuogi\u0173, mi\u0161ri\u0173 uog\u0173.<\/li>\n<\/ul>\n<h4>DUK<\/h4>\n<h5>Kaip tinklin\u0117 rit\u0117 pagerina garinimo patirt\u012f?<\/h5>\n<p>Tinklin\u0117s rit\u0117s konstrukcija u\u017etikrina didesn\u012f kaitinimo pavir\u0161i\u0173, tod\u0117l kaitinimas yra tolygesnis, o skonis ir gar\u0173 gamyba geresn\u0117. \u0160i technologija u\u017etikrina nuolatin\u012f skland\u0173 ir malon\u0173 garinim\u0105.<\/p>\n<h5>Kokie pristatymo b\u016bdai naudojami?<\/h5>\n<p>Bendradarbiaujame su patikimais ve\u017e\u0117jais, tokiais kaip UPS, DHL, \"FedEx\" ir DPD, kad gal\u0117tume pasi\u016blyti veiksming\u0105 ir patikim\u0105 pristatym\u0105. Tinkamiausias pristatymo b\u016bdas parenkamas atsi\u017evelgiant \u012f pristatymo viet\u0105.<\/p>\n<h5>Kiek laiko paprastai u\u017etrunka pristatymas?<\/h5>\n<p>Pristatymas paprastai trunka 7-15 darbo dien\u0173, ta\u010diau \u0161ven\u010di\u0173 dienomis ar esant nepalankioms oro s\u0105lygoms pristatymo laikas gali pailg\u0117ti iki 20 darbo dien\u0173.<\/p>\n<h5>Ar reik\u0117s mok\u0117ti kokius nors muitin\u0117s mokes\u010dius ar rinkliavas?<\/h5>\n<p>Mes atliekame visus muitin\u0117s formalumus, tod\u0117l garantuojame, kad jums nereik\u0117s mok\u0117ti joki\u0173 papildom\u0173 mokes\u010di\u0173 ar rinkliav\u0173. 100% m\u016bs\u0173 gamini\u0173 muitin\u0117 i\u0161muitinama be problem\u0173.<\/p>\n<h5>Ar mano pirkinys yra saugus ir patikimas?<\/h5>\n<p>Si\u016blome saugius sandorius per \"PayPal\" pirk\u0117j\u0173 apsaug\u0105. Taip pat galite patikrinti m\u016bs\u0173 patikimum\u0105 patikrin\u0119 klient\u0173 atsiliepimus <a href=\"https:\/\/www.trustpilot.com\/review\/volovape.com?utm_medium=trustbox&amp;utm_source=TrustBoxReviewCollector\">\"TrustPilot\"<\/a>.<\/p>","protected":false},"excerpt":{"rendered":"<p>Gaukite ilgalaik\u012f skon\u012f su Bang BC Box 15000 puf\u0173 vienkartiniu garintuvu. 25 ml, \u012fkraunamas, tinklin\u0117 rit\u0117. Puikiai tinka asmeniniam naudojimui arba didmeninei prekybai dideliais kiekiais. \u012evairus nikotinas.<\/p>","protected":false},"featured_media":912,"comment_status":"open","ping_status":"closed","template":"","meta":[],"product_brand":[],"product_cat":[61,41,21,18,39,20,23,24,22,25,26,27,28,29,30,31,32,33,34,35,36,40],"product_tag":[],"class_list":{"0":"post-596","1":"product","2":"type-product","3":"status-publish","4":"has-post-thumbnail","6":"product_cat-bang","7":"product_cat-15000-puffs-disposable-vape","8":"product_cat-big-puffs-vapes","9":"product_cat-different-puffs-of-disposable-vapes","10":"product_cat-digital-box-vapes","11":"product_cat-disposable-vape-types","12":"product_cat-disposable-vapes-in-austria","13":"product_cat-disposable-vapes-in-belgium","14":"product_cat-disposable-vapes-in-europe","15":"product_cat-disposable-vapes-in-france","16":"product_cat-disposable-vapes-in-germany","17":"product_cat-disposable-vapes-in-hungary","18":"product_cat-disposable-vapes-in-ltaly","19":"product_cat-disposable-vapes-in-netherlands","20":"product_cat-disposable-vapes-in-norway","21":"product_cat-disposable-vapes-in-poland","22":"product_cat-disposable-vapes-in-portugal","23":"product_cat-disposable-vapes-in-spain","24":"product_cat-disposable-vapes-in-sweden","25":"product_cat-disposable-vapes-in-switzerland","26":"product_cat-rechargeable-vapes","27":"product_cat-smart-screen-vapes","29":"first","30":"instock","31":"shipping-taxable","32":"purchasable","33":"product-type-variable","34":"has-default-attributes"},"jetpack_sharing_enabled":true,"tiered_pricing_type":"fixed","tiered_pricing_fixed_rules":{"2000":4.13999999999999968025576890795491635799407958984375},"tiered_pricing_product_settings":{"layout":"default","base_unit_name":{"singular":null,"plural":null},"default_variation":null},"tiered_pricing_minimum_quantity":1000,"tiered_pricing_roles_data":[],"tiered_pricing_percentage_rules":[],"tiered_pricing_maximum_quantity":null,"tiered_pricing_quantity_step":"10","_links":{"self":[{"href":"https:\/\/volovape.com\/lt\/wp-json\/wp\/v2\/product\/596","targetHints":{"allow":["GET"]}}],"collection":[{"href":"https:\/\/volovape.com\/lt\/wp-json\/wp\/v2\/product"}],"about":[{"href":"https:\/\/volovape.com\/lt\/wp-json\/wp\/v2\/types\/product"}],"replies":[{"embeddable":true,"href":"https:\/\/volovape.com\/lt\/wp-json\/wp\/v2\/comments?post=596"}],"wp:featuredmedia":[{"embeddable":true,"href":"https:\/\/volovape.com\/lt\/wp-json\/wp\/v2\/media\/912"}],"wp:attachment":[{"href":"https:\/\/volovape.com\/lt\/wp-json\/wp\/v2\/media?parent=596"}],"wp:term":[{"taxonomy":"product_brand","embeddable":true,"href":"https:\/\/volovape.com\/lt\/wp-json\/wp\/v2\/product_brand?post=596"},{"taxonomy":"product_cat","embeddable":true,"href":"https:\/\/volovape.com\/lt\/wp-json\/wp\/v2\/product_cat?post=596"},{"taxonomy":"product_tag","embeddable":true,"href":"https:\/\/volovape.com\/lt\/wp-json\/wp\/v2\/product_tag?post=596"}],"curies":[{"name":"wp","href":"https:\/\/api.w.org\/{rel}","templated":true}]}}