{"id":5798,"date":"2024-11-21T03:49:18","date_gmt":"2024-11-21T03:49:18","guid":{"rendered":"https:\/\/volovape.com\/?post_type=product&#038;p=5798"},"modified":"2025-11-04T06:53:58","modified_gmt":"2025-11-04T06:53:58","slug":"vapme-20k-crystal-dvigubo-skonio-20000-puffs","status":"publish","type":"product","link":"https:\/\/volovape.com\/lt\/product\/vapme-20k-crystal-double-flavor-20000-puffs\/","title":{"rendered":"VAPME 20K Crystal dvigubo skonio vienkartinis vape - 20000 \u012fp\u016btim\u0173, tinklin\u0117 rit\u0117"},"content":{"rendered":"<p><strong>VAPME 20K Crystal Double Flavor Disposable Vape<\/strong> - I\u0161bandykite du skonius ir 20 000 p\u016btim\u0173 viename prietaise.<\/p>\n<p>Svetain\u0117 <strong>VAPME 20K Crystal Double Flavor<\/strong> i\u0161 naujo apibr\u0117\u017eia vienkartini\u0173 garintuv\u0173 apibr\u0117\u017eim\u0105, nes turi unikali\u0105 dvigubo skonio sistem\u0105, leid\u017eian\u010di\u0105 be vargo perjungti du meistri\u0161kai suderintus skonius. M\u0117gaukit\u0117s iki <strong>20 000 \u012fkv\u0117pim\u0173<\/strong> su gausiu <strong>20 ml elektroninio skys\u010dio talpa<\/strong> ir tvirt\u0105 <strong>700 mAh \u012fkraunamas akumuliatorius<\/strong>. Su <strong>tinklelio rit\u0117<\/strong> puikiam skonio perteikimui ir <strong>2% nikotino stiprumas<\/strong>, \u0161is prietaisas u\u017etikrina skland\u0173 ir malon\u0173 garinim\u0105. Idealiai tinka tiek asmeniniam naudojimui, tiek <strong>vienkartiniai vape didmenin\u0117 prekyba<\/strong>\u0161is prietaisas yra patogus ir ilgaam\u017eis. Puikiai tinka tiems, kurie ie\u0161ko <strong>masinis u\u017esakymas<\/strong> didel\u0117s talpos vienkartini\u0173 gamini\u0173.<\/p>\n<h3><strong>VAPME 20K kristal\u0173 dvigubo skonio savyb\u0117s:<\/strong><\/h3>\n<ul>\n<li>Pufai: Iki 20 000<\/li>\n<li>E-skys\u010dio talpa: 20 ml<\/li>\n<li>Baterija: 700 mAh (\u012fkraunama)<\/li>\n<li>\u012ekrovimas: C tipo<\/li>\n<li>rit\u0117: Tinklin\u0117 rit\u0117<\/li>\n<li>Nikotino stiprumas: 2%<\/li>\n<li>Dvigubo skonio sistema<\/li>\n<\/ul>\n<h4>DUK<\/h4>\n<h5>Kaip veikia dvigubo skonio sistema?<\/h5>\n<p>VAPME 20K Crystal Double Flavor turi dvi atskiras e. skys\u010dio kameras ir perjungimo mechanizm\u0105. Tai leid\u017eia lengvai perjungti du skirtingus skonius ir suteikia \u012fvairiapus\u0119 ir maloni\u0105 garinimo patirt\u012f be keli\u0173 prietais\u0173.<\/p>\n<h5>Kokie pristatymo b\u016bdai naudojami?<\/h5>\n<p>Bendradarbiaujame su pirmaujan\u010diais ve\u017e\u0117jais, tokiais kaip UPS, DHL, \"FedEx\" ir DPD, kad u\u017etikrintume patikim\u0105 ir veiksming\u0105 pristatym\u0105. Geriausias pristatymo b\u016bdas bus parinktas atsi\u017evelgiant \u012f j\u016bs\u0173 buvimo viet\u0105, kad b\u016bt\u0173 u\u017etikrintas greitas pristatymas.<\/p>\n<h5>Per kiek laiko jis bus pristatytas?<\/h5>\n<p>Pristatymas paprastai trunka 7-15 darbo dien\u0173. Ta\u010diau \u0161ven\u010di\u0173 dienomis ar esant nepalankioms oro s\u0105lygoms pra\u0161ome numatyti iki 20 darbo dien\u0173.<\/p>\n<h5>Ar susidursiu su kokiomis nors muitin\u0117s ar mokes\u010di\u0173 problemomis?<\/h5>\n<p>Mes atliekame visas muitin\u0117s proced\u016bras ir garantuojame, kad nereik\u0117s mok\u0117ti joki\u0173 papildom\u0173 mokes\u010di\u0173 ar rinkliav\u0173. Galite pasitik\u0117ti, kad 100% m\u016bs\u0173 siuntos bus i\u0161muitintos be problem\u0173.<\/p>\n<h5>Ar mano pirkinys saugus?<\/h5>\n<p>Taip, si\u016blome saugias mok\u0117jimo galimybes, \u012fskaitant \"PayPal\" su pirk\u0117jo apsauga. Taip pat galite patikrinti m\u016bs\u0173 patikimum\u0105 patikrin\u0119 m\u016bs\u0173 klient\u0173 atsiliepimus <a href=\"https:\/\/www.trustpilot.com\/review\/volovape.com?utm_medium=trustbox&amp;utm_source=TrustBoxReviewCollector\">\"TrustPilot\"<\/a>.<\/p>","protected":false},"excerpt":{"rendered":"<p>M\u0117gaukit\u0117s dvigubu skoniu su VAPME 20K Crystal Double Flavor Vape. 20 ml el. skys\u010dio, 700 mAh baterija, tinklin\u0117s rit\u0117s, 2% nikotinas, iki 20 000 \u012fkv\u0117pim\u0173. Didmenin\u0117 didmenin\u0117 prekyba, C tipo \u012fkrovimas.<\/p>","protected":false},"featured_media":5814,"comment_status":"open","ping_status":"closed","template":"","meta":[],"product_brand":[],"product_cat":[49,42,21,43,18,39,20,23,24,22,25,26,27,28,29,30,31,32,33,34,35,64,36,40],"product_tag":[],"class_list":{"0":"post-5798","1":"product","2":"type-product","3":"status-publish","4":"has-post-thumbnail","6":"product_cat-vapme","7":"product_cat-20000-puffs-disposable-vape","8":"product_cat-big-puffs-vapes","9":"product_cat-crystal-vapes","10":"product_cat-different-puffs-of-disposable-vapes","11":"product_cat-digital-box-vapes","12":"product_cat-disposable-vape-types","13":"product_cat-disposable-vapes-in-austria","14":"product_cat-disposable-vapes-in-belgium","15":"product_cat-disposable-vapes-in-europe","16":"product_cat-disposable-vapes-in-france","17":"product_cat-disposable-vapes-in-germany","18":"product_cat-disposable-vapes-in-hungary","19":"product_cat-disposable-vapes-in-ltaly","20":"product_cat-disposable-vapes-in-netherlands","21":"product_cat-disposable-vapes-in-norway","22":"product_cat-disposable-vapes-in-poland","23":"product_cat-disposable-vapes-in-portugal","24":"product_cat-disposable-vapes-in-spain","25":"product_cat-disposable-vapes-in-sweden","26":"product_cat-disposable-vapes-in-switzerland","27":"product_cat-dual-flavor-vapes","28":"product_cat-rechargeable-vapes","29":"product_cat-smart-screen-vapes","31":"first","32":"instock","33":"shipping-taxable","34":"purchasable","35":"product-type-variable","36":"has-default-attributes"},"jetpack_sharing_enabled":true,"tiered_pricing_type":"fixed","tiered_pricing_fixed_rules":{"30":8.28999999999999914734871708787977695465087890625,"50":7.28000000000000024868995751603506505489349365234375,"100":6.6699999999999999289457264239899814128875732421875,"200":6.29999999999999982236431605997495353221893310546875},"tiered_pricing_product_settings":{"layout":"default","base_unit_name":{"singular":null,"plural":null},"default_variation":null},"tiered_pricing_minimum_quantity":10,"tiered_pricing_roles_data":[],"tiered_pricing_percentage_rules":[],"tiered_pricing_maximum_quantity":null,"tiered_pricing_quantity_step":"10","_links":{"self":[{"href":"https:\/\/volovape.com\/lt\/wp-json\/wp\/v2\/product\/5798","targetHints":{"allow":["GET"]}}],"collection":[{"href":"https:\/\/volovape.com\/lt\/wp-json\/wp\/v2\/product"}],"about":[{"href":"https:\/\/volovape.com\/lt\/wp-json\/wp\/v2\/types\/product"}],"replies":[{"embeddable":true,"href":"https:\/\/volovape.com\/lt\/wp-json\/wp\/v2\/comments?post=5798"}],"wp:featuredmedia":[{"embeddable":true,"href":"https:\/\/volovape.com\/lt\/wp-json\/wp\/v2\/media\/5814"}],"wp:attachment":[{"href":"https:\/\/volovape.com\/lt\/wp-json\/wp\/v2\/media?parent=5798"}],"wp:term":[{"taxonomy":"product_brand","embeddable":true,"href":"https:\/\/volovape.com\/lt\/wp-json\/wp\/v2\/product_brand?post=5798"},{"taxonomy":"product_cat","embeddable":true,"href":"https:\/\/volovape.com\/lt\/wp-json\/wp\/v2\/product_cat?post=5798"},{"taxonomy":"product_tag","embeddable":true,"href":"https:\/\/volovape.com\/lt\/wp-json\/wp\/v2\/product_tag?post=5798"}],"curies":[{"name":"wp","href":"https:\/\/api.w.org\/{rel}","templated":true}]}}