{"id":5765,"date":"2024-11-21T03:49:10","date_gmt":"2024-11-21T03:49:10","guid":{"rendered":"https:\/\/volovape.com\/?post_type=product&#038;p=5765"},"modified":"2026-04-08T01:50:47","modified_gmt":"2026-04-08T01:50:47","slug":"mrvi-25000-puffs-didmenine-prekyba","status":"publish","type":"product","link":"https:\/\/volovape.com\/lt\/product\/mrvi-25000-puffs-wholesale\/","title":{"rendered":"MRVI 25000 puffs dual coil disposable vape - MTL ir DTL lankstumas, didmenin\u0117 prekyba"},"content":{"rendered":"<p><strong>MRVI 25000 Puffs Dual Coil vienkartinis Vape<\/strong> - Patirkite did\u017eiausi\u0105 garinimo lankstum\u0105.<\/p>\n<p>Atraskite neprilygstam\u0105 garinimo universalum\u0105 su <strong>MRVI 25000<\/strong> vienkartinis vape. \u0160is prietaisas, skirtas MTL ir DTL entuziastams, gali pasigirti nepaprasta 25 000 \u012fpur\u0161kim\u0173 talpa, kuri\u0105 u\u017etikrina did\u017eiulis 30 ml e. skys\u010dio rezervuaras ir patikima 1000 mAh \u012fkraunama baterija. Naujovi\u0161ka dvigubos rit\u0117s sistema leid\u017eia be vargo keisti garinimo stili\u0173, u\u017etikrinant individual\u0173 potyr\u012f. Su 2% arba 5% nikotino stiprumu ir 10 gard\u017ei\u0173 skoni\u0173 pasirinkimu MRVI 25000 puikiai tinka asmeniniam malonumui ir vienkartiniams didmeniniams didmeniniams vapavimo u\u017esakymams. M\u0117gaukit\u0117s skland\u017eiais, aromatingais garais ir i\u0161skirtiniu ilgaam\u017ei\u0161kumu viename patogiame, ne\u0161iojamame \u012frenginyje.<\/p>\n<h3><strong>MRVI 25000 Funkcijos\uff1a<\/strong><\/h3>\n<ul>\n<li>Pufai: Iki 25 000 \u012fpur\u0161kim\u0173<\/li>\n<li>E-skys\u010dio talpa: 30ml<\/li>\n<li>Akumuliatorius: 1000 mAh (\u012fkraunamas)<\/li>\n<li>\u012ekrovimas: C tipo<\/li>\n<li>rit\u0117: Dvigubos rit\u0117s (MTL ir DTL)<\/li>\n<li>Nikotino stiprumas: 2%, 5%<\/li>\n<li>10 unikali\u0173 skoni\u0173<\/li>\n<li>Vienkartinis \u012frenginys<\/li>\n<\/ul>\n<h4>DUK<\/h4>\n<h5>Kokie pristatymo b\u016bdai naudojami?<\/h5>\n<p>Bendradarbiaujame su UPS\/DHL\/FEDEX\/DPD ir kt. Atsi\u017evelgdami \u012f pristatymo \u0161al\u012f, parinksime tinkam\u0105 pristatymo b\u016bd\u0105, kad gaminius gautum\u0117te kuo grei\u010diau.<\/p>\n<h5>Per kiek laiko jis bus pristatytas?<\/h5>\n<p>Paprastai tai trunka 7-15 darbo dien\u0173, o \u0161ven\u010di\u0173 dienomis arba esant blogoms oro s\u0105lygoms gali u\u017etrukti iki 20 darbo dien\u0173.<\/p>\n<h5>Ar jis gali b\u016bti \u012fve\u017etas per muitin\u0119 ir ar d\u0117l to kils koki\u0173 nors problem\u0173?<\/h5>\n<p>Garantuojame, kad netur\u0117site joki\u0173 r\u016bpes\u010di\u0173, nes mes pasir\u016bpinsime muitiniu \u012fforminimu ir nereik\u0117s mok\u0117ti joki\u0173 mokes\u010di\u0173 ar rinkliav\u0173. Garantuojame, kad 100% m\u016bs\u0173 gamini\u0173 bus i\u0161muitinti.<\/p>\n<h5>Koks yra dvigubos rit\u0117s sistemos privalumas?<\/h5>\n<p>MRVI 25000 dvigubos spiral\u0117s sistema leid\u017eia \u012fvairiapusi\u0161kai pritaikyti garinim\u0105, tod\u0117l vartotojai gali pasirinkti garinimo i\u0161 burnos \u012f plau\u010dius (MTL) ir tiesiogiai \u012f plau\u010dius (DTL) stili\u0173, patenkinti skirtingus pageidavimus ir pagerinti bendr\u0105 garinimo patirt\u012f.<\/p>\n<h5>Ar galiu juo pasitik\u0117ti?<\/h5>\n<p>Mes palaikome \"PayPal\" mok\u0117jimo ir pirk\u0117jo apsaugos paslaug\u0105.<br \/>\nTaip pat galite patikrinti m\u016bs\u0173 atsiliepimus apie <a href=\"https:\/\/www.trustpilot.com\/review\/volovape.com?utm_medium=trustbox&amp;utm_source=TrustBoxReviewCollector\">\"TrustPilot\"<\/a><\/p>","protected":false},"excerpt":{"rendered":"<p>Atraskite MRVI 25000 Puffs vienkartin\u012f garintuv\u0105 su 30 ml el. skys\u010dio, 1000 mAh baterija, dviem MTL\/DTL rit\u0117mis ir 2%\/5% nikotinu. Galima didmenin\u0117 prekyba dideliais kiekiais, daugyb\u0117 skoni\u0173, C tipo \u012fkrovimas.<\/p>","protected":false},"featured_media":5775,"comment_status":"open","ping_status":"closed","template":"","meta":[],"product_brand":[],"product_cat":[55,45,21,43,18,39,20,23,24,22,25,26,27,28,29,30,31,32,33,34,35,44,36,40],"product_tag":[],"class_list":{"0":"post-5765","1":"product","2":"type-product","3":"status-publish","4":"has-post-thumbnail","6":"product_cat-mrvi","7":"product_cat-25000-puffs-disposable-vape","8":"product_cat-big-puffs-vapes","9":"product_cat-crystal-vapes","10":"product_cat-different-puffs-of-disposable-vapes","11":"product_cat-digital-box-vapes","12":"product_cat-disposable-vape-types","13":"product_cat-disposable-vapes-in-austria","14":"product_cat-disposable-vapes-in-belgium","15":"product_cat-disposable-vapes-in-europe","16":"product_cat-disposable-vapes-in-france","17":"product_cat-disposable-vapes-in-germany","18":"product_cat-disposable-vapes-in-hungary","19":"product_cat-disposable-vapes-in-ltaly","20":"product_cat-disposable-vapes-in-netherlands","21":"product_cat-disposable-vapes-in-norway","22":"product_cat-disposable-vapes-in-poland","23":"product_cat-disposable-vapes-in-portugal","24":"product_cat-disposable-vapes-in-spain","25":"product_cat-disposable-vapes-in-sweden","26":"product_cat-disposable-vapes-in-switzerland","27":"product_cat-dual-mesh-vapes","28":"product_cat-rechargeable-vapes","29":"product_cat-smart-screen-vapes","31":"first","32":"instock","33":"shipping-taxable","34":"purchasable","35":"product-type-variable","36":"has-default-attributes"},"jetpack_sharing_enabled":true,"tiered_pricing_type":"fixed","tiered_pricing_fixed_rules":{"100":6.36000000000000031974423109204508364200592041015625,"200":5.7400000000000002131628207280300557613372802734375,"400":5.42999999999999971578290569595992565155029296875},"tiered_pricing_product_settings":{"layout":"default","base_unit_name":{"singular":null,"plural":null},"default_variation":null},"tiered_pricing_minimum_quantity":50,"tiered_pricing_roles_data":[],"tiered_pricing_percentage_rules":[],"tiered_pricing_maximum_quantity":null,"tiered_pricing_quantity_step":"10","_links":{"self":[{"href":"https:\/\/volovape.com\/lt\/wp-json\/wp\/v2\/product\/5765","targetHints":{"allow":["GET"]}}],"collection":[{"href":"https:\/\/volovape.com\/lt\/wp-json\/wp\/v2\/product"}],"about":[{"href":"https:\/\/volovape.com\/lt\/wp-json\/wp\/v2\/types\/product"}],"replies":[{"embeddable":true,"href":"https:\/\/volovape.com\/lt\/wp-json\/wp\/v2\/comments?post=5765"}],"wp:featuredmedia":[{"embeddable":true,"href":"https:\/\/volovape.com\/lt\/wp-json\/wp\/v2\/media\/5775"}],"wp:attachment":[{"href":"https:\/\/volovape.com\/lt\/wp-json\/wp\/v2\/media?parent=5765"}],"wp:term":[{"taxonomy":"product_brand","embeddable":true,"href":"https:\/\/volovape.com\/lt\/wp-json\/wp\/v2\/product_brand?post=5765"},{"taxonomy":"product_cat","embeddable":true,"href":"https:\/\/volovape.com\/lt\/wp-json\/wp\/v2\/product_cat?post=5765"},{"taxonomy":"product_tag","embeddable":true,"href":"https:\/\/volovape.com\/lt\/wp-json\/wp\/v2\/product_tag?post=5765"}],"curies":[{"name":"wp","href":"https:\/\/api.w.org\/{rel}","templated":true}]}}