{"id":535,"date":"2024-11-21T03:30:33","date_gmt":"2024-11-21T03:30:33","guid":{"rendered":"https:\/\/volovape.com\/?post_type=product&#038;p=535"},"modified":"2025-08-06T07:58:39","modified_gmt":"2025-08-06T07:58:39","slug":"bang-smart-screen-karunos-baras-18000-pufu","status":"publish","type":"product","link":"https:\/\/volovape.com\/lt\/product\/bang-smart-screen-crown-bar-18000-puffs\/","title":{"rendered":"\"Bang Crown Bar 18000 Puffs Smart Screen Disposable Vape\" - 0,6\u03a9 tinklelio rit\u0117, \u012fkraunama"},"content":{"rendered":"<p><strong>Bang \"Crown Bar\" 18000 puff\u0173 i\u0161manusis ekranas vienkartinis Vape<\/strong> - Patirkite puik\u0173 garinim\u0105 su Bang Crown Bar 18000. \u0160is didel\u0117s talpos vienkartinis garintuvas, turintis 24 ml e. skys\u010dio talpykl\u0105 ir 650 mAh \u012fkraunam\u0105 akumuliatori\u0173, leid\u017eia atlikti iki 18 000 \u012fp\u016btim\u0173. I\u0161manusis ekranas leid\u017eia lengvai steb\u0117ti baterijos ir el. skys\u010dio lyg\u012f, o 0,6\u03a9 tinklelio rit\u0117 u\u017etikrina tir\u0161tus debesis ir sodr\u0173 skon\u012f. \u0160is prietaisas idealiai tinka asmeniniam naudojimui ir didmeniniams vienkartini\u0173 vap\u0173 u\u017esakymams, jame si\u016blomas 0%, 2%, 3% arba 5% nikotino stiprumas ir platus 11 skani\u0173 skoni\u0173 pasirinkimas.<\/p>\n<h3><strong>\"Bang Crown Bar 18000 Puffs\" funkcijos:<\/strong><\/h3>\n<ul>\n<li>Puffs: 18000 puffs<\/li>\n<li>E-skys\u010dio talpa: 24 ml<\/li>\n<li>Baterija: 650 mAh (\u012fkraunama)<\/li>\n<li>\u012ekrovimas: C tipo<\/li>\n<li>Rit\u0117: 0,6\u03a9 tinklelio rit\u0117<\/li>\n<li>Ekranas: I\u0161manusis ekranas (akumuliatoriaus ir elektroninio skys\u010dio lygiai)<\/li>\n<li>Nikotino stiprumas: 0%, 2%, 3%, 5%<\/li>\n<li>Skonio parinktys: Arb\u016bz\u0173 ledas, Bra\u0161ki\u0173 arb\u016bzas, M\u0117lyni\u0173 aviet\u0117, M\u0117lyni\u0173 ledas, Bra\u0161ki\u0173 kivis, Persik\u0173 ledas, Mi\u0161ri\u0173 vaisi\u0173, Vy\u0161ni\u0173 kola, Dvigubas obuolys, M\u0117lyni\u0173 citrina, Vynuogi\u0173 ledas.<\/li>\n<\/ul>\n<h4>DUK<\/h4>\n<h5>Kaip 0,6 \u03a9 tinklelio rit\u0117 pagerina gar\u0173 gamyb\u0105?<\/h5>\n<p>0,6 \u03a9 tinklelio spiral\u0117 skirta veiksmingiau kaitinti elektronin\u012f skyst\u012f, tod\u0117l susidaro tankesni debesys ir sodresnio skonio profiliai. Tai suteikia intensyvesn\u0119 ir malonesn\u0119 garinimo patirt\u012f.<\/p>\n<h5>Kokie siuntimo b\u016bdai galimi?<\/h5>\n<p>Bendradarbiaujame su patikimais ve\u017e\u0117jais, tokiais kaip UPS, DHL, \"FedEx\" ir DPD, kad u\u017etikrintume veiksming\u0105 ir patikim\u0105 pristatym\u0105. Tinkamiausias pristatymo b\u016bdas parenkamas atsi\u017evelgiant \u012f pristatymo viet\u0105.<\/p>\n<h5>Kiek laiko paprastai u\u017etrunka pristatymas?<\/h5>\n<p>Pristatymas paprastai trunka nuo 7 iki 15 darbo dien\u0173, ta\u010diau per \u0161ventes ar nepalankiomis oro s\u0105lygomis pristatymo laikas gali pailg\u0117ti iki 20 darbo dien\u0173.<\/p>\n<h5>Ar reik\u0117s mok\u0117ti kokius nors muitin\u0117s mokes\u010dius ar rinkliavas?<\/h5>\n<p>Mes atliekame visus muitin\u0117s formalumus, tod\u0117l garantuojame, kad jums nereik\u0117s mok\u0117ti joki\u0173 papildom\u0173 mokes\u010di\u0173 ar rinkliav\u0173. 100% m\u016bs\u0173 gamini\u0173 muitin\u0117 i\u0161muitinama be problem\u0173.<\/p>\n<h5>Kiek saugus mano pirkinys?<\/h5>\n<p>Si\u016blome saugius sandorius per \"PayPal\" pirk\u0117j\u0173 apsaug\u0105. Taip pat galite patikrinti m\u016bs\u0173 patikimum\u0105 patikrin\u0119 klient\u0173 atsiliepimus <a href=\"https:\/\/www.trustpilot.com\/review\/volovape.com?utm_medium=trustbox&amp;utm_source=TrustBoxReviewCollector\">\"TrustPilot\"<\/a>.<\/p>","protected":false},"excerpt":{"rendered":"<p>Padarykite revoliucij\u0105 savo vape pasi\u016bloje su Bang Crown Bar 18000 Puffs didmenine prekyba! I\u0161manioji ekrano technologija, 0,6\u03a9 tinklelis, 24 ml, \u012fkraunama. Naujos kartos vienkartini\u0173 priemoni\u0173 atsargos i\u0161rankiems klientams.<\/p>","protected":false},"featured_media":905,"comment_status":"open","ping_status":"closed","template":"","meta":[],"product_brand":[],"product_cat":[61,50,21,18,20,23,24,22,25,26,27,28,29,30,31,32,33,34,35,36,47,40],"product_tag":[],"class_list":{"0":"post-535","1":"product","2":"type-product","3":"status-publish","4":"has-post-thumbnail","6":"product_cat-bang","7":"product_cat-18000-puffs-disposable-vape","8":"product_cat-big-puffs-vapes","9":"product_cat-different-puffs-of-disposable-vapes","10":"product_cat-disposable-vape-types","11":"product_cat-disposable-vapes-in-austria","12":"product_cat-disposable-vapes-in-belgium","13":"product_cat-disposable-vapes-in-europe","14":"product_cat-disposable-vapes-in-france","15":"product_cat-disposable-vapes-in-germany","16":"product_cat-disposable-vapes-in-hungary","17":"product_cat-disposable-vapes-in-ltaly","18":"product_cat-disposable-vapes-in-netherlands","19":"product_cat-disposable-vapes-in-norway","20":"product_cat-disposable-vapes-in-poland","21":"product_cat-disposable-vapes-in-portugal","22":"product_cat-disposable-vapes-in-spain","23":"product_cat-disposable-vapes-in-sweden","24":"product_cat-disposable-vapes-in-switzerland","25":"product_cat-rechargeable-vapes","26":"product_cat-shisha-hookah-vapes","27":"product_cat-smart-screen-vapes","29":"first","30":"instock","31":"shipping-taxable","32":"purchasable","33":"product-type-variable","34":"has-default-attributes"},"jetpack_sharing_enabled":true,"tiered_pricing_type":"fixed","tiered_pricing_fixed_rules":{"2000":3.890000000000000124344978758017532527446746826171875},"tiered_pricing_product_settings":{"layout":"default","base_unit_name":{"singular":null,"plural":null},"default_variation":null},"tiered_pricing_minimum_quantity":1000,"tiered_pricing_roles_data":[],"tiered_pricing_percentage_rules":[],"tiered_pricing_maximum_quantity":null,"tiered_pricing_quantity_step":"10","_links":{"self":[{"href":"https:\/\/volovape.com\/lt\/wp-json\/wp\/v2\/product\/535","targetHints":{"allow":["GET"]}}],"collection":[{"href":"https:\/\/volovape.com\/lt\/wp-json\/wp\/v2\/product"}],"about":[{"href":"https:\/\/volovape.com\/lt\/wp-json\/wp\/v2\/types\/product"}],"replies":[{"embeddable":true,"href":"https:\/\/volovape.com\/lt\/wp-json\/wp\/v2\/comments?post=535"}],"wp:featuredmedia":[{"embeddable":true,"href":"https:\/\/volovape.com\/lt\/wp-json\/wp\/v2\/media\/905"}],"wp:attachment":[{"href":"https:\/\/volovape.com\/lt\/wp-json\/wp\/v2\/media?parent=535"}],"wp:term":[{"taxonomy":"product_brand","embeddable":true,"href":"https:\/\/volovape.com\/lt\/wp-json\/wp\/v2\/product_brand?post=535"},{"taxonomy":"product_cat","embeddable":true,"href":"https:\/\/volovape.com\/lt\/wp-json\/wp\/v2\/product_cat?post=535"},{"taxonomy":"product_tag","embeddable":true,"href":"https:\/\/volovape.com\/lt\/wp-json\/wp\/v2\/product_tag?post=535"}],"curies":[{"name":"wp","href":"https:\/\/api.w.org\/{rel}","templated":true}]}}