{"id":533,"date":"2024-11-21T03:30:33","date_gmt":"2024-11-21T03:30:33","guid":{"rendered":"https:\/\/volovape.com\/?post_type=product&#038;p=533"},"modified":"2025-08-06T08:11:38","modified_gmt":"2025-08-06T08:11:38","slug":"sprogimo-dezute-raketa-18000-puffs","status":"publish","type":"product","link":"https:\/\/volovape.com\/lt\/product\/bang-box-rocket-18000-puffs\/","title":{"rendered":"\"Bang Box Rocket 18000 Puffs\" vienkartinis vape - 1,0\u03a9 tinklelio rit\u0117, i\u0161manusis ekranas, \u012fkraunamas"},"content":{"rendered":"<p><strong>Bang \"Box Rocket\" 18000 Puffs Smart vienkartinis Vape<\/strong> - I\u0161bandykite garinimo ateit\u012f su Bang Box Rocket 18000. \u0160is naujovi\u0161kas vienkartinis garintuvas si\u016blo did\u017eiul\u012f 18 000 \u012fp\u016btim\u0173 kiek\u012f, 28 ml e. skys\u010dio talp\u0105 ir i\u0161man\u0173j\u012f ekran\u0105 baterijai ir e. skys\u010dio lygiui steb\u0117ti. \u0160is prietaisas su 1,0 \u03a9 tinklelio spirale, u\u017etikrinan\u010dia skland\u0173, aromating\u0105 garavim\u0105, ir 650 mAh \u012fkraunama baterija su C tipo \u012fkrovimu puikiai tinka tiek asmeniniam naudojimui, tiek didmeniniams didmeniniams vienkartini\u0173 vap\u0173 u\u017esakymams. Rinkit\u0117s i\u0161 0%, 2%, 3% arba 5% nikotino stiprumo ir m\u0117gaukit\u0117s pla\u010diu 12 skani\u0173 skoni\u0173 asortimentu.<\/p>\n<h3><strong>Bang \"Box Rocket 18000 Puffs\" funkcijos:<\/strong><\/h3>\n<ul>\n<li>Puffs: 18000 puffs<\/li>\n<li>E-skys\u010dio talpa: 28 ml<\/li>\n<li>Baterija: 650 mAh (\u012fkraunama)<\/li>\n<li>\u012ekrovimas: C tipo<\/li>\n<li>Rit\u0117: 1,0\u03a9 tinklelio rit\u0117<\/li>\n<li>Ekranas: I\u0161manusis ekranas (akumuliatoriaus ir elektroninio skys\u010dio lygiai)<\/li>\n<li>Nikotino stiprumas: 0%, 2%, 3%, 5%<\/li>\n<li>Skonio parinktys: Bra\u0161ki\u0173 banan\u0173, arb\u016bz\u0173 led\u0173, bra\u0161ki\u0173 kivi\u0173, bra\u0161ki\u0173 mang\u0173, m\u0117lyni\u0173 led\u0173, meksikieti\u0161k\u0173 mang\u0173, sulting\u0173 persik\u0173 led\u0173, r\u016bg\u0161\u010di\u0173 obuoli\u0173 led\u0173, m\u0117lynojo Razz ledo, atogr\u0105\u017e\u0173 vaivoryk\u0161t\u0117s sprogimo.<\/li>\n<\/ul>\n<h4>DUK<\/h4>\n<h5>Kaip i\u0161manusis ekranas pagerina garinimo patirt\u012f?<\/h5>\n<p>Integruotame i\u0161maniajame ekrane realiuoju laiku pateikiama naujausia informacija apie akumuliatoriaus veikimo trukm\u0119 ir elektroninio skys\u010dio kiek\u012f, tod\u0117l nebereikia sp\u0117lioti ir visada b\u016bsite pasiruo\u0161\u0119. \u0160i funkcija leid\u017eia labiau kontroliuoti ir m\u0117gautis garinimu.<\/p>\n<h5>Kokie pristatymo b\u016bdai naudojami?<\/h5>\n<p>Bendradarbiaujame su patikimais ve\u017e\u0117jais, tokiais kaip UPS, DHL, \"FedEx\" ir DPD, kad gal\u0117tume pasi\u016blyti patikim\u0105 ir veiksming\u0105 siuntim\u0105. Geriausias siuntimo variantas parenkamas atsi\u017evelgiant \u012f j\u016bs\u0173 buvimo viet\u0105, kad krovinys b\u016bt\u0173 pristatytas laiku.<\/p>\n<h5>Kiek laiko paprastai u\u017etrunka pristatymas?<\/h5>\n<p>Pristatymas paprastai trunka nuo 7 iki 15 darbo dien\u0173, ta\u010diau \u0161ven\u010di\u0173 dienomis ar esant nepalankioms oro s\u0105lygoms gali pailg\u0117ti iki 20 darbo dien\u0173.<\/p>\n<h5>Ar taikomi kokie nors muito ar mokes\u010di\u0173 mokes\u010diai?<\/h5>\n<p>Mes atliekame visus muitin\u0117s formalumus, tod\u0117l garantuojame, kad jums nereik\u0117s mok\u0117ti joki\u0173 papildom\u0173 mokes\u010di\u0173 ar rinkliav\u0173. 100% m\u016bs\u0173 gamini\u0173 muitin\u0117 i\u0161muitinama be problem\u0173.<\/p>\n<h5>Ar mano pirkinys yra saugus ir patikimas?<\/h5>\n<p>Mes palaikome saugius sandorius per \"PayPal\" pirk\u0117j\u0173 apsaug\u0105. Taip pat galite per\u017ei\u016br\u0117ti m\u016bs\u0173 klient\u0173 atsiliepimus <a href=\"https:\/\/www.trustpilot.com\/review\/volovape.com?utm_medium=trustbox&amp;utm_source=TrustBoxReviewCollector\">\"TrustPilot\"<\/a> patikrinti m\u016bs\u0173 patikimum\u0105.<\/p>","protected":false},"excerpt":{"rendered":"<p>Dominuokite vape rinkoje su Bang Box Rocket 18000 Puffs didmenine prekyba! I\u0161manusis ekranas, 1,0\u03a9 tinklelis, 28 ml, \u012fkraunamas. Si\u016blykite savo klientams pa\u017eangiausius, didel\u0117s talpos garintuvus.<\/p>","protected":false},"featured_media":879,"comment_status":"open","ping_status":"closed","template":"","meta":[],"product_brand":[],"product_cat":[61,50,21,18,39,20,23,24,22,25,26,27,28,29,30,31,32,33,34,35,44,36,40],"product_tag":[],"class_list":{"0":"post-533","1":"product","2":"type-product","3":"status-publish","4":"has-post-thumbnail","6":"product_cat-bang","7":"product_cat-18000-puffs-disposable-vape","8":"product_cat-big-puffs-vapes","9":"product_cat-different-puffs-of-disposable-vapes","10":"product_cat-digital-box-vapes","11":"product_cat-disposable-vape-types","12":"product_cat-disposable-vapes-in-austria","13":"product_cat-disposable-vapes-in-belgium","14":"product_cat-disposable-vapes-in-europe","15":"product_cat-disposable-vapes-in-france","16":"product_cat-disposable-vapes-in-germany","17":"product_cat-disposable-vapes-in-hungary","18":"product_cat-disposable-vapes-in-ltaly","19":"product_cat-disposable-vapes-in-netherlands","20":"product_cat-disposable-vapes-in-norway","21":"product_cat-disposable-vapes-in-poland","22":"product_cat-disposable-vapes-in-portugal","23":"product_cat-disposable-vapes-in-spain","24":"product_cat-disposable-vapes-in-sweden","25":"product_cat-disposable-vapes-in-switzerland","26":"product_cat-dual-mesh-vapes","27":"product_cat-rechargeable-vapes","28":"product_cat-smart-screen-vapes","30":"first","31":"instock","32":"shipping-taxable","33":"purchasable","34":"product-type-variable","35":"has-default-attributes"},"jetpack_sharing_enabled":true,"tiered_pricing_type":"fixed","tiered_pricing_fixed_rules":{"2000":6.20999999999999996447286321199499070644378662109375},"tiered_pricing_product_settings":{"layout":"default","base_unit_name":{"singular":null,"plural":null},"default_variation":null},"tiered_pricing_minimum_quantity":1000,"tiered_pricing_roles_data":[],"tiered_pricing_percentage_rules":[],"tiered_pricing_maximum_quantity":null,"tiered_pricing_quantity_step":"10","_links":{"self":[{"href":"https:\/\/volovape.com\/lt\/wp-json\/wp\/v2\/product\/533","targetHints":{"allow":["GET"]}}],"collection":[{"href":"https:\/\/volovape.com\/lt\/wp-json\/wp\/v2\/product"}],"about":[{"href":"https:\/\/volovape.com\/lt\/wp-json\/wp\/v2\/types\/product"}],"replies":[{"embeddable":true,"href":"https:\/\/volovape.com\/lt\/wp-json\/wp\/v2\/comments?post=533"}],"wp:featuredmedia":[{"embeddable":true,"href":"https:\/\/volovape.com\/lt\/wp-json\/wp\/v2\/media\/879"}],"wp:attachment":[{"href":"https:\/\/volovape.com\/lt\/wp-json\/wp\/v2\/media?parent=533"}],"wp:term":[{"taxonomy":"product_brand","embeddable":true,"href":"https:\/\/volovape.com\/lt\/wp-json\/wp\/v2\/product_brand?post=533"},{"taxonomy":"product_cat","embeddable":true,"href":"https:\/\/volovape.com\/lt\/wp-json\/wp\/v2\/product_cat?post=533"},{"taxonomy":"product_tag","embeddable":true,"href":"https:\/\/volovape.com\/lt\/wp-json\/wp\/v2\/product_tag?post=533"}],"curies":[{"name":"wp","href":"https:\/\/api.w.org\/{rel}","templated":true}]}}