{"id":501,"date":"2024-11-21T03:30:08","date_gmt":"2024-11-21T03:30:08","guid":{"rendered":"https:\/\/volovape.com\/?post_type=product&#038;p=501"},"modified":"2025-09-08T03:35:07","modified_gmt":"2025-09-08T03:35:07","slug":"bang-king-dvigubas-kristalas-20000-vnt","status":"publish","type":"product","link":"https:\/\/volovape.com\/lt\/product\/bang-king-double-crystal-20000-puffs\/","title":{"rendered":"\"Bang King Double Crystal\" 20000 puff\u0173 \u012fkraunamas vienkartinis Vape (0-5% nikotino) - didmenin\u0117 prekyba"},"content":{"rendered":"<p><iframe title=\"VideoPress vaizdo \u012fra\u0161\u0173 grotuvas\" aria-label='VideoPress vaizdo \u012fra\u0161\u0173 grotuvas' width='425' height='750' src='https:\/\/videopress.com\/embed\/UidYNEY0?hd=0&amp;cover=1' frameborder='0' allowfullscreen allow='clipboard-write'><\/iframe><script src='https:\/\/v0.wordpress.com\/js\/next\/videopress-iframe.js?m=1739540970'><\/script><\/p>\n<p><strong>Bang \"King Double Crystal\" 20000 puf\u0173 vienkartini\u0173 svaigal\u0173<\/strong> - Patirkite neprilygstam\u0105 ilgaam\u017ei\u0161kum\u0105 ir skon\u012f su Bang King Double Crystal 20000. \u0160is \u012fkraunamas vienkartinis garintuvas, turintis did\u017eiul\u0119 20 000 \u012fkv\u0117pim\u0173 ir 25 ml e. skys\u010dio talp\u0105, puikiai tinka tiek asmeniniam naudojimui, tiek didmeniniams didmeniniams vienkartini\u0173 garintuv\u0173 u\u017esakymams. Rinkit\u0117s i\u0161 0%, 2%, 3% arba 5% nikotino stiprumo ir m\u0117gaukit\u0117s pritaikomu garinimu su reguliuojamu oro srautu ir 1,0 \u03a9 tinklelio spirale, kad garai b\u016bt\u0173 skland\u016bs ir sodr\u016bs. 650 mAh \u012fkraunama baterija u\u017etikrina, kad gal\u0117site m\u0117gautis kiekvienu \u012fkv\u0117pimu, o platus 12 unikali\u0173 skoni\u0173 asortimentas kiekvien\u0105 kart\u0105 garantuoja malon\u0173 garinim\u0105.<\/p>\n<h3><strong>Bang King Double Crystal 20000 Puffs Savyb\u0117s:<\/strong><\/h3>\n<ul>\n<li>Puffs: 20000 puffs<\/li>\n<li>E-skys\u010dio talpa: 25 ml<\/li>\n<li>Baterija: 650 mAh (\u012fkraunama)<\/li>\n<li>\u012ekrovimas: C tipo<\/li>\n<li>Rit\u0117: 1,0\u03a9 tinklelio rit\u0117<\/li>\n<li>Nikotino stiprumas: 0%, 2%, 3%, 5%<\/li>\n<li>Oro srautas: Reguliuojamas<\/li>\n<li>Skonio parinktys: Avie\u010di\u0173, persik\u0173 ledo, tropini\u0173 vaisi\u0173, bra\u0161ki\u0173 arb\u016bzo, arb\u016bz\u0173 ledo, vynuogi\u0173 ledo, m\u0117lyni\u0173 ledo, Blue Razz ledo, bra\u0161ki\u0173 mango, kivi\u0173 granat\u0173, energinio g\u0117rimo, bra\u0161ki\u0173 kivi\u0173.<\/li>\n<\/ul>\n<h4>DUK<\/h4>\n<h5>Kaip reguliuojamas oro srautas pagerina garinimo patirt\u012f?<\/h5>\n<p>Reguliuojama oro srauto funkcija leid\u017eia tiksliai sureguliuoti u\u017etraukim\u0105, tod\u0117l galite perjungti grie\u017et\u0105, ribot\u0105 sm\u016bg\u012f ir laisv\u0105, oru sklindant\u012f garavim\u0105. \u0160is pritaikymas suteikia asmenin\u0119 patirt\u012f, pritaikyt\u0105 skirtingiems garinimo stiliams ir pageidavimams.<\/p>\n<h5>Kokie pristatymo b\u016bdai naudojami?<\/h5>\n<p>Bendradarbiaujame su pirmaujan\u010diais ve\u017e\u0117jais, tokiais kaip UPS, DHL, \"FedEx\" ir DPD, kad u\u017etikrintume greit\u0105 ir patikim\u0105 pristatym\u0105. Tinkamiausias pristatymo b\u016bdas parenkamas atsi\u017evelgiant \u012f pristatymo viet\u0105.<\/p>\n<h5>Kiek laiko paprastai u\u017etrunka pristatymas?<\/h5>\n<p>Tik\u0117kit\u0117s, kad u\u017esakymas bus pristatytas per 7-15 darbo dien\u0173, ta\u010diau \u0161ven\u010di\u0173 ar nepalanki\u0173 oro s\u0105lyg\u0173 metu pristatymas gali pailg\u0117ti iki 20 darbo dien\u0173.<\/p>\n<h5>Ar susidursiu su kokiomis nors muitin\u0117s problemomis ar papildomais mokes\u010diais?<\/h5>\n<p>Garantuojame skland\u0173 vis\u0173 m\u016bs\u0173 siunt\u0173 muitin\u012f \u012fforminim\u0105 be joki\u0173 papildom\u0173 mokes\u010di\u0173 ar rinkliav\u0173. Galite b\u016bti tikri, kad 100% m\u016bs\u0173 gaminiai yra sukurti taip, kad muitin\u0117 b\u016bt\u0173 i\u0161muitinta be komplikacij\u0173.<\/p>\n<h5>Ar mano pirkinys saugus?<\/h5>\n<p>Priimame \"PayPal\", u\u017etikrinan\u010di\u0105 pirk\u0117jo apsaug\u0105 ir saugius sandorius. Taip pat galite patikrinti m\u016bs\u0173 patikimum\u0105 patikrin\u0119 m\u016bs\u0173 klient\u0173 atsiliepimus <a href=\"https:\/\/www.trustpilot.com\/review\/volovape.com?utm_medium=trustbox&amp;utm_source=TrustBoxReviewCollector\">\"TrustPilot\"<\/a>.<\/p>","protected":false},"excerpt":{"rendered":"<p>I\u0161pl\u0117skite savo svaigal\u0173 pasi\u016bl\u0105 su Bang King Double Crystal 20000 Puffs didmenine prekyba! 20000 p\u016btim\u0173, 25 ml, reguliuojamas oro srautas, 1,0\u03a9 tinklelio rit\u0117. Akcijos \u012fkraunamas, didel\u0117s talpos garintuvas.<\/p>","protected":false},"featured_media":868,"comment_status":"open","ping_status":"closed","template":"","meta":[],"product_brand":[],"product_cat":[61,42,21,43,18,39,20,23,24,22,25,26,27,28,29,30,31,32,33,34,35,44,36,40],"product_tag":[],"class_list":{"0":"post-501","1":"product","2":"type-product","3":"status-publish","4":"has-post-thumbnail","6":"product_cat-bang","7":"product_cat-20000-puffs-disposable-vape","8":"product_cat-big-puffs-vapes","9":"product_cat-crystal-vapes","10":"product_cat-different-puffs-of-disposable-vapes","11":"product_cat-digital-box-vapes","12":"product_cat-disposable-vape-types","13":"product_cat-disposable-vapes-in-austria","14":"product_cat-disposable-vapes-in-belgium","15":"product_cat-disposable-vapes-in-europe","16":"product_cat-disposable-vapes-in-france","17":"product_cat-disposable-vapes-in-germany","18":"product_cat-disposable-vapes-in-hungary","19":"product_cat-disposable-vapes-in-ltaly","20":"product_cat-disposable-vapes-in-netherlands","21":"product_cat-disposable-vapes-in-norway","22":"product_cat-disposable-vapes-in-poland","23":"product_cat-disposable-vapes-in-portugal","24":"product_cat-disposable-vapes-in-spain","25":"product_cat-disposable-vapes-in-sweden","26":"product_cat-disposable-vapes-in-switzerland","27":"product_cat-dual-mesh-vapes","28":"product_cat-rechargeable-vapes","29":"product_cat-smart-screen-vapes","31":"first","32":"instock","33":"shipping-taxable","34":"purchasable","35":"product-type-variable","36":"has-default-attributes"},"jetpack_sharing_enabled":true,"tiered_pricing_type":"fixed","tiered_pricing_fixed_rules":{"2000":4.62999999999999989341858963598497211933135986328125},"tiered_pricing_product_settings":{"layout":"default","base_unit_name":{"singular":null,"plural":null},"default_variation":null},"tiered_pricing_minimum_quantity":1000,"tiered_pricing_roles_data":[],"tiered_pricing_percentage_rules":[],"tiered_pricing_maximum_quantity":null,"tiered_pricing_quantity_step":"10","_links":{"self":[{"href":"https:\/\/volovape.com\/lt\/wp-json\/wp\/v2\/product\/501","targetHints":{"allow":["GET"]}}],"collection":[{"href":"https:\/\/volovape.com\/lt\/wp-json\/wp\/v2\/product"}],"about":[{"href":"https:\/\/volovape.com\/lt\/wp-json\/wp\/v2\/types\/product"}],"replies":[{"embeddable":true,"href":"https:\/\/volovape.com\/lt\/wp-json\/wp\/v2\/comments?post=501"}],"wp:featuredmedia":[{"embeddable":true,"href":"https:\/\/volovape.com\/lt\/wp-json\/wp\/v2\/media\/868"}],"wp:attachment":[{"href":"https:\/\/volovape.com\/lt\/wp-json\/wp\/v2\/media?parent=501"}],"wp:term":[{"taxonomy":"product_brand","embeddable":true,"href":"https:\/\/volovape.com\/lt\/wp-json\/wp\/v2\/product_brand?post=501"},{"taxonomy":"product_cat","embeddable":true,"href":"https:\/\/volovape.com\/lt\/wp-json\/wp\/v2\/product_cat?post=501"},{"taxonomy":"product_tag","embeddable":true,"href":"https:\/\/volovape.com\/lt\/wp-json\/wp\/v2\/product_tag?post=501"}],"curies":[{"name":"wp","href":"https:\/\/api.w.org\/{rel}","templated":true}]}}