{"id":499,"date":"2024-11-21T03:30:08","date_gmt":"2024-11-21T03:30:08","guid":{"rendered":"https:\/\/volovape.com\/?post_type=product&#038;p=499"},"modified":"2025-08-06T08:09:50","modified_gmt":"2025-08-06T08:09:50","slug":"sprogimo-dezute-18000-puffu","status":"publish","type":"product","link":"https:\/\/volovape.com\/lt\/product\/bang-box-18000-puffs\/","title":{"rendered":"\"BANG BOX\" 18000 \"Puffs\" vienkartini\u0173 vape - dviguba tinklelio rit\u0117, LED ekranas, \u012fkraunamas"},"content":{"rendered":"<p><strong>\"BANG BOX\" 18000 vienkartini\u0173 \"Puffs Vape<\/strong> - Dvigubos tinklin\u0117s rit\u0117s, u\u017etikrinan\u010dios puik\u0173 skon\u012f ir ilgaam\u017ei\u0161kum\u0105.<\/p>\n<p>Svetain\u0117 <strong>\"BANG BOX\" 18000 pufik\u0173<\/strong> si\u016blo neprilygstam\u0105 garinimo patirt\u012f d\u0117l didel\u0117s talpos konstrukcijos ir pa\u017eangios dvigubos tinklin\u0117s rit\u0117s technologijos. M\u0117gaukit\u0117s iki <strong>18 000 \u012fkv\u0117pim\u0173<\/strong>, did\u017eiulis <strong>26 ml elektroninio skys\u010dio rezervuaras<\/strong>ir <strong>850 mAh \u012fkraunama baterija<\/strong> su C tipo \u012fkrovimu. Svetain\u0117 <strong>0,8\u03a9 dvigubo tinklelio rit\u0117s<\/strong> u\u017etikrina sodr\u0173 ir pastov\u0173 skon\u012f, o skaitmeninis LED ekranas realiuoju laiku informuoja apie baterijos ir elektroninio skys\u010dio lyg\u012f. Galite rinktis i\u0161 <strong>0%, 2%, 3% arba 5% nikotino koncentracija<\/strong> ir 12 skani\u0173 skoni\u0173. Idealiai tinka asmeniniam naudojimui arba <strong>vienkartiniai vape didmenin\u0117 prekyba<\/strong>... <strong>BANG BOX 18000<\/strong> nustato nauj\u0105 vienkartini\u0173 garintuv\u0173 standart\u0105. Apsvarstykite <strong>masinis u\u017esakymas<\/strong> u\u017e konkurencing\u0105 kain\u0105.<\/p>\n<h3><strong>\"BANG BOX\" 18000 pufik\u0173 Savyb\u0117s:<\/strong><\/h3>\n<ul>\n<li>Pufai: Iki 18 000<\/li>\n<li>E-skys\u010dio talpa: 26ml<\/li>\n<li>Baterija: 850 mAh (\u012fkraunama)<\/li>\n<li>\u012ekrovimas: C tipo<\/li>\n<li>Spiral\u0117: 0,8\u03a9 Dual Mesh Coils<\/li>\n<li>Ekranas: Skaitmeninis LED ekranas<\/li>\n<li>Nikotino stiprumas: 0%, 2%, 3%, 5%<\/li>\n<li>12 galim\u0173 skoni\u0173<\/li>\n<\/ul>\n<h4>DUK<\/h4>\n<h5>Kuo prana\u0161esn\u0117s dvigubos tinklin\u0117s rit\u0117s?<\/h5>\n<p>Dviej\u0173 tinkleli\u0173 spiral\u0117s konstrukcija u\u017etikrina didesn\u012f kaitinamojo pavir\u0161iaus plot\u0105, tod\u0117l kaitinama grei\u010diau ir tolygiau. Tai pagerina aromato gamyb\u0105, gar\u0173 tank\u012f ir bendr\u0105 konsistencij\u0105, tod\u0117l garavimas teikia didesn\u012f pasitenkinim\u0105.<\/p>\n<h5>Kokie pristatymo b\u016bdai naudojami didmeniniams didmeniniams u\u017esakymams?<\/h5>\n<p>Naudojame patikimus ve\u017e\u0117jus, tokius kaip UPS, DHL, \"FedEx\" ir DPD, kad u\u017etikrintume saug\u0173 ir veiksming\u0105 didmenini\u0173 u\u017esakym\u0173 pristatym\u0105. Tinkamiausias pristatymo b\u016bdas pasirenkamas atsi\u017evelgiant \u012f j\u016bs\u0173 buvimo viet\u0105 ir u\u017esakymo dyd\u012f.<\/p>\n<h5>Kiek laiko paprastai u\u017etrunka didmenini\u0173 u\u017esakym\u0173 pristatymas?<\/h5>\n<p>Pristatymas paprastai trunka 7-15 darbo dien\u0173. Sezon\u0173 piko metu arba nepalankiomis oro s\u0105lygomis pra\u0161ome numatyti iki 20 darbo dien\u0173.<\/p>\n<h5>Ar yra koki\u0173 nors muitin\u0117s problem\u0173 ar papildom\u0173 mokes\u010di\u0173, apie kuriuos tur\u0117\u010diau \u017einoti, kai u\u017esakoma dideliais kiekiais?<\/h5>\n<p>Mes atliekame visus muitin\u0117s formalumus, kad u\u017etikrintume skland\u0173 pristatym\u0105. Nepatirsite joki\u0173 netik\u0117t\u0173 mokes\u010di\u0173 ar rinkliav\u0173, o mes garantuojame 100% vis\u0173 siunt\u0173 muitin\u012f \u012fforminim\u0105.<\/p>\n<h5>Kaip galiu patikrinti savo didmeninio pirkimo patikimum\u0105?<\/h5>\n<p>Si\u016blome saugias mok\u0117jimo galimybes ir esame \u012fsipareigoj\u0119 teikti auk\u0161tos kokyb\u0117s produktus ir paslaugas. Taip pat galite patikrinti m\u016bs\u0173 klient\u0173 atsiliepimus patikimose platformose, kad \u012fsitikintum\u0117te m\u016bs\u0173 patikimumu.<\/p>","protected":false},"excerpt":{"rendered":"<p>Didinkite pardavimus su didmenine prekyba BANG BOX 18000 Puffs! Dvigubos tinklin\u0117s rit\u0117s, LED ekranas, 26 ml, \u012fkraunama. Didel\u0117s talpos garintuvai su sodriu skoniu ir \u012fvairiu nikotinu.<\/p>","protected":false},"featured_media":840,"comment_status":"open","ping_status":"closed","template":"","meta":[],"product_brand":[],"product_cat":[61,50,21,18,39,20,23,24,22,25,26,27,28,29,30,31,32,33,34,35,36,40],"product_tag":[],"class_list":{"0":"post-499","1":"product","2":"type-product","3":"status-publish","4":"has-post-thumbnail","6":"product_cat-bang","7":"product_cat-18000-puffs-disposable-vape","8":"product_cat-big-puffs-vapes","9":"product_cat-different-puffs-of-disposable-vapes","10":"product_cat-digital-box-vapes","11":"product_cat-disposable-vape-types","12":"product_cat-disposable-vapes-in-austria","13":"product_cat-disposable-vapes-in-belgium","14":"product_cat-disposable-vapes-in-europe","15":"product_cat-disposable-vapes-in-france","16":"product_cat-disposable-vapes-in-germany","17":"product_cat-disposable-vapes-in-hungary","18":"product_cat-disposable-vapes-in-ltaly","19":"product_cat-disposable-vapes-in-netherlands","20":"product_cat-disposable-vapes-in-norway","21":"product_cat-disposable-vapes-in-poland","22":"product_cat-disposable-vapes-in-portugal","23":"product_cat-disposable-vapes-in-spain","24":"product_cat-disposable-vapes-in-sweden","25":"product_cat-disposable-vapes-in-switzerland","26":"product_cat-rechargeable-vapes","27":"product_cat-smart-screen-vapes","29":"first","30":"instock","31":"shipping-taxable","32":"purchasable","33":"product-type-variable","34":"has-default-attributes"},"jetpack_sharing_enabled":true,"tiered_pricing_type":"fixed","tiered_pricing_fixed_rules":{"2000":4.62999999999999989341858963598497211933135986328125},"tiered_pricing_product_settings":{"layout":"default","base_unit_name":{"singular":null,"plural":null},"default_variation":null},"tiered_pricing_minimum_quantity":1000,"tiered_pricing_roles_data":[],"tiered_pricing_percentage_rules":[],"tiered_pricing_maximum_quantity":null,"tiered_pricing_quantity_step":"10","_links":{"self":[{"href":"https:\/\/volovape.com\/lt\/wp-json\/wp\/v2\/product\/499","targetHints":{"allow":["GET"]}}],"collection":[{"href":"https:\/\/volovape.com\/lt\/wp-json\/wp\/v2\/product"}],"about":[{"href":"https:\/\/volovape.com\/lt\/wp-json\/wp\/v2\/types\/product"}],"replies":[{"embeddable":true,"href":"https:\/\/volovape.com\/lt\/wp-json\/wp\/v2\/comments?post=499"}],"wp:featuredmedia":[{"embeddable":true,"href":"https:\/\/volovape.com\/lt\/wp-json\/wp\/v2\/media\/840"}],"wp:attachment":[{"href":"https:\/\/volovape.com\/lt\/wp-json\/wp\/v2\/media?parent=499"}],"wp:term":[{"taxonomy":"product_brand","embeddable":true,"href":"https:\/\/volovape.com\/lt\/wp-json\/wp\/v2\/product_brand?post=499"},{"taxonomy":"product_cat","embeddable":true,"href":"https:\/\/volovape.com\/lt\/wp-json\/wp\/v2\/product_cat?post=499"},{"taxonomy":"product_tag","embeddable":true,"href":"https:\/\/volovape.com\/lt\/wp-json\/wp\/v2\/product_tag?post=499"}],"curies":[{"name":"wp","href":"https:\/\/api.w.org\/{rel}","templated":true}]}}