{"id":498,"date":"2024-11-21T03:30:08","date_gmt":"2024-11-21T03:30:08","guid":{"rendered":"https:\/\/volovape.com\/?post_type=product&#038;p=498"},"modified":"2025-07-09T09:46:30","modified_gmt":"2025-07-09T09:46:30","slug":"fluum-skaitmenine-dezute-tn-15000-puffs","status":"publish","type":"product","link":"https:\/\/volovape.com\/lt\/product\/fluum-digital-box-tn-15000-puffs\/","title":{"rendered":"\"FluuM Digital Box TN\" 15000 puf\u0173 vienkartinis vape - \u012fkraunamas, skaitmeninis ekranas"},"content":{"rendered":"<p><strong>\"FluuM Digital Box TN\" 15000 puf\u0173 vienkartinis Vape<\/strong> - B\u016bkite informuoti ir m\u0117gaukit\u0117s ilgesniu garinimu.<\/p>\n<p>Svetain\u0117 <strong>\"FluuM\" skaitmenin\u0117 d\u0117\u017eut\u0117 TN 15000 puanson\u0173<\/strong> Integruotas skaitmeninis ekranas suteikia pa\u017eangiausi\u0105 garinimo patirt\u012f ir leid\u017eia i\u0161 karto steb\u0117ti baterijos ir el. skys\u010dio kiek\u012f. M\u0117gaukit\u0117s iki <strong>15 000 \u012fkv\u0117pim\u0173<\/strong>, dosnus <strong>25 ml e-skys\u010dio talpa<\/strong>ir <strong>650 mAh \u012fkraunama baterija<\/strong> su C tipo \u012fkrovimu. Rinkit\u0117s i\u0161 <strong>0%, 2%, 3% arba 5% nikotino koncentracija<\/strong> kad atitikt\u0173 j\u016bs\u0173 pageidavimus. Pa\u017eangi tinklin\u0117 rit\u0117 u\u017etikrina skland\u0173, aromating\u0105 garavim\u0105, o i\u0161 12 gard\u017ei\u0173 skoni\u0173 rasite tinkamiausi\u0105. Idealiai tinka asmeniniam naudojimui arba <strong>vienkartiniai vape didmenin\u0117 prekyba<\/strong>... <strong>FluuM skaitmenin\u0117 d\u0117\u017eut\u0117 TN 15000<\/strong> suderina patogum\u0105 ir pa\u017eangias funkcijas. Apsvarstykite galimyb\u0119 <strong>masinis u\u017esakymas<\/strong> u\u017e konkurencing\u0105 kain\u0105.<\/p>\n<h3><strong>\"FluuM\" skaitmenin\u0117 d\u0117\u017eut\u0117 TN 15000 puanson\u0173 Funkcijos:<\/strong><\/h3>\n<ul>\n<li>Pufai: Iki 15 000<\/li>\n<li>E-skys\u010dio talpa: 25ml<\/li>\n<li>Baterija: 650 mAh (\u012fkraunama)<\/li>\n<li>\u012ekrovimas: C tipo<\/li>\n<li>Ekranas: Skaitmeninis ekranas (akumuliatoriaus ir elektroninio skys\u010dio lygiai)<\/li>\n<li>Nikotino stiprumas: 0%, 2%, 3%, 5%<\/li>\n<li>12 galim\u0173 skoni\u0173<\/li>\n<\/ul>\n<h4>DUK<\/h4>\n<h5>Kokia yra pagrindin\u0117 skaitmeninio ekrano nauda?<\/h5>\n<p>Skaitmeniniame ekrane realiuoju laiku pateikiama informacija apie akumuliatoriaus veikimo trukm\u0119 ir elektroninio skys\u010dio kiek\u012f, tod\u0117l nebereikia sp\u0117lioti ir visada \u017einote savo prietaiso b\u016bkl\u0119. \u0160i funkcija padidina patogum\u0105 ir leid\u017eia efektyviau valdyti garinimo patirt\u012f.<\/p>\n<h5>Kokius pristatymo b\u016bdus naudojate ir \u012f kokias \u0161alis siun\u010diate?<\/h5>\n<p>Dirbame su patikimais ve\u017e\u0117jais, kad u\u017etikrintume veiksming\u0105 pristatym\u0105. Siun\u010diame \u012f daugel\u012f Europos \u0161ali\u0173, \u012fskaitant Nyderlandus, Vokietij\u0105, Pranc\u016bzij\u0105, Ispanij\u0105 ir kitas. Pristatymo laikas gali skirtis priklausomai nuo paskirties vietos.<\/p>\n<h5>Kiek laiko paprastai u\u017etrunka pristatymas?<\/h5>\n<p>Pristatymo laikas priklauso nuo paskirties vietos. Susisiekite su mumis d\u0117l konkre\u010di\u0173 pristatymo \u012f j\u016bs\u0173 vietov\u0119 \u012fver\u010di\u0173.<\/p>\n<h5>Ar yra koki\u0173 nors muitin\u0117s problem\u0173 ar papildom\u0173 mokes\u010di\u0173, apie kuriuos tur\u0117\u010diau \u017einoti u\u017esakant prekes Europoje?<\/h5>\n<p>Mes tvarkome Europos u\u017esakym\u0173 muitin\u012f \u012fforminim\u0105, kad u\u017etikrintume skland\u0173 pristatymo proces\u0105. Nors stengiam\u0117s i\u0161vengti papildom\u0173 mokes\u010di\u0173, tur\u0117kite omenyje, kad muitin\u0117s politika gali skirtis ir u\u017e visus galimus mokes\u010dius atsako pirk\u0117jas.<\/p>\n<h5>Kaip galiu b\u016bti tikras d\u0117l gaminio kokyb\u0117s ir j\u016bs\u0173 paslaug\u0173 patikimumo?<\/h5>\n<p>Pirmenyb\u0119 teikiame klient\u0173 pasitenkinimui ir si\u016blome saugias mok\u0117jimo galimybes. Taip pat galite per\u017ei\u016br\u0117ti klient\u0173 atsiliepimus patikimose platformose, kad \u012fsitikintum\u0117te m\u016bs\u0173 \u012fsipareigojimu u\u017etikrinti kokyb\u0119 ir aptarnavim\u0105.<\/p>","protected":false},"excerpt":{"rendered":"<p>Padidinkite savo atsargas su \"FluuM\" skaitmenine d\u0117\u017eute TN 15000 Puffs didmenine prekyba! Skaitmeninis ekranas, 25 ml, \u012fkraunamas. Si\u016blykite patogius, ilgai veikian\u010dius garintuvus su \u012fvairiomis nikotino parinktimis.<\/p>","protected":false},"featured_media":827,"comment_status":"open","ping_status":"closed","template":"","meta":[],"product_brand":[],"product_cat":[66,41,21,18,39,20,23,24,22,25,26,27,28,29,30,31,32,33,34,35,36,40],"product_tag":[],"class_list":{"0":"post-498","1":"product","2":"type-product","3":"status-publish","4":"has-post-thumbnail","6":"product_cat-fluum","7":"product_cat-15000-puffs-disposable-vape","8":"product_cat-big-puffs-vapes","9":"product_cat-different-puffs-of-disposable-vapes","10":"product_cat-digital-box-vapes","11":"product_cat-disposable-vape-types","12":"product_cat-disposable-vapes-in-austria","13":"product_cat-disposable-vapes-in-belgium","14":"product_cat-disposable-vapes-in-europe","15":"product_cat-disposable-vapes-in-france","16":"product_cat-disposable-vapes-in-germany","17":"product_cat-disposable-vapes-in-hungary","18":"product_cat-disposable-vapes-in-ltaly","19":"product_cat-disposable-vapes-in-netherlands","20":"product_cat-disposable-vapes-in-norway","21":"product_cat-disposable-vapes-in-poland","22":"product_cat-disposable-vapes-in-portugal","23":"product_cat-disposable-vapes-in-spain","24":"product_cat-disposable-vapes-in-sweden","25":"product_cat-disposable-vapes-in-switzerland","26":"product_cat-rechargeable-vapes","27":"product_cat-smart-screen-vapes","29":"first","30":"instock","31":"shipping-taxable","32":"purchasable","33":"product-type-variable","34":"has-default-attributes"},"jetpack_sharing_enabled":true,"tiered_pricing_type":"fixed","tiered_pricing_fixed_rules":{"2000":6.44000000000000039079850466805510222911834716796875},"tiered_pricing_product_settings":{"layout":"default","base_unit_name":{"singular":null,"plural":null},"default_variation":null},"tiered_pricing_minimum_quantity":1000,"tiered_pricing_roles_data":[],"tiered_pricing_percentage_rules":[],"tiered_pricing_maximum_quantity":null,"tiered_pricing_quantity_step":"10","_links":{"self":[{"href":"https:\/\/volovape.com\/lt\/wp-json\/wp\/v2\/product\/498","targetHints":{"allow":["GET"]}}],"collection":[{"href":"https:\/\/volovape.com\/lt\/wp-json\/wp\/v2\/product"}],"about":[{"href":"https:\/\/volovape.com\/lt\/wp-json\/wp\/v2\/types\/product"}],"replies":[{"embeddable":true,"href":"https:\/\/volovape.com\/lt\/wp-json\/wp\/v2\/comments?post=498"}],"wp:featuredmedia":[{"embeddable":true,"href":"https:\/\/volovape.com\/lt\/wp-json\/wp\/v2\/media\/827"}],"wp:attachment":[{"href":"https:\/\/volovape.com\/lt\/wp-json\/wp\/v2\/media?parent=498"}],"wp:term":[{"taxonomy":"product_brand","embeddable":true,"href":"https:\/\/volovape.com\/lt\/wp-json\/wp\/v2\/product_brand?post=498"},{"taxonomy":"product_cat","embeddable":true,"href":"https:\/\/volovape.com\/lt\/wp-json\/wp\/v2\/product_cat?post=498"},{"taxonomy":"product_tag","embeddable":true,"href":"https:\/\/volovape.com\/lt\/wp-json\/wp\/v2\/product_tag?post=498"}],"curies":[{"name":"wp","href":"https:\/\/api.w.org\/{rel}","templated":true}]}}