{"id":497,"date":"2024-11-21T03:30:08","date_gmt":"2024-11-21T03:30:08","guid":{"rendered":"https:\/\/volovape.com\/?post_type=product&#038;p=497"},"modified":"2025-08-20T02:44:41","modified_gmt":"2025-08-20T02:44:41","slug":"bang-king-15000-puffu","status":"publish","type":"product","link":"https:\/\/volovape.com\/lt\/product\/bang-king-15000-puffs\/","title":{"rendered":"\"Bang King\" 15000 puanson\u0173 vienkartinis vape - \u012fkraunamas, reguliuojamas oro srautas"},"content":{"rendered":"<p><strong>\"Bang King\" 15000 puf\u0173 vienkartini\u0173 Vape<\/strong> - Pritaikytas garinimas su gausiomis skonio parinktimis.<\/p>\n<p>Svetain\u0117 <strong>\"Bang King\" 15000 puffs\u0173<\/strong> Reguliuojamas oro srautas suteikia galimyb\u0119 pritaikyti garinimo patirt\u012f, tod\u0117l galite rinktis MTL ir DTL stili\u0173. M\u0117gaukit\u0117s iki <strong>15 000 \u012fkv\u0117pim\u0173<\/strong>, dosnus <strong>25 ml e-skys\u010dio talpa<\/strong>ir <strong>650 mAh \u012fkraunama baterija<\/strong> su C tipo \u012fkrovimu. Rinkit\u0117s i\u0161 <strong>0%, 2%, 3% arba 5% nikotino koncentracija<\/strong> kad atitikt\u0173 j\u016bs\u0173 pageidavimus. 20 \u012fvairi\u0173 skoni\u0173, \u012fskaitant unikalius mi\u0161inius, pavyzd\u017eiui, bra\u0161ki\u0173 jogurto ir kivi\u0173 aistros vaisi\u0173 gvajavos, \u0161is prietaisas patenkins kiekvieno skonio poreikius. Idealiai tinka asmeniniam naudojimui arba <strong>vienkartiniai vape didmenin\u0117 prekyba<\/strong>... <strong>\"Bang King\" 15000<\/strong> u\u017etikrina ilgaam\u017ei\u0161kum\u0105 ir universalum\u0105. Apsvarstykite galimyb\u0119 <strong>masinis u\u017esakymas<\/strong> u\u017e konkurencing\u0105 kain\u0105.<\/p>\n<h3><strong>\"Bang King 15000 Puffs\" funkcijos:<\/strong><\/h3>\n<ul>\n<li>Pufai: Iki 15 000<\/li>\n<li>E-skys\u010dio talpa: 25ml<\/li>\n<li>Baterija: 650 mAh (\u012fkraunama)<\/li>\n<li>\u012ekrovimas: C tipo<\/li>\n<li>Oro srautas: Reguliuojamas<\/li>\n<li>Nikotino stiprumas: 0%, 2%, 3%, 5%<\/li>\n<li>20 galim\u0173 skoni\u0173<\/li>\n<\/ul>\n<h4>DUK<\/h4>\n<h5>Kaip reguliuojamas oro srautas naudingas skirtingiems garinimo stiliams?<\/h5>\n<p>Reguliuojamas oro srautas leid\u017eia pritaikyti u\u017etraukim\u0105, tod\u0117l galima naudoti tiek MTL (burna \u012f plau\u010dius), tiek DTL (tiesiogiai \u012f plau\u010dius). Glaudesnis oro srautas imituoja tradicin\u0117s cigaret\u0117s traukim\u0105, tod\u0117l idealiai tinka MTL, o laisvesnis oro srautas sukuria didesnius debes\u0117lius ir yra tinkamesnis DTL garinimui.<\/p>\n<h5>Kokie pristatymo b\u016bdai naudojami didmeniniams u\u017esakymams?<\/h5>\n<p>Bendradarbiaujame su patikimais ve\u017e\u0117jais, tokiais kaip UPS, DHL, \"FedEx\" ir DPD, kad u\u017etikrintume saug\u0173 ir veiksming\u0105 vis\u0173 didmenini\u0173 u\u017esakym\u0173 pristatym\u0105. Geriausias ve\u017e\u0117jas pasirenkamas atsi\u017evelgiant \u012f j\u016bs\u0173 buvimo viet\u0105 ir u\u017esakymo dyd\u012f.<\/p>\n<h5>Kiek laiko paprastai u\u017etrunka pristatymas?<\/h5>\n<p>Pristatymas paprastai trunka 7-15 darbo dien\u0173. Sezon\u0173 piko metu arba nepalankiomis oro s\u0105lygomis pra\u0161ome numatyti iki 20 darbo dien\u0173.<\/p>\n<h5>Ar susidursiu su kokiomis nors muitin\u0117s problemomis ar papildomais mokes\u010diais?<\/h5>\n<p>Mes atliekame visus muitin\u0117s formalumus, kad u\u017etikrintume skland\u0173 pristatym\u0105. Nepatirsite joki\u0173 netik\u0117t\u0173 mokes\u010di\u0173 ar rinkliav\u0173, o mes garantuojame 100% vis\u0173 siunt\u0173 muitin\u012f \u012fforminim\u0105.<\/p>\n<h5>Kaip galiu patikrinti savo pirkinio patikimum\u0105?<\/h5>\n<p>Si\u016blome saugias mok\u0117jimo per \"PayPal\" galimybes, kurios apima pirk\u0117jo apsaug\u0105. Taip pat galite patikrinti m\u016bs\u0173 klient\u0173 atsiliepimus <a href=\"https:\/\/www.trustpilot.com\/review\/volovape.com?utm_medium=trustbox&amp;utm_source=TrustBoxReviewCollector\">\"TrustPilot\"<\/a> patvirtinti m\u016bs\u0173 \u012fsipareigojim\u0105 u\u017etikrinti kokyb\u0119 ir aptarnavim\u0105.<\/p>","protected":false},"excerpt":{"rendered":"<p>Padidinkite vape pardavimus su \"Bang King 15000 Puffs\" didmenine prekyba! Reguliuojamas oro srautas, 25 ml, \u012fkraunamas. Prekiaukite pritaikomomis garintuv\u0117mis su \u012fvairiomis nikotino ir skonio parinktimis.<\/p>","protected":false},"featured_media":809,"comment_status":"open","ping_status":"closed","template":"","meta":[],"product_brand":[],"product_cat":[61,41,21,18,20,23,24,22,25,26,27,28,29,30,31,32,33,34,35,36],"product_tag":[],"class_list":{"0":"post-497","1":"product","2":"type-product","3":"status-publish","4":"has-post-thumbnail","6":"product_cat-bang","7":"product_cat-15000-puffs-disposable-vape","8":"product_cat-big-puffs-vapes","9":"product_cat-different-puffs-of-disposable-vapes","10":"product_cat-disposable-vape-types","11":"product_cat-disposable-vapes-in-austria","12":"product_cat-disposable-vapes-in-belgium","13":"product_cat-disposable-vapes-in-europe","14":"product_cat-disposable-vapes-in-france","15":"product_cat-disposable-vapes-in-germany","16":"product_cat-disposable-vapes-in-hungary","17":"product_cat-disposable-vapes-in-ltaly","18":"product_cat-disposable-vapes-in-netherlands","19":"product_cat-disposable-vapes-in-norway","20":"product_cat-disposable-vapes-in-poland","21":"product_cat-disposable-vapes-in-portugal","22":"product_cat-disposable-vapes-in-spain","23":"product_cat-disposable-vapes-in-sweden","24":"product_cat-disposable-vapes-in-switzerland","25":"product_cat-rechargeable-vapes","27":"first","28":"instock","29":"shipping-taxable","30":"purchasable","31":"product-type-variable","32":"has-default-attributes"},"jetpack_sharing_enabled":true,"tiered_pricing_type":"fixed","tiered_pricing_fixed_rules":{"2000":3.520000000000000017763568394002504646778106689453125},"tiered_pricing_product_settings":{"layout":"default","base_unit_name":{"singular":null,"plural":null},"default_variation":null},"tiered_pricing_minimum_quantity":1000,"tiered_pricing_roles_data":[],"tiered_pricing_percentage_rules":[],"tiered_pricing_maximum_quantity":null,"tiered_pricing_quantity_step":"10","_links":{"self":[{"href":"https:\/\/volovape.com\/lt\/wp-json\/wp\/v2\/product\/497","targetHints":{"allow":["GET"]}}],"collection":[{"href":"https:\/\/volovape.com\/lt\/wp-json\/wp\/v2\/product"}],"about":[{"href":"https:\/\/volovape.com\/lt\/wp-json\/wp\/v2\/types\/product"}],"replies":[{"embeddable":true,"href":"https:\/\/volovape.com\/lt\/wp-json\/wp\/v2\/comments?post=497"}],"wp:featuredmedia":[{"embeddable":true,"href":"https:\/\/volovape.com\/lt\/wp-json\/wp\/v2\/media\/809"}],"wp:attachment":[{"href":"https:\/\/volovape.com\/lt\/wp-json\/wp\/v2\/media?parent=497"}],"wp:term":[{"taxonomy":"product_brand","embeddable":true,"href":"https:\/\/volovape.com\/lt\/wp-json\/wp\/v2\/product_brand?post=497"},{"taxonomy":"product_cat","embeddable":true,"href":"https:\/\/volovape.com\/lt\/wp-json\/wp\/v2\/product_cat?post=497"},{"taxonomy":"product_tag","embeddable":true,"href":"https:\/\/volovape.com\/lt\/wp-json\/wp\/v2\/product_tag?post=497"}],"curies":[{"name":"wp","href":"https:\/\/api.w.org\/{rel}","templated":true}]}}