{"id":496,"date":"2024-11-21T03:30:08","date_gmt":"2024-11-21T03:30:08","guid":{"rendered":"https:\/\/volovape.com\/?post_type=product&#038;p=496"},"modified":"2025-07-29T08:14:03","modified_gmt":"2025-07-29T08:14:03","slug":"vopk-cool-bar-9000-puffs","status":"publish","type":"product","link":"https:\/\/volovape.com\/lt\/product\/vopk-cool-bar-9000-puffs\/","title":{"rendered":"\"VOPK Cool Bar 9000 Puffs\" vienkartinis vape - reguliuojamas oro srautas, 1,0\u03a9 tinklelio rit\u0117"},"content":{"rendered":"<p><strong>VOPK Cool Bar 9000 Puffs vienkartinis Vape<\/strong> - Individualus garinimas su reguliuojamu oro srautu.<\/p>\n<p>Patirkite specialiai pritaikyt\u0105 garinim\u0105 su <strong>VOPK Cool Bar 9000 Puffs<\/strong>. \u0160is vienkartinis vape si\u016blo iki <strong>9 000 \u012fpur\u0161kim\u0173<\/strong>, a <strong>15 ml e-skys\u010dio talpa<\/strong>ir <strong>600 mAh \u012fkraunamas akumuliatorius<\/strong> ilgesniam naudojimui. I\u0161skirtinis bruo\u017eas yra jo <strong>reguliuojamas oro srautas<\/strong>, tod\u0117l galite perjungti MTL ir DTL garinimo stili\u0173. . <strong>1,0\u03a9 tinklelio rit\u0117<\/strong> u\u017etikrina pastov\u0173 skon\u012f ir skland\u0173 garavim\u0105. Su <strong>3% nikotino stiprumas<\/strong> ir 10 gaivi\u0173 skoni\u0173, \u0161is prietaisas suteikia maloni\u0105 patirt\u012f. Idealiai tinka asmeniniam naudojimui arba <strong>vienkartiniai vape didmenin\u0117 prekyba<\/strong>... <strong>VOPK Cool Bar 9000<\/strong> sukurta taip, kad b\u016bt\u0173 patogu ir pritaikoma. Apsvarstykite <strong>masinis u\u017esakymas<\/strong> u\u017e konkurencing\u0105 kain\u0105.<\/p>\n<h3><strong>VOPK Cool Bar 9000 Puffs Savyb\u0117s:<\/strong><\/h3>\n<ul>\n<li>Pufai: Iki 9 000<\/li>\n<li>E-skys\u010dio talpa: 15ml<\/li>\n<li>Baterija: 600 mAh (\u012fkraunama)<\/li>\n<li>\u012ekrovimas: C tipo<\/li>\n<li>Rit\u0117: 1,0\u03a9 tinklelio rit\u0117<\/li>\n<li>Oro srautas: Reguliuojamas<\/li>\n<li>Nikotino stiprumas: 3%<\/li>\n<li>10 galim\u0173 skoni\u0173<\/li>\n<\/ul>\n<h4>DUK<\/h4>\n<h5>Kaip reguliuojamas oro srautas pagerina garinimo patirt\u012f?<\/h5>\n<p>Reguliuojamas oro srautas leid\u017eia pritaikyti u\u017etraukimo b\u016bd\u0105, tod\u0117l galima pasirinkti grie\u017etesn\u012f, cigare\u010di\u0173 tipo MTL (i\u0161 burnos \u012f plau\u010dius) u\u017etraukim\u0105 ir atviresn\u012f, erdvesn\u012f DTL (tiesiogiai \u012f plau\u010dius) u\u017etraukim\u0105. \u0160is pritaikymas leid\u017eia rasti tobul\u0105 skonio ir gar\u0173 gamybos pusiausvyr\u0105, atitinkan\u010di\u0105 j\u016bs\u0173 pageidavimus.<\/p>\n<h5>Kokie pristatymo b\u016bdai naudojami?<\/h5>\n<p>Bendradarbiaujame su tokiais patikimais ve\u017e\u0117jais kaip UPS, DHL, \"FedEx\" ir DPD, kad j\u016bs\u0173 u\u017esakymas b\u016bt\u0173 pristatytas saugiai ir greitai. Tinkamiausias pristatymo b\u016bdas parenkamas atsi\u017evelgiant \u012f j\u016bs\u0173 buvimo viet\u0105.<\/p>\n<h5>Per kiek laiko bus pristatytas mano u\u017esakymas?<\/h5>\n<p>Pristatymas paprastai trunka 7-15 darbo dien\u0173. Pra\u0161ome atsi\u017evelgti \u012f galim\u0105 iki 20 darbo dien\u0173 v\u0117lavim\u0105 \u0161ven\u010di\u0173 dienomis ar nepalankiomis oro s\u0105lygomis.<\/p>\n<h5>Ar yra koki\u0173 nors muitin\u0117s mokes\u010di\u0173 ar klausim\u0173, apie kuriuos tur\u0117\u010diau \u017einoti?<\/h5>\n<p>Mes tvarkome visas muitin\u0117s proced\u016bras, kad u\u017etikrintume skland\u0173 pristatym\u0105. Jums nereik\u0117s mok\u0117ti joki\u0173 papildom\u0173 mokes\u010di\u0173 ar rinkliav\u0173, o mes u\u017etikriname vis\u0173 siunt\u0173 100% muitin\u012f \u012fforminim\u0105.<\/p>\n<h5>Ar mano pirkinys yra saugus ir patikimas?<\/h5>\n<p>Si\u016blome saugias mok\u0117jimo per \"PayPal\" galimybes, kurios apima pirk\u0117jo apsaug\u0105. M\u016bs\u0173 patikimum\u0105 taip pat galite patikrinti per\u017ei\u016br\u0117j\u0119 klient\u0173 atsiliepimus <a href=\"https:\/\/www.trustpilot.com\/review\/volovape.com?utm_medium=trustbox&amp;utm_source=TrustBoxReviewCollector\">\"TrustPilot\"<\/a>.<\/p>","protected":false},"excerpt":{"rendered":"<p>Padidinkite vape pardavimus naudodami VOPK Cool Bar 9000 Puffs didmenin\u0119 prekyb\u0105! Reguliuojamas oro srautas, 1,0\u03a9 tinklelio rit\u0117, 15 ml, \u012fkraunama. Si\u016blykite pritaikomus garintuvus su gaiviais skoniais.<\/p>","protected":false},"featured_media":798,"comment_status":"open","ping_status":"closed","template":"","meta":[],"product_brand":[],"product_cat":[65,48,21,18,20,23,24,22,25,26,27,28,29,30,31,32,33,34,35,36],"product_tag":[],"class_list":{"0":"post-496","1":"product","2":"type-product","3":"status-publish","4":"has-post-thumbnail","6":"product_cat-vopk","7":"product_cat-9000-puffs-disposable-vape","8":"product_cat-big-puffs-vapes","9":"product_cat-different-puffs-of-disposable-vapes","10":"product_cat-disposable-vape-types","11":"product_cat-disposable-vapes-in-austria","12":"product_cat-disposable-vapes-in-belgium","13":"product_cat-disposable-vapes-in-europe","14":"product_cat-disposable-vapes-in-france","15":"product_cat-disposable-vapes-in-germany","16":"product_cat-disposable-vapes-in-hungary","17":"product_cat-disposable-vapes-in-ltaly","18":"product_cat-disposable-vapes-in-netherlands","19":"product_cat-disposable-vapes-in-norway","20":"product_cat-disposable-vapes-in-poland","21":"product_cat-disposable-vapes-in-portugal","22":"product_cat-disposable-vapes-in-spain","23":"product_cat-disposable-vapes-in-sweden","24":"product_cat-disposable-vapes-in-switzerland","25":"product_cat-rechargeable-vapes","27":"first","28":"instock","29":"shipping-taxable","30":"purchasable","31":"product-type-variable","32":"has-default-attributes"},"jetpack_sharing_enabled":true,"tiered_pricing_type":"fixed","tiered_pricing_fixed_rules":{"30":6.5,"50":6.4900000000000002131628207280300557613372802734375,"100":6.29000000000000003552713678800500929355621337890625,"200":5.78000000000000024868995751603506505489349365234375,"400":5.04000000000000003552713678800500929355621337890625},"tiered_pricing_product_settings":{"layout":"default","base_unit_name":{"singular":null,"plural":null},"default_variation":null},"tiered_pricing_minimum_quantity":10,"tiered_pricing_roles_data":[],"tiered_pricing_percentage_rules":[],"tiered_pricing_maximum_quantity":null,"tiered_pricing_quantity_step":"10","_links":{"self":[{"href":"https:\/\/volovape.com\/lt\/wp-json\/wp\/v2\/product\/496","targetHints":{"allow":["GET"]}}],"collection":[{"href":"https:\/\/volovape.com\/lt\/wp-json\/wp\/v2\/product"}],"about":[{"href":"https:\/\/volovape.com\/lt\/wp-json\/wp\/v2\/types\/product"}],"replies":[{"embeddable":true,"href":"https:\/\/volovape.com\/lt\/wp-json\/wp\/v2\/comments?post=496"}],"wp:featuredmedia":[{"embeddable":true,"href":"https:\/\/volovape.com\/lt\/wp-json\/wp\/v2\/media\/798"}],"wp:attachment":[{"href":"https:\/\/volovape.com\/lt\/wp-json\/wp\/v2\/media?parent=496"}],"wp:term":[{"taxonomy":"product_brand","embeddable":true,"href":"https:\/\/volovape.com\/lt\/wp-json\/wp\/v2\/product_brand?post=496"},{"taxonomy":"product_cat","embeddable":true,"href":"https:\/\/volovape.com\/lt\/wp-json\/wp\/v2\/product_cat?post=496"},{"taxonomy":"product_tag","embeddable":true,"href":"https:\/\/volovape.com\/lt\/wp-json\/wp\/v2\/product_tag?post=496"}],"curies":[{"name":"wp","href":"https:\/\/api.w.org\/{rel}","templated":true}]}}