{"id":495,"date":"2024-11-21T03:30:07","date_gmt":"2024-11-21T03:30:07","guid":{"rendered":"https:\/\/volovape.com\/?post_type=product&#038;p=495"},"modified":"2025-12-02T13:15:47","modified_gmt":"2025-12-02T13:15:47","slug":"sprogimas-25000-duziu","status":"publish","type":"product","link":"https:\/\/volovape.com\/lt\/product\/bang-25000-puffs\/","title":{"rendered":"\"Bang 25000 Puffs\" vienkartinis vape - 1,0\u03a9 tinklelio rit\u0117, \u012fkraunama, ekranas"},"content":{"rendered":"<p><iframe title=\"VideoPress vaizdo \u012fra\u0161\u0173 grotuvas\" aria-label='VideoPress vaizdo \u012fra\u0161\u0173 grotuvas' width='500' height='281' src='https:\/\/videopress.com\/embed\/Hmr9nGsM?hd=0&amp;cover=1' frameborder='0' allowfullscreen allow='clipboard-write'><\/iframe><script src='https:\/\/v0.wordpress.com\/js\/next\/videopress-iframe.js?m=1739540970'><\/script><\/p>\n<p><strong>\"Bang 25000 Puffs\" vienkartinis Vape<\/strong> - Patirkite neprilygstam\u0105 ilgaam\u017ei\u0161kum\u0105 ir skon\u012f.<\/p>\n<p>Svetain\u0117 <strong>Bang 25000 puff\u0173<\/strong> nustato nauj\u0105 vienkartini\u0173 garintuv\u0173 standart\u0105, u\u017etikrinant\u012f iki <strong>25 000 \u012fpur\u0161kim\u0173<\/strong> su did\u017eiuliu <strong>25 ml e-skys\u010dio talpa<\/strong>. M\u0117gaukit\u0117s pastoviu, sodriu skoniu d\u0117l <strong>1,0\u03a9 tinklelio rit\u0117<\/strong>, o integruotame ekrane rodomas akumuliatoriaus ir elektroninio skys\u010dio lygis. Pasirinkite norim\u0105 nikotino stiprum\u0105 i\u0161 <strong>0%, 2%, 3% arba 5%<\/strong>. \u0160\u012f prietais\u0105 maitina <strong>650 mAh \u012fkraunama baterija<\/strong> su <strong>C tipo \u012fkrovimas<\/strong>u\u017etikrinant patikimum\u0105 ir patogum\u0105. Puikiai tinka asmeniniam naudojimui arba <strong>vienkartiniai vape didmenin\u0117 prekyba<\/strong>... <strong>Bang 25000 puff\u0173<\/strong> suteikia i\u0161skirtin\u0119 vert\u0119 ir auk\u0161\u010diausios kokyb\u0117s garinimo patirt\u012f. I\u0161tirkite 12 unikali\u0173 skoni\u0173 ir apsvarstykite galimyb\u0119 <strong>masinis u\u017esakymas<\/strong> j\u016bs\u0173 garinimo poreikiams.<\/p>\n<h3><strong>\"Bang 25000 Puffs\" funkcijos:<\/strong><\/h3>\n<ul>\n<li>Pufai: Iki 25 000<\/li>\n<li>E-skys\u010dio talpa: 25ml<\/li>\n<li>Baterija: 650 mAh (\u012fkraunama)<\/li>\n<li>\u012ekrovimas: C tipo<\/li>\n<li>Rit\u0117: 1,0\u03a9 tinklelio rit\u0117<\/li>\n<li>Ekranas: Integruotas ekranas (akumuliatoriaus ir elektroninio skys\u010dio lygiai)<\/li>\n<li>Nikotino stiprumas: 0%, 2%, 3%, 5%<\/li>\n<li>12 galim\u0173 skoni\u0173<\/li>\n<\/ul>\n<h4>DUK<\/h4>\n<h5>Koks ekrano privalumas?<\/h5>\n<p>Integruotame ekrane realiuoju laiku galite steb\u0117ti likus\u012f akumuliatoriaus ir elektroninio skys\u010dio kiek\u012f, tod\u0117l nebereikia sp\u0117lioti ir niekada neb\u016bsite u\u017eklupti netik\u0117tai. Tai pagrindin\u0117 funkcija, padedanti maksimaliai padidinti garinimo patirt\u012f ir m\u0117gautis kiekvienu d\u016b\u017eiu.<\/p>\n<h5>Kokie pristatymo b\u016bdai naudojami?<\/h5>\n<p>Bendradarbiaujame su pirmaujan\u010diais ve\u017e\u0117jais, tokiais kaip UPS, DHL, \"FedEx\" ir DPD, kad gal\u0117tume pasi\u016blyti patikim\u0105 ir veiksming\u0105 siuntim\u0105. Tinkamiausi\u0105 ve\u017e\u0117j\u0105 parenkame pagal j\u016bs\u0173 buvimo viet\u0105, kad u\u017etikrintume greit\u0105 pristatym\u0105.<\/p>\n<h5>Per kiek laiko jis bus pristatytas?<\/h5>\n<p>Paprastai pristatymas trunka nuo 7 iki 15 darbo dien\u0173. \u0160ven\u010di\u0173 dienomis ar esant nepalankioms oro s\u0105lygoms pra\u0161ome numatyti iki 20 darbo dien\u0173.<\/p>\n<h5>Ar susidursiu su muitin\u0117s problemomis arba papildomais mokes\u010diais?<\/h5>\n<p>Mes atliekame visus muitin\u0117s formalumus, tod\u0117l garantuojame skland\u0173 pristatym\u0105 be joki\u0173 netik\u0117t\u0173 mokes\u010di\u0173 ar rinkliav\u0173. Galite b\u016bti tikri, kad 100% m\u016bs\u0173 siunt\u0173 muitin\u0117 i\u0161muitina be joki\u0173 problem\u0173.<\/p>\n<h5>Ar galiu pasitik\u0117ti kokybe ir paslaugomis?<\/h5>\n<p>Si\u016blome saugias mok\u0117jimo per \"PayPal\" galimybes, kurios apima pirk\u0117jo apsaug\u0105. Taip pat galite patikrinti m\u016bs\u0173 patikimum\u0105 skaitydami klient\u0173 atsiliepimus <a href=\"https:\/\/www.trustpilot.com\/review\/volovape.com?utm_medium=trustbox&amp;utm_source=TrustBoxReviewCollector\">\"TrustPilot\"<\/a>.<\/p>","protected":false},"excerpt":{"rendered":"<p>Pasim\u0117gaukite ilgesniu, aromatingu garinimu su \"Bang 25000 Puffs\". Patogus naudotojo ekranas, 1,0 \u03a9 tinklelis, 25 ml, \u012fkraunamas. Puikiai tinka asmeniniam ar didmeniniam naudojimui, su \u012fvairiomis nikotino parinktimis.<\/p>","protected":false},"featured_media":786,"comment_status":"open","ping_status":"closed","template":"","meta":[],"product_brand":[],"product_cat":[61,45,21,18,39,20,23,24,22,25,26,27,28,29,30,31,32,33,34,35,44,36,40],"product_tag":[],"class_list":{"0":"post-495","1":"product","2":"type-product","3":"status-publish","4":"has-post-thumbnail","6":"product_cat-bang","7":"product_cat-25000-puffs-disposable-vape","8":"product_cat-big-puffs-vapes","9":"product_cat-different-puffs-of-disposable-vapes","10":"product_cat-digital-box-vapes","11":"product_cat-disposable-vape-types","12":"product_cat-disposable-vapes-in-austria","13":"product_cat-disposable-vapes-in-belgium","14":"product_cat-disposable-vapes-in-europe","15":"product_cat-disposable-vapes-in-france","16":"product_cat-disposable-vapes-in-germany","17":"product_cat-disposable-vapes-in-hungary","18":"product_cat-disposable-vapes-in-ltaly","19":"product_cat-disposable-vapes-in-netherlands","20":"product_cat-disposable-vapes-in-norway","21":"product_cat-disposable-vapes-in-poland","22":"product_cat-disposable-vapes-in-portugal","23":"product_cat-disposable-vapes-in-spain","24":"product_cat-disposable-vapes-in-sweden","25":"product_cat-disposable-vapes-in-switzerland","26":"product_cat-dual-mesh-vapes","27":"product_cat-rechargeable-vapes","28":"product_cat-smart-screen-vapes","30":"first","31":"instock","32":"shipping-taxable","33":"purchasable","34":"product-type-variable","35":"has-default-attributes"},"jetpack_sharing_enabled":true,"tiered_pricing_type":"fixed","tiered_pricing_fixed_rules":{"30":7.160000000000000142108547152020037174224853515625,"50":6.910000000000000142108547152020037174224853515625,"100":6.1699999999999999289457264239899814128875732421875,"200":5.79999999999999982236431605997495353221893310546875,"400":5.30999999999999960920149533194489777088165283203125},"tiered_pricing_product_settings":{"layout":"default","base_unit_name":{"singular":null,"plural":null},"default_variation":null},"tiered_pricing_minimum_quantity":10,"tiered_pricing_roles_data":[],"tiered_pricing_percentage_rules":[],"tiered_pricing_maximum_quantity":null,"tiered_pricing_quantity_step":"10","_links":{"self":[{"href":"https:\/\/volovape.com\/lt\/wp-json\/wp\/v2\/product\/495","targetHints":{"allow":["GET"]}}],"collection":[{"href":"https:\/\/volovape.com\/lt\/wp-json\/wp\/v2\/product"}],"about":[{"href":"https:\/\/volovape.com\/lt\/wp-json\/wp\/v2\/types\/product"}],"replies":[{"embeddable":true,"href":"https:\/\/volovape.com\/lt\/wp-json\/wp\/v2\/comments?post=495"}],"wp:featuredmedia":[{"embeddable":true,"href":"https:\/\/volovape.com\/lt\/wp-json\/wp\/v2\/media\/786"}],"wp:attachment":[{"href":"https:\/\/volovape.com\/lt\/wp-json\/wp\/v2\/media?parent=495"}],"wp:term":[{"taxonomy":"product_brand","embeddable":true,"href":"https:\/\/volovape.com\/lt\/wp-json\/wp\/v2\/product_brand?post=495"},{"taxonomy":"product_cat","embeddable":true,"href":"https:\/\/volovape.com\/lt\/wp-json\/wp\/v2\/product_cat?post=495"},{"taxonomy":"product_tag","embeddable":true,"href":"https:\/\/volovape.com\/lt\/wp-json\/wp\/v2\/product_tag?post=495"}],"curies":[{"name":"wp","href":"https:\/\/api.w.org\/{rel}","templated":true}]}}