{"id":493,"date":"2024-11-21T03:30:07","date_gmt":"2024-11-21T03:30:07","guid":{"rendered":"https:\/\/volovape.com\/?post_type=product&#038;p=493"},"modified":"2025-10-17T12:22:28","modified_gmt":"2025-10-17T12:22:28","slug":"bang-blaze-20000-dumu","status":"publish","type":"product","link":"https:\/\/volovape.com\/lt\/product\/bang-blaze-20000-puffs\/","title":{"rendered":"\"Bang Blaze\" 20000 puffs vienkartini\u0173 vape sandori\u0173 - nuosekli tinklin\u0117 rit\u0117, \u012fkraunama"},"content":{"rendered":"<p><strong>Bang Blaze 20000 puf\u0173 vienkartini\u0173 svaigal\u0173<\/strong> - Ilgalaikis garinimas su pastoviu tinklelio rit\u0117s veikimu.<\/p>\n<p>Svetain\u0117 <strong>Bang Blaze 20000 d\u016bm\u0173<\/strong> Vienkartinis garintuvas si\u016blo itin ilgai trunkant\u012f garinim\u0105 - iki 20 000 \u012fkv\u0117pim\u0173 ir 25 ml e. skys\u010dio talpykl\u0105. \u0160is prietaisas su 850 mAh \u012fkraunama baterija ir 1,0 \u03a9 tinklelio spirale u\u017etikrina nuolatin\u012f skland\u0173 ir aromating\u0105 garavim\u0105. Rinkit\u0117s i\u0161 0%, 2%, 3% arba 5% nikotino stiprumo ir m\u0117gaukit\u0117s 12 skirting\u0173 skoni\u0173. D\u0117l ne\u0161iojamosios ir prie\u017ei\u016bros nereikalaujan\u010dios konstrukcijos jis puikiai tinka asmeniniam naudojimui ir <strong>vienkartiniai vape didmenin\u0117 prekyba<\/strong> arba <strong>masiniai u\u017esakymai<\/strong>.<\/p>\n<h3><strong>Bang Blaze 20000 Puffs Savyb\u0117s:<\/strong><\/h3>\n<ul>\n<li>Pufai: Iki 20 000<\/li>\n<li>E-skys\u010dio talpa: 25 ml<\/li>\n<li>Baterija: 850 mAh (\u012fkraunama)<\/li>\n<li>\u012ekrovimas: C tipo<\/li>\n<li>Rit\u0117: 1,0\u03a9 tinklelio rit\u0117<\/li>\n<li>Nikotino stiprumas: 0%, 2%, 3%, 5%<\/li>\n<li>12 unikali\u0173 skoni\u0173<\/li>\n<\/ul>\n<h4>DUK<\/h4>\n<h5>Kokios yra siuntimo galimyb\u0117s?<\/h5>\n<p>Bendradarbiaujame su \u012fvairiais ve\u017e\u0117jais, kad u\u017etikrintume patikimas siuntimo galimybes. Tinkamiausias b\u016bdas pasirenkamas atsi\u017evelgiant \u012f j\u016bs\u0173 buvimo viet\u0105, kad b\u016bt\u0173 u\u017etikrintas savalaikis j\u016bs\u0173 preki\u0173 pristatymas. <strong>vienkartiniai vape<\/strong> produktai. Atkreipkite d\u0117mes\u012f, kad d\u0117l reguliavimo garinimo produkt\u0173 siuntimas tapo labiau ribojamas ir kad toki\u0173 ve\u017e\u0117j\u0173, kaip UPS, DHL ir \"FedEx\", paslaugos nebeteikiamos.<\/p>\n<h5>Kiek laiko paprastai trunka standartinis pristatymas?<\/h5>\n<p>Standartinis pristatymas paprastai trunka 7-15 darbo dien\u0173. Pra\u0161ome atsi\u017evelgti \u012f galim\u0105 v\u0117lavim\u0105 \u0161ven\u010di\u0173 dienomis arba d\u0117l nepalanki\u0173 oro s\u0105lyg\u0173, d\u0117l kuri\u0173 pristatymo laikas gali pailg\u0117ti iki 20 darbo dien\u0173.<\/p>\n<h5>Ar tvarkomos muitin\u0117s proced\u016bros?<\/h5>\n<p>Atliekame reikiamas muitin\u0117s proced\u016bras, kad u\u017etikrintume skland\u0173 pristatymo proces\u0105. M\u016bs\u0173 tikslas - kuo labiau suma\u017einti bet kokias galimas problemas, ta\u010diau tur\u0117kite omenyje, kad d\u0117l teisin\u0117s situacijos, susijusios su garinimo produktais, bet kuriuo metu muitin\u0117 gali sustabdyti arba nutraukti siuntos gabenim\u0105 ir kad \u0161i situacija nuo m\u016bs\u0173 nepriklauso.<\/p>\n<h5>Kaip 1,0\u03a9 tinklelio rit\u0117 pagerina garinimo patirt\u012f?<\/h5>\n<p>1,0\u03a9 tinklelio rit\u0117 u\u017etikrina subalansuot\u0105 kaitinimo pavir\u0161i\u0173, tod\u0117l elektroninis skystis kaitinamas tolygiai ir tolygiai. \u0160i konstrukcija pagerina aromato perdavim\u0105 ir sukuria skland\u0173, malon\u0173 garavim\u0105, suteikdama auk\u0161\u010diausios kokyb\u0117s garinimo patirt\u012f, pasi\u017eymin\u010di\u0105 pastoviu aromatu ir gar\u0173 gamyba.<\/p>\n<h5>Ar mano pirkinys saugus?<\/h5>\n<p>Si\u016blome saugias mok\u0117jimo galimybes, ypa\u010d per tokias platformas kaip \"Paypal\", kurios u\u017etikrina pirk\u0117jo apsaug\u0105. Nors ap\u017evalgos gali pad\u0117ti priimti sprendimus d\u0117l pirkimo, mes tiesiogiai su jomis nesusij\u0119.<\/p>","protected":false},"excerpt":{"rendered":"<p>\u012esi\u017eiebkite su Bang Blaze 20000 \u012fpur\u0161kim\u0173. 1,0\u03a9 tinklelio rit\u0117, 25 ml, 850 mAh \u012fkraunama baterija. Puikiai tinka asmeniniam malonumui arba didmeninei prekybai dideliais kiekiais, su \u012fvairiomis nikotino parinktimis.<\/p>","protected":false},"featured_media":760,"comment_status":"open","ping_status":"closed","template":"","meta":[],"product_brand":[],"product_cat":[61,42,21,18,20,23,24,22,25,26,27,28,29,30,31,32,33,34,35,36,40],"product_tag":[],"class_list":{"0":"post-493","1":"product","2":"type-product","3":"status-publish","4":"has-post-thumbnail","6":"product_cat-bang","7":"product_cat-20000-puffs-disposable-vape","8":"product_cat-big-puffs-vapes","9":"product_cat-different-puffs-of-disposable-vapes","10":"product_cat-disposable-vape-types","11":"product_cat-disposable-vapes-in-austria","12":"product_cat-disposable-vapes-in-belgium","13":"product_cat-disposable-vapes-in-europe","14":"product_cat-disposable-vapes-in-france","15":"product_cat-disposable-vapes-in-germany","16":"product_cat-disposable-vapes-in-hungary","17":"product_cat-disposable-vapes-in-ltaly","18":"product_cat-disposable-vapes-in-netherlands","19":"product_cat-disposable-vapes-in-norway","20":"product_cat-disposable-vapes-in-poland","21":"product_cat-disposable-vapes-in-portugal","22":"product_cat-disposable-vapes-in-spain","23":"product_cat-disposable-vapes-in-sweden","24":"product_cat-disposable-vapes-in-switzerland","25":"product_cat-rechargeable-vapes","26":"product_cat-smart-screen-vapes","28":"first","29":"instock","30":"shipping-taxable","31":"purchasable","32":"product-type-variable","33":"has-default-attributes"},"jetpack_sharing_enabled":true,"tiered_pricing_type":"fixed","tiered_pricing_fixed_rules":{"2000":4.07000000000000028421709430404007434844970703125},"tiered_pricing_product_settings":{"layout":"default","base_unit_name":{"singular":null,"plural":null},"default_variation":null},"tiered_pricing_minimum_quantity":1000,"tiered_pricing_roles_data":[],"tiered_pricing_percentage_rules":[],"tiered_pricing_maximum_quantity":null,"tiered_pricing_quantity_step":"10","_links":{"self":[{"href":"https:\/\/volovape.com\/lt\/wp-json\/wp\/v2\/product\/493","targetHints":{"allow":["GET"]}}],"collection":[{"href":"https:\/\/volovape.com\/lt\/wp-json\/wp\/v2\/product"}],"about":[{"href":"https:\/\/volovape.com\/lt\/wp-json\/wp\/v2\/types\/product"}],"replies":[{"embeddable":true,"href":"https:\/\/volovape.com\/lt\/wp-json\/wp\/v2\/comments?post=493"}],"wp:featuredmedia":[{"embeddable":true,"href":"https:\/\/volovape.com\/lt\/wp-json\/wp\/v2\/media\/760"}],"wp:attachment":[{"href":"https:\/\/volovape.com\/lt\/wp-json\/wp\/v2\/media?parent=493"}],"wp:term":[{"taxonomy":"product_brand","embeddable":true,"href":"https:\/\/volovape.com\/lt\/wp-json\/wp\/v2\/product_brand?post=493"},{"taxonomy":"product_cat","embeddable":true,"href":"https:\/\/volovape.com\/lt\/wp-json\/wp\/v2\/product_cat?post=493"},{"taxonomy":"product_tag","embeddable":true,"href":"https:\/\/volovape.com\/lt\/wp-json\/wp\/v2\/product_tag?post=493"}],"curies":[{"name":"wp","href":"https:\/\/api.w.org\/{rel}","templated":true}]}}