{"id":488,"date":"2024-11-21T03:30:07","date_gmt":"2024-11-21T03:30:07","guid":{"rendered":"https:\/\/volovape.com\/?post_type=product&#038;p=488"},"modified":"2025-07-06T04:06:38","modified_gmt":"2025-07-06T04:06:38","slug":"bang-karunos-baras-18000-puffs","status":"publish","type":"product","link":"https:\/\/volovape.com\/lt\/product\/bang-crown-bar-18000-puffs\/","title":{"rendered":"\"Bang Crown Bar\" 18000 puffs vienkartini\u0173 vape urmu - \u012fkraunama, tinklelio rit\u0117"},"content":{"rendered":"<p><strong>\"Bang Crown Bar\" 18000 Puffs vienkartinis Vape<\/strong> - Ilgesnis garinimas su pa\u017eangia tinklelio rit\u0117s technologija.<\/p>\n<p>Svetain\u0117 <strong>\"Bang Crown Bar\" 18000 pufik\u0173<\/strong> si\u016blo ilgai trunkan\u010di\u0105 ir maloni\u0105 garinimo patirt\u012f - iki 18 000 \u012fp\u016btim\u0173 ir 24 ml e. skys\u010dio talpykl\u0105. \u0160is prietaisas su 650 mAh \u012fkraunama baterija ir pa\u017eangia tinklelio rit\u0117s technologija u\u017etikrina nuolatin\u012f skland\u0173 ir aromating\u0105 garavim\u0105. Rinkit\u0117s i\u0161 0%, 2%, 3% arba 5% nikotino stiprumo ir m\u0117gaukit\u0117s 15 skirting\u0173 skoni\u0173. D\u0117l ne\u0161iojamosios ir prie\u017ei\u016bros nereikalaujan\u010dios konstrukcijos jis puikiai tinka asmeniniam naudojimui ir <strong>vienkartiniai vape didmenin\u0117 prekyba<\/strong> arba <strong>masiniai u\u017esakymai<\/strong>.<\/p>\n<h3><strong>\"Bang Crown Bar 18000 Puffs\" funkcijos:<\/strong><\/h3>\n<ul>\n<li>Pufai: Iki 18 000<\/li>\n<li>E-skys\u010dio talpa: 24 ml<\/li>\n<li>Baterija: 650 mAh (\u012fkraunama)<\/li>\n<li>\u012ekrovimas: C tipo<\/li>\n<li>rit\u0117: Tinklin\u0117 rit\u0117<\/li>\n<li>Nikotino stiprumas: 0%, 2%, 3%, 5%<\/li>\n<li>15 unikali\u0173 skoni\u0173<\/li>\n<\/ul>\n<h4>DUK<\/h4>\n<h5>Kokios yra tipin\u0117s pristatymo galimyb\u0117s?<\/h5>\n<p>Dirbame su patikim\u0173 ve\u017e\u0117j\u0173 tinklu, kad j\u016bs\u0173 u\u017esakymas b\u016bt\u0173 pristatytas efektyviai. Siuntimo b\u016bdai parenkami taip, kad geriausiai atitikt\u0173 j\u016bs\u0173 buvimo viet\u0105 ir u\u017etikrint\u0173 savalaik\u012f j\u016bs\u0173 <strong>vienkartiniai vape<\/strong> u\u017esakymai. Atkreipkite d\u0117mes\u012f, kad d\u0117l reguliavimo garinimo produkt\u0173 siuntimas tapo labiau ribojamas ir kad toki\u0173 ve\u017e\u0117j\u0173, kaip UPS, DHL ir \"FedEx\", paslaugos nebeteikiamos.<\/p>\n<h5>Kiek laiko paprastai trunka standartinis pristatymas?<\/h5>\n<p>Standartinis pristatymas paprastai trunka 7-15 darbo dien\u0173. Pra\u0161ome atsi\u017evelgti \u012f galim\u0105 v\u0117lavim\u0105 \u0161ven\u010di\u0173 dienomis arba d\u0117l nenumatyt\u0173 oro s\u0105lyg\u0173, d\u0117l kuri\u0173 pristatymo laikas gali pailg\u0117ti iki 20 darbo dien\u0173.<\/p>\n<h5>Ar tvarkomos muitin\u0117s proced\u016bros?<\/h5>\n<p>Atliekame reikiamas muitin\u0117s proced\u016bras, kad u\u017etikrintume skland\u0173 pristatymo proces\u0105. M\u016bs\u0173 tikslas - kuo labiau suma\u017einti bet kokias galimas problemas, ta\u010diau tur\u0117kite omenyje, kad d\u0117l teisin\u0117s situacijos, susijusios su garinimo produktais, bet kuriuo metu muitin\u0117 gali sustabdyti arba nutraukti siuntos gabenim\u0105 ir kad \u0161i situacija nuo m\u016bs\u0173 nepriklauso.<\/p>\n<h5>Kaip pa\u017eangi tinklin\u0117s rit\u0117s technologija pagerina garinimo patirt\u012f?<\/h5>\n<p>Pa\u017eangi tinklelio rit\u0117s technologija sukurta taip, kad optimizuot\u0173 skon\u012f ir gar\u0173 gamyb\u0105. \u0160i rit\u0117s s\u0105ranka u\u017etikrina nuoseklesn\u012f ir malonesn\u012f garinim\u0105, nes efektyviai kaitina ir tolygiai paskirsto e. skyst\u012f, tod\u0117l skonis tampa sodresnis, o garai - \u0161velnesni.<\/p>\n<h5>Ar mano pirkinys saugus?<\/h5>\n<p>Pirmenyb\u0119 teikiame saugiems sandoriams, ypa\u010d per tokias mok\u0117jimo platformas kaip \"Paypal\", kurios u\u017etikrina pirk\u0117jo apsaug\u0105. Nors ap\u017evalgos gali pad\u0117ti priimti sprendimus d\u0117l pirkimo, tiesiogiai su jomis nesiejame.<\/p>","protected":false},"excerpt":{"rendered":"<p>Karaliaukite su \"Bang Crown Bar 18000 Puffs\". Tinklelio spiral\u0117, 24 ml, \u012fkraunama. Idealiai tinka asmeniniam naudojimui arba didmeninei prekybai, si\u016blo ilgesn\u012f garinim\u0105 ir plat\u0173 nikotino stiprumo diapazon\u0105.<\/p>","protected":false},"featured_media":703,"comment_status":"open","ping_status":"closed","template":"","meta":[],"product_brand":[],"product_cat":[61,50,21,18,20,23,24,22,25,26,27,28,29,30,31,32,33,34,35,47],"product_tag":[],"class_list":{"0":"post-488","1":"product","2":"type-product","3":"status-publish","4":"has-post-thumbnail","6":"product_cat-bang","7":"product_cat-18000-puffs-disposable-vape","8":"product_cat-big-puffs-vapes","9":"product_cat-different-puffs-of-disposable-vapes","10":"product_cat-disposable-vape-types","11":"product_cat-disposable-vapes-in-austria","12":"product_cat-disposable-vapes-in-belgium","13":"product_cat-disposable-vapes-in-europe","14":"product_cat-disposable-vapes-in-france","15":"product_cat-disposable-vapes-in-germany","16":"product_cat-disposable-vapes-in-hungary","17":"product_cat-disposable-vapes-in-ltaly","18":"product_cat-disposable-vapes-in-netherlands","19":"product_cat-disposable-vapes-in-norway","20":"product_cat-disposable-vapes-in-poland","21":"product_cat-disposable-vapes-in-portugal","22":"product_cat-disposable-vapes-in-spain","23":"product_cat-disposable-vapes-in-sweden","24":"product_cat-disposable-vapes-in-switzerland","25":"product_cat-shisha-hookah-vapes","27":"first","28":"instock","29":"shipping-taxable","30":"purchasable","31":"product-type-variable","32":"has-default-attributes"},"jetpack_sharing_enabled":true,"tiered_pricing_type":"fixed","tiered_pricing_fixed_rules":{"2000":4.88999999999999968025576890795491635799407958984375},"tiered_pricing_product_settings":{"layout":"default","base_unit_name":{"singular":null,"plural":null},"default_variation":null},"tiered_pricing_minimum_quantity":1000,"tiered_pricing_roles_data":[],"tiered_pricing_percentage_rules":[],"tiered_pricing_maximum_quantity":null,"tiered_pricing_quantity_step":"10","_links":{"self":[{"href":"https:\/\/volovape.com\/lt\/wp-json\/wp\/v2\/product\/488","targetHints":{"allow":["GET"]}}],"collection":[{"href":"https:\/\/volovape.com\/lt\/wp-json\/wp\/v2\/product"}],"about":[{"href":"https:\/\/volovape.com\/lt\/wp-json\/wp\/v2\/types\/product"}],"replies":[{"embeddable":true,"href":"https:\/\/volovape.com\/lt\/wp-json\/wp\/v2\/comments?post=488"}],"wp:featuredmedia":[{"embeddable":true,"href":"https:\/\/volovape.com\/lt\/wp-json\/wp\/v2\/media\/703"}],"wp:attachment":[{"href":"https:\/\/volovape.com\/lt\/wp-json\/wp\/v2\/media?parent=488"}],"wp:term":[{"taxonomy":"product_brand","embeddable":true,"href":"https:\/\/volovape.com\/lt\/wp-json\/wp\/v2\/product_brand?post=488"},{"taxonomy":"product_cat","embeddable":true,"href":"https:\/\/volovape.com\/lt\/wp-json\/wp\/v2\/product_cat?post=488"},{"taxonomy":"product_tag","embeddable":true,"href":"https:\/\/volovape.com\/lt\/wp-json\/wp\/v2\/product_tag?post=488"}],"curies":[{"name":"wp","href":"https:\/\/api.w.org\/{rel}","templated":true}]}}