{"id":421,"date":"2024-11-21T03:29:43","date_gmt":"2024-11-21T03:29:43","guid":{"rendered":"https:\/\/volovape.com\/?post_type=product&#038;p=421"},"modified":"2025-07-08T04:50:02","modified_gmt":"2025-07-08T04:50:02","slug":"bang-vape-raketa-18000-puffs","status":"publish","type":"product","link":"https:\/\/volovape.com\/lt\/product\/bang-vape-rocket-18000-puffs\/","title":{"rendered":"\"Bang Vape Rocket\" 18000 Puffs LED ekranas 0% 2% 3% 5% Nikotinas Didmenin\u0117 prekyba vienkartiniais garintuvais"},"content":{"rendered":"<p><strong>Bang \"Vape Rocket\" 18000 pufeli\u0173 vienkartin\u0117 Vape<\/strong> - Dviej\u0173 re\u017eim\u0173 garinimas ir ilgesnis veikimo laikas.<\/p>\n<p>Patirkite neprilygstam\u0105 universalum\u0105 su <strong>Bang \"Vape Rocket\" 18000 d\u016bm\u0173<\/strong>, \u012fprastu re\u017eimu galima i\u0161p\u016bsti iki 18 000 \u012fpur\u0161kim\u0173, o pulsiniu re\u017eimu - iki 9 000 \u012fpur\u0161kim\u0173. \u0160is prietaisas turi didel\u0119 26 ml elektroninio skys\u010dio talp\u0105, tvirt\u0105 650 mAh \u012fkraunam\u0105 akumuliatori\u0173 ir pa\u017eangi\u0105 dvigubo tinklo dviej\u0173 \u0161\u016bvi\u0173 rit\u0117s technologij\u0105, u\u017etikrinan\u010di\u0105 pastov\u0173 skon\u012f ir garus. Rinkit\u0117s i\u0161 0%, 2%, 3% arba 5% nikotino stiprumo ir m\u0117gaukit\u0117s 12 unikali\u0173 skoni\u0173. Skaitmeninis LED ekranas ir C tipo \u012fkrovimas padidina naudotojo patogum\u0105, tod\u0117l puikiai tinka asmeniniam naudojimui ir <strong>vienkartiniai vape didmenin\u0117 prekyba<\/strong> arba <strong>masiniai u\u017esakymai<\/strong>.<\/p>\n<h3><strong>Bang Vape Rocket 18000 Puffs Savyb\u0117s:<\/strong><\/h3>\n<ul>\n<li>Pufai: Iki 18 000 (\u012fprastas re\u017eimas), 9 000 (impulsinis re\u017eimas)<\/li>\n<li>E-skys\u010dio talpa: 26 ml<\/li>\n<li>Baterija: 650 mAh (\u012fkraunama)<\/li>\n<li>\u012ekrovimas: C tipo<\/li>\n<li>rit\u0117: Dvigubo tinklo Bi-Shot rit\u0117<\/li>\n<li>Nikotino stiprumas: 0%, 2%, 3%, 5%<\/li>\n<li>LED skaitmeninis ekranas<\/li>\n<li>12 unikali\u0173 skoni\u0173<\/li>\n<\/ul>\n<h4>DUK<\/h4>\n<h5>Kokios yra tipin\u0117s pristatymo galimyb\u0117s?<\/h5>\n<p>Dirbame su patikim\u0173 ve\u017e\u0117j\u0173 tinklu, kad j\u016bs\u0173 u\u017esakymas b\u016bt\u0173 pristatytas efektyviai. Siuntimo b\u016bdai parenkami taip, kad geriausiai atitikt\u0173 j\u016bs\u0173 buvimo viet\u0105 ir u\u017etikrint\u0173 savalaik\u012f j\u016bs\u0173 <strong>vienkartiniai vape<\/strong> u\u017esakymai. Atkreipkite d\u0117mes\u012f, kad d\u0117l reguliavimo garinimo produkt\u0173 siuntimas tapo labiau ribojamas ir kad toki\u0173 ve\u017e\u0117j\u0173, kaip UPS, DHL ir \"FedEx\", paslaugos nebeteikiamos.<\/p>\n<h5>Kiek laiko paprastai trunka standartinis pristatymas?<\/h5>\n<p>Standartinis pristatymas paprastai trunka 7-15 darbo dien\u0173. Pra\u0161ome atsi\u017evelgti \u012f galim\u0105 v\u0117lavim\u0105 \u0161ven\u010di\u0173 dienomis arba d\u0117l nenumatyt\u0173 oro s\u0105lyg\u0173, d\u0117l kuri\u0173 pristatymo laikas gali pailg\u0117ti iki 20 darbo dien\u0173.<\/p>\n<h5>Ar tvarkomos muitin\u0117s proced\u016bros?<\/h5>\n<p>Atliekame reikiamas muitin\u0117s proced\u016bras, kad u\u017etikrintume skland\u0173 pristatymo proces\u0105. M\u016bs\u0173 tikslas - kuo labiau suma\u017einti bet kokias galimas problemas, ta\u010diau tur\u0117kite omenyje, kad d\u0117l teisin\u0117s situacijos, susijusios su garinimo produktais, bet kuriuo metu muitin\u0117 gali sustabdyti arba nutraukti siuntos gabenim\u0105 ir kad \u0161i situacija nuo m\u016bs\u0173 nepriklauso.<\/p>\n<h5>Kokie yra dvigubo tinklo dviej\u0173 \u0161\u016bvi\u0173 rit\u0117s technologijos privalumai?<\/h5>\n<p>Dviej\u0173 tinkl\u0173 bi-shot rit\u0117s technologija sukurta siekiant optimizuoti skon\u012f ir gar\u0173 gamyb\u0105. \u0160i pa\u017eangi rit\u0117s s\u0105ranka u\u017etikrina nuoseklesn\u012f ir malonesn\u012f garinim\u0105, nes efektyviai kaitina ir tolygiai paskirsto e. skyst\u012f.<\/p>\n<h5>Kiek saugus mano pirkinys?<\/h5>\n<p>Pirmenyb\u0119 teikiame saugiems sandoriams, ypa\u010d per tokias mok\u0117jimo platformas kaip \"Paypal\", kurios u\u017etikrina pirk\u0117jo apsaug\u0105. Nors ap\u017evalgos gali pad\u0117ti priimti sprendimus d\u0117l pirkimo, tiesiogiai su jomis nesiejame.<\/p>","protected":false},"excerpt":{"rendered":"<p>Bang \"Vape Rocket 18000 Puffs\" si\u016blo iki 18 000 \u012fpur\u0161kim\u0173 \u012fprastu re\u017eimu, 26 ml e. skys\u010dio talpykl\u0105 ir 650 mAh \u012fkraunam\u0105 baterij\u0105. Dviej\u0173 tinkl\u0173 dvipusio \u0161virk\u0161timo rit\u0117s, LED ekranas ir 12 skani\u0173 skoni\u0173 - tai puiki ilgai veikianti vapavimo priemon\u0117 bet kokiems pageidavimams.<\/p>","protected":false},"featured_media":617,"comment_status":"open","ping_status":"closed","template":"","meta":[],"product_brand":[],"product_cat":[61,50,21,18,39,20,23,24,22,25,26,27,28,29,30,31,32,33,34,35,44,36,40],"product_tag":[],"class_list":{"0":"post-421","1":"product","2":"type-product","3":"status-publish","4":"has-post-thumbnail","6":"product_cat-bang","7":"product_cat-18000-puffs-disposable-vape","8":"product_cat-big-puffs-vapes","9":"product_cat-different-puffs-of-disposable-vapes","10":"product_cat-digital-box-vapes","11":"product_cat-disposable-vape-types","12":"product_cat-disposable-vapes-in-austria","13":"product_cat-disposable-vapes-in-belgium","14":"product_cat-disposable-vapes-in-europe","15":"product_cat-disposable-vapes-in-france","16":"product_cat-disposable-vapes-in-germany","17":"product_cat-disposable-vapes-in-hungary","18":"product_cat-disposable-vapes-in-ltaly","19":"product_cat-disposable-vapes-in-netherlands","20":"product_cat-disposable-vapes-in-norway","21":"product_cat-disposable-vapes-in-poland","22":"product_cat-disposable-vapes-in-portugal","23":"product_cat-disposable-vapes-in-spain","24":"product_cat-disposable-vapes-in-sweden","25":"product_cat-disposable-vapes-in-switzerland","26":"product_cat-dual-mesh-vapes","27":"product_cat-rechargeable-vapes","28":"product_cat-smart-screen-vapes","30":"first","31":"instock","32":"shipping-taxable","33":"purchasable","34":"product-type-variable","35":"has-default-attributes"},"jetpack_sharing_enabled":true,"tiered_pricing_type":"fixed","tiered_pricing_fixed_rules":{"2000":6},"tiered_pricing_product_settings":{"layout":"default","base_unit_name":{"singular":null,"plural":null},"default_variation":null},"tiered_pricing_minimum_quantity":1000,"tiered_pricing_roles_data":[],"tiered_pricing_percentage_rules":[],"tiered_pricing_maximum_quantity":null,"tiered_pricing_quantity_step":"10","_links":{"self":[{"href":"https:\/\/volovape.com\/lt\/wp-json\/wp\/v2\/product\/421","targetHints":{"allow":["GET"]}}],"collection":[{"href":"https:\/\/volovape.com\/lt\/wp-json\/wp\/v2\/product"}],"about":[{"href":"https:\/\/volovape.com\/lt\/wp-json\/wp\/v2\/types\/product"}],"replies":[{"embeddable":true,"href":"https:\/\/volovape.com\/lt\/wp-json\/wp\/v2\/comments?post=421"}],"wp:featuredmedia":[{"embeddable":true,"href":"https:\/\/volovape.com\/lt\/wp-json\/wp\/v2\/media\/617"}],"wp:attachment":[{"href":"https:\/\/volovape.com\/lt\/wp-json\/wp\/v2\/media?parent=421"}],"wp:term":[{"taxonomy":"product_brand","embeddable":true,"href":"https:\/\/volovape.com\/lt\/wp-json\/wp\/v2\/product_brand?post=421"},{"taxonomy":"product_cat","embeddable":true,"href":"https:\/\/volovape.com\/lt\/wp-json\/wp\/v2\/product_cat?post=421"},{"taxonomy":"product_tag","embeddable":true,"href":"https:\/\/volovape.com\/lt\/wp-json\/wp\/v2\/product_tag?post=421"}],"curies":[{"name":"wp","href":"https:\/\/api.w.org\/{rel}","templated":true}]}}