{"id":420,"date":"2024-11-21T03:29:43","date_gmt":"2024-11-21T03:29:43","guid":{"rendered":"https:\/\/volovape.com\/?post_type=product&#038;p=420"},"modified":"2026-04-29T02:09:38","modified_gmt":"2026-04-29T02:09:38","slug":"waspe-40k-dvigubo-skonio-dvyniai-40000-puffs","status":"publish","type":"product","link":"https:\/\/volovape.com\/lt\/product\/waspe-40k-double-flavor-twins-40000-puffs\/","title":{"rendered":"WASPE 40K vienkartinis vape | 40000 puffs dvigubo skonio dvyniai dvigubas aki\u0173"},"content":{"rendered":"<p><iframe title=\"VideoPress vaizdo \u012fra\u0161\u0173 grotuvas\" aria-label='VideoPress vaizdo \u012fra\u0161\u0173 grotuvas' width='500' height='281' src='https:\/\/videopress.com\/embed\/JseA5Oeo?hd=0&amp;cover=1' frameborder='0' allowfullscreen allow='clipboard-write'><\/iframe><script src='https:\/\/v0.wordpress.com\/js\/next\/videopress-iframe.js?m=1739540970'><\/script><\/p>\n<p><strong>WASPE 40K Double Flavor Twins vienkartinis Vape<\/strong> - Dvigubi skoniai, neprilygstamas kvepal\u0173 skai\u010dius.<\/p>\n<p>Patirkite naujoves <strong>WASPE 40K dvigubo skonio dvyniai<\/strong>, kuriame pristatomas novatori\u0161kas <em>dvigubo skonio dizainas<\/em> ir stulbinantis <strong>40 000 i\u0161p\u016btim\u0173 talpa<\/strong>. M\u0117gaukit\u0117s dviem skirtingais skoniais viename \u012fkraunamame \u012frenginyje, maitinamame i\u0161 <strong>850 mAh akumuliatorius<\/strong> ir did\u017eiulis <strong>36 ml elektroninio skys\u010dio rezervuaras<\/strong>. . <em>dvigubos tinklin\u0117s rit\u0117s technologija<\/em> u\u017etikrina i\u0161skirtin\u012f skon\u012f ir skland\u0173 garavim\u0105. Rinkit\u0117s i\u0161 <strong>0%, 2% arba 5% nikotino kiekis<\/strong> ir i\u0161tirti <strong>16 unikali\u0173 skonio derini\u0173<\/strong>. Puikiai tinka asmeniniam malonumui ir <strong>vienkartiniai vape didmenin\u0117 prekyba<\/strong> arba <strong>masinis u\u017esakymas<\/strong> poreikius.<\/p>\n<h3><strong>WASPE 40K dvigubo skonio dvyniai Savyb\u0117s:<\/strong><\/h3>\n<ul>\n<li>Pufai: Iki 40 000<\/li>\n<li>E-skys\u010dio talpa: 36 ml<\/li>\n<li>Baterija: 850 mAh (\u012fkraunama)<\/li>\n<li>\u012ekrovimas: C tipo<\/li>\n<li>rit\u0117: Dvigubos tinklin\u0117s rit\u0117s<\/li>\n<li>Nikotino stiprumas: 0%, 2%, 5%<\/li>\n<li>16 unikali\u0173 skoni\u0173 derini\u0173<\/li>\n<\/ul>\n<h4>DUK<\/h4>\n<h5>Kokie siuntimo b\u016bdai galimi?<\/h5>\n<p>Bendradarbiaujame su pirmaujan\u010diais ve\u017e\u0117jais, tokiais kaip UPS, DHL, \"FedEx\" ir DPD, kad gal\u0117tume pasi\u016blyti \u012fvairi\u0173 siuntimo galimybi\u0173. Tinkamiausias b\u016bdas pasirenkamas atsi\u017evelgiant \u012f j\u016bs\u0173 buvimo viet\u0105, kad b\u016bt\u0173 u\u017etikrintas savalaikis j\u016bs\u0173 siuntos pristatymas. <strong>vienkartiniai vape<\/strong> produktai.<\/p>\n<h5>Kiek laiko paprastai u\u017etrunka pristatymas?<\/h5>\n<p>Standartinis pristatymas paprastai trunka 7-15 darbo dien\u0173. \u0160ven\u010di\u0173 dienomis arba esant nepalankioms oro s\u0105lygoms pra\u0161ome numatyti iki 20 darbo dien\u0173.<\/p>\n<h5>Ar susidursiu su kokiomis nors muitin\u0117s problemomis?<\/h5>\n<p>Atliekame visas muitin\u0117s proced\u016bras, tod\u0117l u\u017etikriname skland\u017ei\u0105 ir nevarginan\u010di\u0105 patirt\u012f. Jums nereik\u0117s mok\u0117ti joki\u0173 papildom\u0173 mokes\u010di\u0173 ar rinkliav\u0173. Garantuojame 100% vis\u0173 m\u016bs\u0173 produkt\u0173 muitin\u012f \u012fforminim\u0105.<\/p>\n<h5>Kaip dviguba tinklelio rit\u0117 pagerina garinimo patirt\u012f?<\/h5>\n<p>Dviej\u0173 tinkleli\u0173 spiral\u0117s technologija u\u017etikrina didesn\u012f kaitinimo pavir\u0161i\u0173, tod\u0117l tolygiau kaitinama ir tolygiai gaminami abiej\u0173 skoni\u0173 garai. Tai u\u017etikrina sodresn\u012f, intensyvesn\u012f skon\u012f ir tolygesn\u012f garavim\u0105, tod\u0117l garavimo patirtis, palyginti su vienos rit\u0117s prietaisais, yra geresn\u0117.<\/p>\n<h5>Ar mano pirkinys saugus?<\/h5>\n<p>Si\u016blome saugias mok\u0117jimo per \"PayPal\" galimybes, kurios apima pirk\u0117jo apsaug\u0105. Taip pat galite per\u017ei\u016br\u0117ti m\u016bs\u0173 klient\u0173 atsiliepimus <a href=\"https:\/\/www.trustpilot.com\/review\/volovape.com?utm_medium=trustbox&amp;utm_source=TrustBoxReviewCollector\">\"TrustPilot\"<\/a>.<\/p>","protected":false},"excerpt":{"rendered":"<p>Maksimaliai padidinkite skon\u012f ir d\u016b\u017eius su WASPE 40K Twins vienkartiniu garintuvu! Dvigubas skonis, 40 000 \u012fpur\u0161kim\u0173 ir dvigubos tinklin\u0117s rit\u0117s. Idealiai tinka asmeniniam malonumui arba didelei didmeninei prekybai.<\/p>\n<p><strong>Greitas 3-7 dien\u0173 pristatymas i\u0161 m\u016bs\u0173 vietinio Europos sand\u0117lio - tikri vienkartiniai garintuvai, pristatomi netoli j\u016bs\u0173<\/strong> (tik standartinei 5% nikotino parink\u010diai).<\/p>","protected":false},"featured_media":28967,"comment_status":"open","ping_status":"closed","template":"","meta":[],"product_brand":[],"product_cat":[17,74,21,18,39,20,23,24,22,25,26,27,28,29,30,31,32,33,34,35,64,36,40],"product_tag":[],"class_list":{"0":"post-420","1":"product","2":"type-product","3":"status-publish","4":"has-post-thumbnail","6":"product_cat-waspe","7":"product_cat-40000-puffs-disposable-vape","8":"product_cat-big-puffs-vapes","9":"product_cat-different-puffs-of-disposable-vapes","10":"product_cat-digital-box-vapes","11":"product_cat-disposable-vape-types","12":"product_cat-disposable-vapes-in-austria","13":"product_cat-disposable-vapes-in-belgium","14":"product_cat-disposable-vapes-in-europe","15":"product_cat-disposable-vapes-in-france","16":"product_cat-disposable-vapes-in-germany","17":"product_cat-disposable-vapes-in-hungary","18":"product_cat-disposable-vapes-in-ltaly","19":"product_cat-disposable-vapes-in-netherlands","20":"product_cat-disposable-vapes-in-norway","21":"product_cat-disposable-vapes-in-poland","22":"product_cat-disposable-vapes-in-portugal","23":"product_cat-disposable-vapes-in-spain","24":"product_cat-disposable-vapes-in-sweden","25":"product_cat-disposable-vapes-in-switzerland","26":"product_cat-dual-flavor-vapes","27":"product_cat-rechargeable-vapes","28":"product_cat-smart-screen-vapes","30":"first","31":"instock","32":"shipping-taxable","33":"purchasable","34":"product-type-variable","35":"has-default-attributes"},"jetpack_sharing_enabled":true,"tiered_pricing_type":"fixed","tiered_pricing_fixed_rules":{"30":7.32000000000000028421709430404007434844970703125,"50":6.5999999999999996447286321199499070644378662109375,"100":6.36000000000000031974423109204508364200592041015625,"200":5.9900000000000002131628207280300557613372802734375,"400":5.42999999999999971578290569595992565155029296875},"tiered_pricing_product_settings":{"layout":"default","base_unit_name":{"singular":null,"plural":null},"default_variation":null},"tiered_pricing_minimum_quantity":10,"tiered_pricing_roles_data":[],"tiered_pricing_percentage_rules":[],"tiered_pricing_maximum_quantity":null,"tiered_pricing_quantity_step":"10","_links":{"self":[{"href":"https:\/\/volovape.com\/lt\/wp-json\/wp\/v2\/product\/420","targetHints":{"allow":["GET"]}}],"collection":[{"href":"https:\/\/volovape.com\/lt\/wp-json\/wp\/v2\/product"}],"about":[{"href":"https:\/\/volovape.com\/lt\/wp-json\/wp\/v2\/types\/product"}],"replies":[{"embeddable":true,"href":"https:\/\/volovape.com\/lt\/wp-json\/wp\/v2\/comments?post=420"}],"wp:featuredmedia":[{"embeddable":true,"href":"https:\/\/volovape.com\/lt\/wp-json\/wp\/v2\/media\/28967"}],"wp:attachment":[{"href":"https:\/\/volovape.com\/lt\/wp-json\/wp\/v2\/media?parent=420"}],"wp:term":[{"taxonomy":"product_brand","embeddable":true,"href":"https:\/\/volovape.com\/lt\/wp-json\/wp\/v2\/product_brand?post=420"},{"taxonomy":"product_cat","embeddable":true,"href":"https:\/\/volovape.com\/lt\/wp-json\/wp\/v2\/product_cat?post=420"},{"taxonomy":"product_tag","embeddable":true,"href":"https:\/\/volovape.com\/lt\/wp-json\/wp\/v2\/product_tag?post=420"}],"curies":[{"name":"wp","href":"https:\/\/api.w.org\/{rel}","templated":true}]}}