{"id":419,"date":"2024-11-21T03:29:43","date_gmt":"2024-11-21T03:29:43","guid":{"rendered":"https:\/\/volovape.com\/?post_type=product&#038;p=419"},"modified":"2025-11-01T06:09:25","modified_gmt":"2025-11-01T06:09:25","slug":"mrvi-laimi-30-tukst-pufu","status":"publish","type":"product","link":"https:\/\/volovape.com\/lt\/product\/mrvi-winning-30k-puffs\/","title":{"rendered":"MRVI WINNING 30K Puffs vienkartinis Vape - 30 000 puff\u0173 skai\u010dius (2%\/5% nikotinas)"},"content":{"rendered":"<p><iframe title=\"VideoPress vaizdo \u012fra\u0161\u0173 grotuvas\" aria-label='VideoPress vaizdo \u012fra\u0161\u0173 grotuvas' width='500' height='281' src='https:\/\/videopress.com\/embed\/13e6MPsk?hd=0&amp;cover=1' frameborder='0' allowfullscreen allow='clipboard-write'><\/iframe><script src='https:\/\/v0.wordpress.com\/js\/next\/videopress-iframe.js?m=1739540970'><\/script><\/p>\n<p><strong>MRVI WINNING 30K vienkartinis Vape<\/strong> - Patirkite neprilygstam\u0105 ilgaam\u017ei\u0161kum\u0105 ir skon\u012f.<\/p>\n<p>Svetain\u0117 <strong>MRVI LAIM\u0116TI 30K<\/strong> i\u0161 naujo apibr\u0117\u017eia vienkartin\u012f garinim\u0105 su stulbinan\u010dia <strong>30 000 i\u0161p\u016btim\u0173 talpa<\/strong> ir didel\u0119 <strong>35 ml elektroninio skys\u010dio talpykla<\/strong>. Veikiamas pagal <strong>800 mAh \u012fkraunama baterija<\/strong> ir su <em>pa\u017eangi tinklin\u0117s rit\u0117s technologija<\/em>, \u0161is prietaisas u\u017etikrina nuolatin\u012f skland\u0173 ir aromating\u0105 garavim\u0105. Pasirinkite vien\u0105 i\u0161 \u0161i\u0173 variant\u0173 <strong>2% arba 5% nikotino kiekis<\/strong> ir m\u0117gautis \u012fvairia <strong>10 skani\u0173 skoni\u0173<\/strong>. Eleganti\u0161kas, ne\u0161iojamas dizainas puikiai tinka garinti keliaujant ir puikiai tinka <strong>vienkartiniai vape didmenin\u0117 prekyba<\/strong> arba <strong>masiniai u\u017esakymai<\/strong>.<\/p>\n<h3><strong>MRVI WINNING 30K funkcijos:<\/strong><\/h3>\n<ul>\n<li>Pufai: Iki 30 000<\/li>\n<li>E-skys\u010dio talpa: 35 ml<\/li>\n<li>Baterija: 800 mAh (\u012fkraunama)<\/li>\n<li>\u012ekrovimas: C tipo<\/li>\n<li>rit\u0117: Tinklin\u0117 rit\u0117<\/li>\n<li>Nikotino stiprumas: 2%, 5%<\/li>\n<li>10 unikali\u0173 skoni\u0173<\/li>\n<\/ul>\n<h4>DUK<\/h4>\n<h5>Kokie siuntimo b\u016bdai galimi?<\/h5>\n<p>Bendradarbiaujame su tokiais patikimais ve\u017e\u0117jais kaip UPS, DHL, \"FedEx\" ir DPD, kad gal\u0117tume pasi\u016blyti \u012fvairias siuntimo galimybes. Tinkamiausias b\u016bdas pasirenkamas atsi\u017evelgiant \u012f j\u016bs\u0173 buvimo viet\u0105, kad b\u016bt\u0173 u\u017etikrintas greitas j\u016bs\u0173 preki\u0173 pristatymas. <strong>vienkartiniai vape<\/strong> produktai.<\/p>\n<h5>Kiek laiko paprastai u\u017etrunka pristatymas?<\/h5>\n<p>Standartinis pristatymas paprastai trunka 7-15 darbo dien\u0173. \u0160ven\u010di\u0173 dienomis arba esant nepalankioms oro s\u0105lygoms pra\u0161ome numatyti iki 20 darbo dien\u0173.<\/p>\n<h5>Ar susidursiu su kokiomis nors muitin\u0117s problemomis?<\/h5>\n<p>Tvarkysime visas muitin\u0117s proced\u016bras ir u\u017etikrinsime skland\u0173 ir nevarginant\u012f proces\u0105. Jums nereik\u0117s mok\u0117ti joki\u0173 papildom\u0173 mokes\u010di\u0173 ar rinkliav\u0173. Garantuojame 100% vis\u0173 m\u016bs\u0173 produkt\u0173 muitin\u012f \u012fforminim\u0105.<\/p>\n<h5>Kaip tinklin\u0117 rit\u0117 pagerina garinimo patirt\u012f?<\/h5>\n<p>Pa\u017eangi tinklin\u0117s rit\u0117s technologija u\u017etikrina didesn\u012f kaitinimo pavir\u0161i\u0173, tod\u0117l tolygiau \u012fkaista ir tolygiai gaminami garai. Tai pagerina aromato perteikim\u0105 ir sukuria sklandesnius, sodresnius debes\u0117lius, tod\u0117l, palyginti su \u012fprastin\u0117mis rit\u0117mis, garinimas yra geresnis.<\/p>\n<h5>Ar mano pirkinys saugus?<\/h5>\n<p>Si\u016blome saugias mok\u0117jimo per \"PayPal\" galimybes, kurios apima pirk\u0117jo apsaug\u0105. Taip pat galite per\u017ei\u016br\u0117ti m\u016bs\u0173 klient\u0173 atsiliepimus <a href=\"https:\/\/www.trustpilot.com\/review\/volovape.com?utm_medium=trustbox&amp;utm_source=TrustBoxReviewCollector\">\"TrustPilot\"<\/a>.<\/p>","protected":false},"excerpt":{"rendered":"<p>Laim\u0117kite daug su MRVI Laim\u0117ti 30 t\u016bkst. puffs\u0173! 30 000 \u012fp\u016btim\u0173, 35 ml, tinklelio spiral\u0117, \u012fkraunama. Puikiai tinka asmeniniam naudojimui arba didmeninei prekybai dideliais kiekiais, u\u017etikrina maksimal\u0173 garinimo ilgaam\u017ei\u0161kum\u0105.<\/p>","protected":false},"featured_media":5822,"comment_status":"open","ping_status":"closed","template":"","meta":[],"product_brand":[],"product_cat":[55,63,21,18,39,20,23,24,22,25,26,27,28,29,30,31,32,33,34,35,44,36,40],"product_tag":[],"class_list":{"0":"post-419","1":"product","2":"type-product","3":"status-publish","4":"has-post-thumbnail","6":"product_cat-mrvi","7":"product_cat-30000-puffs-disposable-vape","8":"product_cat-big-puffs-vapes","9":"product_cat-different-puffs-of-disposable-vapes","10":"product_cat-digital-box-vapes","11":"product_cat-disposable-vape-types","12":"product_cat-disposable-vapes-in-austria","13":"product_cat-disposable-vapes-in-belgium","14":"product_cat-disposable-vapes-in-europe","15":"product_cat-disposable-vapes-in-france","16":"product_cat-disposable-vapes-in-germany","17":"product_cat-disposable-vapes-in-hungary","18":"product_cat-disposable-vapes-in-ltaly","19":"product_cat-disposable-vapes-in-netherlands","20":"product_cat-disposable-vapes-in-norway","21":"product_cat-disposable-vapes-in-poland","22":"product_cat-disposable-vapes-in-portugal","23":"product_cat-disposable-vapes-in-spain","24":"product_cat-disposable-vapes-in-sweden","25":"product_cat-disposable-vapes-in-switzerland","26":"product_cat-dual-mesh-vapes","27":"product_cat-rechargeable-vapes","28":"product_cat-smart-screen-vapes","30":"first","31":"instock","32":"shipping-taxable","33":"purchasable","34":"product-type-variable","35":"has-default-attributes"},"jetpack_sharing_enabled":true,"tiered_pricing_type":"fixed","tiered_pricing_fixed_rules":{"100":6.910000000000000142108547152020037174224853515625,"200":6.29999999999999982236431605997495353221893310546875,"400":5.9900000000000002131628207280300557613372802734375},"tiered_pricing_product_settings":{"layout":"default","base_unit_name":{"singular":null,"plural":null},"default_variation":null},"tiered_pricing_minimum_quantity":50,"tiered_pricing_roles_data":[],"tiered_pricing_percentage_rules":[],"tiered_pricing_maximum_quantity":null,"tiered_pricing_quantity_step":"10","_links":{"self":[{"href":"https:\/\/volovape.com\/lt\/wp-json\/wp\/v2\/product\/419","targetHints":{"allow":["GET"]}}],"collection":[{"href":"https:\/\/volovape.com\/lt\/wp-json\/wp\/v2\/product"}],"about":[{"href":"https:\/\/volovape.com\/lt\/wp-json\/wp\/v2\/types\/product"}],"replies":[{"embeddable":true,"href":"https:\/\/volovape.com\/lt\/wp-json\/wp\/v2\/comments?post=419"}],"wp:featuredmedia":[{"embeddable":true,"href":"https:\/\/volovape.com\/lt\/wp-json\/wp\/v2\/media\/5822"}],"wp:attachment":[{"href":"https:\/\/volovape.com\/lt\/wp-json\/wp\/v2\/media?parent=419"}],"wp:term":[{"taxonomy":"product_brand","embeddable":true,"href":"https:\/\/volovape.com\/lt\/wp-json\/wp\/v2\/product_brand?post=419"},{"taxonomy":"product_cat","embeddable":true,"href":"https:\/\/volovape.com\/lt\/wp-json\/wp\/v2\/product_cat?post=419"},{"taxonomy":"product_tag","embeddable":true,"href":"https:\/\/volovape.com\/lt\/wp-json\/wp\/v2\/product_tag?post=419"}],"curies":[{"name":"wp","href":"https:\/\/api.w.org\/{rel}","templated":true}]}}