{"id":418,"date":"2024-11-21T03:29:43","date_gmt":"2024-11-21T03:29:43","guid":{"rendered":"https:\/\/volovape.com\/?post_type=product&#038;p=418"},"modified":"2026-04-29T02:09:35","modified_gmt":"2026-04-29T02:09:35","slug":"bang-king-30000-puffu","status":"publish","type":"product","link":"https:\/\/volovape.com\/lt\/product\/bang-king-30000-puffs\/","title":{"rendered":"\"Bang King\" 30000 puffs vienkartinis vape su skaitmeniniu ekranu - didmenin\u0117 prekyba dideliais kiekiais"},"content":{"rendered":"<p><strong>Bang King 30000 puffs\u0173 vienkartinis Vape<\/strong> - Neprilygstamas ilgaam\u017ei\u0161kumas ir pa\u017eangus ekranas.<\/p>\n<p>Patirkite geriausi\u0105 vienkartinio garinimo patirt\u012f su <strong>\"Bang King\" 30000 puffs\u0173<\/strong>, galintis pasigirti \u012fsp\u016bdingu <strong>30 000 i\u0161p\u016btim\u0173 talpa<\/strong> ir did\u017eiulis <strong>36 ml elektroninio skys\u010dio rezervuaras<\/strong>. \u0160is prietaisas turi <strong>LED skaitmeninis ekranas<\/strong> lengvai steb\u0117ti akumuliatoriaus veikimo trukm\u0119 ir d\u016bm\u0173 kiek\u012f, kad visada b\u016btum\u0117te informuoti. Maitinamas i\u0161 <strong>550 mAh \u012fkraunama baterija<\/strong> su <strong>C tipo \u012fkrovimas<\/strong> ir <strong>1,0 om\u0173 tinklelio rit\u0117<\/strong>, jis u\u017etikrina nuosekl\u0173 ir aromating\u0105 garavim\u0105. Galite rinktis i\u0161 <strong>0%, 2%, 3% arba 5% nikotino koncentracija<\/strong> ir m\u0117gaukit\u0117s unikaliais dvigubo skonio deriniais. Idealiai tinka asmeniniam naudojimui ir <strong>vienkartiniai vape didmenin\u0117 prekyba<\/strong> arba <strong>masiniai u\u017esakymai<\/strong>.<\/p>\n<h3><strong>Bang King 30000 Puffs Savyb\u0117s:<\/strong><\/h3>\n<ul>\n<li>Pufai: Iki 30 000<\/li>\n<li>E-skys\u010dio talpa: 36 ml<\/li>\n<li>Baterija: 550 mAh (\u012fkraunama)<\/li>\n<li>\u012ekrovimas: C tipo<\/li>\n<li>\u012evij\u0117l\u0117: 1,0 om\u0173 tinklelio rit\u0117<\/li>\n<li>Nikotino stiprumas: 0%, 2%, 3%, 5%<\/li>\n<li>Ekranas: Skaitmeninis LED ekranas (baterija ir d\u016b\u017ei\u0173 skai\u010dius)<\/li>\n<li>Dvigubi skoniai<\/li>\n<\/ul>\n<h4>DUK<\/h4>\n<h5>Kokios yra galimos pristatymo galimyb\u0117s?<\/h5>\n<p>Bendradarbiaujame su patikimais ve\u017e\u0117jais, tokiais kaip UPS, DHL, \"FedEx\" ir DPD, kad gal\u0117tume pasi\u016blyti \u012fvairi\u0173 siuntimo galimybi\u0173. Tinkamiausias b\u016bdas bus pasirinktas atsi\u017evelgiant \u012f pristatymo viet\u0105, taip u\u017etikrinant greit\u0105 j\u016bs\u0173 preki\u0173 pristatym\u0105. <strong>vienkartiniai vape<\/strong> produktai.<\/p>\n<h5>Kiek laiko paprastai u\u017etrunka pristatymas?<\/h5>\n<p>Standartinis pristatymas paprastai trunka 7-15 darbo dien\u0173. Ta\u010diau \u0161ven\u010di\u0173 dienomis arba esant nepalankioms oro s\u0105lygoms pra\u0161ome numatyti iki 20 darbo dien\u0173.<\/p>\n<h5>Ar tur\u0117siu koki\u0173 nors problem\u0173 su muitine?<\/h5>\n<p>Atliekame visas muitin\u0117s proced\u016bras, tod\u0117l u\u017etikriname skland\u017ei\u0105 ir nevarginan\u010di\u0105 patirt\u012f. Jums nereik\u0117s mok\u0117ti joki\u0173 papildom\u0173 mokes\u010di\u0173 ar rinkliav\u0173. Garantuojame 100% vis\u0173 m\u016bs\u0173 produkt\u0173 muitin\u012f \u012fforminim\u0105.<\/p>\n<h5>Kiek tiksliai LED ekrane rodomas d\u016bm\u0173 skai\u010dius ir baterijos veikimo laikas?<\/h5>\n<p>Integruotame skaitmeniniame LED ekrane realiuoju laiku tiksliai rodoma, kiek d\u016bm\u0173 i\u0161traukiama ir kiek laiko veikia baterija. Tai leid\u017eia tiksliai steb\u0117ti ir u\u017etikrinti nuolatin\u0119 bei patikim\u0105 garinimo patirt\u012f. Toks tikslumas rei\u0161kia, kad visada \u017einosite, kada reikia \u012fkrauti baterij\u0105.<\/p>\n<h5>Ar mano pirkinys apsaugotas?<\/h5>\n<p>Si\u016blome saugias mok\u0117jimo per \"PayPal\" galimybes, \u012fskaitant pirk\u0117jo apsaug\u0105. Taip pat galite per\u017ei\u016br\u0117ti m\u016bs\u0173 klient\u0173 atsiliepimus <a href=\"https:\/\/www.trustpilot.com\/review\/volovape.com?utm_medium=trustbox&amp;utm_source=TrustBoxReviewCollector\">\"TrustPilot\"<\/a>.<\/p>","protected":false},"excerpt":{"rendered":"<p>Pagerinkite savo patirt\u012f su Bang \"King 30000 Puffs\". LED ekranas, 36 ml, 1,0 \u03a9 tinklelis, \u012fkraunamas. Idealiai tinka asmeniniam malonumui arba didel\u0117s apimties didmeninei prekybai.<\/p>","protected":false},"featured_media":662,"comment_status":"open","ping_status":"closed","template":"","meta":[],"product_brand":[],"product_cat":[61,63,21,18,39,20,23,24,22,25,26,27,28,29,30,31,32,33,34,35,64,36,40],"product_tag":[],"class_list":{"0":"post-418","1":"product","2":"type-product","3":"status-publish","4":"has-post-thumbnail","6":"product_cat-bang","7":"product_cat-30000-puffs-disposable-vape","8":"product_cat-big-puffs-vapes","9":"product_cat-different-puffs-of-disposable-vapes","10":"product_cat-digital-box-vapes","11":"product_cat-disposable-vape-types","12":"product_cat-disposable-vapes-in-austria","13":"product_cat-disposable-vapes-in-belgium","14":"product_cat-disposable-vapes-in-europe","15":"product_cat-disposable-vapes-in-france","16":"product_cat-disposable-vapes-in-germany","17":"product_cat-disposable-vapes-in-hungary","18":"product_cat-disposable-vapes-in-ltaly","19":"product_cat-disposable-vapes-in-netherlands","20":"product_cat-disposable-vapes-in-norway","21":"product_cat-disposable-vapes-in-poland","22":"product_cat-disposable-vapes-in-portugal","23":"product_cat-disposable-vapes-in-spain","24":"product_cat-disposable-vapes-in-sweden","25":"product_cat-disposable-vapes-in-switzerland","26":"product_cat-dual-flavor-vapes","27":"product_cat-rechargeable-vapes","28":"product_cat-smart-screen-vapes","30":"first","31":"instock","32":"shipping-taxable","33":"purchasable","34":"product-type-variable","35":"has-default-attributes"},"jetpack_sharing_enabled":true,"tiered_pricing_type":"fixed","tiered_pricing_fixed_rules":{"30":6.87000000000000010658141036401502788066864013671875,"50":6.36000000000000031974423109204508364200592041015625,"100":5.4900000000000002131628207280300557613372802734375,"200":5.12000000000000010658141036401502788066864013671875,"400":4.57000000000000028421709430404007434844970703125},"tiered_pricing_product_settings":{"layout":"default","base_unit_name":{"singular":null,"plural":null},"default_variation":null},"tiered_pricing_minimum_quantity":10,"tiered_pricing_roles_data":[],"tiered_pricing_percentage_rules":[],"tiered_pricing_maximum_quantity":null,"tiered_pricing_quantity_step":"10","_links":{"self":[{"href":"https:\/\/volovape.com\/lt\/wp-json\/wp\/v2\/product\/418","targetHints":{"allow":["GET"]}}],"collection":[{"href":"https:\/\/volovape.com\/lt\/wp-json\/wp\/v2\/product"}],"about":[{"href":"https:\/\/volovape.com\/lt\/wp-json\/wp\/v2\/types\/product"}],"replies":[{"embeddable":true,"href":"https:\/\/volovape.com\/lt\/wp-json\/wp\/v2\/comments?post=418"}],"wp:featuredmedia":[{"embeddable":true,"href":"https:\/\/volovape.com\/lt\/wp-json\/wp\/v2\/media\/662"}],"wp:attachment":[{"href":"https:\/\/volovape.com\/lt\/wp-json\/wp\/v2\/media?parent=418"}],"wp:term":[{"taxonomy":"product_brand","embeddable":true,"href":"https:\/\/volovape.com\/lt\/wp-json\/wp\/v2\/product_brand?post=418"},{"taxonomy":"product_cat","embeddable":true,"href":"https:\/\/volovape.com\/lt\/wp-json\/wp\/v2\/product_cat?post=418"},{"taxonomy":"product_tag","embeddable":true,"href":"https:\/\/volovape.com\/lt\/wp-json\/wp\/v2\/product_tag?post=418"}],"curies":[{"name":"wp","href":"https:\/\/api.w.org\/{rel}","templated":true}]}}