{"id":417,"date":"2024-11-21T03:29:43","date_gmt":"2024-11-21T03:29:43","guid":{"rendered":"https:\/\/volovape.com\/?post_type=product&#038;p=417"},"modified":"2025-10-31T03:56:57","modified_gmt":"2025-10-31T03:56:57","slug":"poco-sl-15000-puffs","status":"publish","type":"product","link":"https:\/\/volovape.com\/lt\/product\/poco-sl-15000-puffs\/","title":{"rendered":"\"Poco SL\" 15000 \u012fkv\u0117pim\u0173 su reguliuojamu oro srautu - \u012fkraunamas su C tipo \u012fkrovikliu (0-5% nikotino)"},"content":{"rendered":"<p>\"Poco SL 15000 Puffs\" vienkartinis vape - reguliuojamas oro srautas ir \u012fkraunamas (0-5% nikotino)<\/p>\n<p><strong>\"Poco SL\" 15000 vienkartini\u0173 pufik\u0173<\/strong> - Individualus garinimas su reguliuojamu oro srautu.<\/p>\n<p>Patirkite specialiai pritaikyt\u0105 garinim\u0105 su <strong>\"Poco SL\" 15000 pufik\u0173<\/strong>, kuriame <em>reguliuojamas oro srautas<\/em> kad b\u016bt\u0173 pritaikytas traukimas ir optimalus skonis. M\u0117gaukit\u0117s iki <strong>15 000 \u012fkv\u0117pim\u0173<\/strong> i\u0161 didelio <strong>25 ml elektroninio skys\u010dio talpa<\/strong>, maitinamas i\u0161 <strong>650 mAh \u012fkraunama baterija<\/strong> su <strong>C tipo \u012fkrovimas<\/strong>. Rinkit\u0117s i\u0161 <strong>0%, 2%, 3% arba 5% nikotino koncentracija<\/strong>ir i\u0161tirti <strong>12 unikali\u0173 skoni\u0173<\/strong>. \u0160is prietaisas - tai patogumo ir pritaikymo derinys, idealiai tinkantis tiek asmeniniam naudojimui, tiek <strong>vienkartiniai vape didmenin\u0117 prekyba<\/strong> arba <strong>masiniai u\u017esakymai<\/strong>.<\/p>\n<h3><strong>\"Poco SL 15000 Puffs\" funkcijos:<\/strong><\/h3>\n<ul>\n<li>Pufai: Iki 15 000<\/li>\n<li>E-skys\u010dio talpa: 25 ml<\/li>\n<li>Baterija: 650 mAh (\u012fkraunama)<\/li>\n<li>\u012ekrovimas: C tipo<\/li>\n<li>Oro srautas: Reguliuojamas<\/li>\n<li>Nikotino stiprumas: 0%, 2%, 3%, 5%<\/li>\n<li>12 unikali\u0173 skoni\u0173<\/li>\n<\/ul>\n<h4>DUK<\/h4>\n<h5>Kokios yra tipin\u0117s pristatymo galimyb\u0117s?<\/h5>\n<p>Naudojame patikimus ve\u017e\u0117jus, tokius kaip UPS, DHL, \"FedEx\" ir DPD, kad u\u017etikrintume, jog j\u016bs\u0173 u\u017esakymas b\u016bt\u0173 pristatytas greitai. Efektyviausias pristatymo b\u016bdas parenkamas atsi\u017evelgiant \u012f j\u016bs\u0173 buvimo viet\u0105, taip u\u017etikrinant, kad j\u016bs\u0173 siunta bus pristatyta laiku. <strong>vienkartiniai vape<\/strong> produktai.<\/p>\n<h5>Kiek laiko paprastai u\u017etrunka pristatymas?<\/h5>\n<p>Standartinis pristatymas paprastai trunka 7-15 darbo dien\u0173. Ta\u010diau \u0161ven\u010di\u0173 dienomis arba d\u0117l nenumatyt\u0173 oro s\u0105lyg\u0173 pra\u0161ome numatyti iki 20 darbo dien\u0173.<\/p>\n<h5>Ar yra koki\u0173 nors su muitine susijusi\u0173 problem\u0173?<\/h5>\n<p>Tvarkydami visas muitin\u0117s proced\u016bras, u\u017etikriname skland\u017ei\u0105 patirt\u012f be joki\u0173 papildom\u0173 mokes\u010di\u0173 ar rinkliav\u0173. Garantuojame, kad visi m\u016bs\u0173 produktai bus i\u0161muitinti 100%.<\/p>\n<h5>Kaip reguliuojamo oro srauto funkcija pagerina garinimo patirt\u012f?<\/h5>\n<p>Reguliuojamas oro srautas leid\u017eia pritaikyti u\u017etraukimo pasiprie\u0161inim\u0105, tod\u0117l galite tiksliai sureguliuoti aromato intensyvumo ir gar\u0173 gamybos pusiausvyr\u0105. Nesvarbu, ar m\u0117gstate grie\u017etesn\u012f, labiau koncentruot\u0105 u\u017etraukim\u0105, ar laisvesn\u012f, oru sklindant\u012f garavim\u0105, \u0161i funkcija leid\u017eia pritaikyti savo patirt\u012f pagal savo pageidavimus.<\/p>\n<h5>Ar mano pirkinys saugus?<\/h5>\n<p>Si\u016blome saugias mok\u0117jimo per \"PayPal\" galimybes, kurios apima pirk\u0117jo apsaug\u0105. Taip pat galite per\u017ei\u016br\u0117ti m\u016bs\u0173 klient\u0173 atsiliepimus ir \u012fvertinimus <a href=\"https:\/\/www.trustpilot.com\/review\/volovape.com?utm_medium=trustbox&#038;utm_source=TrustBoxReviewCollector\">\"TrustPilot\"<\/a>.<\/p>","protected":false},"excerpt":{"rendered":"<p>Pritaikykite savo vape su \"Poco SL 15000 Puffs\". Reguliuojamas oro srautas, 25 ml, \u012fkraunamas. Greitas pristatymas ES! Idealiai tinka asmeniniam naudojimui arba didmeninei prekybai. \u012evairus nikotinas.<\/p>","protected":false},"featured_media":601,"comment_status":"open","ping_status":"closed","template":"","meta":[],"product_brand":[],"product_cat":[58,41,21,18,39,20,23,24,22,25,26,27,28,29,30,31,32,33,34,35,36,40],"product_tag":[],"class_list":{"0":"post-417","1":"product","2":"type-product","3":"status-publish","4":"has-post-thumbnail","6":"product_cat-poco","7":"product_cat-15000-puffs-disposable-vape","8":"product_cat-big-puffs-vapes","9":"product_cat-different-puffs-of-disposable-vapes","10":"product_cat-digital-box-vapes","11":"product_cat-disposable-vape-types","12":"product_cat-disposable-vapes-in-austria","13":"product_cat-disposable-vapes-in-belgium","14":"product_cat-disposable-vapes-in-europe","15":"product_cat-disposable-vapes-in-france","16":"product_cat-disposable-vapes-in-germany","17":"product_cat-disposable-vapes-in-hungary","18":"product_cat-disposable-vapes-in-ltaly","19":"product_cat-disposable-vapes-in-netherlands","20":"product_cat-disposable-vapes-in-norway","21":"product_cat-disposable-vapes-in-poland","22":"product_cat-disposable-vapes-in-portugal","23":"product_cat-disposable-vapes-in-spain","24":"product_cat-disposable-vapes-in-sweden","25":"product_cat-disposable-vapes-in-switzerland","26":"product_cat-rechargeable-vapes","27":"product_cat-smart-screen-vapes","29":"first","30":"instock","31":"shipping-taxable","32":"purchasable","33":"product-type-variable","34":"has-default-attributes"},"jetpack_sharing_enabled":true,"tiered_pricing_type":"fixed","tiered_pricing_fixed_rules":{"100":7.5,"400":7.0999999999999996447286321199499070644378662109375,"1000":7},"tiered_pricing_product_settings":{"layout":"default","base_unit_name":{"singular":null,"plural":null},"default_variation":null},"tiered_pricing_minimum_quantity":50,"tiered_pricing_roles_data":[],"tiered_pricing_percentage_rules":[],"tiered_pricing_maximum_quantity":null,"tiered_pricing_quantity_step":"10","_links":{"self":[{"href":"https:\/\/volovape.com\/lt\/wp-json\/wp\/v2\/product\/417","targetHints":{"allow":["GET"]}}],"collection":[{"href":"https:\/\/volovape.com\/lt\/wp-json\/wp\/v2\/product"}],"about":[{"href":"https:\/\/volovape.com\/lt\/wp-json\/wp\/v2\/types\/product"}],"replies":[{"embeddable":true,"href":"https:\/\/volovape.com\/lt\/wp-json\/wp\/v2\/comments?post=417"}],"wp:featuredmedia":[{"embeddable":true,"href":"https:\/\/volovape.com\/lt\/wp-json\/wp\/v2\/media\/601"}],"wp:attachment":[{"href":"https:\/\/volovape.com\/lt\/wp-json\/wp\/v2\/media?parent=417"}],"wp:term":[{"taxonomy":"product_brand","embeddable":true,"href":"https:\/\/volovape.com\/lt\/wp-json\/wp\/v2\/product_brand?post=417"},{"taxonomy":"product_cat","embeddable":true,"href":"https:\/\/volovape.com\/lt\/wp-json\/wp\/v2\/product_cat?post=417"},{"taxonomy":"product_tag","embeddable":true,"href":"https:\/\/volovape.com\/lt\/wp-json\/wp\/v2\/product_tag?post=417"}],"curies":[{"name":"wp","href":"https:\/\/api.w.org\/{rel}","templated":true}]}}