{"id":416,"date":"2024-11-21T03:29:43","date_gmt":"2024-11-21T03:29:43","guid":{"rendered":"https:\/\/volovape.com\/?post_type=product&#038;p=416"},"modified":"2026-04-08T01:50:51","modified_gmt":"2026-04-08T01:50:51","slug":"bang-vape-20000-puffs","status":"publish","type":"product","link":"https:\/\/volovape.com\/lt\/product\/bang-vape-20000-puffs\/","title":{"rendered":"\"Bang Vape\" 20000 \u012fkv\u0117pim\u0173 vienkartinis vape - LED ekranas, \u012fkraunamas, tinklin\u0117 rit\u0117"},"content":{"rendered":"<p><strong>Bang Vape 20000 Puffs vienkartinis Vape<\/strong> - Patirkite i\u0161pl\u0117stin\u012f garinim\u0105 su pa\u017eangiomis technologijomis.<\/p>\n<p>Svetain\u0117 <strong>Bang Vape 20000 puf\u0173<\/strong> nustato nauj\u0105 didel\u0117s talpos vienkartini\u0173 garintuv\u0173 standart\u0105, suteikdamas iki <strong>20 000 \u012fkv\u0117pim\u0173<\/strong> su gausiu <strong>25 ml elektroninio skys\u010dio rezervuaras<\/strong>. Su <strong>0,8\u03a9 aki\u0173 rit\u0117<\/strong> kad garai b\u016bt\u0173 \u0161veln\u016bs, aromatingi ir <strong>LED skaitmeninis ekranas<\/strong> steb\u0117ti realiuoju laiku, \u0161is prietaisas sujungia patogum\u0105 ir pa\u017eangiausias technologijas. Galite rinktis i\u0161 <strong>0%, 2%, 3% arba 5% nikotino koncentracija<\/strong>ir m\u0117gautis \u012fvairiais <strong>15 unikali\u0173 skoni\u0173<\/strong>. . <strong>650 mAh \u012fkraunama baterija<\/strong> su <strong>C tipo \u012fkrovimas<\/strong> u\u017etikrina ilgalaik\u012f veikim\u0105, tod\u0117l puikiai tinka ir asmeniniam naudojimui, ir <strong>vienkartiniai vape didmenin\u0117 prekyba<\/strong> arba <strong>masinis u\u017esakymas<\/strong> poreikius.<\/p>\n<h3><strong>Bang Vape 20000 Puffs Savyb\u0117s:<\/strong><\/h3>\n<ul>\n<li>Pufai: Iki 20 000<\/li>\n<li>E-skys\u010dio talpa: 25 ml<\/li>\n<li>Baterija: 650 mAh (\u012fkraunama)<\/li>\n<li>\u012ekrovimas: C tipo<\/li>\n<li>Spiral\u0117: 0.8\u03a9 Mesh Coil<\/li>\n<li>Ekranas: Skaitmeninis LED ekranas<\/li>\n<li>Nikotino stiprumas: 0%, 2%, 3%, 5%<\/li>\n<li>15 unikali\u0173 skoni\u0173<\/li>\n<\/ul>\n<h4>DUK<\/h4>\n<h5>Kokie pristatymo b\u016bdai naudojami?<\/h5>\n<p>Bendradarbiaujame su pirmaujan\u010diais ve\u017e\u0117jais, tokiais kaip UPS, DHL, \"FedEx\" ir DPD, kad u\u017etikrintume greit\u0105 ir patikim\u0105 pristatym\u0105. Tinkamiausias pristatymo b\u016bdas parenkamas atsi\u017evelgiant \u012f j\u016bs\u0173 buvimo viet\u0105, tod\u0117l garantuojame, kad gausite savo <strong>vienkartiniai vape<\/strong> kuo grei\u010diau u\u017esisakyti.<\/p>\n<h5>Kiek paprastai u\u017etrunka pristatymas?<\/h5>\n<p>Standartinis pristatymas paprastai trunka 7-15 darbo dien\u0173. Ta\u010diau \u0161ven\u010di\u0173 dienomis ar esant nepalankioms oro s\u0105lygoms pra\u0161ome numatyti iki 20 darbo dien\u0173.<\/p>\n<h5>Ar susidursiu su kokiomis nors muitin\u0117s problemomis?<\/h5>\n<p>Atliekame visas muitin\u0117s proced\u016bras, tod\u0117l galite be r\u016bpes\u010di\u0173 atlikti visas proced\u016bras. Jums nereik\u0117s mok\u0117ti joki\u0173 papildom\u0173 mokes\u010di\u0173 ar rinkliav\u0173. Garantuojame 100% vis\u0173 m\u016bs\u0173 produkt\u0173 muitin\u012f \u012fforminim\u0105.<\/p>\n<h5>Kiek tiksliai LED ekrane rodomas d\u016bm\u0173 skai\u010dius ir baterijos veikimo laikas?<\/h5>\n<p>Skaitmeniniame LED ekrane realiuoju laiku pateikiami tiksl\u016bs duomenys apie d\u016bm\u0173 skai\u010di\u0173 ir baterijos veikimo laik\u0105. Tai leid\u017eia tiksliai steb\u0117ti savo naudojim\u0105 ir baterijos b\u016bkl\u0119, kad niekada neb\u016btum\u0117te u\u017eklupti netik\u0117tai. Galite pasitik\u0117ti ekrano tikslumu, kad garinimo patirtis b\u016bt\u0173 nuosekli.<\/p>\n<h5>Ar galiu pasitik\u0117ti \u0161iuo pirkiniu?<\/h5>\n<p>Palaikome \"PayPal\" mok\u0117jimus ir si\u016blome pirk\u0117jo apsaug\u0105 saugiems sandoriams. Taip pat galite patikrinti m\u016bs\u0173 patikimum\u0105 patikrin\u0119 m\u016bs\u0173 klient\u0173 atsiliepimus <a href=\"https:\/\/www.trustpilot.com\/review\/volovape.com?utm_medium=trustbox&amp;utm_source=TrustBoxReviewCollector\">\"TrustPilot\"<\/a>.<\/p>","protected":false},"excerpt":{"rendered":"<p>M\u0117gaukit\u0117s ilgesniu, aromatingu garinimu su Bang Vape 20000 Puffs. LED ekranas, 0,8 \u03a9 tinklelio rit\u0117, 25 ml, \u012fkraunama. Puikiai tinka asmeniniam ar didmeniniam naudojimui, su \u012fvairiu nikotino stiprumu.<\/p>","protected":false},"featured_media":579,"comment_status":"open","ping_status":"closed","template":"","meta":[],"product_brand":[],"product_cat":[61,42,21,18,39,20,23,24,22,25,26,27,28,29,30,31,32,33,34,35,44,36,40],"product_tag":[],"class_list":{"0":"post-416","1":"product","2":"type-product","3":"status-publish","4":"has-post-thumbnail","6":"product_cat-bang","7":"product_cat-20000-puffs-disposable-vape","8":"product_cat-big-puffs-vapes","9":"product_cat-different-puffs-of-disposable-vapes","10":"product_cat-digital-box-vapes","11":"product_cat-disposable-vape-types","12":"product_cat-disposable-vapes-in-austria","13":"product_cat-disposable-vapes-in-belgium","14":"product_cat-disposable-vapes-in-europe","15":"product_cat-disposable-vapes-in-france","16":"product_cat-disposable-vapes-in-germany","17":"product_cat-disposable-vapes-in-hungary","18":"product_cat-disposable-vapes-in-ltaly","19":"product_cat-disposable-vapes-in-netherlands","20":"product_cat-disposable-vapes-in-norway","21":"product_cat-disposable-vapes-in-poland","22":"product_cat-disposable-vapes-in-portugal","23":"product_cat-disposable-vapes-in-spain","24":"product_cat-disposable-vapes-in-sweden","25":"product_cat-disposable-vapes-in-switzerland","26":"product_cat-dual-mesh-vapes","27":"product_cat-rechargeable-vapes","28":"product_cat-smart-screen-vapes","30":"first","31":"instock","32":"shipping-taxable","33":"purchasable","34":"product-type-variable","35":"has-default-attributes"},"jetpack_sharing_enabled":true,"tiered_pricing_type":"fixed","tiered_pricing_fixed_rules":{"30":6.36000000000000031974423109204508364200592041015625,"50":6.04999999999999982236431605997495353221893310546875,"100":5.30999999999999960920149533194489777088165283203125,"200":5.05999999999999960920149533194489777088165283203125,"400":4.5099999999999997868371792719699442386627197265625},"tiered_pricing_product_settings":{"layout":"default","base_unit_name":{"singular":null,"plural":null},"default_variation":null},"tiered_pricing_minimum_quantity":10,"tiered_pricing_roles_data":[],"tiered_pricing_percentage_rules":[],"tiered_pricing_maximum_quantity":null,"tiered_pricing_quantity_step":"10","_links":{"self":[{"href":"https:\/\/volovape.com\/lt\/wp-json\/wp\/v2\/product\/416","targetHints":{"allow":["GET"]}}],"collection":[{"href":"https:\/\/volovape.com\/lt\/wp-json\/wp\/v2\/product"}],"about":[{"href":"https:\/\/volovape.com\/lt\/wp-json\/wp\/v2\/types\/product"}],"replies":[{"embeddable":true,"href":"https:\/\/volovape.com\/lt\/wp-json\/wp\/v2\/comments?post=416"}],"wp:featuredmedia":[{"embeddable":true,"href":"https:\/\/volovape.com\/lt\/wp-json\/wp\/v2\/media\/579"}],"wp:attachment":[{"href":"https:\/\/volovape.com\/lt\/wp-json\/wp\/v2\/media?parent=416"}],"wp:term":[{"taxonomy":"product_brand","embeddable":true,"href":"https:\/\/volovape.com\/lt\/wp-json\/wp\/v2\/product_brand?post=416"},{"taxonomy":"product_cat","embeddable":true,"href":"https:\/\/volovape.com\/lt\/wp-json\/wp\/v2\/product_cat?post=416"},{"taxonomy":"product_tag","embeddable":true,"href":"https:\/\/volovape.com\/lt\/wp-json\/wp\/v2\/product_tag?post=416"}],"curies":[{"name":"wp","href":"https:\/\/api.w.org\/{rel}","templated":true}]}}