{"id":415,"date":"2024-11-21T03:29:43","date_gmt":"2024-11-21T03:29:43","guid":{"rendered":"https:\/\/volovape.com\/?post_type=product&#038;p=415"},"modified":"2025-08-06T07:56:39","modified_gmt":"2025-08-06T07:56:39","slug":"poco-pt-12000-puffs","status":"publish","type":"product","link":"https:\/\/volovape.com\/lt\/product\/poco-pt-12000-puffs\/","title":{"rendered":"POCO PT 12000 Puffs vienkartinis Vape - reguliuojamas oro srautas, \u012fkraunamas"},"content":{"rendered":"<p><strong>POCO PT 12000 Vienkartinis Vape: Individualus garinimas su reguliuojamu oro srautu.<\/strong><\/p>\n<p>Pagerinkite savo garinimo patirt\u012f su <strong>POCO PT 12000<\/strong>, kuriame yra iki <strong>12 000 \u012fpur\u0161kim\u0173<\/strong> ir didel\u0119 <strong>22 ml e-skys\u010dio talpa<\/strong>. \u0160\u012f prietais\u0105 maitina <strong>650 mAh \u012fkraunama baterija<\/strong> su <strong>C tipo \u012fkrovimas<\/strong> kad b\u016bt\u0173 u\u017etikrintas nuoseklus veikimas. Pritaikykite savo vapinim\u0105 naudodami <strong>reguliuojamas oro srautas<\/strong>, perjungiant MTL ir DTL stilius, kad b\u016bt\u0173 pasiektas optimalus pasitenkinimas. M\u0117gaukit\u0117s stipriu <strong>5% nikotino stiprumas<\/strong> per <strong>10 unikali\u0173 skoni\u0173<\/strong>. Idealiai tinka tiems, kurie ie\u0161ko pritaikom\u0173, ilgalaiki\u0173 ir patogi\u0173 <strong>vienkartiniai vape<\/strong>, galima <strong>masiniai u\u017esakymai<\/strong> ir <strong>Didmenin\u0117 prekyba<\/strong>.<\/p>\n<h3><strong>POCO PT 12000 Funkcijos:<\/strong><\/h3>\n<ul>\n<li>Pufai: Iki 12 000<\/li>\n<li>E-skys\u010dio talpa: 22ml<\/li>\n<li>Baterija: 650 mAh (\u012fkraunama)<\/li>\n<li>\u012ekrovimas: C tipo<\/li>\n<li>Oro srautas: Reguliuojamas<\/li>\n<li>Nikotino stiprumas: 5%<\/li>\n<li>10 skonio parink\u010di\u0173<\/li>\n<li>Vienkartinis \u012frenginys<\/li>\n<\/ul>\n<h4>DUK<\/h4>\n<h5>Kaip reguliuojamas oro srautas pagerina garinimo patirt\u012f?<\/h5>\n<p>Reguliuojamo oro srauto funkcija leid\u017eia pritaikyti u\u017etraukim\u0105 ir suteikia universalumo tiek MTL (burna \u012f plau\u010dius), tiek DTL (tiesiogiai \u012f plau\u010dius) garinimo stiliams. Tai rei\u0161kia, kad galite tiksliai sureguliuoti oro sraut\u0105, kad pasiektum\u0117te pageidaujam\u0105 skonio intensyvumo ir gar\u0173 gamybos pusiausvyr\u0105, taip padidindami bendr\u0105 pasitenkinim\u0105.<\/p>\n<h5>Kokie pristatymo b\u016bdai naudojami?<\/h5>\n<p>Bendradarbiaujame su UPS\/DHL\/FEDEX\/DPD ir kt. Atsi\u017evelgdami \u012f pristatymo \u0161al\u012f, parinksime tinkam\u0105 pristatymo b\u016bd\u0105, kad gaminius gautum\u0117te kuo grei\u010diau.<\/p>\n<h5>Per kiek laiko jis bus pristatytas?<\/h5>\n<p>Paprastai tai trunka 7-15 darbo dien\u0173, o \u0161ven\u010di\u0173 dienomis arba esant blogoms oro s\u0105lygoms gali u\u017etrukti iki 20 darbo dien\u0173.<\/p>\n<h5>Ar jis gali b\u016bti \u012fve\u017etas per muitin\u0119 ir ar d\u0117l to kils koki\u0173 nors problem\u0173?<\/h5>\n<p>Garantuojame, kad netur\u0117site joki\u0173 r\u016bpes\u010di\u0173, nes mes pasir\u016bpinsime muitiniu \u012fforminimu ir nereik\u0117s mok\u0117ti joki\u0173 mokes\u010di\u0173 ar rinkliav\u0173. Garantuojame, kad 100% m\u016bs\u0173 gamini\u0173 bus i\u0161muitinti.<\/p>\n<h5>Ar galiu juo pasitik\u0117ti?<\/h5>\n<p>Mes palaikome \"PayPal\" mok\u0117jimo ir pirk\u0117jo apsaugos paslaug\u0105. Taip pat galite patikrinti m\u016bs\u0173 atsiliepimus <a href=\"https:\/\/www.trustpilot.com\/review\/volovape.com?utm_medium=trustbox&amp;utm_source=TrustBoxReviewCollector\">\"TrustPilot\"<\/a>.<\/p>","protected":false},"excerpt":{"rendered":"<p>Pritaikykite savo vape su POCO PT 12000 puf\u0173. Reguliuojamas oro srautas, 22 ml, \u012fkraunamas, 5% nikotino. Greitas pristatymas ES! Idealiai tinka asmeniniams ar didmeniniams poreikiams.<\/p>","protected":false},"featured_media":567,"comment_status":"open","ping_status":"closed","template":"","meta":[],"product_brand":[],"product_cat":[36,38,21,18,20,23,24,22,25,26,27,28,29,30,31,32,33,34,35,58],"product_tag":[],"class_list":{"0":"post-415","1":"product","2":"type-product","3":"status-publish","4":"has-post-thumbnail","6":"product_cat-rechargeable-vapes","7":"product_cat-12000-puffs-disposable-vape","8":"product_cat-big-puffs-vapes","9":"product_cat-different-puffs-of-disposable-vapes","10":"product_cat-disposable-vape-types","11":"product_cat-disposable-vapes-in-austria","12":"product_cat-disposable-vapes-in-belgium","13":"product_cat-disposable-vapes-in-europe","14":"product_cat-disposable-vapes-in-france","15":"product_cat-disposable-vapes-in-germany","16":"product_cat-disposable-vapes-in-hungary","17":"product_cat-disposable-vapes-in-ltaly","18":"product_cat-disposable-vapes-in-netherlands","19":"product_cat-disposable-vapes-in-norway","20":"product_cat-disposable-vapes-in-poland","21":"product_cat-disposable-vapes-in-portugal","22":"product_cat-disposable-vapes-in-spain","23":"product_cat-disposable-vapes-in-sweden","24":"product_cat-disposable-vapes-in-switzerland","25":"product_cat-poco","27":"first","28":"instock","29":"shipping-taxable","30":"purchasable","31":"product-type-variable","32":"has-default-attributes"},"jetpack_sharing_enabled":true,"tiered_pricing_type":"fixed","tiered_pricing_fixed_rules":{"2000":6.69000000000000039079850466805510222911834716796875},"tiered_pricing_product_settings":{"layout":"default","base_unit_name":{"singular":null,"plural":null},"default_variation":null},"tiered_pricing_minimum_quantity":1000,"tiered_pricing_roles_data":[],"tiered_pricing_percentage_rules":[],"tiered_pricing_maximum_quantity":null,"tiered_pricing_quantity_step":"10","_links":{"self":[{"href":"https:\/\/volovape.com\/lt\/wp-json\/wp\/v2\/product\/415","targetHints":{"allow":["GET"]}}],"collection":[{"href":"https:\/\/volovape.com\/lt\/wp-json\/wp\/v2\/product"}],"about":[{"href":"https:\/\/volovape.com\/lt\/wp-json\/wp\/v2\/types\/product"}],"replies":[{"embeddable":true,"href":"https:\/\/volovape.com\/lt\/wp-json\/wp\/v2\/comments?post=415"}],"wp:featuredmedia":[{"embeddable":true,"href":"https:\/\/volovape.com\/lt\/wp-json\/wp\/v2\/media\/567"}],"wp:attachment":[{"href":"https:\/\/volovape.com\/lt\/wp-json\/wp\/v2\/media?parent=415"}],"wp:term":[{"taxonomy":"product_brand","embeddable":true,"href":"https:\/\/volovape.com\/lt\/wp-json\/wp\/v2\/product_brand?post=415"},{"taxonomy":"product_cat","embeddable":true,"href":"https:\/\/volovape.com\/lt\/wp-json\/wp\/v2\/product_cat?post=415"},{"taxonomy":"product_tag","embeddable":true,"href":"https:\/\/volovape.com\/lt\/wp-json\/wp\/v2\/product_tag?post=415"}],"curies":[{"name":"wp","href":"https:\/\/api.w.org\/{rel}","templated":true}]}}