{"id":414,"date":"2024-11-21T03:29:42","date_gmt":"2024-11-21T03:29:42","guid":{"rendered":"https:\/\/volovape.com\/?post_type=product&#038;p=414"},"modified":"2025-07-07T03:41:56","modified_gmt":"2025-07-07T03:41:56","slug":"elfu-dezute-kristalu-batonelis-600-pukeliu","status":"publish","type":"product","link":"https:\/\/volovape.com\/lt\/product\/elf-box-crystal-bar-600-puffs\/","title":{"rendered":"\"ELF BOX CRYSTAL BAR\" 600 puf\u0173 - kompakti\u0161kas ir \u012fkraunamas"},"content":{"rendered":"<p><iframe title=\"VideoPress vaizdo \u012fra\u0161\u0173 grotuvas\" aria-label='VideoPress vaizdo \u012fra\u0161\u0173 grotuvas' width='421' height='750' src='https:\/\/videopress.com\/embed\/J12z3YdL?hd=0&amp;cover=1' frameborder='0' allowfullscreen allow='clipboard-write'><\/iframe><script src='https:\/\/v0.wordpress.com\/js\/next\/videopress-iframe.js?m=1739540970'><\/script><\/p>\n<h2>\"ELF BOX CRYSTAL BAR\" 600 puodeli\u0173: Stilingas, \u012fkraunamas ir kompakti\u0161kas garintuvas.<\/h2>\n<p>Atraskite <strong>ELF\u0172 D\u0116\u017dUT\u0116S KRI\u0160TOLINIS BARAS 600<\/strong>, aptakus ir ne\u0161iojamas <strong>\u012fkraunamas vienkartinis vape<\/strong> sukurta siekiant u\u017etikrinti stili\u0173 ir patogum\u0105. Si\u016blo iki <strong>600 \u012fkv\u0117pim\u0173<\/strong> su <strong>2ml e-skys\u010dio talpa<\/strong> ir <strong>500 mAh \u012fkraunama baterija<\/strong>, \u0161is prietaisas u\u017etikrina maloni\u0105 garinimo patirt\u012f. Eleganti\u0161kas <strong>kristal\u0173 dizainas<\/strong> ir <strong>1,6\u03a9 var\u017ea<\/strong> kompakti\u0161koje formoje u\u017etikrina skland\u0173, aromating\u0105 garavim\u0105. Galite rinktis i\u0161 <strong>0%, 2% arba 5% nikotino kiekis<\/strong> ir m\u0117gaukit\u0117s <strong>13 nuostabi\u0173 skoni\u0173<\/strong>. Idealiai tinka garinti keliaujant ir puikiai tinka tiems, kurie ie\u0161ko stilingo, nesud\u0117tingo <strong>vienkartiniai vape<\/strong>, galima <strong>masinis u\u017esakymas<\/strong> ir <strong>Didmenin\u0117 prekyba<\/strong>.<\/p>\n<h3><strong>ELF BOX CRYSTAL BAR 600 Savyb\u0117s:<\/strong><\/h3>\n<ul>\n<li>Pufai: Iki 600<\/li>\n<li>E-skys\u010dio talpa: 2ml<\/li>\n<li>Baterija: 500 mAh (\u012fkraunama)<\/li>\n<li>\u012ekrovimas: C tipo<\/li>\n<li>Var\u017ea: 1,6\u03a9<\/li>\n<li>Nikotino stiprumas: 0%, 2%, 5%<\/li>\n<li>13 skonio parink\u010di\u0173<\/li>\n<li>Kri\u0161tolo dizainas<\/li>\n<li>Vienkartinis \u012frenginys<\/li>\n<\/ul>\n<h4>DUK<\/h4>\n<h5>Kuo naudotojams naudinga \u012fkraunama funkcija?<\/h5>\n<p>\u012ekraunama 500 mAh baterija leid\u017eia naudotojams maksimaliai i\u0161naudoti i\u0161 anksto pripildyt\u0105 elektronin\u012f skyst\u012f, tod\u0117l galite m\u0117gautis kiekvienu d\u016b\u017eiu nesijaudindami, kad baterija i\u0161sikraus anks\u010diau laiko. \u0160i funkcija prailgina prietaiso tarnavimo laik\u0105 ir u\u017etikrina pastovi\u0105 gali\u0105, kad garinimas b\u016bt\u0173 patikimas.<\/p>\n<h5>Kokie pristatymo b\u016bdai naudojami?<\/h5>\n<p>Bendradarbiaujame su UPS\/DHL\/FEDEX\/DPD ir kt. Atsi\u017evelgdami \u012f pristatymo \u0161al\u012f, parinksime tinkam\u0105 pristatymo b\u016bd\u0105, kad gaminius gautum\u0117te kuo grei\u010diau.<\/p>\n<h5>Per kiek laiko jis bus pristatytas?<\/h5>\n<p>Paprastai tai trunka 7-15 darbo dien\u0173, o \u0161ven\u010di\u0173 dienomis arba esant blogoms oro s\u0105lygoms gali u\u017etrukti iki 20 darbo dien\u0173.<\/p>\n<h5>Ar jis gali b\u016bti \u012fve\u017etas per muitin\u0119 ir ar d\u0117l to kils koki\u0173 nors problem\u0173?<\/h5>\n<p>Garantuojame, kad netur\u0117site joki\u0173 r\u016bpes\u010di\u0173, nes mes pasir\u016bpinsime muitiniu \u012fforminimu ir nereik\u0117s mok\u0117ti joki\u0173 mokes\u010di\u0173 ar rinkliav\u0173. Garantuojame, kad 100% m\u016bs\u0173 gamini\u0173 bus i\u0161muitinti.<\/p>\n<h5>Ar galiu juo pasitik\u0117ti?<\/h5>\n<p>Mes palaikome \"PayPal\" mok\u0117jimo ir pirk\u0117jo apsaugos paslaug\u0105. Taip pat galite patikrinti m\u016bs\u0173 atsiliepimus <a href=\"https:\/\/www.trustpilot.com\/review\/volovape.com?utm_medium=trustbox&amp;utm_source=TrustBoxReviewCollector\">\"TrustPilot\"<\/a>.<\/p>","protected":false},"excerpt":{"rendered":"<p>Patirkite stiling\u0105, ne\u0161iojam\u0105 garinim\u0105 su \"ELF BOX CRYSTAL BAR 600 Puffs\". \u012ekraunamas, kristalinis dizainas, 2 ml, 1,6 \u03a9 var\u017ea. Puikiai tinka asmeniniam naudojimui arba didmeninei prekybai, su \u012fvairiu nikotinu.<\/p>","protected":false},"featured_media":556,"comment_status":"open","ping_status":"closed","template":"","meta":[],"product_brand":[],"product_cat":[54,59,43,18,20,23,24,22,25,26,27,28,29,30,31,32,33,34,35,60],"product_tag":[],"class_list":{"0":"post-414","1":"product","2":"type-product","3":"status-publish","4":"has-post-thumbnail","6":"product_cat-elf-box","7":"product_cat-800-puffs-disposable-vape","8":"product_cat-crystal-vapes","9":"product_cat-different-puffs-of-disposable-vapes","10":"product_cat-disposable-vape-types","11":"product_cat-disposable-vapes-in-austria","12":"product_cat-disposable-vapes-in-belgium","13":"product_cat-disposable-vapes-in-europe","14":"product_cat-disposable-vapes-in-france","15":"product_cat-disposable-vapes-in-germany","16":"product_cat-disposable-vapes-in-hungary","17":"product_cat-disposable-vapes-in-ltaly","18":"product_cat-disposable-vapes-in-netherlands","19":"product_cat-disposable-vapes-in-norway","20":"product_cat-disposable-vapes-in-poland","21":"product_cat-disposable-vapes-in-portugal","22":"product_cat-disposable-vapes-in-spain","23":"product_cat-disposable-vapes-in-sweden","24":"product_cat-disposable-vapes-in-switzerland","25":"product_cat-mini-puffs-vapes","27":"first","28":"instock","29":"featured","30":"shipping-taxable","31":"purchasable","32":"product-type-variable","33":"has-default-attributes"},"jetpack_sharing_enabled":true,"tiered_pricing_type":"fixed","tiered_pricing_fixed_rules":{"2000":3.100000000000000088817841970012523233890533447265625},"tiered_pricing_product_settings":{"layout":"default","base_unit_name":{"singular":null,"plural":null},"default_variation":null},"tiered_pricing_minimum_quantity":1000,"tiered_pricing_roles_data":[],"tiered_pricing_percentage_rules":[],"tiered_pricing_maximum_quantity":null,"tiered_pricing_quantity_step":"10","_links":{"self":[{"href":"https:\/\/volovape.com\/lt\/wp-json\/wp\/v2\/product\/414","targetHints":{"allow":["GET"]}}],"collection":[{"href":"https:\/\/volovape.com\/lt\/wp-json\/wp\/v2\/product"}],"about":[{"href":"https:\/\/volovape.com\/lt\/wp-json\/wp\/v2\/types\/product"}],"replies":[{"embeddable":true,"href":"https:\/\/volovape.com\/lt\/wp-json\/wp\/v2\/comments?post=414"}],"wp:featuredmedia":[{"embeddable":true,"href":"https:\/\/volovape.com\/lt\/wp-json\/wp\/v2\/media\/556"}],"wp:attachment":[{"href":"https:\/\/volovape.com\/lt\/wp-json\/wp\/v2\/media?parent=414"}],"wp:term":[{"taxonomy":"product_brand","embeddable":true,"href":"https:\/\/volovape.com\/lt\/wp-json\/wp\/v2\/product_brand?post=414"},{"taxonomy":"product_cat","embeddable":true,"href":"https:\/\/volovape.com\/lt\/wp-json\/wp\/v2\/product_cat?post=414"},{"taxonomy":"product_tag","embeddable":true,"href":"https:\/\/volovape.com\/lt\/wp-json\/wp\/v2\/product_tag?post=414"}],"curies":[{"name":"wp","href":"https:\/\/api.w.org\/{rel}","templated":true}]}}