{"id":413,"date":"2024-11-21T03:29:42","date_gmt":"2024-11-21T03:29:42","guid":{"rendered":"https:\/\/volovape.com\/?post_type=product&#038;p=413"},"modified":"2025-07-07T03:41:44","modified_gmt":"2025-07-07T03:41:44","slug":"elfu-dezute-bk12000-puffs","status":"publish","type":"product","link":"https:\/\/volovape.com\/lt\/product\/elf-box-bk12000-puffs\/","title":{"rendered":"\"ELF BOX BK12000\" vienkartinis vape aparatas - 12 000 \u012fpur\u0161kim\u0173, 0,8\u03a9 tinklelio rit\u0117, \u012fkraunamas"},"content":{"rendered":"<p><iframe title=\"VideoPress vaizdo \u012fra\u0161\u0173 grotuvas\" aria-label='VideoPress vaizdo \u012fra\u0161\u0173 grotuvas' width='421' height='750' src='https:\/\/videopress.com\/embed\/E8nSg6O6?hd=0&amp;cover=1' frameborder='0' allowfullscreen allow='clipboard-write'><\/iframe><script src='https:\/\/v0.wordpress.com\/js\/next\/videopress-iframe.js?m=1739540970'><\/script><\/p>\n<h2>ELF BOX BK12000 Vienkartinis Vape: I\u0161pl\u0117stinis garinimas su tinklelio rit\u0117s tikslumu.<\/h2>\n<p>Patirkite ilgalaik\u012f pasitenkinim\u0105 su <strong>ELF BOX BK12000<\/strong>, galintis pasigirti iki <strong>12 000 \u012fpur\u0161kim\u0173<\/strong> ir dosniai <strong>23 ml e-skys\u010dio talpa<\/strong>. Powered by a <strong>650 mAh \u012fkraunama baterija<\/strong> su <strong>C tipo \u012fkrovimas<\/strong>, \u0161is prietaisas u\u017etikrina nuosekl\u0173 veikim\u0105. . <strong>0,8\u03a9 aki\u0173 rit\u0117<\/strong> i\u0161skirtinai skland\u017eiai ir aromatingai garuoja, tod\u0117l kiekvienas \u012fkv\u0117pimas yra dar stipresnis. Galite rinktis i\u0161 <strong>0%, 2%, 3% arba 5% nikotino koncentracija<\/strong> pritaikyti savo patirt\u012f. Su <strong>12 \u012fvairi\u0173 skoni\u0173<\/strong>, ELF BOX BK12000 puikiai tinka tiems, kurie ie\u0161ko didel\u0117s talpos, patogaus ir aromatingo <strong>vienkartiniai vape didmenin\u0117 prekyba<\/strong> galimyb\u0117. Idealiai tinka ir asmeniniam malonumui, ir <strong>masinis u\u017esakymas<\/strong> poreikius.<\/p>\n<h3><strong>ELF BOX BK12000 Savyb\u0117s:<\/strong><\/h3>\n<ul>\n<li>Pufai: Iki 12 000<\/li>\n<li>E-skys\u010dio talpa: 23ml<\/li>\n<li>Baterija: 650 mAh (\u012fkraunama)<\/li>\n<li>\u012ekrovimas: C tipo<\/li>\n<li>Spiral\u0117: 0.8\u03a9 Mesh Coil<\/li>\n<li>Nikotino stiprumas: 0%, 2%, 3%, 5%<\/li>\n<li>12 skonio parink\u010di\u0173<\/li>\n<li>Vienkartinis \u012frenginys<\/li>\n<\/ul>\n<h4>DUK<\/h4>\n<h5>Kaip tinklin\u0117 rit\u0117 pagerina garinimo patirt\u012f?<\/h5>\n<p>ELF BOX BK12000 0,8\u03a9 tinklelio spiral\u0117 u\u017etikrina didesn\u012f kaitinimo pavir\u0161i\u0173, tod\u0117l tolygiau \u012fkaista ir geriau skleid\u017eiasi aromatas. \u0160i technologija u\u017etikrina nuolatin\u012f skland\u0173 ir aromating\u0105 garavim\u0105 per vis\u0105 prietaiso naudojimo laik\u0105.<\/p>\n<h5>Kokie pristatymo b\u016bdai naudojami?<\/h5>\n<p>Bendradarbiaujame su UPS\/DHL\/FEDEX\/DPD ir kt. Atsi\u017evelgdami \u012f pristatymo \u0161al\u012f, parinksime tinkam\u0105 pristatymo b\u016bd\u0105, kad gaminius gautum\u0117te kuo grei\u010diau.<\/p>\n<h5>Per kiek laiko jis bus pristatytas?<\/h5>\n<p>Paprastai tai trunka 7-15 darbo dien\u0173, o \u0161ven\u010di\u0173 dienomis arba esant blogoms oro s\u0105lygoms gali u\u017etrukti iki 20 darbo dien\u0173.<\/p>\n<h5>Ar jis gali b\u016bti \u012fve\u017etas per muitin\u0119 ir ar d\u0117l to kils koki\u0173 nors problem\u0173?<\/h5>\n<p>Garantuojame, kad netur\u0117site joki\u0173 r\u016bpes\u010di\u0173, nes mes pasir\u016bpinsime muitiniu \u012fforminimu ir nereik\u0117s mok\u0117ti joki\u0173 mokes\u010di\u0173 ar rinkliav\u0173. Garantuojame, kad 100% m\u016bs\u0173 gamini\u0173 bus i\u0161muitinti.<\/p>\n<h5>Ar galiu juo pasitik\u0117ti?<\/h5>\n<p>Mes palaikome \"PayPal\" mok\u0117jimo ir pirk\u0117jo apsaugos paslaug\u0105. Taip pat galite patikrinti m\u016bs\u0173 atsiliepimus <a href=\"https:\/\/www.trustpilot.com\/review\/volovape.com?utm_medium=trustbox&amp;utm_source=TrustBoxReviewCollector\">\"TrustPilot\"<\/a>.<\/p>","protected":false},"excerpt":{"rendered":"<p>Pasim\u0117gaukite i\u0161pl\u0117stiniu skoniu su ELF BOX BK12000. 0,8 \u03a9 tinklelis, 23 ml, \u012fkraunamas. Idealiai tinka asmeniniam malonumui arba didmeninei prekybai, si\u016blo skland\u017eius garus ir \u012fvairi\u0105 nikotino koncentracij\u0105.<\/p>","protected":false},"featured_media":545,"comment_status":"open","ping_status":"closed","template":"","meta":[],"product_brand":[],"product_cat":[54,38,21,18,20,23,24,22,25,26,27,28,29,30,31,32,33,34,35,36],"product_tag":[],"class_list":{"0":"post-413","1":"product","2":"type-product","3":"status-publish","4":"has-post-thumbnail","6":"product_cat-elf-box","7":"product_cat-12000-puffs-disposable-vape","8":"product_cat-big-puffs-vapes","9":"product_cat-different-puffs-of-disposable-vapes","10":"product_cat-disposable-vape-types","11":"product_cat-disposable-vapes-in-austria","12":"product_cat-disposable-vapes-in-belgium","13":"product_cat-disposable-vapes-in-europe","14":"product_cat-disposable-vapes-in-france","15":"product_cat-disposable-vapes-in-germany","16":"product_cat-disposable-vapes-in-hungary","17":"product_cat-disposable-vapes-in-ltaly","18":"product_cat-disposable-vapes-in-netherlands","19":"product_cat-disposable-vapes-in-norway","20":"product_cat-disposable-vapes-in-poland","21":"product_cat-disposable-vapes-in-portugal","22":"product_cat-disposable-vapes-in-spain","23":"product_cat-disposable-vapes-in-sweden","24":"product_cat-disposable-vapes-in-switzerland","25":"product_cat-rechargeable-vapes","27":"first","28":"instock","29":"shipping-taxable","30":"purchasable","31":"product-type-variable","32":"has-default-attributes"},"jetpack_sharing_enabled":true,"tiered_pricing_type":"fixed","tiered_pricing_fixed_rules":{"2000":5.9900000000000002131628207280300557613372802734375},"tiered_pricing_product_settings":{"layout":"default","base_unit_name":{"singular":null,"plural":null},"default_variation":null},"tiered_pricing_minimum_quantity":1000,"tiered_pricing_roles_data":[],"tiered_pricing_percentage_rules":[],"tiered_pricing_maximum_quantity":null,"tiered_pricing_quantity_step":"10","_links":{"self":[{"href":"https:\/\/volovape.com\/lt\/wp-json\/wp\/v2\/product\/413","targetHints":{"allow":["GET"]}}],"collection":[{"href":"https:\/\/volovape.com\/lt\/wp-json\/wp\/v2\/product"}],"about":[{"href":"https:\/\/volovape.com\/lt\/wp-json\/wp\/v2\/types\/product"}],"replies":[{"embeddable":true,"href":"https:\/\/volovape.com\/lt\/wp-json\/wp\/v2\/comments?post=413"}],"wp:featuredmedia":[{"embeddable":true,"href":"https:\/\/volovape.com\/lt\/wp-json\/wp\/v2\/media\/545"}],"wp:attachment":[{"href":"https:\/\/volovape.com\/lt\/wp-json\/wp\/v2\/media?parent=413"}],"wp:term":[{"taxonomy":"product_brand","embeddable":true,"href":"https:\/\/volovape.com\/lt\/wp-json\/wp\/v2\/product_brand?post=413"},{"taxonomy":"product_cat","embeddable":true,"href":"https:\/\/volovape.com\/lt\/wp-json\/wp\/v2\/product_cat?post=413"},{"taxonomy":"product_tag","embeddable":true,"href":"https:\/\/volovape.com\/lt\/wp-json\/wp\/v2\/product_tag?post=413"}],"curies":[{"name":"wp","href":"https:\/\/api.w.org\/{rel}","templated":true}]}}