{"id":409,"date":"2024-11-21T03:29:42","date_gmt":"2024-11-21T03:29:42","guid":{"rendered":"https:\/\/volovape.com\/?post_type=product&#038;p=409"},"modified":"2025-07-07T03:40:57","modified_gmt":"2025-07-07T03:40:57","slug":"mrvi-tornado-9000-puffs","status":"publish","type":"product","link":"https:\/\/volovape.com\/lt\/product\/mrvi-tornado-9000-puffs\/","title":{"rendered":"\"MRVI Tornado 9000 Puffs\" vienkartinis vape - tinklelio rit\u0117, \u012fkraunamas"},"content":{"rendered":"<p><strong>MRVI \"Tornado 9000 Puffs\" vienkartinis vape<\/strong> - Patikimas ir aromatingas garinimas su pa\u017eangia tinklelio rit\u0117s technologija.<\/p>\n<p>Svetain\u0117 <strong>MRVI Tornado 9000<\/strong> vienkartinis garintuvas suteikia auk\u0161tos kokyb\u0117s, ilgesn\u0119 garinimo patirt\u012f su iki <strong>9 000 \u012fpur\u0161kim\u0173<\/strong> ir <strong>18 ml e-skys\u010dio rezervuaras<\/strong>. Powered by a <strong>600 mAh \u012fkraunamas akumuliatorius<\/strong> ir su <strong>C tipo \u012fkrovimas<\/strong>, \u0161is prietaisas u\u017etikrina nuosekl\u0173 veikim\u0105. . <strong>pa\u017eangi tinklin\u0117s rit\u0117s technologija<\/strong> u\u017etikrina skland\u0173, sodr\u0173 ir aromating\u0105 garavim\u0105. Galite rinktis i\u0161 <strong>0%, 2%, 3% arba 5% nikotino koncentracija<\/strong> kad atitikt\u0173 j\u016bs\u0173 pageidavimus. Su <strong>10 skani\u0173 skonio variant\u0173<\/strong>, MRVI \"Tornado 9000\" puikiai tinka <strong>vienkartiniai vape didmenin\u0117 prekyba<\/strong>, <strong>masiniai u\u017esakymai<\/strong>, arba <strong>asmeniniam naudojimui<\/strong>.<\/p>\n<h3><strong>MRVI Tornado 9000 Funkcijos:<\/strong><\/h3>\n<ul>\n<li>Pufai: Iki 9 000 puffs\u0173<\/li>\n<li>E-skys\u010dio talpa: 18 ml<\/li>\n<li>Baterija: 600 mAh (\u012fkraunama)<\/li>\n<li>\u012ekrovimas: C tipo<\/li>\n<li>rit\u0117: Tinklin\u0117 rit\u0117<\/li>\n<li>Nikotino stiprumas: 0%, 2%, 3%, 5%<\/li>\n<li>Skoniai: 10 unikali\u0173 variant\u0173<\/li>\n<li>Vienkartinis \u012frenginys<\/li>\n<\/ul>\n<h4>DUK<\/h4>\n<h5>Kaip pa\u017eangi tinklin\u0117s rit\u0117s technologija pagerina garinimo patirt\u012f?<\/h5>\n<p>Pa\u017eangi tinklin\u0117s rit\u0117s konstrukcija padidina kaitinamojo pavir\u0161iaus plot\u0105, tod\u0117l tolygiai paskirstoma \u0161iluma ir maksimaliai i\u0161garinamas elektroninis skystis. D\u0117l to skonis tampa sodresnis, intensyvesnis, gar\u0173 debesys tankesni, o garavimo poj\u016btis geresnis nei \u012fprastini\u0173 ri\u010di\u0173.<\/p>\n<h5>Kokie pristatymo b\u016bdai naudojami?<\/h5>\n<p>Bendradarbiaujame su patikimais ve\u017e\u0117jais, tokiais kaip UPS, DHL, \"FedEx\" ir DPD, kad j\u016bs\u0173 u\u017esakymas b\u016bt\u0173 pristatytas greitai ir saugiai. Efektyviausias pristatymo b\u016bdas parenkamas atsi\u017evelgiant \u012f j\u016bs\u0173 buvimo viet\u0105, siekiant optimizuoti pristatymo greit\u012f ir patikimum\u0105.<\/p>\n<h5>Per kiek laiko bus pristatytas mano u\u017esakymas?<\/h5>\n<p>Pristatymas paprastai trunka 7-15 darbo dien\u0173. Ta\u010diau \u0161ven\u010di\u0173 dienomis ar esant nepalankioms oro s\u0105lygoms, d\u0117l kuri\u0173 gali \u0161iek tiek v\u0117luoti siuntos gabenimas, pra\u0161ome numatyti iki 20 darbo dien\u0173.<\/p>\n<h5>Ar susidursiu su kokiomis nors muitin\u0117s problemomis ar papildomais mokes\u010diais?<\/h5>\n<p>Atliekame visas muitin\u0117s proced\u016bras, tod\u0117l u\u017etikriname skland\u017ei\u0105 ir nevarginan\u010di\u0105 patirt\u012f. Jums nereik\u0117s mok\u0117ti joki\u0173 papildom\u0173 mokes\u010di\u0173 ar rinkliav\u0173. U\u017etikriname, kad 100% m\u016bs\u0173 produkt\u0173 muitin\u0117s proced\u016bros b\u016bt\u0173 s\u0117kmingai \u012fformintos.<\/p>\n<h5>Ar pirkimas i\u0161 j\u016bs\u0173 svetain\u0117s yra saugus ir patikimas?<\/h5>\n<p>Taip, si\u016blome saugias \"PayPal\" operacijas su pirk\u0117jo apsauga. Taip pat galite patikrinti m\u016bs\u0173 patikimum\u0105 patikrin\u0119 m\u016bs\u0173 klient\u0173 atsiliepimus <a href=\"https:\/\/www.trustpilot.com\/review\/volovape.com?utm_medium=trustbox&amp;utm_source=TrustBoxReviewCollector\">\"TrustPilot\"<\/a>, kur rasite patenkint\u0173 klient\u0173 atsiliepim\u0173.<\/p>","protected":false},"excerpt":{"rendered":"<p>Pasinerkite \u012f ilgalaik\u012f skon\u012f su MRVI \"Tornado 9000 Puffs\". Pa\u017eangus tinklelis, 18 ml, \u012fkraunamas. Puikiai tinka asmeniniam malonumui arba didmeninei prekybai, si\u016blo skland\u017eius garus ir \u012fvairias nikotino parinktis.<\/p>","protected":false},"featured_media":502,"comment_status":"open","ping_status":"closed","template":"","meta":[],"product_brand":[],"product_cat":[55,48,21,18,20,23,24,22,25,26,27,28,29,30,31,32,33,34,35,36],"product_tag":[],"class_list":{"0":"post-409","1":"product","2":"type-product","3":"status-publish","4":"has-post-thumbnail","6":"product_cat-mrvi","7":"product_cat-9000-puffs-disposable-vape","8":"product_cat-big-puffs-vapes","9":"product_cat-different-puffs-of-disposable-vapes","10":"product_cat-disposable-vape-types","11":"product_cat-disposable-vapes-in-austria","12":"product_cat-disposable-vapes-in-belgium","13":"product_cat-disposable-vapes-in-europe","14":"product_cat-disposable-vapes-in-france","15":"product_cat-disposable-vapes-in-germany","16":"product_cat-disposable-vapes-in-hungary","17":"product_cat-disposable-vapes-in-ltaly","18":"product_cat-disposable-vapes-in-netherlands","19":"product_cat-disposable-vapes-in-norway","20":"product_cat-disposable-vapes-in-poland","21":"product_cat-disposable-vapes-in-portugal","22":"product_cat-disposable-vapes-in-spain","23":"product_cat-disposable-vapes-in-sweden","24":"product_cat-disposable-vapes-in-switzerland","25":"product_cat-rechargeable-vapes","27":"first","28":"instock","29":"shipping-taxable","30":"purchasable","31":"product-type-variable","32":"has-default-attributes"},"jetpack_sharing_enabled":true,"tiered_pricing_type":"fixed","tiered_pricing_fixed_rules":{"2000":5.589999999999999857891452847979962825775146484375},"tiered_pricing_product_settings":{"layout":"default","base_unit_name":{"singular":null,"plural":null},"default_variation":null},"tiered_pricing_minimum_quantity":1000,"tiered_pricing_roles_data":[],"tiered_pricing_percentage_rules":[],"tiered_pricing_maximum_quantity":null,"tiered_pricing_quantity_step":"10","_links":{"self":[{"href":"https:\/\/volovape.com\/lt\/wp-json\/wp\/v2\/product\/409","targetHints":{"allow":["GET"]}}],"collection":[{"href":"https:\/\/volovape.com\/lt\/wp-json\/wp\/v2\/product"}],"about":[{"href":"https:\/\/volovape.com\/lt\/wp-json\/wp\/v2\/types\/product"}],"replies":[{"embeddable":true,"href":"https:\/\/volovape.com\/lt\/wp-json\/wp\/v2\/comments?post=409"}],"wp:featuredmedia":[{"embeddable":true,"href":"https:\/\/volovape.com\/lt\/wp-json\/wp\/v2\/media\/502"}],"wp:attachment":[{"href":"https:\/\/volovape.com\/lt\/wp-json\/wp\/v2\/media?parent=409"}],"wp:term":[{"taxonomy":"product_brand","embeddable":true,"href":"https:\/\/volovape.com\/lt\/wp-json\/wp\/v2\/product_brand?post=409"},{"taxonomy":"product_cat","embeddable":true,"href":"https:\/\/volovape.com\/lt\/wp-json\/wp\/v2\/product_cat?post=409"},{"taxonomy":"product_tag","embeddable":true,"href":"https:\/\/volovape.com\/lt\/wp-json\/wp\/v2\/product_tag?post=409"}],"curies":[{"name":"wp","href":"https:\/\/api.w.org\/{rel}","templated":true}]}}