{"id":408,"date":"2024-11-21T03:29:42","date_gmt":"2024-11-21T03:29:42","guid":{"rendered":"https:\/\/volovape.com\/?post_type=product&#038;p=408"},"modified":"2025-08-20T02:44:51","modified_gmt":"2025-08-20T02:44:51","slug":"mrvi-ateina-10000-puffs","status":"publish","type":"product","link":"https:\/\/volovape.com\/lt\/product\/mrvi-coming-10000-puffs\/","title":{"rendered":"MRVI Coming 10000 puffs vienkartinis vape su 0,9\u03a9 tinklelio spirale ir galios ekranu"},"content":{"rendered":"<p><strong>MRVI Ateinantis 10000 puf\u0173 vienkartinis Vape<\/strong> - Patikimas garinimas su galios ekranu ir tinklelio rit\u0117s tikslumu.<\/p>\n<p>Svetain\u0117 <strong>MRVI Art\u0117ja 10000<\/strong> vienkartinis vape si\u016blo patikim\u0105 ir ilgesn\u0119 vapinimo patirt\u012f su iki <strong>10 000 \u012fkv\u0117pim\u0173<\/strong> ir <strong>19 ml elektroninio skys\u010dio rezervuaras<\/strong>. Powered by a <strong>650 mAh \u012fkraunama baterija<\/strong> ir su <strong>C tipo \u012fkrovimas<\/strong>, \u0161is prietaisas u\u017etikrina nuosekl\u0173 veikim\u0105. . <strong>0,9\u03a9 aki\u0173 rit\u0117<\/strong> u\u017etikrina skland\u0173, sodr\u0173 ir aromating\u0105 garavim\u0105. Integruotas <strong>maitinimo ekrano ekranas<\/strong> kad b\u016bt\u0173 patogiau, realiuoju laiku stebima baterijos veikimo trukm\u0117 ir elektroninio skys\u010dio lygis. Galite rinktis i\u0161 <strong>0%, 2%, 3% arba 5% nikotino koncentracija<\/strong> kad atitikt\u0173 j\u016bs\u0173 pageidavimus. Su <strong>8 skani\u0173 skoni\u0173 variantai<\/strong>, MRVI Coming 10000 puikiai tinka <strong>vienkartiniai vape didmenin\u0117 prekyba<\/strong>, <strong>masiniai u\u017esakymai<\/strong>, arba <strong>asmeniniam naudojimui<\/strong>.<\/p>\n<h3><strong>MRVI Atvyksta 10000 Funkcijos:<\/strong><\/h3>\n<ul>\n<li>Pufai: Iki 10 000 puffs\u0173<\/li>\n<li>E-skys\u010dio talpa: 19 ml<\/li>\n<li>Baterija: 650 mAh (\u012fkraunama)<\/li>\n<li>\u012ekrovimas: C tipo<\/li>\n<li>Spiral\u0117: 0,9\u03a9 tinklelio formos spiral\u0117<\/li>\n<li>Ekranas: Maitinimo ekrano ekranas (akumuliatoriaus ir elektroninio skys\u010dio lygiai)<\/li>\n<li>Nikotino stiprumas: 0%, 2%, 3%, 5%<\/li>\n<li>Skoniai: 8 unikalios parinktys<\/li>\n<li>Vienkartinis \u012frenginys<\/li>\n<\/ul>\n<h4>DUK<\/h4>\n<h5>Kuo naudingas naudotojams galios ekrano rodinys?<\/h5>\n<p>Maitinimo ekrano ekrane i\u0161 karto matomas akumuliatoriaus veikimo laikas ir elektroninio skys\u010dio lygis, tod\u0117l naudotojai gali steb\u0117ti savo prietaiso b\u016bkl\u0119 ir i\u0161vengti netik\u0117t\u0173 pertrauk\u0173. \u0160i funkcija padidina patogum\u0105 ir u\u017etikrina labiau kontroliuojam\u0105 garinimo patirt\u012f.<\/p>\n<h5>Kokie pristatymo b\u016bdai naudojami?<\/h5>\n<p>Bendradarbiaujame su patikimais ve\u017e\u0117jais, tokiais kaip UPS, DHL, \"FedEx\" ir DPD, kad j\u016bs\u0173 u\u017esakymas b\u016bt\u0173 pristatytas greitai ir saugiai. Efektyviausias pristatymo b\u016bdas parenkamas atsi\u017evelgiant \u012f j\u016bs\u0173 buvimo viet\u0105, siekiant optimizuoti pristatymo greit\u012f ir patikimum\u0105.<\/p>\n<h5>Per kiek laiko bus pristatytas mano u\u017esakymas?<\/h5>\n<p>Pristatymas paprastai trunka 7-15 darbo dien\u0173. Ta\u010diau \u0161ven\u010di\u0173 dienomis ar esant nepalankioms oro s\u0105lygoms, d\u0117l kuri\u0173 gali \u0161iek tiek v\u0117luoti siuntos gabenimas, pra\u0161ome numatyti iki 20 darbo dien\u0173.<\/p>\n<h5>Ar susidursiu su kokiomis nors muitin\u0117s problemomis ar papildomais mokes\u010diais?<\/h5>\n<p>Atliekame visas muitin\u0117s proced\u016bras, tod\u0117l u\u017etikriname skland\u017ei\u0105 ir nevarginan\u010di\u0105 patirt\u012f. Jums nereik\u0117s mok\u0117ti joki\u0173 papildom\u0173 mokes\u010di\u0173 ar rinkliav\u0173. U\u017etikriname, kad 100% m\u016bs\u0173 produkt\u0173 muitin\u0117s proced\u016bros b\u016bt\u0173 s\u0117kmingai \u012fformintos.<\/p>\n<h5>Ar pirkimas i\u0161 j\u016bs\u0173 svetain\u0117s yra saugus ir patikimas?<\/h5>\n<p>Taip, si\u016blome saugias \"PayPal\" operacijas su pirk\u0117jo apsauga. Taip pat galite patikrinti m\u016bs\u0173 patikimum\u0105 patikrin\u0119 m\u016bs\u0173 klient\u0173 atsiliepimus <a href=\"https:\/\/www.trustpilot.com\/review\/volovape.com?utm_medium=trustbox&amp;utm_source=TrustBoxReviewCollector\">\"TrustPilot\"<\/a>, kur rasite patenkint\u0173 klient\u0173 atsiliepim\u0173.<\/p>","protected":false},"excerpt":{"rendered":"<p>Tik\u0117kit\u0117s ilgalaikio skonio su MRVI \"Coming 10000 Puffs\". Maitinimo ekrano ekranas, 0,9\u03a9 aku\u010di\u0173, 19 ml, \u012fkraunamas. Idealiai tinka asmeniniam naudojimui arba didmeninei prekybai, u\u017etikrina skland\u0173 garavim\u0105 ir \u012fvairias nikotino parinktis.<\/p>","protected":false},"featured_media":476,"comment_status":"open","ping_status":"closed","template":"","meta":[],"product_brand":[],"product_cat":[33,57,21,43,18,39,20,23,24,22,25,26,27,28,29,30,31,32,34,35,55,36,40],"product_tag":[],"class_list":{"0":"post-408","1":"product","2":"type-product","3":"status-publish","4":"has-post-thumbnail","6":"product_cat-disposable-vapes-in-spain","7":"product_cat-10000-puffs-disposable-vape","8":"product_cat-big-puffs-vapes","9":"product_cat-crystal-vapes","10":"product_cat-different-puffs-of-disposable-vapes","11":"product_cat-digital-box-vapes","12":"product_cat-disposable-vape-types","13":"product_cat-disposable-vapes-in-austria","14":"product_cat-disposable-vapes-in-belgium","15":"product_cat-disposable-vapes-in-europe","16":"product_cat-disposable-vapes-in-france","17":"product_cat-disposable-vapes-in-germany","18":"product_cat-disposable-vapes-in-hungary","19":"product_cat-disposable-vapes-in-ltaly","20":"product_cat-disposable-vapes-in-netherlands","21":"product_cat-disposable-vapes-in-norway","22":"product_cat-disposable-vapes-in-poland","23":"product_cat-disposable-vapes-in-portugal","24":"product_cat-disposable-vapes-in-sweden","25":"product_cat-disposable-vapes-in-switzerland","26":"product_cat-mrvi","27":"product_cat-rechargeable-vapes","28":"product_cat-smart-screen-vapes","30":"first","31":"instock","32":"shipping-taxable","33":"purchasable","34":"product-type-variable","35":"has-default-attributes"},"jetpack_sharing_enabled":true,"tiered_pricing_type":"fixed","tiered_pricing_fixed_rules":{"2000":4.75},"tiered_pricing_product_settings":{"layout":"default","base_unit_name":{"singular":null,"plural":null},"default_variation":null},"tiered_pricing_minimum_quantity":1000,"tiered_pricing_roles_data":[],"tiered_pricing_percentage_rules":[],"tiered_pricing_maximum_quantity":null,"tiered_pricing_quantity_step":"10","_links":{"self":[{"href":"https:\/\/volovape.com\/lt\/wp-json\/wp\/v2\/product\/408","targetHints":{"allow":["GET"]}}],"collection":[{"href":"https:\/\/volovape.com\/lt\/wp-json\/wp\/v2\/product"}],"about":[{"href":"https:\/\/volovape.com\/lt\/wp-json\/wp\/v2\/types\/product"}],"replies":[{"embeddable":true,"href":"https:\/\/volovape.com\/lt\/wp-json\/wp\/v2\/comments?post=408"}],"wp:featuredmedia":[{"embeddable":true,"href":"https:\/\/volovape.com\/lt\/wp-json\/wp\/v2\/media\/476"}],"wp:attachment":[{"href":"https:\/\/volovape.com\/lt\/wp-json\/wp\/v2\/media?parent=408"}],"wp:term":[{"taxonomy":"product_brand","embeddable":true,"href":"https:\/\/volovape.com\/lt\/wp-json\/wp\/v2\/product_brand?post=408"},{"taxonomy":"product_cat","embeddable":true,"href":"https:\/\/volovape.com\/lt\/wp-json\/wp\/v2\/product_cat?post=408"},{"taxonomy":"product_tag","embeddable":true,"href":"https:\/\/volovape.com\/lt\/wp-json\/wp\/v2\/product_tag?post=408"}],"curies":[{"name":"wp","href":"https:\/\/api.w.org\/{rel}","templated":true}]}}