{"id":40745,"date":"2026-03-25T03:48:59","date_gmt":"2026-03-25T03:48:59","guid":{"rendered":"https:\/\/volovape.com\/?post_type=product&#038;p=40745"},"modified":"2026-03-25T03:49:43","modified_gmt":"2026-03-25T03:49:43","slug":"waspe-baras-60k-60000-puffs-ilgalaikis-16-skonio-variantu-urmu-vienkartiniai-vape","status":"publish","type":"product","link":"https:\/\/volovape.com\/lt\/product\/waspe-bar-60k-60000-puffs-long-lasting-16-flavor-options-bulk-disposable-vape\/","title":{"rendered":"WASPE Bar 60K | 60000 \u012fpur\u0161kim\u0173, ilgai i\u0161liekantis, 16 skonio variant\u0173, vienkartinis vape"},"content":{"rendered":"<p><img data-recalc-dims=\"1\" loading=\"lazy\" decoding=\"async\" class=\"alignnone size-full wp-image-114648\" src=\"https:\/\/i0.wp.com\/aiviouvapes.com\/wp-content\/uploads\/2026\/03\/WASPE-Bar-60K-Puffs-25.jpg?resize=1643%2C1920&#038;ssl=1\" alt=\"WASPE Baras 60 t\u016bkst. pufik\u0173\" width=\"1643\" height=\"1920\" title=\"\"><\/p>\n<h3>Kod\u0117l verta rinktis WASPE Bar 60K?<\/h3>\n<ul>\n<li>\ud83d\udca8 <strong>Iki 60000 \u012fkv\u0117pim\u0173<\/strong> ilgalaikiam naudojimui ir geresnei vertei<\/li>\n<li>\ud83c\udf53 <strong>16 populiari\u0173 vaisi\u0173 ir ledo skoni\u0173<\/strong> kad atitikt\u0173 skirtingus klient\u0173 skonius.<\/li>\n<li>\ud83e\uddca Sklandus ir malonus skonis kasdieniam garinimui<\/li>\n<li>\ud83d\udd0b Sukurtas intensyviems naudotojams, kurie nori ilgai naudojamo vienkartinio prietaiso<\/li>\n<li>\ud83c\udf0d Galima \u012fsigyti <strong>0%, 2% ir 5% nikotino<\/strong> skirtingiems rinkos poreikiams<\/li>\n<li>\ud83d\udce6 <strong>160 vnt. d\u0117\u017eut\u0117je<\/strong> ir <strong>10 vnt. d\u0117\u017eut\u0117je<\/strong>, idealiai tinka didmeniniams u\u017esakymams<\/li>\n<li>\ud83c\udfea Puikiai tinka vape parduotuv\u0117ms, platintojams, importuotojams ir internetiniams vape pardav\u0117jams<\/li>\n<li>\ud83d\ude80 Stiprus didel\u0117s talpos produktas, skirtas patraukliam vienkartini\u0173 vape produkt\u0173 asortimentui sukurti<\/li>\n<\/ul>\n<h3>WASPE Bar 60K Vienkartiniai Vape detal\u0117s<\/h3>\n<p>Svetain\u0117 <strong>WASPE Bar 60K Puffs vienkartinis vape<\/strong> tai didel\u0117s talpos prietaisas, sukurtas klientams, kurie nori daugiau d\u016bm\u0173, daugiau skonio ir daugiau patogumo viename gaminyje. Tai puikus pasirinkimas rinkoms, kurioms reikia ilgai veikian\u010di\u0173 vienkartini\u0173 garintuv\u0173 su ak\u012f traukian\u010diu skoniu ir lanks\u010diu nikotino kiekiu.<\/p>\n<p>B2B pirk\u0117jams WASPE baras 60K yra lengvai \u012ftraukiamas produktas \u012f didmenin\u0117s prekybos katalog\u0105. 60000 d\u016bm\u0173 talpa padeda i\u0161siskirti konkurencingoje vienkartini\u0173 svaigal\u0173 rinkoje, o skoni\u0173 asortimente yra vaisi\u0173, ledo, sald\u017ei\u0173 ir mi\u0161ri\u0173 skoni\u0173, kurie yra populiar\u016bs tarp daugelio vartotoj\u0173. D\u0117l to platintojams ir svaigal\u0173 parduotuv\u0117ms lengviau orientuotis tiek \u012f kasdienius r\u016bkalus, tiek \u012f dr\u0105si\u0173 nauj\u0173 skoni\u0173 ie\u0161kan\u010dius klientus. \u2728<\/p>\n<h3>WASPE baro 60K specifikacijos<\/h3>\n<table>\n<tbody>\n<tr>\n<th>Produkto pavadinimas<\/th>\n<td>WASPE Baras 60 t\u016bkst. pufik\u0173<\/td>\n<\/tr>\n<tr>\n<th>\u012erenginio tipas<\/th>\n<td>Vienkartinis \"Vape\" \u012frenginys<\/td>\n<\/tr>\n<tr>\n<th>Puff skai\u010dius<\/th>\n<td>60000 puod\u0173<\/td>\n<\/tr>\n<tr>\n<th>Nikotino stiprumas<\/th>\n<td>0% \/ 2% \/ 5%<\/td>\n<\/tr>\n<tr>\n<th>Skonio parinktys<\/th>\n<td>16 skoni\u0173<\/td>\n<\/tr>\n<tr>\n<th>Pakavimas<\/th>\n<td>10 vnt. d\u0117\u017eut\u0117je<\/td>\n<\/tr>\n<tr>\n<th>D\u0117\u017eut\u0117s kiekis<\/th>\n<td>160 vnt\/ctn<\/td>\n<\/tr>\n<tr>\n<th>Bendrasis svoris<\/th>\n<td>20,8 kg<\/td>\n<\/tr>\n<tr>\n<th>Tiksliniai pirk\u0117jai<\/th>\n<td>Didmenininkai, platintojai, vape parduotuv\u0117s, ma\u017emenininkai<\/td>\n<\/tr>\n<\/tbody>\n<\/table>\n<h3>WASPE baton\u0117lis 60 t\u016bkst. skoni\u0173 \ud83c\udf4d\ud83c\udf47\ud83c\udf49<\/h3>\n<p><strong>Arb\u016bz\u0173 ledas<\/strong> - Sultingas arb\u016bzo skonis su v\u0117siu lediniu poskoniu, gaivus ir lengvas m\u0117gautis.<\/p>\n<p><strong>M\u0117lyni\u0173 ledas<\/strong> - Saldus m\u0117lyni\u0173 skonis sumi\u0161\u0119s su gaiviu v\u0117sinan\u010diu prisilietimu.<\/p>\n<p><strong>Vynuogi\u0173 ledas<\/strong> - Sodrus vynuogi\u0173 saldumas su gaiviu ledo poskoniu.<\/p>\n<p><strong>Citrin\u0173 kalk\u0117s<\/strong> - Ry\u0161kaus citrusini\u0173 vaisi\u0173 skonio, pikanti\u0161ko ir gyvybingo skonio.<\/p>\n<p><strong>Bra\u0161ki\u0173 bananai<\/strong> - Sklandus ir saldus vaisi\u0173 mi\u0161inys, kur\u012f m\u0117gsta daugelis vape naudotoj\u0173.<\/p>\n<p><strong>Mi\u0161rios uogos<\/strong> - Dr\u0105sus uog\u0173 mi\u0161inys su sald\u017eiar\u016bg\u0161t\u0117mis natomis.<\/p>\n<p><strong>\"Red Bull Ice<\/strong> - Energijos \u012fkv\u0117ptas gaivi\u0173j\u0173 g\u0117rim\u0173 skonis su v\u0117sia pabaiga, suteikian\u010dia stipresn\u012f skon\u012f.<\/p>\n<p><strong>Kivi arb\u016bzas<\/strong> - Subalansuotas sultingo arb\u016bzo ir pikanti\u0161ko kivio derinys.<\/p>\n<p><strong>Bra\u0161ki\u0173 arb\u016bzas<\/strong> - Saldus ir gaivus vaisi\u0173 derinys, patrauklus daugeliui klient\u0173.<\/p>\n<p><strong>M\u0117lyni\u0173 avie\u010di\u0173 vy\u0161ni\u0173<\/strong> - Turtingas trij\u0173 uog\u0173 profilis, gilus saldumas ir vaisi\u0173 kompleksi\u0161kumas.<\/p>\n<p><strong>Gervuog\u0117s Juodieji serbentai<\/strong> - Tamsi\u0173 uog\u0173 skonis, dr\u0105sus ir \u0161iek tiek a\u0161trus.<\/p>\n<p><strong>Bra\u0161ki\u0173 juodojo drakono ledai<\/strong> - Ypatingas vaisi\u0173 mi\u0161inys su sald\u017eiomis bra\u0161k\u0117mis ir v\u0117siu egzoti\u0161ku prieskoniu.<\/p>\n<p><strong>Bra\u0161ki\u0173 kiviai<\/strong> - Klasikinis vaisi\u0173 derinys su saldumo ir pikanti\u0161kumo pusiausvyra.<\/p>\n<p><strong>M\u0117lyna vy\u0161ni\u0173 kola<\/strong> - Smagus ir unikalus uog\u0173, vy\u0161ni\u0173 ir kolos \u012fkv\u0117ptas skonis.<\/p>\n<p><strong>Kivi\u0173 melion\u0173 ledai<\/strong> - Gaivus melion\u0173 mi\u0161inys su kivi\u0173 ry\u0161kumu ir lediniu \u0161velnumu.<\/p>\n<p><strong>Persik\u0173 Mango Ananas\u0173<\/strong> - Tropini\u0173 vaisi\u0173 mi\u0161inys, kupinas saldaus, sultingo ir saul\u0117to skonio. \ud83c\udf34<\/p>\n<p><img data-recalc-dims=\"1\" loading=\"lazy\" decoding=\"async\" class=\"alignnone size-full wp-image-114647\" src=\"https:\/\/i0.wp.com\/aiviouvapes.com\/wp-content\/uploads\/2026\/03\/WASPE-Bar-60K-Puffs-24.jpg?resize=1920%2C1080&#038;ssl=1\" alt=\"WASPE Baras 60 t\u016bkst. pufik\u0173\" width=\"1920\" height=\"1080\" title=\"\"> <img data-recalc-dims=\"1\" loading=\"lazy\" decoding=\"async\" class=\"alignnone size-full wp-image-114646\" src=\"https:\/\/i0.wp.com\/aiviouvapes.com\/wp-content\/uploads\/2026\/03\/WASPE-Bar-60K-Puffs-23.jpg?resize=1920%2C1080&#038;ssl=1\" alt=\"WASPE Baras 60 t\u016bkst. pufik\u0173\" width=\"1920\" height=\"1080\" title=\"\"><\/p>\n<h3>DUK apie WASPE Bar 60K \u2753<\/h3>\n<h4>1. Kiek \u012fpur\u0161kim\u0173 si\u016blo WASPE Bar 60K?<\/h4>\n<p>WASPE Bar 60K si\u016blo iki <strong>60000 \u012fkv\u0117pim\u0173<\/strong>, tod\u0117l tai puikus pasirinkimas naudotojams, norintiems ilgai veikian\u010dio vienkartinio vapavimo aparato.<\/p>\n<h4>2. Kokio stiprumo nikotino yra?<\/h4>\n<p>\u0160\u012f prietais\u0105 galima \u012fsigyti <strong>0%, 2% ir 5% nikotino<\/strong>, kad ji atitikt\u0173 skirtingus klient\u0173 pageidavimus ir rinkos poreikius.<\/p>\n<h4>3. Kiek skoni\u0173 turi \u0161is modelis?<\/h4>\n<p>\"WASPE Bar 60K\" yra <strong>16 skonio variant\u0173<\/strong>, \u012fskaitant vaisi\u0173, ledo, uog\u0173, atogr\u0105\u017e\u0173 ir g\u0117rim\u0173 \u012fkv\u0117ptus skonius.<\/p>\n<h4>4. Ar WASPE Bar 60K tinka didmeninei prekybai?<\/h4>\n<p>Taip. Su <strong>10 vnt. d\u0117\u017eut\u0117je<\/strong> ir <strong>160 vnt. d\u0117\u017eut\u0117je<\/strong>, jis labai tinka didmenininkams, platintojams ir vape parduotuv\u0117ms, ie\u0161kan\u010dioms didmenini\u0173 vienkartini\u0173 vape priemoni\u0173.<\/p>\n<h4>5. Kam \u0161is produktas geriausiai tinka?<\/h4>\n<p>\u0160is gaminys idealiai tinka intensyviems naudotojams, skonio m\u0117g\u0117jams, vienkartini\u0173 svaigal\u0173 pardav\u0117jams ir B2B pirk\u0117jams, kurie nori didelio na\u0161umo modelio su dideliu pardavimo potencialu.<\/p>\n<h4>6. Kod\u0117l \"WASPE Bar 60K\" yra patraukli vape parduotuv\u0117ms?<\/h4>\n<p>Viename \u012frenginyje suderintas labai didelis i\u0161pur\u0161kiam\u0173 d\u016bm\u0173 skai\u010dius, lankstus nikotino pasirinkimas ir populiar\u016bs skoniai, tod\u0117l vape parduotuv\u0117s gali pasi\u016blyti konkurencingesn\u012f ir patrauklesn\u012f produkt\u0173 asortiment\u0105.<\/p>\n<h3>WASPE Bar 60K ap\u017evalga<\/h3>\n<p><strong>WASPE Bar 60K vienkartinis vape<\/strong> yra geras pasirinkimas <strong>intensyv\u016bs naudotojai<\/strong> kurie nori ilgesnio naudojimo, nes <strong>skonio persekiotojai<\/strong> m\u0117gstantiems vaisinius ir ledinius mi\u0161inius, taip pat <strong>vape parduotuv\u0117s ir didmeniniai platintojai<\/strong> ie\u0161kote didel\u0117s paklausos vienkartinio vape gaminio. Iki 60000 \u012fpur\u0161kim\u0173, lankstus nikotino kiekis ir didmeninei prekybai paruo\u0161ta pakuot\u0117 - \u0161is modelis sukurtas taip, kad u\u017etikrint\u0173 tiek s\u0117kming\u0105 ma\u017emenin\u0119 prekyb\u0105, tiek platinim\u0105 dideliais kiekiais. \ud83d\udcc8<\/p>","protected":false},"excerpt":{"rendered":"<p>M\u0117gaukit\u0117s galingu <strong>WASPE Bar 60K vienkartinis vape<\/strong> su iki <strong>60000 \u012fkv\u0117pim\u0173<\/strong>, sodr\u016bs vaisi\u0173 ir ledo skoniai ir lankstus <strong>0% \/ 2% \/ 5% nikotinas<\/strong> galimyb\u0117s. Protingas pasirinkimas didmenininkams, platintojams ir intensyviems naudotojams, ie\u0161kantiems didelio na\u0161umo vienkartini\u0173 vape aparat\u0173, turin\u010di\u0173 didel\u012f patrauklum\u0105 rinkoje. \ud83d\ude80<\/p>","protected":false},"featured_media":39316,"comment_status":"open","ping_status":"closed","template":"","meta":[],"product_brand":[245],"product_cat":[231,230,17],"product_tag":[],"class_list":{"0":"post-40745","1":"product","2":"type-product","3":"status-publish","4":"has-post-thumbnail","6":"product_brand-waspe","7":"product_cat-60000-puffs-disposable-vape","8":"product_cat-new","9":"product_cat-waspe","11":"first","12":"instock","13":"shipping-taxable","14":"purchasable","15":"product-type-variable","16":"has-default-attributes"},"jetpack_sharing_enabled":true,"tiered_pricing_type":"fixed","tiered_pricing_fixed_rules":{"30":8.3599999999999994315658113919198513031005859375,"50":7.12999999999999989341858963598497211933135986328125,"100":6.589999999999999857891452847979962825775146484375,"200":6.29000000000000003552713678800500929355621337890625,"400":5.9900000000000002131628207280300557613372802734375},"tiered_pricing_product_settings":{"layout":"default","base_unit_name":{"singular":null,"plural":null},"default_variation":null},"tiered_pricing_minimum_quantity":10,"tiered_pricing_roles_data":[],"tiered_pricing_percentage_rules":[],"tiered_pricing_maximum_quantity":null,"tiered_pricing_quantity_step":"10","_links":{"self":[{"href":"https:\/\/volovape.com\/lt\/wp-json\/wp\/v2\/product\/40745","targetHints":{"allow":["GET"]}}],"collection":[{"href":"https:\/\/volovape.com\/lt\/wp-json\/wp\/v2\/product"}],"about":[{"href":"https:\/\/volovape.com\/lt\/wp-json\/wp\/v2\/types\/product"}],"replies":[{"embeddable":true,"href":"https:\/\/volovape.com\/lt\/wp-json\/wp\/v2\/comments?post=40745"}],"wp:featuredmedia":[{"embeddable":true,"href":"https:\/\/volovape.com\/lt\/wp-json\/wp\/v2\/media\/39316"}],"wp:attachment":[{"href":"https:\/\/volovape.com\/lt\/wp-json\/wp\/v2\/media?parent=40745"}],"wp:term":[{"taxonomy":"product_brand","embeddable":true,"href":"https:\/\/volovape.com\/lt\/wp-json\/wp\/v2\/product_brand?post=40745"},{"taxonomy":"product_cat","embeddable":true,"href":"https:\/\/volovape.com\/lt\/wp-json\/wp\/v2\/product_cat?post=40745"},{"taxonomy":"product_tag","embeddable":true,"href":"https:\/\/volovape.com\/lt\/wp-json\/wp\/v2\/product_tag?post=40745"}],"curies":[{"name":"wp","href":"https:\/\/api.w.org\/{rel}","templated":true}]}}