{"id":37868,"date":"2025-10-21T03:02:43","date_gmt":"2025-10-21T03:02:43","guid":{"rendered":"https:\/\/volovape.com\/?post_type=product&#038;p=37868"},"modified":"2026-04-14T03:09:19","modified_gmt":"2026-04-14T03:09:19","slug":"uzy-100k-kristalas-4-in-1-vienkartinis-vape-keturiu-skoniu-quad-akiu-rite-led-smart-ekranas","status":"publish","type":"product","link":"https:\/\/volovape.com\/lt\/product\/uzy-100k-crystal-4-in-1-disposable-vape-four-flavors-quad-mesh-coil-led-smart-display\/","title":{"rendered":"UZY 100K Crystal 4-in-1 | keturi\u0173 skoni\u0173 vienkartinis vape, keturi\u0173 aki\u0173 rit\u0117 ir i\u0161manusis LED ekranas"},"content":{"rendered":"<h2>UZY 100K Crystal 4-in-1 vienkartin\u0117 vape \ud83d\udd25 | keturi skoniai, keturi\u0173 aki\u0173 rit\u0117 ir i\u0161manusis LED ekranas<\/h2>\n<h3>\ud83d\udca8 Kod\u0117l verta rinktis UZY 100K Crystal 4-in-1 vienkartin\u012f Vape?<\/h3>\n<ul>\n<li>\ud83c\udf08 <strong>Keturi skoniai viename<\/strong> - Akimirksniu perjunkite 4 unikalius skonio profilius ir m\u0117gaukit\u0117s smagia bei \u012fvairiapusi\u0161ka vapinimo sesija.<\/li>\n<li>\u2699\ufe0f <strong>Keturi\u0173 tinkleli\u0173 rit\u0117 (1,0\u03a9)<\/strong> - Padidina skonio grynum\u0105 ir gar\u0173 tank\u012f.<\/li>\n<li>\ud83d\udd0b <strong>650 mAh C tipo \u012fkraunama baterija<\/strong> - Ilgiau i\u0161laiko j\u016bs\u0173 vape baterij\u0105 ir greitai \u012fkrauna.<\/li>\n<li>\ud83d\udca7 <strong>56ml E-skys\u010dio talpa<\/strong> - Didelis bakas ilgam garinimui be pertrauk\u0173.<\/li>\n<li>\ud83d\udcdf <strong>LED i\u0161manusis ekranas<\/strong> - Ai\u0161kiai rodo akumuliatoriaus ir elektroninio skys\u010dio lyg\u012f.<\/li>\n<li>\ud83d\udc8e <strong>Kri\u0161tolo skaidrus apvalkalas<\/strong> - Ak\u012f traukiantis dizainas, atspindintis auk\u0161\u010diausios kokyb\u0117s meistri\u0161kum\u0105.<\/li>\n<li>\ud83d\udca8 <strong>Iki 100 000 i\u0161trauk\u0173<\/strong> - I\u0161skirtinis ilgaam\u017ei\u0161kumas intensyviems vaperiams.<\/li>\n<li>\ud83c\udf0d <strong>Galima \u012fsigyti visoje Europoje<\/strong> - Idealiai tinka platintojams, ma\u017emenininkams ir paprastiems klientams.<\/li>\n<\/ul>\n<h3>\u2699\ufe0f specifikacijos<\/h3>\n<table>\n<tbody>\n<tr>\n<td><strong>Puff skai\u010dius<\/strong><\/td>\n<td>100 000 \u012fkv\u0117pim\u0173 vienam prietaisui<\/td>\n<\/tr>\n<tr>\n<td><strong>Aromatai<\/strong><\/td>\n<td>4 skirtingi \u012fmontuoti skoniai<\/td>\n<\/tr>\n<tr>\n<td><strong>Rit\u0117s<\/strong><\/td>\n<td>Keturi\u0173 aku\u010di\u0173 rit\u0117, 1,0\u03a9<\/td>\n<\/tr>\n<tr>\n<td><strong>E-skys\u010dio talpa<\/strong><\/td>\n<td>56 ml<\/td>\n<\/tr>\n<tr>\n<td><strong>Stipriosios nikotino savyb\u0117s<\/strong><\/td>\n<td>0%, 2%, 3%, 5%<\/td>\n<\/tr>\n<tr>\n<td><strong>Akumuliatorius<\/strong><\/td>\n<td>650 mAh, C tipo \u012fkraunama<\/td>\n<\/tr>\n<tr>\n<td><strong>Ekranas<\/strong><\/td>\n<td>LED i\u0161manusis ekranas (baterijos ir el. skys\u010dio indikatoriai)<\/td>\n<\/tr>\n<tr>\n<td><strong>Dizainas<\/strong><\/td>\n<td>Kri\u0161tolo stiliaus skaidrus apvalkalas<\/td>\n<\/tr>\n<tr>\n<td><strong>Svoris<\/strong><\/td>\n<td>Apie 140 g vienam prietaisui<\/td>\n<\/tr>\n<tr>\n<td><strong>Pakuot\u0117<\/strong><\/td>\n<td>10 vnt. d\u0117\u017eut\u0117je, 120 vnt. d\u0117\u017eut\u0117je (bruto svoris ~18 kg)<\/td>\n<\/tr>\n<\/tbody>\n<\/table>\n<p><img data-recalc-dims=\"1\" decoding=\"async\" style=\"max-width: 100%; height: auto; display: block; margin: 0 auto;\" src=\"https:\/\/i0.wp.com\/volovape.com\/wp-content\/uploads\/2025\/10\/UZY-Crystal-Four-Flavors-100000-Puffs-Authentic-Disposable-Vape-Low-Nicotine-Bulk-Buy-Wholesale-5-scaled-1.webp?ssl=1\" alt=\"UZY 100K kristalas &quot;4-in-1\" title=\"\"><\/p>\n<h3>\ud83c\udf6d Visi skonio deriniai<\/h3>\n<ol>\n<li><strong>Bra\u0161ki\u0173 arb\u016bzas<\/strong> &amp; <strong>M\u0117lynasis \"Razz Ice<\/strong> &amp; <strong>M\u0117lyni\u0173 avie\u010di\u0173 vy\u0161ni\u0173<\/strong> &amp; <strong>Fizzy Cherry Ice<\/strong><\/li>\n<li><strong>Persik\u0173 ledas<\/strong> &amp; <strong>M\u0117lyni\u0173 vy\u0161ni\u0173<\/strong> &amp; <strong>Energetinis g\u0117rimas<\/strong> &amp; <strong>Arb\u016bzas Likis<\/strong><\/li>\n<li><strong>M\u0117lyni\u0173 ledas<\/strong> &amp; <strong>Bra\u0161ki\u0173 bananai<\/strong> &amp; <strong>Du obuoliai<\/strong> &amp; <strong>Skittles<\/strong><\/li>\n<li><strong>Vy\u0161ni\u0173 ledas<\/strong> &amp; <strong>Vynuogi\u0173 ledas<\/strong> &amp; <strong>Pasiflor\u0173 vaisiai Mango<\/strong> &amp; <strong>Meil\u0117 66<\/strong><\/li>\n<li><strong>M\u0117lyni\u0173 ledas<\/strong> &amp; <strong>Mango persik\u0173 abrikos\u0173<\/strong> &amp; <strong>Kiviai Pasifloros vaisiai Gvajavos<\/strong> &amp; <strong>Baltasis persikas Razz<\/strong><\/li>\n<li><strong>Persik\u0173 Mango Ananas\u0173<\/strong> &amp; <strong>M\u0117lyni\u0173 avie\u010di\u0173<\/strong> &amp; <strong>Citrin\u0173 kalk\u0117s<\/strong> &amp; <strong>Arb\u016bz\u0173 kramtomoji guma<\/strong><\/li>\n<li><strong>Mi\u0161rios uogos<\/strong> &amp; <strong>Aistra Vaisiai Kiviai Limetos<\/strong> &amp; <strong>Spanguoli\u0173 vynuog\u0117s<\/strong> &amp; <strong>Bra\u0161ki\u0173 kiviai<\/strong><\/li>\n<li><strong>Bra\u0161ki\u0173 ledai<\/strong> &amp; <strong>Kramtomasis me\u0161kiukas<\/strong> &amp; <strong>Arb\u016bzas Drakono vaisiai<\/strong> &amp; <strong>M\u0117lyni\u0173 kiviai<\/strong><\/li>\n<li><strong>Arb\u016bz\u0173 ledas<\/strong> &amp; <strong>M\u0117lyna Razz Cherry<\/strong> &amp; <strong>Arb\u016bz\u0173 r\u016bg\u0161tusis persikas<\/strong> &amp; <strong>Pasiflor\u0173 vaisiai Kiviai<\/strong><\/li>\n<li><strong>Bra\u0161ki\u0173 mango<\/strong> &amp; <strong>MR Blue<\/strong> &amp; <strong>Vasaros persik\u0173 ledas<\/strong> &amp; <strong>Juodasis ledas<\/strong><\/li>\n<\/ol>\n<h3>\ud83d\udcac Puikiai tinka<\/h3>\n<p>Nesvarbu, ar esate <strong>skonio tyrin\u0117tojas<\/strong>, <strong>sunkusis vaperis<\/strong>, arba <strong>vape parduotuv\u0117s savininkas<\/strong> ie\u0161kantiems greitai parduodam\u0173 produkt\u0173, UZY 100K Crystal u\u017etikrina neprilygstam\u0105 na\u0161um\u0105 ir universalum\u0105. Jo \"4-in-1\" dizainas si\u016blo daugyb\u0119 skoni\u0173 viename stilingame garintuve.<\/p>\n<h3>\u2753 DUK<\/h3>\n<p><strong>K: Ar galiu \u012fkrauti UZY 100K kristal\u0105?<\/strong><br \/>\nA: Taip! Jame yra <strong>C tipo \u012fkraunama 650 mAh baterija<\/strong> kuris u\u017etikrina ilg\u0105 ir stabil\u0173 maitinim\u0105.<\/p>\n<p><strong>K.: Ar jis tikrai veikia iki 100 000 \u012fpur\u0161kim\u0173?<\/strong><br \/>\nA: Be abejo - su <strong>Keturi\u0173 tinkleli\u0173 rit\u0117s technologija<\/strong> ir didel\u0117s talpos skys\u010dio, jis gali suteikti iki 100 000 aromating\u0173 \u012fkv\u0117pim\u0173.<\/p>\n<p><strong>K: Kiek nikotino lygi\u0173 yra?<\/strong><br \/>\nA: Galite rinktis <strong>0%, 2%, 3% arba 5%<\/strong> nikotino pagal savo poreikius.<\/p>\n<p><strong>K: Kaip perjungti keturis skonius?<\/strong><br \/>\nA: Tai paprasta - tiesiog pasukite prietais\u0105, kad akimirksniu pakeistum\u0117te skon\u012f!<\/p>","protected":false},"excerpt":{"rendered":"<p>Svetain\u0117 <strong>UZY 100K Crystal 4-in-1 Vape<\/strong> tai j\u016bs\u0173 geriausias ilgai veikiantis garinimo prietaisas, kuriame \u012fmontuoti 4 skoniai, 100 000 \u012fkv\u0117pim\u0173 ir stilingas permatomas korpusas. M\u0117gaukit\u0117s galingu veikimu ir ry\u0161kiu skoniu kiekviename papur\u0161kime, puikiai tinkan\u010diu tiek kasdieniams r\u016bkalams, tiek parduotuvi\u0173 pardav\u0117jams.<\/p>","protected":false},"featured_media":37911,"comment_status":"open","ping_status":"closed","template":"","meta":[],"product_brand":[239],"product_cat":[232,249,230],"product_tag":[303,302,305,304,301],"class_list":{"0":"post-37868","1":"product","2":"type-product","3":"status-publish","4":"has-post-thumbnail","6":"product_brand-uzy","7":"product_cat-uzy","8":"product_cat-100k-puffs-disposable-vape","9":"product_cat-new","10":"product_tag-100000-puffs-vape","11":"product_tag-4-in-1-disposable-vape","12":"product_tag-led-screen-rechargeable-vape","13":"product_tag-quad-mesh-coil-vape","14":"product_tag-uzy-100k-crystal-vape","16":"first","17":"instock","18":"shipping-taxable","19":"purchasable","20":"product-type-variable","21":"has-default-attributes"},"jetpack_sharing_enabled":true,"tiered_pricing_type":"fixed","tiered_pricing_fixed_rules":{"30":9.5099999999999997868371792719699442386627197265625,"50":7.78000000000000024868995751603506505489349365234375,"100":7.339999999999999857891452847979962825775146484375,"200":6.79999999999999982236431605997495353221893310546875,"400":6.29999999999999982236431605997495353221893310546875},"tiered_pricing_product_settings":{"layout":"default","base_unit_name":{"singular":null,"plural":null},"default_variation":null},"tiered_pricing_minimum_quantity":10,"tiered_pricing_roles_data":[],"tiered_pricing_percentage_rules":[],"tiered_pricing_maximum_quantity":null,"tiered_pricing_quantity_step":"10","_links":{"self":[{"href":"https:\/\/volovape.com\/lt\/wp-json\/wp\/v2\/product\/37868","targetHints":{"allow":["GET"]}}],"collection":[{"href":"https:\/\/volovape.com\/lt\/wp-json\/wp\/v2\/product"}],"about":[{"href":"https:\/\/volovape.com\/lt\/wp-json\/wp\/v2\/types\/product"}],"replies":[{"embeddable":true,"href":"https:\/\/volovape.com\/lt\/wp-json\/wp\/v2\/comments?post=37868"}],"wp:featuredmedia":[{"embeddable":true,"href":"https:\/\/volovape.com\/lt\/wp-json\/wp\/v2\/media\/37911"}],"wp:attachment":[{"href":"https:\/\/volovape.com\/lt\/wp-json\/wp\/v2\/media?parent=37868"}],"wp:term":[{"taxonomy":"product_brand","embeddable":true,"href":"https:\/\/volovape.com\/lt\/wp-json\/wp\/v2\/product_brand?post=37868"},{"taxonomy":"product_cat","embeddable":true,"href":"https:\/\/volovape.com\/lt\/wp-json\/wp\/v2\/product_cat?post=37868"},{"taxonomy":"product_tag","embeddable":true,"href":"https:\/\/volovape.com\/lt\/wp-json\/wp\/v2\/product_tag?post=37868"}],"curies":[{"name":"wp","href":"https:\/\/api.w.org\/{rel}","templated":true}]}}