{"id":37432,"date":"2025-09-11T09:48:26","date_gmt":"2025-09-11T09:48:26","guid":{"rendered":"https:\/\/volovape.com\/?post_type=product&#038;p=37432"},"modified":"2026-04-14T05:55:19","modified_gmt":"2026-04-14T05:55:19","slug":"bangbox-80k-trigubo-skonio-80000-puffs-urmu-vienkartiniai-vape-su-60ml-e-skyscio","status":"publish","type":"product","link":"https:\/\/volovape.com\/lt\/product\/bangbox-80k-triple-flavor-80000-puffs-bulk-disposable-vape-with-60ml-e-liquid\/","title":{"rendered":"BANGBOX 80K 3-in-1 80000 Puffs | trigubo skonio vienkartinis vape"},"content":{"rendered":"<h2>Kod\u0117l verta rinktis BANGBOX 80000?<\/h2>\n<ul>\n<li>\u26a1 <strong>80 000 pufik\u0173<\/strong> - ekstremaliai daug puok\u0161\u010di\u0173, kad b\u016bt\u0173 u\u017etikrintas ilgalaikis pasitenkinimas<\/li>\n<li>\ud83d\udd0b <strong>17350-850 mAh gryno kobalto baterija<\/strong> su 5 A i\u0161krova - pastovi galia, n\u0117ra silpn\u0173 sm\u016bgi\u0173<\/li>\n<li>\ud83d\udca7 <strong>60 ml i\u0161 anksto pripildyto el. skys\u010dio<\/strong> - Ilgalaikis bakas, ma\u017eiau r\u016bpes\u010di\u0173<\/li>\n<li>\ud83c\udf00 <strong>0,8\u03a9 trij\u0173 aku\u010di\u0173 rit\u0117<\/strong> - greitesnis kaitinimas, tir\u0161ti garai ir ry\u0161kus skonis<\/li>\n<li>\ud83d\udd04 <strong>\"3-in-1\" trigubo skonio kapsul\u0117s<\/strong> - 3 skoni\u0173 perjungimas viename \u012frenginyje<\/li>\n<li>\ud83d\udcca <strong>Realaus laiko baterijos ir el. skys\u010dio indikatoriai<\/strong> - daugiau joki\u0173 sp\u0117lioni\u0173<\/li>\n<li>\u26a1 <strong>C tipo greitasis \u012fkrovimas<\/strong> - greitas ir modernus \u012fkrovimo sprendimas<\/li>\n<li>\ud83c\udf1f <strong>Nikotino parinktys: 0%, 2%, 3%, 5%<\/strong> - tinka ir atsitiktiniams vartotojams, ir buvusiems r\u016bkaliams.<\/li>\n<li>\ud83d\udce6 <strong>Didmenin\u0117 pakuot\u0117<\/strong> - skirta platintojams ir ma\u017emenin\u0117s prekybos lentynoms<\/li>\n<\/ul>\n<h2>Specifikacijos<\/h2>\n<table border=\"1\" cellpadding=\"6\">\n<tbody>\n<tr>\n<td><strong>Puff skai\u010dius<\/strong><\/td>\n<td>Iki 80 000 \u012fkv\u0117pim\u0173<\/td>\n<\/tr>\n<tr>\n<td><strong>Akumuliatorius<\/strong><\/td>\n<td>17350-850 mAh gryno kobalto, 5 A i\u0161krova<\/td>\n<\/tr>\n<tr>\n<td><strong>E-skys\u010dio talpa<\/strong><\/td>\n<td>60 ml i\u0161 anksto pripildytos talpos<\/td>\n<\/tr>\n<tr>\n<td><strong>Rit\u0117s<\/strong><\/td>\n<td>0,8\u03a9 trij\u0173 aku\u010di\u0173 rit\u0117<\/td>\n<\/tr>\n<tr>\n<td><strong>Skonio sistema<\/strong><\/td>\n<td>\"3-in-1\" trigubo skonio kapsul\u0117s<\/td>\n<\/tr>\n<tr>\n<td><strong>Rodikliai<\/strong><\/td>\n<td>Akumuliatoriaus ir el. skys\u010dio lygio rodmuo<\/td>\n<\/tr>\n<tr>\n<td><strong>\u012ekrovimas<\/strong><\/td>\n<td>C tipo greitasis \u012fkrovimas<\/td>\n<\/tr>\n<tr>\n<td><strong>Nikotino stiprumas<\/strong><\/td>\n<td>0% \/ 2% \/ 3% \/ 5%<\/td>\n<\/tr>\n<tr>\n<td><strong>Pakuot\u0117<\/strong><\/td>\n<td>Didmeninei prekybai paruo\u0161tas<\/td>\n<\/tr>\n<\/tbody>\n<\/table>\n<h2>Skonio deriniai - trigubai daugiau d\u017eiaugsmo \ud83c\udf6d<\/h2>\n<ul>\n<li><strong>Bra\u0161ki\u0173 bananai - avie\u010di\u0173 arb\u016bzai - Meil\u0117 666<\/strong> - vaisinis, sultingas, dr\u0105sus<\/li>\n<li><strong>Atogr\u0105\u017e\u0173 vaisiai - bra\u0161ki\u0173 arb\u016bzai - citrin\u0173 persikai<\/strong> - egzoti\u0161kas ir gaivus<\/li>\n<li><strong>bra\u0161ki\u0173 vanil\u0117s kola - r\u016bg\u0161tus obuoli\u0173 avie\u010di\u0173 - citrin\u0173 kalki\u0173<\/strong> - putojantis, a\u0161trus, saldus<\/li>\n<li><strong>Dvigubos vynuog\u0117s - bra\u0161ki\u0173 mangas - m\u0117lyni\u0173 r\u016bg\u0161tus avie\u010di\u0173 ledas<\/strong> - sodrus, daugiasluoksnis, ledinis<\/li>\n<li><strong>Arb\u016bz\u0173 ledai - bra\u0161ki\u0173 ledai - trigubas melionas<\/strong> - kreminis, v\u0117sus ir gaivus<\/li>\n<li><strong>Citrin\u0173 kolos soda - Arb\u016bz\u0173 guma - Juodojo drakono ledas<\/strong> - unikalus, putojantis, paslaptingas<\/li>\n<li><strong>Trij\u0173 uog\u0173 ledas - Mango persikas - Bra\u0161ki\u0173 kivis<\/strong> - \u0161velnus, saldus, at\u0161aldytas<\/li>\n<li><strong>Bra\u0161ki\u0173 ledai - Bra\u0161ki\u0173 arb\u016bzas - Ananas\u0173 Mango Persik\u0173<\/strong> - gili vaisi\u0173 mi\u0161rain\u0117<\/li>\n<li><strong>Ananasinis kokosas - bra\u0161ki\u0173 ledas - Blue Razz ledas<\/strong> - atogr\u0105\u017e\u0173 pos\u016bkis su v\u0117siu sm\u016bgiu<\/li>\n<li><strong>Citrin\u0173 laimas - Mango persik\u0173 arb\u016bzas - M\u0117lyni\u0173 ledas<\/strong> - a\u0161trus, saldus, subalansuotas<\/li>\n<li><strong>Arb\u016bz\u0173 ledas - Red Bull - Bra\u0161ki\u0173 kiviai<\/strong> - energizuojanti vaisi\u0173 sintez\u0117<\/li>\n<li><strong>Bra\u0161ki\u0173 kiviai - r\u016bg\u0161t\u016bs mangai ir ananasai - bra\u0161ki\u0173 \"Red Bull<\/strong> - saldus, r\u016bg\u0161tus ir stiprus<\/li>\n<\/ul>\n<h2>DUK \ud83e\udd14<\/h2>\n<p><strong>K: Kiek laiko veikia BANGBOX 80000?<\/strong><br \/>\nA: Iki 80 000 \u012fp\u016btim\u0173 ir 60 ml el. skys\u010dio, tod\u0117l jis yra ilgaam\u017ei\u0161kesnis u\u017e daugum\u0105 vienkartini\u0173 - priklausomai nuo naudojimo, veikia nuo keli\u0173 savai\u010di\u0173 iki keli\u0173 m\u0117nesi\u0173.<\/p>\n<p><strong>K: Ar galiu viename \u012frenginyje naudoti kelis skonius?<\/strong><br \/>\nA: Taip! Jis yra su \"3-in-1\" trigubo skonio kapsul\u0117mis, tod\u0117l bet kada galite keisti skon\u012f.<\/p>\n<p><strong>K: Ar galima garinti be nikotino?<\/strong><br \/>\nA: Taip - jei norite tik skonio ir gar\u0173, rinkit\u0117s 0% nikotino variant\u0105.<\/p>\n<p><strong>K: Kam \u0161is prietaisas geriausiai tinka?<\/strong><br \/>\nA: Jis puikiai tinka intensyviems vartotojams, skonio entuziastams, vape parduotuv\u0117ms ir didmeniniams platintojams.<\/p>\n<p><strong>K: Ar greitai \u012fkraunama?<\/strong><br \/>\nA: Taip, su C tipo greituoju \u012fkrovimu prie garinimo gr\u012f\u0161ite akimirksniu.<\/p>\n<h2>Puikiai tinka jums \u2705<\/h2>\n<p>Svetain\u0117 <strong>BANGBOX 80K<\/strong> yra daugiau nei vienkartinis vape - tai <em>\"Powerhouse\", sukurtas intensyviems vaperiams, skonio ie\u0161kotojams ir verslininkams<\/em>. D\u0117l trigubo skonio perjungimo, did\u017eiulio i\u0161pur\u0161kiam\u0173 d\u016bm\u0173 skai\u010diaus, patikimo akumuliatoriaus ir didmeninei prekybai paruo\u0161to dizaino tai privalomas dalykas vape parduotuv\u0117ms ir platintojams, ie\u0161kantiems paklausi\u0173 ir peln\u0105 didinan\u010di\u0173 produkt\u0173 \ud83c\udf1f.<\/p>","protected":false},"excerpt":{"rendered":"<p><strong>Vienas i\u0161 ilgiausiai veikian\u010di\u0173 vienkartini\u0173 garintuv\u0173<\/strong> su <strong>80 000 \u012fkv\u0117pim\u0173<\/strong>, trigubo skonio ank\u0161tys ir did\u017eiulis <strong>60 ml elektroninio skys\u010dio bakas<\/strong> - puikiai tinka vape parduotuv\u0117ms, platintojams ir rimtiems vaperiams \ud83d\ude80.<\/p>","protected":false},"featured_media":37494,"comment_status":"open","ping_status":"closed","template":"","meta":[],"product_brand":[227],"product_cat":[61,230],"product_tag":[],"class_list":{"0":"post-37432","1":"product","2":"type-product","3":"status-publish","4":"has-post-thumbnail","6":"product_brand-bang","7":"product_cat-bang","8":"product_cat-new","10":"first","11":"instock","12":"shipping-taxable","13":"purchasable","14":"product-type-variable","15":"has-default-attributes"},"jetpack_sharing_enabled":true,"tiered_pricing_type":"fixed","tiered_pricing_fixed_rules":{"30":8.6400000000000005684341886080801486968994140625,"50":6.910000000000000142108547152020037174224853515625,"100":6.6699999999999999289457264239899814128875732421875,"200":6.04999999999999982236431605997495353221893310546875,"400":5.7400000000000002131628207280300557613372802734375},"tiered_pricing_product_settings":{"layout":"default","base_unit_name":{"singular":null,"plural":null},"default_variation":null},"tiered_pricing_minimum_quantity":10,"tiered_pricing_roles_data":[],"tiered_pricing_percentage_rules":[],"tiered_pricing_maximum_quantity":null,"tiered_pricing_quantity_step":"10","_links":{"self":[{"href":"https:\/\/volovape.com\/lt\/wp-json\/wp\/v2\/product\/37432","targetHints":{"allow":["GET"]}}],"collection":[{"href":"https:\/\/volovape.com\/lt\/wp-json\/wp\/v2\/product"}],"about":[{"href":"https:\/\/volovape.com\/lt\/wp-json\/wp\/v2\/types\/product"}],"replies":[{"embeddable":true,"href":"https:\/\/volovape.com\/lt\/wp-json\/wp\/v2\/comments?post=37432"}],"wp:featuredmedia":[{"embeddable":true,"href":"https:\/\/volovape.com\/lt\/wp-json\/wp\/v2\/media\/37494"}],"wp:attachment":[{"href":"https:\/\/volovape.com\/lt\/wp-json\/wp\/v2\/media?parent=37432"}],"wp:term":[{"taxonomy":"product_brand","embeddable":true,"href":"https:\/\/volovape.com\/lt\/wp-json\/wp\/v2\/product_brand?post=37432"},{"taxonomy":"product_cat","embeddable":true,"href":"https:\/\/volovape.com\/lt\/wp-json\/wp\/v2\/product_cat?post=37432"},{"taxonomy":"product_tag","embeddable":true,"href":"https:\/\/volovape.com\/lt\/wp-json\/wp\/v2\/product_tag?post=37432"}],"curies":[{"name":"wp","href":"https:\/\/api.w.org\/{rel}","templated":true}]}}